{"id":8042,"date":"2024-10-14T13:30:00","date_gmt":"2024-10-14T11:30:00","guid":{"rendered":"https:\/\/www.jvigas.com\/?page_id=8042"},"modified":"2024-10-14T13:37:45","modified_gmt":"2024-10-14T11:37:45","slug":"innovazione-altre-tematiche","status":"publish","type":"page","link":"https:\/\/www.jvigas.com\/it\/innovazione-altre-tematiche\/","title":{"rendered":"Innovazione altre tematiche"},"content":{"rendered":"<p>[et_pb_section fb_built=&#8221;1&#8243; _builder_version=&#8221;4.21.0&#8243; _module_preset=&#8221;default&#8221; global_colors_info=&#8221;{}&#8221;][et_pb_row _builder_version=&#8221;4.21.0&#8243; _module_preset=&#8221;default&#8221; global_colors_info=&#8221;{}&#8221;][et_pb_column type=&#8221;4_4&#8243; _builder_version=&#8221;4.21.0&#8243; _module_preset=&#8221;default&#8221; global_colors_info=&#8221;{}&#8221;][et_pb_text disabled_on=&#8221;on|on|off&#8221; _builder_version=&#8221;4.24.2&#8243; _module_preset=&#8221;default&#8221; header_font=&#8221;|700|||||||&#8221; header_font_size=&#8221;48px&#8221; header_2_font=&#8221;|600|||||||&#8221; header_2_font_size=&#8221;30px&#8221; global_colors_info=&#8221;{}&#8221;]<\/p>\n<h1 style=\"text-align: center;\"><strong>Altre tematiche<\/strong><\/h1>\n<h2 style=\"text-align: center;\"><span>Struttura interna, impronta di carbonio, finiture ecologiche\u2026<\/span><\/h2>\n<p>&nbsp;<\/p>\n<p>[\/et_pb_text][et_pb_text disabled_on=&#8221;off|off|on&#8221; _builder_version=&#8221;4.24.2&#8243; _module_preset=&#8221;default&#8221; header_font=&#8221;|700|||||||&#8221; header_2_font=&#8221;|600|||||||&#8221; header_2_font_size=&#8221;16px&#8221; hover_enabled=&#8221;0&#8243; global_colors_info=&#8221;{}&#8221; sticky_enabled=&#8221;0&#8243;]<\/p>\n<h1 style=\"text-align: center;\"><strong>Altre tematiche<\/strong><\/h1>\n<h2 style=\"text-align: center;\"><span>Struttura interna, impronta di carbonio, finiture ecologiche\u2026<\/span><\/h2>\n<p>&nbsp;<\/p>\n<p>[\/et_pb_text][\/et_pb_column][\/et_pb_row][et_pb_row column_structure=&#8221;3_4,1_4&#8243; disabled_on=&#8221;on|off|off&#8221; _builder_version=&#8221;4.24.2&#8243; _module_preset=&#8221;default&#8221; global_colors_info=&#8221;{}&#8221;][et_pb_column type=&#8221;3_4&#8243; _builder_version=&#8221;4.24.2&#8243; _module_preset=&#8221;default&#8221; global_colors_info=&#8221;{}&#8221;][et_pb_text disabled_on=&#8221;on|off|off&#8221; _builder_version=&#8221;4.24.2&#8243; _module_preset=&#8221;default&#8221; text_font_size=&#8221;16px&#8221; global_colors_info=&#8221;{}&#8221;]<\/p>\n<p><strong>PROGETTI IN CORSO:<br \/><\/strong><br \/><strong>GRAPERTE:<\/strong><span> Progetto pilota del vino in cui J\u00b7Vigas partecipa al sotto-progetto <em><strong>Ricerca e sviluppo di nuovi materiali per il miglioramento del sughero come strumento enologico<\/strong><\/em>. <a href=\"https:\/\/www.jvigas.com\/it\/j\u00b7vigas-partecipa-al-progetto-trattore-spagnolo-sul-vino\/\"><span style=\"text-decoration: underline;\"><strong>Maggiori informazioni<\/strong><\/span><\/a><br \/><\/span><br \/><span>Studio di prodotti alternativi nel nostro processo produttivo, come l\u2019utilizzo di prodotti di <strong>trattamento superficiale naturali<\/strong> con certificazione BIO.<br \/><\/span><br \/><span>Sfruttando i principi dell\u2019APPCC implementati da molti anni nell&#8217;organizzazione, implementazione della norma<strong> ISO 22000<\/strong> sulla sicurezza alimentare.<\/span><\/p>\n<p>&nbsp;<\/p>\n<p>[\/et_pb_text][\/et_pb_column][et_pb_column type=&#8221;1_4&#8243; _builder_version=&#8221;4.24.2&#8243; _module_preset=&#8221;default&#8221; global_colors_info=&#8221;{}&#8221;][et_pb_image src=&#8221;https:\/\/www.jvigas.com\/wp-content\/uploads\/2024\/04\/JVIGAS_MARBRE_TAPS_05_baixa.png&#8221; title_text=&#8221;JVIGAS_MARBRE_TAPS_05_baixa&#8221; _builder_version=&#8221;4.24.2&#8243; _module_preset=&#8221;default&#8221; global_colors_info=&#8221;{}&#8221;][\/et_pb_image][\/et_pb_column][\/et_pb_row][et_pb_row column_structure=&#8221;1_4,3_4&#8243; disabled_on=&#8221;off|on|on&#8221; _builder_version=&#8221;4.24.2&#8243; _module_preset=&#8221;default&#8221; global_colors_info=&#8221;{}&#8221;][et_pb_column type=&#8221;1_4&#8243; _builder_version=&#8221;4.24.2&#8243; _module_preset=&#8221;default&#8221; global_colors_info=&#8221;{}&#8221;][et_pb_image src=&#8221;https:\/\/www.jvigas.com\/wp-content\/uploads\/2024\/04\/JVIGAS_MARBRE_TAPS_05_baixa.png&#8221; title_text=&#8221;JVIGAS_MARBRE_TAPS_05_baixa&#8221; _builder_version=&#8221;4.24.2&#8243; _module_preset=&#8221;default&#8221; global_colors_info=&#8221;{}&#8221;][\/et_pb_image][\/et_pb_column][et_pb_column type=&#8221;3_4&#8243; _builder_version=&#8221;4.24.2&#8243; _module_preset=&#8221;default&#8221; global_colors_info=&#8221;{}&#8221;][et_pb_text _builder_version=&#8221;4.24.2&#8243; _module_preset=&#8221;default&#8221; text_font_size=&#8221;16px&#8221; hover_enabled=&#8221;0&#8243; global_colors_info=&#8221;{}&#8221; sticky_enabled=&#8221;0&#8243;]<\/p>\n<p><strong>PROGETTI IN CORSO:<br \/><\/strong><br \/><strong>GRAPERTE:<\/strong><span> Progetto pilota del vino in cui J\u00b7Vigas partecipa al sotto-progetto <em><strong>Ricerca e sviluppo di nuovi materiali per il miglioramento del sughero come strumento enologico<\/strong><\/em>. <a href=\"https:\/\/www.jvigas.com\/it\/j\u00b7vigas-partecipa-al-progetto-trattore-spagnolo-sul-vino\/\"><span style=\"text-decoration: underline;\"><strong>Maggiori informazioni<\/strong><\/span><\/a><br \/><\/span><br \/><span>Studio di prodotti alternativi nel nostro processo produttivo, come l\u2019utilizzo di prodotti di <strong>trattamento superficiale naturali<\/strong> con certificazione BIO.<br \/><\/span><br \/><span>Sfruttando i principi dell\u2019APPCC implementati da molti anni nell&#8217;organizzazione, implementazione della norma<strong> ISO 22000<\/strong> sulla sicurezza alimentare.<\/span><\/p>\n<p>&nbsp;<\/p>\n<p>[\/et_pb_text][\/et_pb_column][\/et_pb_row][\/et_pb_section][et_pb_section fb_built=&#8221;1&#8243; inner_shadow=&#8221;on&#8221; disabled_on=&#8221;on|off|off&#8221; _builder_version=&#8221;4.24.2&#8243; background_color=&#8221;#000000&#8243; background_image=&#8221;https:\/\/www.jvigas.com\/wp-content\/uploads\/2019\/12\/80.jpg&#8221; min_height=&#8221;400px&#8221; custom_margin=&#8221;||-1px|||&#8221; custom_padding=&#8221;0px||0px|||&#8221; locked=&#8221;off&#8221; global_colors_info=&#8221;{}&#8221;][et_pb_row _builder_version=&#8221;4.20.2&#8243; _module_preset=&#8221;default&#8221; custom_padding=&#8221;173px|||||&#8221; global_colors_info=&#8221;{}&#8221;][et_pb_column type=&#8221;4_4&#8243; _builder_version=&#8221;4.20.2&#8243; _module_preset=&#8221;default&#8221; global_colors_info=&#8221;{}&#8221;][et_pb_text _builder_version=&#8221;4.24.2&#8243; _module_preset=&#8221;default&#8221; header_font=&#8221;|||on|||||&#8221; header_text_align=&#8221;center&#8221; header_text_color=&#8221;#FFFFFF&#8221; header_font_size=&#8221;48px&#8221; header_line_height=&#8221;1.4em&#8221; hover_enabled=&#8221;0&#8243; global_colors_info=&#8221;{}&#8221; sticky_enabled=&#8221;0&#8243;]<\/p>\n<h1 style=\"text-align: center;\"><strong>ULTIMI PROGETTI<\/strong><\/h1>\n<p>[\/et_pb_text][\/et_pb_column][\/et_pb_row][\/et_pb_section][et_pb_section fb_built=&#8221;1&#8243; inner_shadow=&#8221;on&#8221; disabled_on=&#8221;off|on|on&#8221; _builder_version=&#8221;4.24.2&#8243; background_color=&#8221;#000000&#8243; background_image=&#8221;https:\/\/www.jvigas.com\/wp-content\/uploads\/2019\/12\/80.jpg&#8221; min_height=&#8221;400px&#8221; custom_margin=&#8221;||-1px|||&#8221; custom_padding=&#8221;0px||0px|||&#8221; locked=&#8221;off&#8221; global_colors_info=&#8221;{}&#8221;][et_pb_row _builder_version=&#8221;4.20.2&#8243; _module_preset=&#8221;default&#8221; custom_padding=&#8221;173px|||||&#8221; global_colors_info=&#8221;{}&#8221;][et_pb_column type=&#8221;4_4&#8243; _builder_version=&#8221;4.20.2&#8243; _module_preset=&#8221;default&#8221; global_colors_info=&#8221;{}&#8221;][et_pb_text _builder_version=&#8221;4.24.2&#8243; _module_preset=&#8221;default&#8221; header_font=&#8221;|||on|||||&#8221; header_text_align=&#8221;center&#8221; header_text_color=&#8221;#FFFFFF&#8221; header_font_size=&#8221;40px&#8221; header_line_height=&#8221;1.4em&#8221; global_colors_info=&#8221;{}&#8221;]<\/p>\n<h1 style=\"text-align: center;\"><strong>ULTIMI PROGETTI<\/strong><\/h1>\n<p>[\/et_pb_text][\/et_pb_column][\/et_pb_row][\/et_pb_section][et_pb_section fb_built=&#8221;1&#8243; _builder_version=&#8221;4.24.2&#8243; _module_preset=&#8221;default&#8221; custom_padding=&#8221;1px|||||&#8221; locked=&#8221;off&#8221; global_colors_info=&#8221;{}&#8221;][et_pb_row column_structure=&#8221;1_3,1_3,1_3&#8243; _builder_version=&#8221;4.24.2&#8243; _module_preset=&#8221;default&#8221; custom_padding=&#8221;55px|||||&#8221; global_colors_info=&#8221;{}&#8221;][et_pb_column type=&#8221;1_3&#8243; _builder_version=&#8221;4.24.2&#8243; _module_preset=&#8221;default&#8221; global_colors_info=&#8221;{}&#8221;][et_pb_text _builder_version=&#8221;4.24.2&#8243; _module_preset=&#8221;default&#8221; text_font_size=&#8221;16px&#8221; header_4_font=&#8221;|||||on|||&#8221; header_4_font_size=&#8221;22px&#8221; global_colors_info=&#8221;{}&#8221;]<\/p>\n<h4 style=\"text-align: center;\"><strong>Struttura interna<\/strong><\/h4>\n<p><span><\/span><\/p>\n<p class=\"p1\"><span>Studio della fattibilit\u00e0 di un trattamento di <strong>riduzione e\/o eliminazione delle deviazioni sensoriali<\/strong> e del loro eventuale impatto sulla struttura interna del tappo di sughero dopo tale trattamento.<\/span><\/p>\n<p>[\/et_pb_text][\/et_pb_column][et_pb_column type=&#8221;1_3&#8243; _builder_version=&#8221;4.24.2&#8243; _module_preset=&#8221;default&#8221; global_colors_info=&#8221;{}&#8221;][et_pb_text _builder_version=&#8221;4.24.2&#8243; _module_preset=&#8221;default&#8221; text_font_size=&#8221;16px&#8221; header_4_font=&#8221;|||||on|||&#8221; header_4_font_size=&#8221;22px&#8221; hover_enabled=&#8221;0&#8243; global_colors_info=&#8221;{}&#8221; sticky_enabled=&#8221;0&#8243;]<\/p>\n<h4 style=\"text-align: center;\"><span class=\"s1\"><strong>Imbottigliamento con densit\u00e0 diverse<\/strong><\/span><\/h4>\n<p class=\"p2\"><span class=\"s1\"><strong><\/strong><\/span><\/p>\n<p class=\"p2\"><span class=\"s1\"><strong><\/strong>In collaborazione con uno dei nostri clienti. Studiamo la corretta funzionalit\u00e0 tecnica durante l&#8217;imbottigliamento e l&#8217;<strong><span>evoluzione sensoriale del vino in funzione della densit\u00e0 del tappo.<\/span><\/strong><\/span><\/p>\n<p>[\/et_pb_text][\/et_pb_column][et_pb_column type=&#8221;1_3&#8243; _builder_version=&#8221;4.24.2&#8243; _module_preset=&#8221;default&#8221; global_colors_info=&#8221;{}&#8221;][et_pb_text _builder_version=&#8221;4.24.2&#8243; _module_preset=&#8221;default&#8221; text_font_size=&#8221;16px&#8221; header_4_font=&#8221;|||||on|||&#8221; header_4_font_size=&#8221;22px&#8221; global_colors_info=&#8221;{}&#8221;]<\/p>\n<h4 style=\"text-align: center;\"><strong>Studio sensoriale e cromatografico<\/strong><\/h4>\n<p><span>Studio sensoriale e analisi dei profili cromatografici dei tappi durante i vari <strong>processi<\/strong> di produzione.<\/span><\/p>\n<p>[\/et_pb_text][\/et_pb_column][\/et_pb_row][et_pb_row column_structure=&#8221;1_3,1_3,1_3&#8243; _builder_version=&#8221;4.24.2&#8243; _module_preset=&#8221;default&#8221; global_colors_info=&#8221;{}&#8221;][et_pb_column type=&#8221;1_3&#8243; _builder_version=&#8221;4.24.2&#8243; _module_preset=&#8221;default&#8221; global_colors_info=&#8221;{}&#8221;][et_pb_text _builder_version=&#8221;4.24.2&#8243; _module_preset=&#8221;default&#8221; text_font_size=&#8221;16px&#8221; header_4_font=&#8221;|||||on|||&#8221; header_4_font_size=&#8221;22px&#8221; global_colors_info=&#8221;{}&#8221;]<\/p>\n<h4 style=\"text-align: center;\"><strong>Impronta di carbonio<\/strong><span><\/span><\/h4>\n<p>\u00a0<br \/>C<span>alcoliamo l&#8217;impronta di carbonio dei nostri tappi dai boschi fino alla fine della loro vita utile. <\/span><\/p>\n<p><span>Maggiori informazioni nella sezione <a href=\"https:\/\/www.jvigas.com\/it\/sostenibilita\/\"><span style=\"text-decoration: underline;\"><strong>Sostenibilit\u00e0<\/strong><\/span><\/a> del nostro sito.<\/span><\/p>\n<p>[\/et_pb_text][\/et_pb_column][et_pb_column type=&#8221;1_3&#8243; _builder_version=&#8221;4.24.2&#8243; _module_preset=&#8221;default&#8221; global_colors_info=&#8221;{}&#8221;][et_pb_text _builder_version=&#8221;4.24.2&#8243; _module_preset=&#8221;default&#8221; text_font_size=&#8221;16px&#8221; header_4_font=&#8221;|||||on|||&#8221; header_4_font_size=&#8221;22px&#8221; global_colors_info=&#8221;{}&#8221;]<\/p>\n<h4 style=\"text-align: center;\">Cork2Wine<\/h4>\n<p class=\"p2\">\n<p class=\"p2\"><span>Progetto che mira ad applicare un nuovo <strong>approccio integrato<\/strong> alla ricerca del sughero per affrontare i progressi e superare le sfide tecnologiche attuali del settore sughero nazionale, al fine di garantire competitivit\u00e0, sostenibilit\u00e0, posizionamento internazionale e fattibilit\u00e0 futura del settore.<\/span><\/p>\n<p class=\"p2\"><span>J\u00b7Vigas ha partecipato a <a href=\"https:\/\/www.jvigas.com\/it\/cork2wine\/\"><span style=\"text-decoration: underline;\"><strong>CORK2WINE<\/strong><\/span><\/a>, guidato dall&#8217;azienda Francisco Oller, insieme ad altre aziende come Amorim Forestal, Quimivita, Muga e Vilarnau.<\/span><\/p>\n<p>[\/et_pb_text][\/et_pb_column][et_pb_column type=&#8221;1_3&#8243; _builder_version=&#8221;4.24.2&#8243; _module_preset=&#8221;default&#8221; global_colors_info=&#8221;{}&#8221;][et_pb_text _builder_version=&#8221;4.24.2&#8243; _module_preset=&#8221;default&#8221; text_font_size=&#8221;16px&#8221; header_4_font=&#8221;|||||on|||&#8221; header_4_font_size=&#8221;22px&#8221; hover_enabled=&#8221;0&#8243; global_colors_info=&#8221;{}&#8221; sticky_enabled=&#8221;0&#8243;]<\/p>\n<h4 style=\"text-align: center;\"><span role=\"presentation\" dir=\"ltr\"><strong>Difetti nascosti del tappo<\/strong><\/span><\/h4>\n<p><span role=\"presentation\" dir=\"ltr\"><span><\/span><\/span><\/p>\n<p><span role=\"presentation\" dir=\"ltr\"><span>Mettiamo alla prova diverse <strong>tecnologie<\/strong> in fase di sviluppo o gi\u00e0 sul mercato. <\/span><\/span><\/p>\n<p><span role=\"presentation\" dir=\"ltr\"><span>Studiamo la tecnologia in modo obiettivo per un possibile acquisto nel momento in cui soddisfi le esigenze di J\u00b7Vigas.<\/span><\/span><\/p>\n<p><span><\/span><\/p>\n<p>[\/et_pb_text][\/et_pb_column][\/et_pb_row][\/et_pb_section]<\/p>\n","protected":false},"excerpt":{"rendered":"<p>Altre tematiche Struttura interna, impronta di carbonio, finiture ecologiche\u2026 &nbsp;Altre tematiche Struttura interna, impronta di carbonio, finiture ecologiche\u2026 &nbsp;PROGETTI IN CORSO:GRAPERTE: Progetto pilota del vino in cui J\u00b7Vigas partecipa al sotto-progetto Ricerca e sviluppo di nuovi materiali per il miglioramento del sughero come strumento enologico. Maggiori informazioniStudio di prodotti alternativi nel nostro processo produttivo, come [&hellip;]<\/p>\n","protected":false},"author":2,"featured_media":0,"parent":0,"menu_order":0,"comment_status":"closed","ping_status":"closed","template":"","meta":{"_et_pb_use_builder":"on","_et_pb_old_content":"","_et_gb_content_width":"","footnotes":""},"class_list":["post-8042","page","type-page","status-publish","hentry"],"yoast_head":"<!-- This site is optimized with the Yoast SEO plugin v26.3 - https:\/\/yoast.com\/wordpress\/plugins\/seo\/ -->\n<title>Innovazione altre tematiche - J\u00b7Vigas<\/title>\n<meta name=\"description\" content=\"Altri progetti di innovazione di J\u00b7Vigas riguardanti il miglioramento del tappo di sughero naturale per vini. Diverse tematiche di R&amp;S+i in Vigas.\" \/>\n<meta name=\"robots\" content=\"index, follow, max-snippet:-1, max-image-preview:large, max-video-preview:-1\" \/>\n<link rel=\"canonical\" href=\"https:\/\/www.jvigas.com\/it\/innovazione-altre-tematiche\/\" \/>\n<meta property=\"og:locale\" content=\"it_IT\" \/>\n<meta property=\"og:type\" content=\"article\" \/>\n<meta property=\"og:title\" content=\"Innovazione altre tematiche - J\u00b7Vigas\" \/>\n<meta property=\"og:description\" content=\"Altri progetti di innovazione di J\u00b7Vigas riguardanti il miglioramento del tappo di sughero naturale per vini. Diverse tematiche di R&amp;S+i in Vigas.\" \/>\n<meta property=\"og:url\" content=\"https:\/\/www.jvigas.com\/it\/innovazione-altre-tematiche\/\" \/>\n<meta property=\"og:site_name\" content=\"J\u00b7Vigas\" \/>\n<meta property=\"article:modified_time\" content=\"2024-10-14T11:37:45+00:00\" \/>\n<meta name=\"twitter:card\" content=\"summary_large_image\" \/>\n<meta name=\"twitter:label1\" content=\"Tempo di lettura stimato\" \/>\n\t<meta name=\"twitter:data1\" content=\"3 minuti\" \/>\n<script type=\"application\/ld+json\" class=\"yoast-schema-graph\">{\"@context\":\"https:\/\/schema.org\",\"@graph\":[{\"@type\":\"WebPage\",\"@id\":\"https:\/\/www.jvigas.com\/it\/innovazione-altre-tematiche\/\",\"url\":\"https:\/\/www.jvigas.com\/it\/innovazione-altre-tematiche\/\",\"name\":\"Innovazione altre tematiche - J\u00b7Vigas\",\"isPartOf\":{\"@id\":\"https:\/\/www.jvigas.com\/#website\"},\"datePublished\":\"2024-10-14T11:30:00+00:00\",\"dateModified\":\"2024-10-14T11:37:45+00:00\",\"description\":\"Altri progetti di innovazione di J\u00b7Vigas riguardanti il miglioramento del tappo di sughero naturale per vini. Diverse tematiche di R&S+i in Vigas.\",\"breadcrumb\":{\"@id\":\"https:\/\/www.jvigas.com\/it\/innovazione-altre-tematiche\/#breadcrumb\"},\"inLanguage\":\"it-IT\",\"potentialAction\":[{\"@type\":\"ReadAction\",\"target\":[\"https:\/\/www.jvigas.com\/it\/innovazione-altre-tematiche\/\"]}]},{\"@type\":\"BreadcrumbList\",\"@id\":\"https:\/\/www.jvigas.com\/it\/innovazione-altre-tematiche\/#breadcrumb\",\"itemListElement\":[{\"@type\":\"ListItem\",\"position\":1,\"name\":\"Home\",\"item\":\"https:\/\/www.jvigas.com\/it\/\"},{\"@type\":\"ListItem\",\"position\":2,\"name\":\"Innovazione altre tematiche\"}]},{\"@type\":\"WebSite\",\"@id\":\"https:\/\/www.jvigas.com\/#website\",\"url\":\"https:\/\/www.jvigas.com\/\",\"name\":\"J\u00b7Vigas\",\"description\":\"Naturaleza \u00b7 Artesan\u00eda \u00b7 Ciencia - Tapones de corcho desde 1887\",\"potentialAction\":[{\"@type\":\"SearchAction\",\"target\":{\"@type\":\"EntryPoint\",\"urlTemplate\":\"https:\/\/www.jvigas.com\/?s={search_term_string}\"},\"query-input\":{\"@type\":\"PropertyValueSpecification\",\"valueRequired\":true,\"valueName\":\"search_term_string\"}}],\"inLanguage\":\"it-IT\"}]}<\/script>\n<!-- \/ Yoast SEO plugin. -->","yoast_head_json":{"title":"Innovazione altre tematiche - J\u00b7Vigas","description":"Altri progetti di innovazione di J\u00b7Vigas riguardanti il miglioramento del tappo di sughero naturale per vini. Diverse tematiche di R&S+i in Vigas.","robots":{"index":"index","follow":"follow","max-snippet":"max-snippet:-1","max-image-preview":"max-image-preview:large","max-video-preview":"max-video-preview:-1"},"canonical":"https:\/\/www.jvigas.com\/it\/innovazione-altre-tematiche\/","og_locale":"it_IT","og_type":"article","og_title":"Innovazione altre tematiche - J\u00b7Vigas","og_description":"Altri progetti di innovazione di J\u00b7Vigas riguardanti il miglioramento del tappo di sughero naturale per vini. Diverse tematiche di R&S+i in Vigas.","og_url":"https:\/\/www.jvigas.com\/it\/innovazione-altre-tematiche\/","og_site_name":"J\u00b7Vigas","article_modified_time":"2024-10-14T11:37:45+00:00","twitter_card":"summary_large_image","twitter_misc":{"Tempo di lettura stimato":"3 minuti"},"schema":{"@context":"https:\/\/schema.org","@graph":[{"@type":"WebPage","@id":"https:\/\/www.jvigas.com\/it\/innovazione-altre-tematiche\/","url":"https:\/\/www.jvigas.com\/it\/innovazione-altre-tematiche\/","name":"Innovazione altre tematiche - J\u00b7Vigas","isPartOf":{"@id":"https:\/\/www.jvigas.com\/#website"},"datePublished":"2024-10-14T11:30:00+00:00","dateModified":"2024-10-14T11:37:45+00:00","description":"Altri progetti di innovazione di J\u00b7Vigas riguardanti il miglioramento del tappo di sughero naturale per vini. Diverse tematiche di R&S+i in Vigas.","breadcrumb":{"@id":"https:\/\/www.jvigas.com\/it\/innovazione-altre-tematiche\/#breadcrumb"},"inLanguage":"it-IT","potentialAction":[{"@type":"ReadAction","target":["https:\/\/www.jvigas.com\/it\/innovazione-altre-tematiche\/"]}]},{"@type":"BreadcrumbList","@id":"https:\/\/www.jvigas.com\/it\/innovazione-altre-tematiche\/#breadcrumb","itemListElement":[{"@type":"ListItem","position":1,"name":"Home","item":"https:\/\/www.jvigas.com\/it\/"},{"@type":"ListItem","position":2,"name":"Innovazione altre tematiche"}]},{"@type":"WebSite","@id":"https:\/\/www.jvigas.com\/#website","url":"https:\/\/www.jvigas.com\/","name":"J\u00b7Vigas","description":"Naturaleza \u00b7 Artesan\u00eda \u00b7 Ciencia - Tapones de corcho desde 1887","potentialAction":[{"@type":"SearchAction","target":{"@type":"EntryPoint","urlTemplate":"https:\/\/www.jvigas.com\/?s={search_term_string}"},"query-input":{"@type":"PropertyValueSpecification","valueRequired":true,"valueName":"search_term_string"}}],"inLanguage":"it-IT"}]}},"_links":{"self":[{"href":"https:\/\/www.jvigas.com\/it\/wp-json\/wp\/v2\/pages\/8042","targetHints":{"allow":["GET"]}}],"collection":[{"href":"https:\/\/www.jvigas.com\/it\/wp-json\/wp\/v2\/pages"}],"about":[{"href":"https:\/\/www.jvigas.com\/it\/wp-json\/wp\/v2\/types\/page"}],"author":[{"embeddable":true,"href":"https:\/\/www.jvigas.com\/it\/wp-json\/wp\/v2\/users\/2"}],"replies":[{"embeddable":true,"href":"https:\/\/www.jvigas.com\/it\/wp-json\/wp\/v2\/comments?post=8042"}],"version-history":[{"count":6,"href":"https:\/\/www.jvigas.com\/it\/wp-json\/wp\/v2\/pages\/8042\/revisions"}],"predecessor-version":[{"id":8996,"href":"https:\/\/www.jvigas.com\/it\/wp-json\/wp\/v2\/pages\/8042\/revisions\/8996"}],"wp:attachment":[{"href":"https:\/\/www.jvigas.com\/it\/wp-json\/wp\/v2\/media?parent=8042"}],"curies":[{"name":"wp","href":"https:\/\/api.w.org\/{rel}","templated":true}]}}