{"id":4494,"date":"2022-03-28T12:06:41","date_gmt":"2022-03-28T10:06:41","guid":{"rendered":"https:\/\/www.jvigas.com\/?page_id=4494"},"modified":"2023-02-09T11:17:25","modified_gmt":"2023-02-09T09:17:25","slug":"scaricabile","status":"publish","type":"page","link":"https:\/\/www.jvigas.com\/it\/scaricabile\/","title":{"rendered":""},"content":{"rendered":"<p>[et_pb_section fb_built=&#8221;1&#8243; _builder_version=&#8221;4.16&#8243; background_color=&#8221;#FFFFFF&#8221; custom_padding=&#8221;||80px|||&#8221; global_colors_info=&#8221;{}&#8221;][et_pb_row _builder_version=&#8221;4.16&#8243; global_colors_info=&#8221;{}&#8221;][et_pb_column type=&#8221;4_4&#8243; _builder_version=&#8221;4.16&#8243; global_colors_info=&#8221;{}&#8221;][et_pb_text disabled_on=&#8221;on|off|off&#8221; _builder_version=&#8221;4.16&#8243; text_text_color=&#8221;#000000&#8243; text_font_size=&#8221;16px&#8221; header_font=&#8221;|||||on|||&#8221; header_text_color=&#8221;#1d515d&#8221; header_font_size=&#8221;58px&#8221; z_index=&#8221;500&#8243; global_colors_info=&#8221;{}&#8221;]<\/p>\n<h1 style=\"text-align: center;\">Scaricabile<\/h1>\n<p>[\/et_pb_text][et_pb_text disabled_on=&#8221;off|on|on&#8221; _builder_version=&#8221;4.16&#8243; text_text_color=&#8221;#000000&#8243; text_font_size=&#8221;39px&#8221; header_font=&#8221;|||||on|||&#8221; header_text_color=&#8221;#1d515d&#8221; header_font_size=&#8221;36px&#8221; z_index=&#8221;500&#8243; global_colors_info=&#8221;{}&#8221;]<\/p>\n<h1 style=\"text-align: center;\">Scaricabile<\/h1>\n<p>[\/et_pb_text][et_pb_text _builder_version=&#8221;4.18.1&#8243; text_text_color=&#8221;#000000&#8243; text_font_size=&#8221;16px&#8221; header_font=&#8221;|||||on|||&#8221; header_text_color=&#8221;#1d515d&#8221; header_font_size=&#8221;58px&#8221; z_index=&#8221;500&#8243; custom_padding=&#8221;60px|||||&#8221; hover_enabled=&#8221;0&#8243; global_colors_info=&#8221;{}&#8221; sticky_enabled=&#8221;0&#8243;]<\/p>\n<p class=\"p2\"><strong>Istruzioni per la conservazione e l&#8217;uso \u00b7<\/strong> <a href=\"https:\/\/www.jvigas.com\/wp-content\/uploads\/2021\/01\/Instructions-for-use-and-storage.pdf\" target=\"_blank\" rel=\"noopener\">SCARICA<\/a><\/p>\n<p><strong>Politica per la qualit\u00e0 e l&#8217;ambiente \u00b7<\/strong> <a href=\"https:\/\/www.jvigas.com\/wp-content\/uploads\/2023\/02\/Politica-Integrada-JVigas-2023_it.pdf\" target=\"_blank\" rel=\"noopener\">SCARICA<\/a><\/p>\n<p><strong>Certificazioni \u00b7<\/strong> <a href=\"https:\/\/www.jvigas.com\/it\/certificazioni\/\">SCARICA<\/a><\/p>\n<p><strong>Specifiche tecniche \u00b7<\/strong> <a href=\"https:\/\/www.jvigas.com\/it\/specifiche-tecniche\/\" target=\"_blank\" rel=\"noopener\">SCARICA<\/a><\/p>\n<p><strong>Presentazione del sistema VIGAS\u00b718 \u00b7<\/strong> Inviaci un&#8217;e-mail a <a href=\"mailto:sac.teresa@jvigas.com\" target=\"_blank\" rel=\"noopener noreferrer\">sac.teresa@jvigas.com<\/a>\u00a0e gliela invieremo in meno di 24 ore (dal luned\u00ec al venerd\u00ec)<\/p>\n<p><strong>Presentazione del sistema di sniffing \u00b7<\/strong> Inviaci un&#8217;e-mail a <a href=\"mailto:sac.teresa@jvigas.com\" target=\"_blank\" rel=\"noopener noreferrer\">sac.teresa@jvigas.com<\/a>\u00a0e gliela invieremo in meno di 24 ore (dal luned\u00ec al venerd\u00ec)<\/p>\n<p><strong>Presentazione commerciale \u00b7<\/strong> Inviaci un&#8217;e-mail a <a href=\"mailto:sac.teresa@jvigas.com\" target=\"_blank\" rel=\"noopener noreferrer\">sac.teresa@jvigas.com<\/a>\u00a0e gliela invieremo in meno di 24 ore (dal luned\u00ec al venerd\u00ec)<\/p>\n<p><strong>Catalogo prodotti \u00b7<\/strong> Inviaci un&#8217;e-mail a <a href=\"mailto:sac.teresa@jvigas.com\" target=\"_blank\" rel=\"noopener noreferrer\">sac.teresa@jvigas.com<\/a> e il nostro Servizio Clienti (SAC) lo contatter\u00e0 in meno di 24 ore (dal luned\u00ec al venerd\u00ec)<\/p>\n<p>[\/et_pb_text][\/et_pb_column][\/et_pb_row][\/et_pb_section]<\/p>\n","protected":false},"excerpt":{"rendered":"<p>ScaricabileScaricabileIstruzioni per la conservazione e l&#8217;uso \u00b7 SCARICA Politica per la qualit\u00e0 e l&#8217;ambiente \u00b7 SCARICA Certificazioni \u00b7 SCARICA Specifiche tecniche \u00b7 SCARICA Presentazione del sistema VIGAS\u00b718 \u00b7 Inviaci un&#8217;e-mail a sac.teresa@jvigas.com\u00a0e gliela invieremo in meno di 24 ore (dal luned\u00ec al venerd\u00ec) Presentazione del sistema di sniffing \u00b7 Inviaci un&#8217;e-mail a sac.teresa@jvigas.com\u00a0e gliela invieremo [&hellip;]<\/p>\n","protected":false},"author":2,"featured_media":0,"parent":0,"menu_order":0,"comment_status":"closed","ping_status":"closed","template":"","meta":{"_et_pb_use_builder":"on","_et_pb_old_content":"","_et_gb_content_width":"","footnotes":""},"class_list":["post-4494","page","type-page","status-publish","hentry"],"yoast_head":"<!-- This site is optimized with the Yoast SEO plugin v26.3 - https:\/\/yoast.com\/wordpress\/plugins\/seo\/ -->\n<title>- J\u00b7Vigas<\/title>\n<meta name=\"robots\" content=\"index, follow, max-snippet:-1, max-image-preview:large, max-video-preview:-1\" \/>\n<link rel=\"canonical\" href=\"https:\/\/www.jvigas.com\/it\/scaricabile\/\" \/>\n<meta property=\"og:locale\" content=\"it_IT\" \/>\n<meta property=\"og:type\" content=\"article\" \/>\n<meta property=\"og:title\" content=\"- J\u00b7Vigas\" \/>\n<meta property=\"og:description\" content=\"ScaricabileScaricabileIstruzioni per la conservazione e l&#039;uso \u00b7 SCARICA Politica per la qualit\u00e0 e l&#039;ambiente \u00b7 SCARICA Certificazioni \u00b7 SCARICA Specifiche tecniche \u00b7 SCARICA Presentazione del sistema VIGAS\u00b718 \u00b7 Inviaci un&#039;e-mail a sac.teresa@jvigas.com\u00a0e gliela invieremo in meno di 24 ore (dal luned\u00ec al venerd\u00ec) Presentazione del sistema di sniffing \u00b7 Inviaci un&#039;e-mail a sac.teresa@jvigas.com\u00a0e gliela invieremo [&hellip;]\" \/>\n<meta property=\"og:url\" content=\"https:\/\/www.jvigas.com\/it\/scaricabile\/\" \/>\n<meta property=\"og:site_name\" content=\"J\u00b7Vigas\" \/>\n<meta property=\"article:modified_time\" content=\"2023-02-09T09:17:25+00:00\" \/>\n<meta name=\"twitter:card\" content=\"summary_large_image\" \/>\n<meta name=\"twitter:label1\" content=\"Tempo di lettura stimato\" \/>\n\t<meta name=\"twitter:data1\" content=\"1 minuto\" \/>\n<script type=\"application\/ld+json\" class=\"yoast-schema-graph\">{\"@context\":\"https:\/\/schema.org\",\"@graph\":[{\"@type\":\"WebPage\",\"@id\":\"https:\/\/www.jvigas.com\/it\/scaricabile\/\",\"url\":\"https:\/\/www.jvigas.com\/it\/scaricabile\/\",\"name\":\"- J\u00b7Vigas\",\"isPartOf\":{\"@id\":\"https:\/\/www.jvigas.com\/#website\"},\"datePublished\":\"2022-03-28T10:06:41+00:00\",\"dateModified\":\"2023-02-09T09:17:25+00:00\",\"inLanguage\":\"it-IT\",\"potentialAction\":[{\"@type\":\"ReadAction\",\"target\":[\"https:\/\/www.jvigas.com\/it\/scaricabile\/\"]}]},{\"@type\":\"WebSite\",\"@id\":\"https:\/\/www.jvigas.com\/#website\",\"url\":\"https:\/\/www.jvigas.com\/\",\"name\":\"J\u00b7Vigas\",\"description\":\"Naturaleza \u00b7 Artesan\u00eda \u00b7 Ciencia - Tapones de corcho desde 1887\",\"potentialAction\":[{\"@type\":\"SearchAction\",\"target\":{\"@type\":\"EntryPoint\",\"urlTemplate\":\"https:\/\/www.jvigas.com\/?s={search_term_string}\"},\"query-input\":{\"@type\":\"PropertyValueSpecification\",\"valueRequired\":true,\"valueName\":\"search_term_string\"}}],\"inLanguage\":\"it-IT\"}]}<\/script>\n<!-- \/ Yoast SEO plugin. -->","yoast_head_json":{"title":"- J\u00b7Vigas","robots":{"index":"index","follow":"follow","max-snippet":"max-snippet:-1","max-image-preview":"max-image-preview:large","max-video-preview":"max-video-preview:-1"},"canonical":"https:\/\/www.jvigas.com\/it\/scaricabile\/","og_locale":"it_IT","og_type":"article","og_title":"- J\u00b7Vigas","og_description":"ScaricabileScaricabileIstruzioni per la conservazione e l'uso \u00b7 SCARICA Politica per la qualit\u00e0 e l'ambiente \u00b7 SCARICA Certificazioni \u00b7 SCARICA Specifiche tecniche \u00b7 SCARICA Presentazione del sistema VIGAS\u00b718 \u00b7 Inviaci un'e-mail a sac.teresa@jvigas.com\u00a0e gliela invieremo in meno di 24 ore (dal luned\u00ec al venerd\u00ec) Presentazione del sistema di sniffing \u00b7 Inviaci un'e-mail a sac.teresa@jvigas.com\u00a0e gliela invieremo [&hellip;]","og_url":"https:\/\/www.jvigas.com\/it\/scaricabile\/","og_site_name":"J\u00b7Vigas","article_modified_time":"2023-02-09T09:17:25+00:00","twitter_card":"summary_large_image","twitter_misc":{"Tempo di lettura stimato":"1 minuto"},"schema":{"@context":"https:\/\/schema.org","@graph":[{"@type":"WebPage","@id":"https:\/\/www.jvigas.com\/it\/scaricabile\/","url":"https:\/\/www.jvigas.com\/it\/scaricabile\/","name":"- J\u00b7Vigas","isPartOf":{"@id":"https:\/\/www.jvigas.com\/#website"},"datePublished":"2022-03-28T10:06:41+00:00","dateModified":"2023-02-09T09:17:25+00:00","inLanguage":"it-IT","potentialAction":[{"@type":"ReadAction","target":["https:\/\/www.jvigas.com\/it\/scaricabile\/"]}]},{"@type":"WebSite","@id":"https:\/\/www.jvigas.com\/#website","url":"https:\/\/www.jvigas.com\/","name":"J\u00b7Vigas","description":"Naturaleza \u00b7 Artesan\u00eda \u00b7 Ciencia - Tapones de corcho desde 1887","potentialAction":[{"@type":"SearchAction","target":{"@type":"EntryPoint","urlTemplate":"https:\/\/www.jvigas.com\/?s={search_term_string}"},"query-input":{"@type":"PropertyValueSpecification","valueRequired":true,"valueName":"search_term_string"}}],"inLanguage":"it-IT"}]}},"_links":{"self":[{"href":"https:\/\/www.jvigas.com\/it\/wp-json\/wp\/v2\/pages\/4494","targetHints":{"allow":["GET"]}}],"collection":[{"href":"https:\/\/www.jvigas.com\/it\/wp-json\/wp\/v2\/pages"}],"about":[{"href":"https:\/\/www.jvigas.com\/it\/wp-json\/wp\/v2\/types\/page"}],"author":[{"embeddable":true,"href":"https:\/\/www.jvigas.com\/it\/wp-json\/wp\/v2\/users\/2"}],"replies":[{"embeddable":true,"href":"https:\/\/www.jvigas.com\/it\/wp-json\/wp\/v2\/comments?post=4494"}],"version-history":[{"count":7,"href":"https:\/\/www.jvigas.com\/it\/wp-json\/wp\/v2\/pages\/4494\/revisions"}],"predecessor-version":[{"id":5429,"href":"https:\/\/www.jvigas.com\/it\/wp-json\/wp\/v2\/pages\/4494\/revisions\/5429"}],"wp:attachment":[{"href":"https:\/\/www.jvigas.com\/it\/wp-json\/wp\/v2\/media?parent=4494"}],"curies":[{"name":"wp","href":"https:\/\/api.w.org\/{rel}","templated":true}]}}