{"id":3110,"date":"2021-01-25T16:22:33","date_gmt":"2021-01-25T14:22:33","guid":{"rendered":"https:\/\/www.jvigas.com\/naturaleza\/"},"modified":"2021-06-17T19:02:26","modified_gmt":"2021-06-17T17:02:26","slug":"natura","status":"publish","type":"page","link":"https:\/\/www.jvigas.com\/it\/natura\/","title":{"rendered":"Natura"},"content":{"rendered":"<p>[et_pb_section fb_built=&#8221;1&#8243; _builder_version=&#8221;4.0.5&#8243; background_color=&#8221;#FFFFFF&#8221;][et_pb_row _builder_version=&#8221;4.6.1&#8243;][et_pb_column type=&#8221;4_4&#8243; _builder_version=&#8221;4.0.5&#8243;][et_pb_text disabled_on=&#8221;on|off|off&#8221; _builder_version=&#8221;4.6.1&#8243; text_text_color=&#8221;#000000&#8243; text_font_size=&#8221;16px&#8221; header_font=&#8221;|||||on|||&#8221; header_text_color=&#8221;#1d515d&#8221; header_font_size=&#8221;50px&#8221;]<\/p>\n<h1 style=\"text-align: center;\">Natura<\/h1>\n<p class=\"p1\"><span class=\"s1\"><\/span><\/p>\n<p>[\/et_pb_text][et_pb_text disabled_on=&#8221;off|on|on&#8221; _builder_version=&#8221;4.6.1&#8243; text_text_color=&#8221;#000000&#8243; text_font_size=&#8221;16px&#8221; header_font=&#8221;|||||on|||&#8221; header_text_color=&#8221;#1d515d&#8221; header_font_size=&#8221;36px&#8221;]<\/p>\n<h1 style=\"text-align: center;\">Natura<\/h1>\n<p class=\"p1\"><span class=\"s1\"><\/span><\/p>\n<p>[\/et_pb_text][et_pb_text _builder_version=&#8221;4.6.1&#8243; text_text_color=&#8221;#000000&#8243; text_font_size=&#8221;16px&#8221; header_font=&#8221;|||||on|||&#8221; header_text_color=&#8221;#1d515d&#8221; header_font_size=&#8221;50px&#8221; hover_enabled=&#8221;0&#8243; sticky_enabled=&#8221;0&#8243;]<\/p>\n<h1 style=\"text-align: center;\"><\/h1>\n<p><span class=\"s1\">Nel settore del sughero, come accade nel settore del vino e del cava, la cura e la selezione della materia prima sono essenziali per ottenere un prodotto della pi\u00f9 alta qualit\u00e0.<\/span><\/p>\n<blockquote>\n<p><span style=\"font-size: x-large;\"><strong><span class=\"s1\">Solo anni di esperienza e l&#8217;applicazione della pi\u00f9 alta tecnologia possono identificare il sughero migliore, estratto al momento giusto.<\/span><\/strong><\/span><\/p>\n<\/blockquote>\n<p class=\"p1\"><span class=\"s1\">J\u00b7Vigas lavora con l&#8217;azienda Manso Pajero dal 2006. Cos\u00ec, quando ha cercato un partner locale in Estremadura per sviluppare una nuova sede, la Vimatap15, che permettesse la\u00a0<b>totale integrazione di J\u00b7Vigas<\/b> e di effettuare una prima trasformazione in loco, non ha esitato a proporlo alla famiglia Manso Pajero, che ha visto in Vimatap15 un&#8217;opportunit\u00e0 per fare un passo avanti e mettere tutte le sue conoscenze al servizio della creazione di un&#8217;industria in Estremadura, sostenendo lo sviluppo della cultura del sughero, cos\u00ec integrata nella dehesa della regione.<\/span><\/p>\n<p class=\"p1\"><span class=\"s1\">In J\u00b7Vigas piace sentire che si sta contribuendo a preservare la dehesa dell&#8217;Estremadura, con i suoi estesi prati ricchi di querce da sughero e fauna iberica, e la cultura della regione, cos\u00ec intimamente legata alla tradizione del sughero&#8230;<\/span><\/p>\n<p>[\/et_pb_text][\/et_pb_column][\/et_pb_row][\/et_pb_section][et_pb_section fb_built=&#8221;1&#8243; _builder_version=&#8221;4.0.5&#8243; background_image=&#8221;http:\/\/web2020.jvigas.com\/wp-content\/uploads\/2019\/12\/JVIGAS_INSTA_013-e1576240596121.jpg&#8221;][et_pb_row column_structure=&#8221;1_2,1_2&#8243; _builder_version=&#8221;4.0.5&#8243; background_color=&#8221;rgba(0,0,0,0)&#8221;][et_pb_column type=&#8221;1_2&#8243; _builder_version=&#8221;4.0.5&#8243;][et_pb_text _builder_version=&#8221;4.0.5&#8243; text_text_color=&#8221;#FFFFFF&#8221; text_font_size=&#8221;34px&#8221; text_line_height=&#8221;1.1em&#8221; border_radii=&#8221;on|3px|3px|3px|3px&#8221; border_color_all=&#8221;#000000&#8243;]<\/p>\n<p style=\"text-align: left;\"><strong>La cura della materia prima \u00e8 indispensabile per ottenere un prodotto della pi\u00f9 alta qualit\u00e0.<\/strong><\/p>\n<p>[\/et_pb_text][\/et_pb_column][et_pb_column type=&#8221;1_2&#8243; _builder_version=&#8221;4.0.5&#8243;][\/et_pb_column][\/et_pb_row][\/et_pb_section]<\/p>\n","protected":false},"excerpt":{"rendered":"<p>Natura Natura Nel settore del sughero, come accade nel settore del vino e del cava, la cura e la selezione della materia prima sono essenziali per ottenere un prodotto della pi\u00f9 alta qualit\u00e0. Solo anni di esperienza e l&#8217;applicazione della pi\u00f9 alta tecnologia possono identificare il sughero migliore, estratto al momento giusto. J\u00b7Vigas lavora con [&hellip;]<\/p>\n","protected":false},"author":2,"featured_media":0,"parent":0,"menu_order":0,"comment_status":"closed","ping_status":"closed","template":"","meta":{"_et_pb_use_builder":"on","_et_pb_old_content":"","_et_gb_content_width":"","footnotes":""},"class_list":["post-3110","page","type-page","status-publish","hentry"],"yoast_head":"<!-- This site is optimized with the Yoast SEO plugin v26.3 - https:\/\/yoast.com\/wordpress\/plugins\/seo\/ -->\n<title>Natura - J\u00b7Vigas<\/title>\n<meta name=\"description\" content=\"L&#039;importanza della materia prima per ottenere un prodotto di altissima qualit\u00e0. En J\u00b7Vigas logramos una trazabilidad total del \u00e1rbol al tap\u00f3n.\" \/>\n<meta name=\"robots\" content=\"index, follow, max-snippet:-1, max-image-preview:large, max-video-preview:-1\" \/>\n<link rel=\"canonical\" href=\"https:\/\/www.jvigas.com\/it\/natura\/\" \/>\n<meta property=\"og:locale\" content=\"it_IT\" \/>\n<meta property=\"og:type\" content=\"article\" \/>\n<meta property=\"og:title\" content=\"Natura - J\u00b7Vigas\" \/>\n<meta property=\"og:description\" content=\"L&#039;importanza della materia prima per ottenere un prodotto di altissima qualit\u00e0. En J\u00b7Vigas logramos una trazabilidad total del \u00e1rbol al tap\u00f3n.\" \/>\n<meta property=\"og:url\" content=\"https:\/\/www.jvigas.com\/it\/natura\/\" \/>\n<meta property=\"og:site_name\" content=\"J\u00b7Vigas\" \/>\n<meta property=\"article:modified_time\" content=\"2021-06-17T17:02:26+00:00\" \/>\n<meta name=\"twitter:card\" content=\"summary_large_image\" \/>\n<meta name=\"twitter:label1\" content=\"Tempo di lettura stimato\" \/>\n\t<meta name=\"twitter:data1\" content=\"2 minuti\" \/>\n<script type=\"application\/ld+json\" class=\"yoast-schema-graph\">{\"@context\":\"https:\/\/schema.org\",\"@graph\":[{\"@type\":\"WebPage\",\"@id\":\"https:\/\/www.jvigas.com\/it\/natura\/\",\"url\":\"https:\/\/www.jvigas.com\/it\/natura\/\",\"name\":\"Natura - J\u00b7Vigas\",\"isPartOf\":{\"@id\":\"https:\/\/www.jvigas.com\/#website\"},\"datePublished\":\"2021-01-25T14:22:33+00:00\",\"dateModified\":\"2021-06-17T17:02:26+00:00\",\"description\":\"L'importanza della materia prima per ottenere un prodotto di altissima qualit\u00e0. En J\u00b7Vigas logramos una trazabilidad total del \u00e1rbol al tap\u00f3n.\",\"breadcrumb\":{\"@id\":\"https:\/\/www.jvigas.com\/it\/natura\/#breadcrumb\"},\"inLanguage\":\"it-IT\",\"potentialAction\":[{\"@type\":\"ReadAction\",\"target\":[\"https:\/\/www.jvigas.com\/it\/natura\/\"]}]},{\"@type\":\"BreadcrumbList\",\"@id\":\"https:\/\/www.jvigas.com\/it\/natura\/#breadcrumb\",\"itemListElement\":[{\"@type\":\"ListItem\",\"position\":1,\"name\":\"Home\",\"item\":\"https:\/\/www.jvigas.com\/it\/\"},{\"@type\":\"ListItem\",\"position\":2,\"name\":\"Natura\"}]},{\"@type\":\"WebSite\",\"@id\":\"https:\/\/www.jvigas.com\/#website\",\"url\":\"https:\/\/www.jvigas.com\/\",\"name\":\"J\u00b7Vigas\",\"description\":\"Naturaleza \u00b7 Artesan\u00eda \u00b7 Ciencia - Tapones de corcho desde 1887\",\"potentialAction\":[{\"@type\":\"SearchAction\",\"target\":{\"@type\":\"EntryPoint\",\"urlTemplate\":\"https:\/\/www.jvigas.com\/?s={search_term_string}\"},\"query-input\":{\"@type\":\"PropertyValueSpecification\",\"valueRequired\":true,\"valueName\":\"search_term_string\"}}],\"inLanguage\":\"it-IT\"}]}<\/script>\n<!-- \/ Yoast SEO plugin. -->","yoast_head_json":{"title":"Natura - J\u00b7Vigas","description":"L'importanza della materia prima per ottenere un prodotto di altissima qualit\u00e0. En J\u00b7Vigas logramos una trazabilidad total del \u00e1rbol al tap\u00f3n.","robots":{"index":"index","follow":"follow","max-snippet":"max-snippet:-1","max-image-preview":"max-image-preview:large","max-video-preview":"max-video-preview:-1"},"canonical":"https:\/\/www.jvigas.com\/it\/natura\/","og_locale":"it_IT","og_type":"article","og_title":"Natura - J\u00b7Vigas","og_description":"L'importanza della materia prima per ottenere un prodotto di altissima qualit\u00e0. En J\u00b7Vigas logramos una trazabilidad total del \u00e1rbol al tap\u00f3n.","og_url":"https:\/\/www.jvigas.com\/it\/natura\/","og_site_name":"J\u00b7Vigas","article_modified_time":"2021-06-17T17:02:26+00:00","twitter_card":"summary_large_image","twitter_misc":{"Tempo di lettura stimato":"2 minuti"},"schema":{"@context":"https:\/\/schema.org","@graph":[{"@type":"WebPage","@id":"https:\/\/www.jvigas.com\/it\/natura\/","url":"https:\/\/www.jvigas.com\/it\/natura\/","name":"Natura - J\u00b7Vigas","isPartOf":{"@id":"https:\/\/www.jvigas.com\/#website"},"datePublished":"2021-01-25T14:22:33+00:00","dateModified":"2021-06-17T17:02:26+00:00","description":"L'importanza della materia prima per ottenere un prodotto di altissima qualit\u00e0. En J\u00b7Vigas logramos una trazabilidad total del \u00e1rbol al tap\u00f3n.","breadcrumb":{"@id":"https:\/\/www.jvigas.com\/it\/natura\/#breadcrumb"},"inLanguage":"it-IT","potentialAction":[{"@type":"ReadAction","target":["https:\/\/www.jvigas.com\/it\/natura\/"]}]},{"@type":"BreadcrumbList","@id":"https:\/\/www.jvigas.com\/it\/natura\/#breadcrumb","itemListElement":[{"@type":"ListItem","position":1,"name":"Home","item":"https:\/\/www.jvigas.com\/it\/"},{"@type":"ListItem","position":2,"name":"Natura"}]},{"@type":"WebSite","@id":"https:\/\/www.jvigas.com\/#website","url":"https:\/\/www.jvigas.com\/","name":"J\u00b7Vigas","description":"Naturaleza \u00b7 Artesan\u00eda \u00b7 Ciencia - Tapones de corcho desde 1887","potentialAction":[{"@type":"SearchAction","target":{"@type":"EntryPoint","urlTemplate":"https:\/\/www.jvigas.com\/?s={search_term_string}"},"query-input":{"@type":"PropertyValueSpecification","valueRequired":true,"valueName":"search_term_string"}}],"inLanguage":"it-IT"}]}},"_links":{"self":[{"href":"https:\/\/www.jvigas.com\/it\/wp-json\/wp\/v2\/pages\/3110","targetHints":{"allow":["GET"]}}],"collection":[{"href":"https:\/\/www.jvigas.com\/it\/wp-json\/wp\/v2\/pages"}],"about":[{"href":"https:\/\/www.jvigas.com\/it\/wp-json\/wp\/v2\/types\/page"}],"author":[{"embeddable":true,"href":"https:\/\/www.jvigas.com\/it\/wp-json\/wp\/v2\/users\/2"}],"replies":[{"embeddable":true,"href":"https:\/\/www.jvigas.com\/it\/wp-json\/wp\/v2\/comments?post=3110"}],"version-history":[{"count":10,"href":"https:\/\/www.jvigas.com\/it\/wp-json\/wp\/v2\/pages\/3110\/revisions"}],"predecessor-version":[{"id":3455,"href":"https:\/\/www.jvigas.com\/it\/wp-json\/wp\/v2\/pages\/3110\/revisions\/3455"}],"wp:attachment":[{"href":"https:\/\/www.jvigas.com\/it\/wp-json\/wp\/v2\/media?parent=3110"}],"curies":[{"name":"wp","href":"https:\/\/api.w.org\/{rel}","templated":true}]}}