{"id":3095,"date":"2021-01-25T16:19:52","date_gmt":"2021-01-25T14:19:52","guid":{"rendered":"https:\/\/www.jvigas.com\/por-que-corcho\/"},"modified":"2021-06-17T19:02:51","modified_gmt":"2021-06-17T17:02:51","slug":"perche-sughero","status":"publish","type":"page","link":"https:\/\/www.jvigas.com\/it\/perche-sughero\/","title":{"rendered":"Perch\u00e9 il sughero"},"content":{"rendered":"\n[et_pb_section fb_built=&#8221;1&#8243; _builder_version=&#8221;4.0.5&#8243; background_color=&#8221;#FFFFFF&#8221;][et_pb_row _builder_version=&#8221;4.0.5&#8243;][et_pb_column type=&#8221;4_4&#8243; _builder_version=&#8221;4.0.5&#8243;][et_pb_text _builder_version=&#8221;4.6.1&#8243; text_text_color=&#8221;#000000&#8243; text_font_size=&#8221;16px&#8221; header_font=&#8221;|||||on|||&#8221; header_text_color=&#8221;#1d515d&#8221; header_font_size=&#8221;58px&#8221; header_2_text_align=&#8221;center&#8221; header_2_letter_spacing=&#8221;1px&#8221; hover_enabled=&#8221;0&#8243; disabled_on=&#8221;on|off|off&#8221; sticky_enabled=&#8221;0&#8243;]<h1 style=\"text-align: center;\">Il Sughero<\/h1>\n<h2>L&#8217;importanza del materiale per l&#8217;evoluzione del vino<\/h2>[\/et_pb_text][et_pb_text _builder_version=&#8221;4.6.1&#8243; text_text_color=&#8221;#000000&#8243; text_font_size=&#8221;16px&#8221; header_font=&#8221;|||||on|||&#8221; header_text_color=&#8221;#1d515d&#8221; header_font_size=&#8221;38px&#8221; header_2_text_align=&#8221;center&#8221; header_2_letter_spacing=&#8221;1px&#8221; hover_enabled=&#8221;0&#8243; disabled_on=&#8221;off|on|on&#8221; sticky_enabled=&#8221;0&#8243;]<h1 style=\"text-align: center;\">Il Sughero<\/h1>\n<h2>L&#8217;importanza del materiale per l&#8217;evoluzione del vino<\/h2>[\/et_pb_text][\/et_pb_column][\/et_pb_row][et_pb_row column_structure=&#8221;1_2,1_2&#8243; _builder_version=&#8221;4.0.9&#8243;][et_pb_column type=&#8221;1_2&#8243; _builder_version=&#8221;4.0.9&#8243;][et_pb_text _builder_version=&#8221;4.0.9&#8243; text_font_size=&#8221;16px&#8221; custom_padding=&#8221;37px|||||&#8221;]<p style=\"text-align: right;\"><em>Il mondo del sughero<\/em><br> <em> ha sempre viaggiato in parallelo con il mondo del vino,<\/em><br> <em> in un discreto secondo piano,<\/em><br> <em> fungendo da alleato affinch\u00e9 il vino possa maturare,<\/em><br> <em> evolversi, migliorare con il passare del tempo,<\/em><br> <em> lentamente,<\/em><br> <em> al ritmo che gli spetta come prodotto naturale.<\/em><\/p>\n<p style=\"text-align: right;\"><em>Un compagno di viaggio<\/em><br> <em> che lascia tutto il protagonismo al vino,<\/em><br> <em> e si rallegra per il suo successo,<\/em><br> <em> perch\u00e9 lo sente anche come suo\u2026<\/em><\/p>[\/et_pb_text][\/et_pb_column][et_pb_column type=&#8221;1_2&#8243; _builder_version=&#8221;4.0.9&#8243;][et_pb_image src=&#8221;http:\/\/web2020.jvigas.com\/wp-content\/uploads\/2020\/02\/JVIGAS_FOTO_BODEGA_06-scaled.jpg&#8221; _builder_version=&#8221;4.0.9&#8243;][\/et_pb_image][\/et_pb_column][\/et_pb_row][et_pb_row _builder_version=&#8221;4.0.9&#8243; custom_margin=&#8221;-26px|auto||auto||&#8221;][et_pb_column type=&#8221;4_4&#8243; _builder_version=&#8221;4.0.5&#8243;][et_pb_text _builder_version=&#8221;4.0.9&#8243; text_text_color=&#8221;#000000&#8243; text_font_size=&#8221;16px&#8221; header_font=&#8221;|||||on|||&#8221; header_text_color=&#8221;#1d515d&#8221; header_font_size=&#8221;58px&#8221; header_4_font=&#8221;Montserrat|500||||on|||&#8221; header_4_text_align=&#8221;right&#8221; custom_padding=&#8221;0px|||||&#8221; inline_fonts=&#8221;Libre Baskerville&#8221;]<p class=\"p2\"><span class=\"s1\"><span><\/span><\/span><\/p>\n<p class=\"p2\"><span class=\"s1\"><span><\/span><\/span><\/p>\n<p class=\"p2\"><span class=\"s1\"><span><\/span><\/span><\/p>\n<p class=\"p2\"><span class=\"s1\"><span>Il sughero \u00e8 il materiale che meglio si adatta alle esigenze del vino ed \u00e8 il metodo di chiusura pi\u00f9 sostenibile che esiste.<\/span><\/span><\/p>\n<p class=\"p2\">La sostenibilit\u00e0 \u00e8 un valore sempre pi\u00f9 importante, sia per le aziende che per i consumatori finali, che chiedono maggiore trasparenza ai marchi e modificano le loro preferenze in base a questi valori. <span class=\"s1\"><span><\/span><\/span><\/p>\n<p class=\"p2\">Non sorprende che studi internazionali, come quello condotto dalla societ\u00e0 di consulenza Nielsen nel 2018, affermino che<strong>l&#8217;80% dei consumatori sceglie i marchi di cui condividono i valori<\/strong>, e che la sostenibilit\u00e0 \u00e8 uno dei valori pi\u00f9 importanti per i consumatori.<\/p>\n<p class=\"p2\">In termini di qualit\u00e0 percepita, i vini sigillati con tappi sughero naturale sono percepiti come vini di qualit\u00e0 superiore e si tratta della chiusura preferita dal 90% dei consumatori di tutto il mondo (<a href=\"http:\/\/www.elijocorcho.com\/el-tapon-de-corcho-es-la-referencia-mundial-para-los-consumidores-de-vinos-y-espumosos\/\"><em>Iniziativa Cork<\/em><\/a>).<\/p>\n<blockquote>\n<p><span style=\"font-size: x-large;\"><strong>Oltre ad un prodotto sostenibile, che migliora il posizionamento e aggiunge valore al vino, lo aiuta nella sua evoluzione, permettendo una micro-ossigenazione naturale che contribuisce alla conservazione del vino e al suo miglioramento nel tempo.<\/strong><\/span><span style=\"color: #02515d; font-size: 18px; font-variant-caps: small-caps; text-align: right;\"><\/span><\/p>\n<\/blockquote>[\/et_pb_text][\/et_pb_column][\/et_pb_row][\/et_pb_section]\n","protected":false},"excerpt":{"rendered":"<p>Il Sughero L&#8217;importanza del materiale per l&#8217;evoluzione del vinoIl Sughero L&#8217;importanza del materiale per l&#8217;evoluzione del vinoIl mondo del sughero ha sempre viaggiato in parallelo con il mondo del vino, in un discreto secondo piano, fungendo da alleato affinch\u00e9 il vino possa maturare, evolversi, migliorare con il passare del tempo, lentamente, al ritmo che gli [&hellip;]<\/p>\n","protected":false},"author":2,"featured_media":0,"parent":0,"menu_order":0,"comment_status":"closed","ping_status":"closed","template":"","meta":{"_et_pb_use_builder":"on","_et_pb_old_content":"","_et_gb_content_width":"","footnotes":""},"class_list":["post-3095","page","type-page","status-publish","hentry"],"yoast_head":"<!-- This site is optimized with the Yoast SEO plugin v26.3 - https:\/\/yoast.com\/wordpress\/plugins\/seo\/ -->\n<title>Perch\u00e9 il sughero - J\u00b7Vigas<\/title>\n<meta name=\"description\" content=\"Il sughero \u00e8 il materiale che meglio si adatta alle esigenze del vino ed \u00e8 il metodo di chiusura pi\u00f9 sostenibile che esiste.\" \/>\n<meta name=\"robots\" content=\"index, follow, max-snippet:-1, max-image-preview:large, max-video-preview:-1\" \/>\n<link rel=\"canonical\" href=\"https:\/\/www.jvigas.com\/it\/perche-sughero\/\" \/>\n<meta property=\"og:locale\" content=\"it_IT\" \/>\n<meta property=\"og:type\" content=\"article\" \/>\n<meta property=\"og:title\" content=\"Perch\u00e9 il sughero - J\u00b7Vigas\" \/>\n<meta property=\"og:description\" content=\"Il sughero \u00e8 il materiale che meglio si adatta alle esigenze del vino ed \u00e8 il metodo di chiusura pi\u00f9 sostenibile che esiste.\" \/>\n<meta property=\"og:url\" content=\"https:\/\/www.jvigas.com\/it\/perche-sughero\/\" \/>\n<meta property=\"og:site_name\" content=\"J\u00b7Vigas\" \/>\n<meta property=\"article:modified_time\" content=\"2021-06-17T17:02:51+00:00\" \/>\n<meta name=\"twitter:card\" content=\"summary_large_image\" \/>\n<meta name=\"twitter:label1\" content=\"Tempo di lettura stimato\" \/>\n\t<meta name=\"twitter:data1\" content=\"2 minuti\" \/>\n<script type=\"application\/ld+json\" class=\"yoast-schema-graph\">{\"@context\":\"https:\/\/schema.org\",\"@graph\":[{\"@type\":\"WebPage\",\"@id\":\"https:\/\/www.jvigas.com\/it\/perche-sughero\/\",\"url\":\"https:\/\/www.jvigas.com\/it\/perche-sughero\/\",\"name\":\"Perch\u00e9 il sughero - J\u00b7Vigas\",\"isPartOf\":{\"@id\":\"https:\/\/www.jvigas.com\/#website\"},\"datePublished\":\"2021-01-25T14:19:52+00:00\",\"dateModified\":\"2021-06-17T17:02:51+00:00\",\"description\":\"Il sughero \u00e8 il materiale che meglio si adatta alle esigenze del vino ed \u00e8 il metodo di chiusura pi\u00f9 sostenibile che esiste.\",\"breadcrumb\":{\"@id\":\"https:\/\/www.jvigas.com\/it\/perche-sughero\/#breadcrumb\"},\"inLanguage\":\"it-IT\",\"potentialAction\":[{\"@type\":\"ReadAction\",\"target\":[\"https:\/\/www.jvigas.com\/it\/perche-sughero\/\"]}]},{\"@type\":\"BreadcrumbList\",\"@id\":\"https:\/\/www.jvigas.com\/it\/perche-sughero\/#breadcrumb\",\"itemListElement\":[{\"@type\":\"ListItem\",\"position\":1,\"name\":\"Home\",\"item\":\"https:\/\/www.jvigas.com\/it\/\"},{\"@type\":\"ListItem\",\"position\":2,\"name\":\"Perch\u00e9 il sughero\"}]},{\"@type\":\"WebSite\",\"@id\":\"https:\/\/www.jvigas.com\/#website\",\"url\":\"https:\/\/www.jvigas.com\/\",\"name\":\"J\u00b7Vigas\",\"description\":\"Naturaleza \u00b7 Artesan\u00eda \u00b7 Ciencia - Tapones de corcho desde 1887\",\"potentialAction\":[{\"@type\":\"SearchAction\",\"target\":{\"@type\":\"EntryPoint\",\"urlTemplate\":\"https:\/\/www.jvigas.com\/?s={search_term_string}\"},\"query-input\":{\"@type\":\"PropertyValueSpecification\",\"valueRequired\":true,\"valueName\":\"search_term_string\"}}],\"inLanguage\":\"it-IT\"}]}<\/script>\n<!-- \/ Yoast SEO plugin. -->","yoast_head_json":{"title":"Perch\u00e9 il sughero - J\u00b7Vigas","description":"Il sughero \u00e8 il materiale che meglio si adatta alle esigenze del vino ed \u00e8 il metodo di chiusura pi\u00f9 sostenibile che esiste.","robots":{"index":"index","follow":"follow","max-snippet":"max-snippet:-1","max-image-preview":"max-image-preview:large","max-video-preview":"max-video-preview:-1"},"canonical":"https:\/\/www.jvigas.com\/it\/perche-sughero\/","og_locale":"it_IT","og_type":"article","og_title":"Perch\u00e9 il sughero - J\u00b7Vigas","og_description":"Il sughero \u00e8 il materiale che meglio si adatta alle esigenze del vino ed \u00e8 il metodo di chiusura pi\u00f9 sostenibile che esiste.","og_url":"https:\/\/www.jvigas.com\/it\/perche-sughero\/","og_site_name":"J\u00b7Vigas","article_modified_time":"2021-06-17T17:02:51+00:00","twitter_card":"summary_large_image","twitter_misc":{"Tempo di lettura stimato":"2 minuti"},"schema":{"@context":"https:\/\/schema.org","@graph":[{"@type":"WebPage","@id":"https:\/\/www.jvigas.com\/it\/perche-sughero\/","url":"https:\/\/www.jvigas.com\/it\/perche-sughero\/","name":"Perch\u00e9 il sughero - J\u00b7Vigas","isPartOf":{"@id":"https:\/\/www.jvigas.com\/#website"},"datePublished":"2021-01-25T14:19:52+00:00","dateModified":"2021-06-17T17:02:51+00:00","description":"Il sughero \u00e8 il materiale che meglio si adatta alle esigenze del vino ed \u00e8 il metodo di chiusura pi\u00f9 sostenibile che esiste.","breadcrumb":{"@id":"https:\/\/www.jvigas.com\/it\/perche-sughero\/#breadcrumb"},"inLanguage":"it-IT","potentialAction":[{"@type":"ReadAction","target":["https:\/\/www.jvigas.com\/it\/perche-sughero\/"]}]},{"@type":"BreadcrumbList","@id":"https:\/\/www.jvigas.com\/it\/perche-sughero\/#breadcrumb","itemListElement":[{"@type":"ListItem","position":1,"name":"Home","item":"https:\/\/www.jvigas.com\/it\/"},{"@type":"ListItem","position":2,"name":"Perch\u00e9 il sughero"}]},{"@type":"WebSite","@id":"https:\/\/www.jvigas.com\/#website","url":"https:\/\/www.jvigas.com\/","name":"J\u00b7Vigas","description":"Naturaleza \u00b7 Artesan\u00eda \u00b7 Ciencia - Tapones de corcho desde 1887","potentialAction":[{"@type":"SearchAction","target":{"@type":"EntryPoint","urlTemplate":"https:\/\/www.jvigas.com\/?s={search_term_string}"},"query-input":{"@type":"PropertyValueSpecification","valueRequired":true,"valueName":"search_term_string"}}],"inLanguage":"it-IT"}]}},"_links":{"self":[{"href":"https:\/\/www.jvigas.com\/it\/wp-json\/wp\/v2\/pages\/3095","targetHints":{"allow":["GET"]}}],"collection":[{"href":"https:\/\/www.jvigas.com\/it\/wp-json\/wp\/v2\/pages"}],"about":[{"href":"https:\/\/www.jvigas.com\/it\/wp-json\/wp\/v2\/types\/page"}],"author":[{"embeddable":true,"href":"https:\/\/www.jvigas.com\/it\/wp-json\/wp\/v2\/users\/2"}],"replies":[{"embeddable":true,"href":"https:\/\/www.jvigas.com\/it\/wp-json\/wp\/v2\/comments?post=3095"}],"version-history":[{"count":5,"href":"https:\/\/www.jvigas.com\/it\/wp-json\/wp\/v2\/pages\/3095\/revisions"}],"predecessor-version":[{"id":3292,"href":"https:\/\/www.jvigas.com\/it\/wp-json\/wp\/v2\/pages\/3095\/revisions\/3292"}],"wp:attachment":[{"href":"https:\/\/www.jvigas.com\/it\/wp-json\/wp\/v2\/media?parent=3095"}],"curies":[{"name":"wp","href":"https:\/\/api.w.org\/{rel}","templated":true}]}}