{"id":3064,"date":"2021-01-25T14:02:42","date_gmt":"2021-01-25T12:02:42","guid":{"rendered":"https:\/\/www.jvigas.com\/compromiso\/"},"modified":"2021-09-22T13:39:45","modified_gmt":"2021-09-22T11:39:45","slug":"impegno","status":"publish","type":"page","link":"https:\/\/www.jvigas.com\/it\/impegno\/","title":{"rendered":"Impegno"},"content":{"rendered":"<p>[et_pb_section fb_built=&#8221;1&#8243; _builder_version=&#8221;4.6.1&#8243; _module_preset=&#8221;default&#8221;][et_pb_row _builder_version=&#8221;4.6.1&#8243; _module_preset=&#8221;default&#8221;][et_pb_column type=&#8221;4_4&#8243; _builder_version=&#8221;4.6.1&#8243; _module_preset=&#8221;default&#8221;][et_pb_text disabled_on=&#8221;on|off|off&#8221; _builder_version=&#8221;4.6.1&#8243; text_text_color=&#8221;#000000&#8243; text_font_size=&#8221;16px&#8221; header_font=&#8221;|||||on|||&#8221; header_text_color=&#8221;#1d515d&#8221; header_font_size=&#8221;58px&#8221;]<\/p>\n<h1 style=\"text-align: center;\">Impegno<\/h1>\n<div class=\"et-pb-draggable-spacing et-pb-draggable-spacing__spacing et-pb-draggable-spacing__bottom et-pb-draggable-spacing__padding et-pb-draggable-spacing--animated et-pb-draggable-spacing--hovered\">\n<div class=\"et-pb-draggable-spacing__hint\"><\/div>\n<\/div>\n<div class=\"et-pb-draggable-spacing et-pb-draggable-spacing__spacing et-pb-draggable-spacing__right et-pb-draggable-spacing__padding et-pb-draggable-spacing--animated et-pb-draggable-spacing--no-size\">\n<div class=\"et-pb-draggable-spacing__hint\"><\/div>\n<\/div>\n<div class=\"et-pb-draggable-spacing et-pb-draggable-spacing__spacing et-pb-draggable-spacing__left et-pb-draggable-spacing__padding et-pb-draggable-spacing--animated et-pb-draggable-spacing--no-size\">\n<div class=\"et-pb-draggable-spacing__hint\"><\/div>\n<\/div>\n<div class=\"et-pb-draggable-spacing et-pb-draggable-spacing__spacing et-pb-draggable-spacing__top et-pb-draggable-spacing__margin et-pb-draggable-spacing__inner et-pb-draggable-spacing--draggable-edge et-pb-draggable-spacing--animated et-pb-draggable-spacing--no-size\">\n<div class=\"et-pb-draggable-spacing__hint\"><\/div>\n<\/div>\n<div class=\"et-pb-draggable-spacing et-pb-draggable-spacing__spacing et-pb-draggable-spacing__right et-pb-draggable-spacing__margin et-pb-draggable-spacing__inner et-pb-draggable-spacing--draggable-edge et-pb-draggable-spacing--animated\">\n<div class=\"et-pb-draggable-spacing__hint\"><\/div>\n<\/div>\n<div class=\"et-pb-draggable-spacing et-pb-draggable-spacing__spacing et-pb-draggable-spacing__bottom et-pb-draggable-spacing__margin et-pb-draggable-spacing__inner et-pb-draggable-spacing--draggable-edge et-pb-draggable-spacing--animated et-pb-draggable-spacing--no-size\">\n<div class=\"et-pb-draggable-spacing__hint\"><\/div>\n<\/div>\n<div class=\"et-pb-draggable-spacing et-pb-draggable-spacing__spacing et-pb-draggable-spacing__left et-pb-draggable-spacing__margin et-pb-draggable-spacing__inner et-pb-draggable-spacing--draggable-edge et-pb-draggable-spacing--animated\">\n<div class=\"et-pb-draggable-spacing__hint\"><\/div>\n<\/div>\n<div class=\"et-fb-mousetrap et-fb-mousetrap-move et-fb-mousetrap--row\"><\/div>\n<p><span class=\"s2\"><span class=\"s1\"><\/span><\/span><\/p>\n<p>[\/et_pb_text][et_pb_text disabled_on=&#8221;off|on|on&#8221; _builder_version=&#8221;4.6.1&#8243; text_text_color=&#8221;#000000&#8243; text_font_size=&#8221;16px&#8221; header_font=&#8221;|||||on|||&#8221; header_text_color=&#8221;#1d515d&#8221; header_font_size=&#8221;40px&#8221;]<\/p>\n<h1 style=\"text-align: center;\">Impegno<\/h1>\n<div class=\"et-pb-draggable-spacing et-pb-draggable-spacing__spacing et-pb-draggable-spacing__bottom et-pb-draggable-spacing__padding et-pb-draggable-spacing--animated et-pb-draggable-spacing--hovered\">\n<div class=\"et-pb-draggable-spacing__hint\"><\/div>\n<\/div>\n<div class=\"et-pb-draggable-spacing et-pb-draggable-spacing__spacing et-pb-draggable-spacing__right et-pb-draggable-spacing__padding et-pb-draggable-spacing--animated et-pb-draggable-spacing--no-size\">\n<div class=\"et-pb-draggable-spacing__hint\"><\/div>\n<\/div>\n<div class=\"et-pb-draggable-spacing et-pb-draggable-spacing__spacing et-pb-draggable-spacing__left et-pb-draggable-spacing__padding et-pb-draggable-spacing--animated et-pb-draggable-spacing--no-size\">\n<div class=\"et-pb-draggable-spacing__hint\"><\/div>\n<\/div>\n<div class=\"et-pb-draggable-spacing et-pb-draggable-spacing__spacing et-pb-draggable-spacing__top et-pb-draggable-spacing__margin et-pb-draggable-spacing__inner et-pb-draggable-spacing--draggable-edge et-pb-draggable-spacing--animated et-pb-draggable-spacing--no-size\">\n<div class=\"et-pb-draggable-spacing__hint\"><\/div>\n<\/div>\n<div class=\"et-pb-draggable-spacing et-pb-draggable-spacing__spacing et-pb-draggable-spacing__right et-pb-draggable-spacing__margin et-pb-draggable-spacing__inner et-pb-draggable-spacing--draggable-edge et-pb-draggable-spacing--animated\">\n<div class=\"et-pb-draggable-spacing__hint\"><\/div>\n<\/div>\n<div class=\"et-pb-draggable-spacing et-pb-draggable-spacing__spacing et-pb-draggable-spacing__bottom et-pb-draggable-spacing__margin et-pb-draggable-spacing__inner et-pb-draggable-spacing--draggable-edge et-pb-draggable-spacing--animated et-pb-draggable-spacing--no-size\">\n<div class=\"et-pb-draggable-spacing__hint\"><\/div>\n<\/div>\n<div class=\"et-pb-draggable-spacing et-pb-draggable-spacing__spacing et-pb-draggable-spacing__left et-pb-draggable-spacing__margin et-pb-draggable-spacing__inner et-pb-draggable-spacing--draggable-edge et-pb-draggable-spacing--animated\">\n<div class=\"et-pb-draggable-spacing__hint\"><\/div>\n<\/div>\n<div class=\"et-fb-mousetrap et-fb-mousetrap-move et-fb-mousetrap--row\"><\/div>\n<p><span class=\"s2\"><span class=\"s1\"><\/span><\/span><\/p>\n<p>[\/et_pb_text][et_pb_text _builder_version=&#8221;4.6.1&#8243; _module_preset=&#8221;default&#8221; text_font_size=&#8221;16px&#8221;]<\/p>\n<p class=\"p2\"><span>In J\u00b7Vigas progettiamo e stabiliamo i nostri processi di gestione interna, non solo a fini economici, ma anche in base ad aspetti sociali e ambientali. <\/span><\/p>\n<p class=\"p2\"><span>Per la famiglia Vigas, cos\u00ec come per il resto del team, \u00e8 molto importante che i valori che governano il lavoro quotidiano, come il rispetto, la fiducia, l&#8217;affiatamento e la sostenibilit\u00e0, <strong>non appartengano solo al suo modo di lavorare, ma oltrepassino le mura dell&#8217;azienda, raggiungendo altre sfere della societ\u00e0.<\/strong><\/span><\/p>\n<p class=\"p2\"><span><strong><\/strong><\/span><\/p>\n<p>[\/et_pb_text][et_pb_text _builder_version=&#8221;4.6.1&#8243; _module_preset=&#8221;default&#8221; text_font_size=&#8221;16px&#8221;]<\/p>\n<div class=\"section mcb-section full-width no-margin-h no-margin-v\">\n<div class=\"section_wrapper mcb-section-inner\">\n<div class=\"wrap mcb-wrap one clearfix\">\n<div class=\"mcb-wrap-inner\">\n<div class=\"column mcb-column one column_column\">\n<div class=\"column_attr clearfix align_justify\">\n<h3 align=\"center\">Impegno per la natura<\/h3>\n<p>Per J\u00b7Vigas la <strong><span><a href=\"https:\/\/www.jvigas.com\/it\/futuro\/\">sostenibilit\u00e0 e il rispetto per l&#8217;ambiente <\/a><\/span><\/strong> sono valori trasversali che governano tutte le decisioni e le azioni dell&#8217;azienda.<\/p>\n<p>Per questo motivo, siamo stati la prima azienda ad aderire al RIdCF (Red Ib\u00e9rica de Comercio Forestal &#8211; Rete Iberica per il Commercio Forestale), un&#8217;iniziativa del WWF\/Adena, che agisce come efficiente strumento per incoraggiare la <strong>gestione sostenibile dei boschi e quindi frenare la deforestazione e il cambiamento climatico.<\/strong><\/p>\n<p>&nbsp;<\/p>\n<\/div>\n<\/div>\n<\/div>\n<\/div>\n<\/div>\n<\/div>\n<div class=\"section mcb-section \">\n<div class=\"section_wrapper mcb-section-inner\">\n<div class=\"wrap mcb-wrap one clearfix\">\n<div class=\"mcb-wrap-inner\">\n<div class=\"column mcb-column one column_column\">\n<div class=\"column_attr clearfix\">\n<h3 align=\"center\">Contributo sociale<\/h3>\n<p>J\u00b7Vigas collabora con gli seguenti istituti locali y nazionali :<\/p>\n<blockquote>\n<p><strong><a href=\"http:\/\/www.activeafrica.org\/active_africa_iweb\/Malawi-educacion.html\">Active Africa Educaci\u00f3n a Malawi<\/a><\/strong><\/p>\n<p><strong><a href=\"https:\/\/www.aecc.es\/Paginas\/PaginaPrincipal.aspx\">Asociaci\u00f3n Espa\u00f1ola Contra el C\u00e1ncer<\/a><\/strong>(Delegazione locale di Palafrugell \u00b7 Presidente: Joan Vigas)<\/p>\n<p><strong><a href=\"http:\/\/www.residenciasdeancianos.org\/casa-asilo-palafrugell\/\">Casa Asilo de Palafrugell<\/a><\/strong><\/p>\n<p><strong><a href=\"http:\/\/www.cruzroja.es\/principal\/web\/cruz-roja\/inicio\">Cruz Roja Espa\u00f1ola<\/a><\/strong><span> <\/span>(Delegazione di Palafrugell \u00b7 Nutrizione infantile di 0 a 2 anni)<\/p>\n<p><strong><a href=\"http:\/\/www.fundacionmaga.org\/\">Fundaci\u00f3n Maga<\/a><\/strong><\/p>\n<p><strong><a href=\"https:\/\/maindanslamain.asso.fr\/\">Main dans la main<\/a><\/strong><\/p>\n<\/blockquote>\n<\/div>\n<\/div>\n<\/div>\n<\/div>\n<\/div>\n<\/div>\n<p>[\/et_pb_text][\/et_pb_column][\/et_pb_row][\/et_pb_section][et_pb_section fb_built=&#8221;1&#8243; _builder_version=&#8221;4.6.1&#8243; background_image=&#8221;http:\/\/web2020.jvigas.com\/wp-content\/uploads\/2020\/10\/personal.jpg&#8221; background_position=&#8221;top_left&#8221; custom_padding=&#8221;147px|||||&#8221;][et_pb_row column_structure=&#8221;1_2,1_2&#8243; _builder_version=&#8221;4.0.5&#8243; background_color=&#8221;rgba(0,0,0,0)&#8221; width=&#8221;87.2%&#8221; custom_padding=&#8221;33px|||||&#8221;][et_pb_column type=&#8221;1_2&#8243; _builder_version=&#8221;4.0.5&#8243;][et_pb_text _builder_version=&#8221;4.6.1&#8243; text_text_color=&#8221;#ffffff&#8221; text_font_size=&#8221;34px&#8221; text_line_height=&#8221;1.1em&#8221; custom_margin=&#8221;-86px|||||&#8221; custom_padding=&#8221;||0px|||&#8221; border_radii=&#8221;on|3px|3px|3px|3px&#8221; border_color_all=&#8221;#000000&#8243;]<\/p>\n<p style=\"text-align: left;\"><strong><span class=\"s1\"><b><span>i valori che governano il lavoro quotidiano<\/span> oltrepassano i muri dell&#8217;azienda per giungere altri\u00a0settori della\u00a0<\/b><\/span><\/strong><b>societ\u00e0\u00a0<\/b><\/p>\n<p>[\/et_pb_text][\/et_pb_column][et_pb_column type=&#8221;1_2&#8243; _builder_version=&#8221;4.0.5&#8243;][\/et_pb_column][\/et_pb_row][\/et_pb_section]<\/p>\n","protected":false},"excerpt":{"rendered":"<p>Impegno Impegno In J\u00b7Vigas progettiamo e stabiliamo i nostri processi di gestione interna, non solo a fini economici, ma anche in base ad aspetti sociali e ambientali. Per la famiglia Vigas, cos\u00ec come per il resto del team, \u00e8 molto importante che i valori che governano il lavoro quotidiano, come il rispetto, la fiducia, l&#8217;affiatamento [&hellip;]<\/p>\n","protected":false},"author":1,"featured_media":0,"parent":0,"menu_order":0,"comment_status":"closed","ping_status":"closed","template":"","meta":{"_et_pb_use_builder":"on","_et_pb_old_content":"","_et_gb_content_width":"","footnotes":""},"class_list":["post-3064","page","type-page","status-publish","hentry"],"yoast_head":"<!-- This site is optimized with the Yoast SEO plugin v26.3 - https:\/\/yoast.com\/wordpress\/plugins\/seo\/ -->\n<title>Impegno - J\u00b7Vigas<\/title>\n<meta name=\"description\" content=\"El compromiso con la naturaleza y la contribuci\u00f3n a la sociedad por parte de J\u00b7Vigas forman parte de los valores intr\u00ednsecos de la empresa.\" \/>\n<meta name=\"robots\" content=\"index, follow, max-snippet:-1, max-image-preview:large, max-video-preview:-1\" \/>\n<link rel=\"canonical\" href=\"https:\/\/www.jvigas.com\/it\/impegno\/\" \/>\n<meta property=\"og:locale\" content=\"it_IT\" \/>\n<meta property=\"og:type\" content=\"article\" \/>\n<meta property=\"og:title\" content=\"Impegno - J\u00b7Vigas\" \/>\n<meta property=\"og:description\" content=\"El compromiso con la naturaleza y la contribuci\u00f3n a la sociedad por parte de J\u00b7Vigas forman parte de los valores intr\u00ednsecos de la empresa.\" \/>\n<meta property=\"og:url\" content=\"https:\/\/www.jvigas.com\/it\/impegno\/\" \/>\n<meta property=\"og:site_name\" content=\"J\u00b7Vigas\" \/>\n<meta property=\"article:modified_time\" content=\"2021-09-22T11:39:45+00:00\" \/>\n<meta name=\"twitter:card\" content=\"summary_large_image\" \/>\n<meta name=\"twitter:label1\" content=\"Tempo di lettura stimato\" \/>\n\t<meta name=\"twitter:data1\" content=\"2 minuti\" \/>\n<script type=\"application\/ld+json\" class=\"yoast-schema-graph\">{\"@context\":\"https:\/\/schema.org\",\"@graph\":[{\"@type\":\"WebPage\",\"@id\":\"https:\/\/www.jvigas.com\/it\/impegno\/\",\"url\":\"https:\/\/www.jvigas.com\/it\/impegno\/\",\"name\":\"Impegno - J\u00b7Vigas\",\"isPartOf\":{\"@id\":\"https:\/\/www.jvigas.com\/#website\"},\"datePublished\":\"2021-01-25T12:02:42+00:00\",\"dateModified\":\"2021-09-22T11:39:45+00:00\",\"description\":\"El compromiso con la naturaleza y la contribuci\u00f3n a la sociedad por parte de J\u00b7Vigas forman parte de los valores intr\u00ednsecos de la empresa.\",\"breadcrumb\":{\"@id\":\"https:\/\/www.jvigas.com\/it\/impegno\/#breadcrumb\"},\"inLanguage\":\"it-IT\",\"potentialAction\":[{\"@type\":\"ReadAction\",\"target\":[\"https:\/\/www.jvigas.com\/it\/impegno\/\"]}]},{\"@type\":\"BreadcrumbList\",\"@id\":\"https:\/\/www.jvigas.com\/it\/impegno\/#breadcrumb\",\"itemListElement\":[{\"@type\":\"ListItem\",\"position\":1,\"name\":\"Home\",\"item\":\"https:\/\/www.jvigas.com\/it\/\"},{\"@type\":\"ListItem\",\"position\":2,\"name\":\"Impegno\"}]},{\"@type\":\"WebSite\",\"@id\":\"https:\/\/www.jvigas.com\/#website\",\"url\":\"https:\/\/www.jvigas.com\/\",\"name\":\"J\u00b7Vigas\",\"description\":\"Naturaleza \u00b7 Artesan\u00eda \u00b7 Ciencia - Tapones de corcho desde 1887\",\"potentialAction\":[{\"@type\":\"SearchAction\",\"target\":{\"@type\":\"EntryPoint\",\"urlTemplate\":\"https:\/\/www.jvigas.com\/?s={search_term_string}\"},\"query-input\":{\"@type\":\"PropertyValueSpecification\",\"valueRequired\":true,\"valueName\":\"search_term_string\"}}],\"inLanguage\":\"it-IT\"}]}<\/script>\n<!-- \/ Yoast SEO plugin. -->","yoast_head_json":{"title":"Impegno - J\u00b7Vigas","description":"El compromiso con la naturaleza y la contribuci\u00f3n a la sociedad por parte de J\u00b7Vigas forman parte de los valores intr\u00ednsecos de la empresa.","robots":{"index":"index","follow":"follow","max-snippet":"max-snippet:-1","max-image-preview":"max-image-preview:large","max-video-preview":"max-video-preview:-1"},"canonical":"https:\/\/www.jvigas.com\/it\/impegno\/","og_locale":"it_IT","og_type":"article","og_title":"Impegno - J\u00b7Vigas","og_description":"El compromiso con la naturaleza y la contribuci\u00f3n a la sociedad por parte de J\u00b7Vigas forman parte de los valores intr\u00ednsecos de la empresa.","og_url":"https:\/\/www.jvigas.com\/it\/impegno\/","og_site_name":"J\u00b7Vigas","article_modified_time":"2021-09-22T11:39:45+00:00","twitter_card":"summary_large_image","twitter_misc":{"Tempo di lettura stimato":"2 minuti"},"schema":{"@context":"https:\/\/schema.org","@graph":[{"@type":"WebPage","@id":"https:\/\/www.jvigas.com\/it\/impegno\/","url":"https:\/\/www.jvigas.com\/it\/impegno\/","name":"Impegno - J\u00b7Vigas","isPartOf":{"@id":"https:\/\/www.jvigas.com\/#website"},"datePublished":"2021-01-25T12:02:42+00:00","dateModified":"2021-09-22T11:39:45+00:00","description":"El compromiso con la naturaleza y la contribuci\u00f3n a la sociedad por parte de J\u00b7Vigas forman parte de los valores intr\u00ednsecos de la empresa.","breadcrumb":{"@id":"https:\/\/www.jvigas.com\/it\/impegno\/#breadcrumb"},"inLanguage":"it-IT","potentialAction":[{"@type":"ReadAction","target":["https:\/\/www.jvigas.com\/it\/impegno\/"]}]},{"@type":"BreadcrumbList","@id":"https:\/\/www.jvigas.com\/it\/impegno\/#breadcrumb","itemListElement":[{"@type":"ListItem","position":1,"name":"Home","item":"https:\/\/www.jvigas.com\/it\/"},{"@type":"ListItem","position":2,"name":"Impegno"}]},{"@type":"WebSite","@id":"https:\/\/www.jvigas.com\/#website","url":"https:\/\/www.jvigas.com\/","name":"J\u00b7Vigas","description":"Naturaleza \u00b7 Artesan\u00eda \u00b7 Ciencia - Tapones de corcho desde 1887","potentialAction":[{"@type":"SearchAction","target":{"@type":"EntryPoint","urlTemplate":"https:\/\/www.jvigas.com\/?s={search_term_string}"},"query-input":{"@type":"PropertyValueSpecification","valueRequired":true,"valueName":"search_term_string"}}],"inLanguage":"it-IT"}]}},"_links":{"self":[{"href":"https:\/\/www.jvigas.com\/it\/wp-json\/wp\/v2\/pages\/3064","targetHints":{"allow":["GET"]}}],"collection":[{"href":"https:\/\/www.jvigas.com\/it\/wp-json\/wp\/v2\/pages"}],"about":[{"href":"https:\/\/www.jvigas.com\/it\/wp-json\/wp\/v2\/types\/page"}],"author":[{"embeddable":true,"href":"https:\/\/www.jvigas.com\/it\/wp-json\/wp\/v2\/users\/1"}],"replies":[{"embeddable":true,"href":"https:\/\/www.jvigas.com\/it\/wp-json\/wp\/v2\/comments?post=3064"}],"version-history":[{"count":14,"href":"https:\/\/www.jvigas.com\/it\/wp-json\/wp\/v2\/pages\/3064\/revisions"}],"predecessor-version":[{"id":4216,"href":"https:\/\/www.jvigas.com\/it\/wp-json\/wp\/v2\/pages\/3064\/revisions\/4216"}],"wp:attachment":[{"href":"https:\/\/www.jvigas.com\/it\/wp-json\/wp\/v2\/media?parent=3064"}],"curies":[{"name":"wp","href":"https:\/\/api.w.org\/{rel}","templated":true}]}}