{"id":8041,"date":"2024-10-14T13:28:46","date_gmt":"2024-10-14T11:28:46","guid":{"rendered":"https:\/\/www.jvigas.com\/?page_id=8041"},"modified":"2024-10-14T13:28:47","modified_gmt":"2024-10-14T11:28:47","slug":"innovation-autres-thematiques","status":"publish","type":"page","link":"https:\/\/www.jvigas.com\/fr\/innovation-autres-thematiques\/","title":{"rendered":"Innovation autres th\u00e9matiques"},"content":{"rendered":"<p>[et_pb_section fb_built=\u00a0\u00bb1&Prime; _builder_version=\u00a0\u00bb4.21.0&Prime; _module_preset=\u00a0\u00bbdefault\u00a0\u00bb global_colors_info=\u00a0\u00bb{}\u00a0\u00bb][et_pb_row _builder_version=\u00a0\u00bb4.21.0&Prime; _module_preset=\u00a0\u00bbdefault\u00a0\u00bb global_colors_info=\u00a0\u00bb{}\u00a0\u00bb][et_pb_column type=\u00a0\u00bb4_4&Prime; _builder_version=\u00a0\u00bb4.21.0&Prime; _module_preset=\u00a0\u00bbdefault\u00a0\u00bb global_colors_info=\u00a0\u00bb{}\u00a0\u00bb][et_pb_text disabled_on=\u00a0\u00bbon|on|off\u00a0\u00bb _builder_version=\u00a0\u00bb4.24.2&Prime; _module_preset=\u00a0\u00bbdefault\u00a0\u00bb header_font=\u00a0\u00bb|700|||||||\u00a0\u00bb header_font_size=\u00a0\u00bb48px\u00a0\u00bb header_2_font=\u00a0\u00bb|600|||||||\u00a0\u00bb header_2_font_size=\u00a0\u00bb30px\u00a0\u00bb hover_enabled=\u00a0\u00bb0&Prime; global_colors_info=\u00a0\u00bb{}\u00a0\u00bb sticky_enabled=\u00a0\u00bb0&Prime;]<\/p>\n<h1 style=\"text-align: center;\"><strong>Autres th\u00e9matiques<br \/><\/strong><\/h1>\n<h2 style=\"text-align: center;\"><strong><span>Structure interne, empreinte carbone, finitions \u00e9cologiques\u2026<\/span><\/strong><\/h2>\n<p>&nbsp;<\/p>\n<p>[\/et_pb_text][et_pb_text disabled_on=\u00a0\u00bboff|off|on\u00a0\u00bb _builder_version=\u00a0\u00bb4.24.2&Prime; _module_preset=\u00a0\u00bbdefault\u00a0\u00bb header_font=\u00a0\u00bb|700|||||||\u00a0\u00bb header_2_font=\u00a0\u00bb|600|||||||\u00a0\u00bb header_2_font_size=\u00a0\u00bb16px\u00a0\u00bb hover_enabled=\u00a0\u00bb0&Prime; global_colors_info=\u00a0\u00bb{}\u00a0\u00bb sticky_enabled=\u00a0\u00bb0&Prime;]<\/p>\n<h1 style=\"text-align: center;\"><strong>Autres th\u00e9matiques<\/strong><\/h1>\n<h2 style=\"text-align: center;\"><strong><span>Structure interne, empreinte carbone, finitions \u00e9cologiques\u2026<\/span><\/strong><\/h2>\n<p>&nbsp;<\/p>\n<p>[\/et_pb_text][\/et_pb_column][\/et_pb_row][et_pb_row column_structure=\u00a0\u00bb3_4,1_4&Prime; disabled_on=\u00a0\u00bbon|off|off\u00a0\u00bb _builder_version=\u00a0\u00bb4.24.2&Prime; _module_preset=\u00a0\u00bbdefault\u00a0\u00bb global_colors_info=\u00a0\u00bb{}\u00a0\u00bb][et_pb_column type=\u00a0\u00bb3_4&Prime; _builder_version=\u00a0\u00bb4.24.2&Prime; _module_preset=\u00a0\u00bbdefault\u00a0\u00bb global_colors_info=\u00a0\u00bb{}\u00a0\u00bb][et_pb_text _builder_version=\u00a0\u00bb4.24.2&Prime; _module_preset=\u00a0\u00bbdefault\u00a0\u00bb text_font_size=\u00a0\u00bb16px\u00a0\u00bb hover_enabled=\u00a0\u00bb0&Prime; global_colors_info=\u00a0\u00bb{}\u00a0\u00bb sticky_enabled=\u00a0\u00bb0&Prime;]<\/p>\n<p><strong>PROJETS EN COURS :<br \/><\/strong><br \/><strong>GRAPERTE :<\/strong> Projet phare du vin dans lequel J\u00b7Vigas participe au sous-projet <em><strong>Recherche et d\u00e9veloppement de nouveaux mat\u00e9riaux pour am\u00e9liorer le li\u00e8ge comme outil \u0153nologique<\/strong><\/em>. <span style=\"text-decoration: underline;\"><strong><a href=\"https:\/\/www.jvigas.com\/fr\/j\u00b7vigas-participe-au-projet-tracteur-espagnol-du-vin\/\">Plus d&rsquo;informations<\/a><\/p>\n<p><\/strong><\/span>\u00c9tude de produits alternatifs dans notre processus de production, comme l&rsquo;utilisation de produits de <strong>traitement de surface<\/strong> naturels avec certification BIO.<\/p>\n<p>Profitant des principes de l&rsquo;HACCP mis en \u0153uvre depuis de nombreuses ann\u00e9es dans l&rsquo;organisation, mise en place de la norme <strong>ISO 22000<\/strong> sur la s\u00e9curit\u00e9 alimentaire.<\/p>\n<p>&nbsp;<\/p>\n<p>&nbsp;<\/p>\n<p>[\/et_pb_text][\/et_pb_column][et_pb_column type=\u00a0\u00bb1_4&Prime; _builder_version=\u00a0\u00bb4.24.2&Prime; _module_preset=\u00a0\u00bbdefault\u00a0\u00bb global_colors_info=\u00a0\u00bb{}\u00a0\u00bb][et_pb_image src=\u00a0\u00bbhttps:\/\/www.jvigas.com\/wp-content\/uploads\/2024\/04\/JVIGAS_MARBRE_TAPS_05_baixa.png\u00a0\u00bb title_text=\u00a0\u00bbJVIGAS_MARBRE_TAPS_05_baixa\u00a0\u00bb _builder_version=\u00a0\u00bb4.24.2&Prime; _module_preset=\u00a0\u00bbdefault\u00a0\u00bb global_colors_info=\u00a0\u00bb{}\u00a0\u00bb][\/et_pb_image][\/et_pb_column][\/et_pb_row][et_pb_row column_structure=\u00a0\u00bb1_4,3_4&Prime; disabled_on=\u00a0\u00bboff|on|on\u00a0\u00bb _builder_version=\u00a0\u00bb4.24.2&Prime; _module_preset=\u00a0\u00bbdefault\u00a0\u00bb global_colors_info=\u00a0\u00bb{}\u00a0\u00bb][et_pb_column type=\u00a0\u00bb1_4&Prime; _builder_version=\u00a0\u00bb4.24.2&Prime; _module_preset=\u00a0\u00bbdefault\u00a0\u00bb global_colors_info=\u00a0\u00bb{}\u00a0\u00bb][et_pb_image src=\u00a0\u00bbhttps:\/\/www.jvigas.com\/wp-content\/uploads\/2024\/04\/JVIGAS_MARBRE_TAPS_05_baixa.png\u00a0\u00bb title_text=\u00a0\u00bbJVIGAS_MARBRE_TAPS_05_baixa\u00a0\u00bb _builder_version=\u00a0\u00bb4.24.2&Prime; _module_preset=\u00a0\u00bbdefault\u00a0\u00bb global_colors_info=\u00a0\u00bb{}\u00a0\u00bb][\/et_pb_image][\/et_pb_column][et_pb_column type=\u00a0\u00bb3_4&Prime; _builder_version=\u00a0\u00bb4.24.2&Prime; _module_preset=\u00a0\u00bbdefault\u00a0\u00bb global_colors_info=\u00a0\u00bb{}\u00a0\u00bb][et_pb_text _builder_version=\u00a0\u00bb4.24.2&Prime; _module_preset=\u00a0\u00bbdefault\u00a0\u00bb text_font_size=\u00a0\u00bb16px\u00a0\u00bb hover_enabled=\u00a0\u00bb0&Prime; global_colors_info=\u00a0\u00bb{}\u00a0\u00bb sticky_enabled=\u00a0\u00bb0&Prime;]<\/p>\n<p><strong>PROJETS EN COURS :<br \/><\/strong><br \/><strong>GRAPERTE :<\/strong> Projet phare du vin dans lequel J\u00b7Vigas participe au sous-projet <em><strong>Recherche et d\u00e9veloppement de nouveaux mat\u00e9riaux pour am\u00e9liorer le li\u00e8ge comme outil \u0153nologique<\/strong><\/em>. <span style=\"text-decoration: underline;\"><strong><a href=\"https:\/\/www.jvigas.com\/fr\/j\u00b7vigas-participe-au-projet-tracteur-espagnol-du-vin\/\">Plus d&rsquo;informations<\/a><\/p>\n<p><\/strong><\/span>\u00c9tude de produits alternatifs dans notre processus de production, comme l&rsquo;utilisation de produits de <strong>traitement de surface<\/strong> naturels avec certification BIO.<\/p>\n<p>Profitant des principes de l&rsquo;HACCP mis en \u0153uvre depuis de nombreuses ann\u00e9es dans l&rsquo;organisation, mise en place de la norme <strong>ISO 22000<\/strong> sur la s\u00e9curit\u00e9 alimentaire.<\/p>\n<p>&nbsp;<\/p>\n<p>[\/et_pb_text][\/et_pb_column][\/et_pb_row][\/et_pb_section][et_pb_section fb_built=\u00a0\u00bb1&Prime; inner_shadow=\u00a0\u00bbon\u00a0\u00bb disabled_on=\u00a0\u00bbon|off|off\u00a0\u00bb _builder_version=\u00a0\u00bb4.24.2&Prime; background_color=\u00a0\u00bb#000000&Prime; background_image=\u00a0\u00bbhttps:\/\/www.jvigas.com\/wp-content\/uploads\/2019\/12\/80.jpg\u00a0\u00bb min_height=\u00a0\u00bb400px\u00a0\u00bb custom_margin=\u00a0\u00bb||-1px|||\u00a0\u00bb custom_padding=\u00a0\u00bb0px||0px|||\u00a0\u00bb locked=\u00a0\u00bboff\u00a0\u00bb global_colors_info=\u00a0\u00bb{}\u00a0\u00bb][et_pb_row _builder_version=\u00a0\u00bb4.20.2&Prime; _module_preset=\u00a0\u00bbdefault\u00a0\u00bb custom_padding=\u00a0\u00bb173px|||||\u00a0\u00bb global_colors_info=\u00a0\u00bb{}\u00a0\u00bb][et_pb_column type=\u00a0\u00bb4_4&Prime; _builder_version=\u00a0\u00bb4.20.2&Prime; _module_preset=\u00a0\u00bbdefault\u00a0\u00bb global_colors_info=\u00a0\u00bb{}\u00a0\u00bb][et_pb_text _builder_version=\u00a0\u00bb4.24.2&Prime; _module_preset=\u00a0\u00bbdefault\u00a0\u00bb header_font=\u00a0\u00bb|||on|||||\u00a0\u00bb header_text_align=\u00a0\u00bbcenter\u00a0\u00bb header_text_color=\u00a0\u00bb#FFFFFF\u00a0\u00bb header_font_size=\u00a0\u00bb48px\u00a0\u00bb header_line_height=\u00a0\u00bb1.4em\u00a0\u00bb hover_enabled=\u00a0\u00bb0&Prime; global_colors_info=\u00a0\u00bb{}\u00a0\u00bb sticky_enabled=\u00a0\u00bb0&Prime;]<\/p>\n<h1 style=\"text-align: center;\">DERNIERS PROJETS<\/h1>\n<p>[\/et_pb_text][\/et_pb_column][\/et_pb_row][\/et_pb_section][et_pb_section fb_built=\u00a0\u00bb1&Prime; inner_shadow=\u00a0\u00bbon\u00a0\u00bb disabled_on=\u00a0\u00bboff|on|on\u00a0\u00bb _builder_version=\u00a0\u00bb4.24.2&Prime; background_color=\u00a0\u00bb#000000&Prime; background_image=\u00a0\u00bbhttps:\/\/www.jvigas.com\/wp-content\/uploads\/2019\/12\/80.jpg\u00a0\u00bb min_height=\u00a0\u00bb400px\u00a0\u00bb custom_margin=\u00a0\u00bb||-1px|||\u00a0\u00bb custom_padding=\u00a0\u00bb0px||0px|||\u00a0\u00bb locked=\u00a0\u00bboff\u00a0\u00bb global_colors_info=\u00a0\u00bb{}\u00a0\u00bb][et_pb_row _builder_version=\u00a0\u00bb4.20.2&Prime; _module_preset=\u00a0\u00bbdefault\u00a0\u00bb custom_padding=\u00a0\u00bb173px|||||\u00a0\u00bb global_colors_info=\u00a0\u00bb{}\u00a0\u00bb][et_pb_column type=\u00a0\u00bb4_4&Prime; _builder_version=\u00a0\u00bb4.20.2&Prime; _module_preset=\u00a0\u00bbdefault\u00a0\u00bb global_colors_info=\u00a0\u00bb{}\u00a0\u00bb][et_pb_text _builder_version=\u00a0\u00bb4.24.2&Prime; _module_preset=\u00a0\u00bbdefault\u00a0\u00bb header_font=\u00a0\u00bb|||on|||||\u00a0\u00bb header_text_align=\u00a0\u00bbcenter\u00a0\u00bb header_text_color=\u00a0\u00bb#FFFFFF\u00a0\u00bb header_font_size=\u00a0\u00bb40px\u00a0\u00bb header_line_height=\u00a0\u00bb1.4em\u00a0\u00bb hover_enabled=\u00a0\u00bb0&Prime; global_colors_info=\u00a0\u00bb{}\u00a0\u00bb sticky_enabled=\u00a0\u00bb0&Prime;]<\/p>\n<h1 style=\"text-align: center;\">DERNIERS PROJETS<\/h1>\n<p>[\/et_pb_text][\/et_pb_column][\/et_pb_row][\/et_pb_section][et_pb_section fb_built=\u00a0\u00bb1&Prime; _builder_version=\u00a0\u00bb4.24.2&Prime; _module_preset=\u00a0\u00bbdefault\u00a0\u00bb custom_padding=\u00a0\u00bb1px|||||\u00a0\u00bb locked=\u00a0\u00bboff\u00a0\u00bb global_colors_info=\u00a0\u00bb{}\u00a0\u00bb][et_pb_row column_structure=\u00a0\u00bb1_3,1_3,1_3&Prime; _builder_version=\u00a0\u00bb4.24.2&Prime; _module_preset=\u00a0\u00bbdefault\u00a0\u00bb custom_padding=\u00a0\u00bb55px|||||\u00a0\u00bb global_colors_info=\u00a0\u00bb{}\u00a0\u00bb][et_pb_column type=\u00a0\u00bb1_3&Prime; _builder_version=\u00a0\u00bb4.24.2&Prime; _module_preset=\u00a0\u00bbdefault\u00a0\u00bb global_colors_info=\u00a0\u00bb{}\u00a0\u00bb][et_pb_text _builder_version=\u00a0\u00bb4.24.2&Prime; _module_preset=\u00a0\u00bbdefault\u00a0\u00bb text_font_size=\u00a0\u00bb16px\u00a0\u00bb header_4_font=\u00a0\u00bb|||||on|||\u00a0\u00bb header_4_font_size=\u00a0\u00bb22px\u00a0\u00bb global_colors_info=\u00a0\u00bb{}\u00a0\u00bb]<\/p>\n<h4 style=\"text-align: center;\"><strong>Structure interne<\/strong><\/h4>\n<p><span><\/span><\/p>\n<p class=\"p1\"><span>\u00c9tude de la faisabilit\u00e9 d&rsquo;un <strong>traitement de r\u00e9duction et\/ou d&rsquo;\u00e9limination des d\u00e9viations sensorielles<\/strong> et de leur \u00e9ventuelle affectation \u00e0 la structure interne du bouchon de li\u00e8ge apr\u00e8s ce traitement.<\/span><\/p>\n<p>[\/et_pb_text][\/et_pb_column][et_pb_column type=\u00a0\u00bb1_3&Prime; _builder_version=\u00a0\u00bb4.24.2&Prime; _module_preset=\u00a0\u00bbdefault\u00a0\u00bb global_colors_info=\u00a0\u00bb{}\u00a0\u00bb][et_pb_text _builder_version=\u00a0\u00bb4.24.2&Prime; _module_preset=\u00a0\u00bbdefault\u00a0\u00bb text_font_size=\u00a0\u00bb16px\u00a0\u00bb header_4_font=\u00a0\u00bb|||||on|||\u00a0\u00bb header_4_font_size=\u00a0\u00bb22px\u00a0\u00bb hover_enabled=\u00a0\u00bb0&Prime; global_colors_info=\u00a0\u00bb{}\u00a0\u00bb sticky_enabled=\u00a0\u00bb0&Prime;]<\/p>\n<h4 style=\"text-align: center;\"><span class=\"s1\"><strong>Bouchage avec diff\u00e9rentes densit\u00e9s<\/strong><\/span><\/h4>\n<p class=\"p2\"><span class=\"s1\"><\/span><\/p>\n<p class=\"p2\"><span class=\"s1\">En collaboration avec l&rsquo;un de nos clients.<\/span><\/p>\n<p class=\"p2\"><span class=\"s1\">Nous \u00e9tudions la correcte fonctionnalit\u00e9 technique durant le bouchage et l<strong>\u2019\u00e9volution sensorielle du vin en fonction de la densit\u00e9 du bouchon.<\/strong><\/span><\/p>\n<p>[\/et_pb_text][\/et_pb_column][et_pb_column type=\u00a0\u00bb1_3&Prime; _builder_version=\u00a0\u00bb4.24.2&Prime; _module_preset=\u00a0\u00bbdefault\u00a0\u00bb global_colors_info=\u00a0\u00bb{}\u00a0\u00bb][et_pb_text _builder_version=\u00a0\u00bb4.24.2&Prime; _module_preset=\u00a0\u00bbdefault\u00a0\u00bb text_font_size=\u00a0\u00bb16px\u00a0\u00bb header_4_font=\u00a0\u00bb|||||on|||\u00a0\u00bb header_4_font_size=\u00a0\u00bb22px\u00a0\u00bb hover_enabled=\u00a0\u00bb0&Prime; global_colors_info=\u00a0\u00bb{}\u00a0\u00bb sticky_enabled=\u00a0\u00bb0&Prime;]<\/p>\n<h4 style=\"text-align: center;\"><strong>\u00c9tude sensorielle et chromatographique<\/strong><span><\/span><\/h4>\n<p><span><\/span><\/p>\n<p><span>\u00c9tude sensorielle et analyse des profils chromatographiques des bouchons lors des diff\u00e9rents <strong>processus<\/strong> de fabrication.<\/span><\/p>\n<p>[\/et_pb_text][\/et_pb_column][\/et_pb_row][et_pb_row column_structure=\u00a0\u00bb1_3,1_3,1_3&Prime; _builder_version=\u00a0\u00bb4.24.2&Prime; _module_preset=\u00a0\u00bbdefault\u00a0\u00bb global_colors_info=\u00a0\u00bb{}\u00a0\u00bb][et_pb_column type=\u00a0\u00bb1_3&Prime; _builder_version=\u00a0\u00bb4.24.2&Prime; _module_preset=\u00a0\u00bbdefault\u00a0\u00bb global_colors_info=\u00a0\u00bb{}\u00a0\u00bb][et_pb_text _builder_version=\u00a0\u00bb4.24.2&Prime; _module_preset=\u00a0\u00bbdefault\u00a0\u00bb text_font_size=\u00a0\u00bb16px\u00a0\u00bb header_4_font=\u00a0\u00bb|||||on|||\u00a0\u00bb header_4_font_size=\u00a0\u00bb22px\u00a0\u00bb hover_enabled=\u00a0\u00bb0&Prime; global_colors_info=\u00a0\u00bb{}\u00a0\u00bb sticky_enabled=\u00a0\u00bb0&Prime;]<\/p>\n<h4 style=\"text-align: center;\">E<strong>mpreinte carbone<\/strong><span><\/span><\/h4>\n<p><span><\/span><\/p>\n<p><span>Nous calculons l&#8217;empreinte carbone de nos bouchons, des for\u00eats jusqu&rsquo;\u00e0 la fin de leur cycle de vie. <\/span><\/p>\n<p><span>Plus d&rsquo;informations dans la section <span style=\"text-decoration: underline;\"><strong><a href=\"https:\/\/www.jvigas.com\/fr\/developpement-durable\/\">D\u00e9v\u00e9loppement durable<\/a><\/strong><\/span> de notre site.<\/span><\/p>\n<p>[\/et_pb_text][\/et_pb_column][et_pb_column type=\u00a0\u00bb1_3&Prime; _builder_version=\u00a0\u00bb4.24.2&Prime; _module_preset=\u00a0\u00bbdefault\u00a0\u00bb global_colors_info=\u00a0\u00bb{}\u00a0\u00bb][et_pb_text _builder_version=\u00a0\u00bb4.24.2&Prime; _module_preset=\u00a0\u00bbdefault\u00a0\u00bb text_font_size=\u00a0\u00bb16px\u00a0\u00bb header_4_font=\u00a0\u00bb|||||on|||\u00a0\u00bb header_4_font_size=\u00a0\u00bb22px\u00a0\u00bb global_colors_info=\u00a0\u00bb{}\u00a0\u00bb]<\/p>\n<h4 style=\"text-align: center;\">Cork2Wine<\/h4>\n<p class=\"p2\">\n<p class=\"p2\"><span>Projet visant \u00e0 appliquer une nouvelle <strong>approche int\u00e9gr\u00e9e<\/strong> \u00e0 la recherche du li\u00e8ge afin de relever les d\u00e9fis technologiques actuels du secteur du li\u00e8ge national, garantissant ainsi la comp\u00e9titivit\u00e9, la durabilit\u00e9, le positionnement international et la viabilit\u00e9 future du secteur.<\/p>\n<p><\/span><span>J\u00b7Vigas a particip\u00e9 \u00e0 <a href=\"https:\/\/www.jvigas.com\/fr\/cork2wine\/\"><strong><span style=\"text-decoration: underline;\">CORK2WINE<\/span><\/strong><\/a>, dirig\u00e9 par l&rsquo;entreprise Francisco Oller, aux c\u00f4t\u00e9s d&rsquo;autres entreprises comme Amorim Forestal, Quimivita, Muga et Vilarnau.<\/span><\/p>\n<p>[\/et_pb_text][\/et_pb_column][et_pb_column type=\u00a0\u00bb1_3&Prime; _builder_version=\u00a0\u00bb4.24.2&Prime; _module_preset=\u00a0\u00bbdefault\u00a0\u00bb global_colors_info=\u00a0\u00bb{}\u00a0\u00bb][et_pb_text _builder_version=\u00a0\u00bb4.24.2&Prime; _module_preset=\u00a0\u00bbdefault\u00a0\u00bb text_font_size=\u00a0\u00bb16px\u00a0\u00bb header_4_font=\u00a0\u00bb|||||on|||\u00a0\u00bb header_4_font_size=\u00a0\u00bb22px\u00a0\u00bb global_colors_info=\u00a0\u00bb{}\u00a0\u00bb]<\/p>\n<h4 style=\"text-align: center;\"><span role=\"presentation\" dir=\"ltr\"><strong>D\u00e9fauts cach\u00e9s du bouchon<\/strong><\/span><\/h4>\n<p><span><\/span><\/p>\n<p><span role=\"presentation\" dir=\"ltr\"><span>Nous testons diff\u00e9rentes <strong>technologies<\/strong> en phase de d\u00e9veloppement ou d\u00e9j\u00e0 sur le march\u00e9. <\/span><\/span><\/p>\n<p><span role=\"presentation\" dir=\"ltr\"><span>Nous \u00e9tudions la technologie de mani\u00e8re objective pour un \u00e9ventuel achat d\u00e8s qu&rsquo;elle r\u00e9pond aux exigences de J\u00b7Vigas.<\/span><\/span><\/p>\n<p><span><\/span><\/p>\n<p>[\/et_pb_text][\/et_pb_column][\/et_pb_row][\/et_pb_section]<\/p>\n","protected":false},"excerpt":{"rendered":"<p>Autres th\u00e9matiques Structure interne, empreinte carbone, finitions \u00e9cologiques\u2026 &nbsp;Autres th\u00e9matiques Structure interne, empreinte carbone, finitions \u00e9cologiques\u2026 &nbsp;PROJETS EN COURS :GRAPERTE : Projet phare du vin dans lequel J\u00b7Vigas participe au sous-projet Recherche et d\u00e9veloppement de nouveaux mat\u00e9riaux pour am\u00e9liorer le li\u00e8ge comme outil \u0153nologique. Plus d&rsquo;informations \u00c9tude de produits alternatifs dans notre processus de production, [&hellip;]<\/p>\n","protected":false},"author":2,"featured_media":0,"parent":0,"menu_order":0,"comment_status":"closed","ping_status":"closed","template":"","meta":{"_et_pb_use_builder":"on","_et_pb_old_content":"","_et_gb_content_width":"","footnotes":""},"class_list":["post-8041","page","type-page","status-publish","hentry"],"yoast_head":"<!-- This site is optimized with the Yoast SEO plugin v26.3 - https:\/\/yoast.com\/wordpress\/plugins\/seo\/ -->\n<title>Innovation autres th\u00e9matiques - J\u00b7Vigas<\/title>\n<meta name=\"description\" content=\"D&#039;autres projets d&#039;innovation de J\u00b7Vigas concernant l&#039;am\u00e9lioration du bouchon de li\u00e8ge naturel pour vins. Diff\u00e9rents th\u00e8mes de R&amp;D+i chez Vigas.\" \/>\n<meta name=\"robots\" content=\"index, follow, max-snippet:-1, max-image-preview:large, max-video-preview:-1\" \/>\n<link rel=\"canonical\" href=\"https:\/\/www.jvigas.com\/fr\/innovation-autres-thematiques\/\" \/>\n<meta property=\"og:locale\" content=\"fr_FR\" \/>\n<meta property=\"og:type\" content=\"article\" \/>\n<meta property=\"og:title\" content=\"Innovation autres th\u00e9matiques - J\u00b7Vigas\" \/>\n<meta property=\"og:description\" content=\"D&#039;autres projets d&#039;innovation de J\u00b7Vigas concernant l&#039;am\u00e9lioration du bouchon de li\u00e8ge naturel pour vins. Diff\u00e9rents th\u00e8mes de R&amp;D+i chez Vigas.\" \/>\n<meta property=\"og:url\" content=\"https:\/\/www.jvigas.com\/fr\/innovation-autres-thematiques\/\" \/>\n<meta property=\"og:site_name\" content=\"J\u00b7Vigas\" \/>\n<meta property=\"article:modified_time\" content=\"2024-10-14T11:28:47+00:00\" \/>\n<meta name=\"twitter:card\" content=\"summary_large_image\" \/>\n<meta name=\"twitter:label1\" content=\"Dur\u00e9e de lecture estim\u00e9e\" \/>\n\t<meta name=\"twitter:data1\" content=\"3 minutes\" \/>\n<script type=\"application\/ld+json\" class=\"yoast-schema-graph\">{\"@context\":\"https:\/\/schema.org\",\"@graph\":[{\"@type\":\"WebPage\",\"@id\":\"https:\/\/www.jvigas.com\/fr\/innovation-autres-thematiques\/\",\"url\":\"https:\/\/www.jvigas.com\/fr\/innovation-autres-thematiques\/\",\"name\":\"Innovation autres th\u00e9matiques - J\u00b7Vigas\",\"isPartOf\":{\"@id\":\"https:\/\/www.jvigas.com\/#website\"},\"datePublished\":\"2024-10-14T11:28:46+00:00\",\"dateModified\":\"2024-10-14T11:28:47+00:00\",\"description\":\"D'autres projets d'innovation de J\u00b7Vigas concernant l'am\u00e9lioration du bouchon de li\u00e8ge naturel pour vins. Diff\u00e9rents th\u00e8mes de R&D+i chez Vigas.\",\"breadcrumb\":{\"@id\":\"https:\/\/www.jvigas.com\/fr\/innovation-autres-thematiques\/#breadcrumb\"},\"inLanguage\":\"fr-FR\",\"potentialAction\":[{\"@type\":\"ReadAction\",\"target\":[\"https:\/\/www.jvigas.com\/fr\/innovation-autres-thematiques\/\"]}]},{\"@type\":\"BreadcrumbList\",\"@id\":\"https:\/\/www.jvigas.com\/fr\/innovation-autres-thematiques\/#breadcrumb\",\"itemListElement\":[{\"@type\":\"ListItem\",\"position\":1,\"name\":\"Home\",\"item\":\"https:\/\/www.jvigas.com\/fr\/\"},{\"@type\":\"ListItem\",\"position\":2,\"name\":\"Innovation autres th\u00e9matiques\"}]},{\"@type\":\"WebSite\",\"@id\":\"https:\/\/www.jvigas.com\/#website\",\"url\":\"https:\/\/www.jvigas.com\/\",\"name\":\"J\u00b7Vigas\",\"description\":\"Naturaleza \u00b7 Artesan\u00eda \u00b7 Ciencia - Tapones de corcho desde 1887\",\"potentialAction\":[{\"@type\":\"SearchAction\",\"target\":{\"@type\":\"EntryPoint\",\"urlTemplate\":\"https:\/\/www.jvigas.com\/?s={search_term_string}\"},\"query-input\":{\"@type\":\"PropertyValueSpecification\",\"valueRequired\":true,\"valueName\":\"search_term_string\"}}],\"inLanguage\":\"fr-FR\"}]}<\/script>\n<!-- \/ Yoast SEO plugin. -->","yoast_head_json":{"title":"Innovation autres th\u00e9matiques - J\u00b7Vigas","description":"D'autres projets d'innovation de J\u00b7Vigas concernant l'am\u00e9lioration du bouchon de li\u00e8ge naturel pour vins. Diff\u00e9rents th\u00e8mes de R&D+i chez Vigas.","robots":{"index":"index","follow":"follow","max-snippet":"max-snippet:-1","max-image-preview":"max-image-preview:large","max-video-preview":"max-video-preview:-1"},"canonical":"https:\/\/www.jvigas.com\/fr\/innovation-autres-thematiques\/","og_locale":"fr_FR","og_type":"article","og_title":"Innovation autres th\u00e9matiques - J\u00b7Vigas","og_description":"D'autres projets d'innovation de J\u00b7Vigas concernant l'am\u00e9lioration du bouchon de li\u00e8ge naturel pour vins. Diff\u00e9rents th\u00e8mes de R&D+i chez Vigas.","og_url":"https:\/\/www.jvigas.com\/fr\/innovation-autres-thematiques\/","og_site_name":"J\u00b7Vigas","article_modified_time":"2024-10-14T11:28:47+00:00","twitter_card":"summary_large_image","twitter_misc":{"Dur\u00e9e de lecture estim\u00e9e":"3 minutes"},"schema":{"@context":"https:\/\/schema.org","@graph":[{"@type":"WebPage","@id":"https:\/\/www.jvigas.com\/fr\/innovation-autres-thematiques\/","url":"https:\/\/www.jvigas.com\/fr\/innovation-autres-thematiques\/","name":"Innovation autres th\u00e9matiques - J\u00b7Vigas","isPartOf":{"@id":"https:\/\/www.jvigas.com\/#website"},"datePublished":"2024-10-14T11:28:46+00:00","dateModified":"2024-10-14T11:28:47+00:00","description":"D'autres projets d'innovation de J\u00b7Vigas concernant l'am\u00e9lioration du bouchon de li\u00e8ge naturel pour vins. Diff\u00e9rents th\u00e8mes de R&D+i chez Vigas.","breadcrumb":{"@id":"https:\/\/www.jvigas.com\/fr\/innovation-autres-thematiques\/#breadcrumb"},"inLanguage":"fr-FR","potentialAction":[{"@type":"ReadAction","target":["https:\/\/www.jvigas.com\/fr\/innovation-autres-thematiques\/"]}]},{"@type":"BreadcrumbList","@id":"https:\/\/www.jvigas.com\/fr\/innovation-autres-thematiques\/#breadcrumb","itemListElement":[{"@type":"ListItem","position":1,"name":"Home","item":"https:\/\/www.jvigas.com\/fr\/"},{"@type":"ListItem","position":2,"name":"Innovation autres th\u00e9matiques"}]},{"@type":"WebSite","@id":"https:\/\/www.jvigas.com\/#website","url":"https:\/\/www.jvigas.com\/","name":"J\u00b7Vigas","description":"Naturaleza \u00b7 Artesan\u00eda \u00b7 Ciencia - Tapones de corcho desde 1887","potentialAction":[{"@type":"SearchAction","target":{"@type":"EntryPoint","urlTemplate":"https:\/\/www.jvigas.com\/?s={search_term_string}"},"query-input":{"@type":"PropertyValueSpecification","valueRequired":true,"valueName":"search_term_string"}}],"inLanguage":"fr-FR"}]}},"_links":{"self":[{"href":"https:\/\/www.jvigas.com\/fr\/wp-json\/wp\/v2\/pages\/8041","targetHints":{"allow":["GET"]}}],"collection":[{"href":"https:\/\/www.jvigas.com\/fr\/wp-json\/wp\/v2\/pages"}],"about":[{"href":"https:\/\/www.jvigas.com\/fr\/wp-json\/wp\/v2\/types\/page"}],"author":[{"embeddable":true,"href":"https:\/\/www.jvigas.com\/fr\/wp-json\/wp\/v2\/users\/2"}],"replies":[{"embeddable":true,"href":"https:\/\/www.jvigas.com\/fr\/wp-json\/wp\/v2\/comments?post=8041"}],"version-history":[{"count":6,"href":"https:\/\/www.jvigas.com\/fr\/wp-json\/wp\/v2\/pages\/8041\/revisions"}],"predecessor-version":[{"id":8992,"href":"https:\/\/www.jvigas.com\/fr\/wp-json\/wp\/v2\/pages\/8041\/revisions\/8992"}],"wp:attachment":[{"href":"https:\/\/www.jvigas.com\/fr\/wp-json\/wp\/v2\/media?parent=8041"}],"curies":[{"name":"wp","href":"https:\/\/api.w.org\/{rel}","templated":true}]}}