{"id":8012,"date":"2024-10-14T12:14:04","date_gmt":"2024-10-14T10:14:04","guid":{"rendered":"https:\/\/www.jvigas.com\/?page_id=8012"},"modified":"2024-10-14T12:14:05","modified_gmt":"2024-10-14T10:14:05","slug":"innovation-permeabilite-a-loxygene","status":"publish","type":"page","link":"https:\/\/www.jvigas.com\/fr\/innovation-permeabilite-a-loxygene\/","title":{"rendered":"Innovation perm\u00e9abilit\u00e9 \u00e0 l&rsquo;oxyg\u00e8ne"},"content":{"rendered":"<p>[et_pb_section fb_built=\u00a0\u00bb1&Prime; _builder_version=\u00a0\u00bb4.21.0&Prime; _module_preset=\u00a0\u00bbdefault\u00a0\u00bb global_colors_info=\u00a0\u00bb{}\u00a0\u00bb][et_pb_row _builder_version=\u00a0\u00bb4.21.0&Prime; _module_preset=\u00a0\u00bbdefault\u00a0\u00bb global_colors_info=\u00a0\u00bb{}\u00a0\u00bb][et_pb_column type=\u00a0\u00bb4_4&Prime; _builder_version=\u00a0\u00bb4.21.0&Prime; _module_preset=\u00a0\u00bbdefault\u00a0\u00bb global_colors_info=\u00a0\u00bb{}\u00a0\u00bb][et_pb_text disabled_on=\u00a0\u00bbon|on|off\u00a0\u00bb _builder_version=\u00a0\u00bb4.24.2&Prime; _module_preset=\u00a0\u00bbdefault\u00a0\u00bb header_font=\u00a0\u00bb|700|||||||\u00a0\u00bb header_font_size=\u00a0\u00bb48px\u00a0\u00bb header_2_font=\u00a0\u00bb|600|||||||\u00a0\u00bb header_2_font_size=\u00a0\u00bb30px\u00a0\u00bb hover_enabled=\u00a0\u00bb0&Prime; global_colors_info=\u00a0\u00bb{}\u00a0\u00bb sticky_enabled=\u00a0\u00bb0&Prime;]<\/p>\n<h1 style=\"text-align: center;\"><strong>OTR<\/strong><\/h1>\n<h2 style=\"text-align: center;\"><span>L&rsquo;importance de la perm\u00e9abilit\u00e9 \u00e0 l&rsquo;oxyg\u00e8ne<\/span><\/h2>\n<p>&nbsp;<\/p>\n<p>[\/et_pb_text][et_pb_text disabled_on=\u00a0\u00bboff|off|on\u00a0\u00bb _builder_version=\u00a0\u00bb4.24.2&Prime; _module_preset=\u00a0\u00bbdefault\u00a0\u00bb header_font=\u00a0\u00bb|700|||||||\u00a0\u00bb header_2_font=\u00a0\u00bb|600|||||||\u00a0\u00bb header_2_font_size=\u00a0\u00bb16px\u00a0\u00bb hover_enabled=\u00a0\u00bb0&Prime; global_colors_info=\u00a0\u00bb{}\u00a0\u00bb sticky_enabled=\u00a0\u00bb0&Prime;]<\/p>\n<h1 style=\"text-align: center;\"><strong>OTR<\/strong><\/h1>\n<h2 style=\"text-align: center;\"><span>L&rsquo;importance de la perm\u00e9abilit\u00e9 \u00e0 l&rsquo;oxyg\u00e8ne<\/span><\/h2>\n<p>&nbsp;<\/p>\n<p>[\/et_pb_text][\/et_pb_column][\/et_pb_row][et_pb_row column_structure=\u00a0\u00bb3_4,1_4&Prime; disabled_on=\u00a0\u00bbon|off|off\u00a0\u00bb _builder_version=\u00a0\u00bb4.24.2&Prime; _module_preset=\u00a0\u00bbdefault\u00a0\u00bb global_colors_info=\u00a0\u00bb{}\u00a0\u00bb][et_pb_column type=\u00a0\u00bb3_4&Prime; _builder_version=\u00a0\u00bb4.24.2&Prime; _module_preset=\u00a0\u00bbdefault\u00a0\u00bb global_colors_info=\u00a0\u00bb{}\u00a0\u00bb][et_pb_text _builder_version=\u00a0\u00bb4.24.2&Prime; _module_preset=\u00a0\u00bbdefault\u00a0\u00bb text_font_size=\u00a0\u00bb16px\u00a0\u00bb global_colors_info=\u00a0\u00bb{}\u00a0\u00bb]<\/p>\n<p>L&rsquo;apport d&rsquo;oxyg\u00e8ne apr\u00e8s bouchage avec un bouchon correctement embouteill\u00e9 <strong>provient du bouchon lui-m\u00eame del propio tap\u00f3n de corcho<\/strong> et non d&rsquo;une entr\u00e9e d&rsquo;oxyg\u00e8ne externe.<\/p>\n<p>La <strong>perm\u00e9abilit\u00e9 \u00e0 l&rsquo;oxyg\u00e8ne<\/strong> des bouchons et les <strong>conditions de conservation<\/strong> du vin sont des param\u00e8tres cl\u00e9s pour assurer son bon \u00e9tat organoleptique. Ceux-ci influencent l&rsquo;\u00e9volution du vin tranquille au niveau analytique et sensoriel.<\/p>\n<p>La <strong>mise en bouteille<\/strong> (r\u00e9gularit\u00e9 et ma\u00eetrise des apports d&rsquo;oxyg\u00e8ne) a \u00e9t\u00e9 r\u00e9affirm\u00e9e comme un <strong>point critique<\/strong> d&rsquo;une importance primordiale pour obtenir l&rsquo;\u00e9volution souhait\u00e9e du vin.<\/p>\n<p>[\/et_pb_text][\/et_pb_column][et_pb_column type=\u00a0\u00bb1_4&Prime; _builder_version=\u00a0\u00bb4.24.2&Prime; _module_preset=\u00a0\u00bbdefault\u00a0\u00bb global_colors_info=\u00a0\u00bb{}\u00a0\u00bb][et_pb_image src=\u00a0\u00bbhttps:\/\/www.jvigas.com\/wp-content\/uploads\/2024\/04\/JVIGAS_MARBRE_TAPS_01-scaled-e1581501072819-3-copia-1.png\u00a0\u00bb title_text=\u00a0\u00bbJVIGAS_MARBRE_TAPS_01-scaled-e1581501072819-3 copia\u00a0\u00bb _builder_version=\u00a0\u00bb4.24.2&Prime; _module_preset=\u00a0\u00bbdefault\u00a0\u00bb global_colors_info=\u00a0\u00bb{}\u00a0\u00bb][\/et_pb_image][\/et_pb_column][\/et_pb_row][et_pb_row column_structure=\u00a0\u00bb1_4,3_4&Prime; disabled_on=\u00a0\u00bboff|on|on\u00a0\u00bb _builder_version=\u00a0\u00bb4.24.2&Prime; _module_preset=\u00a0\u00bbdefault\u00a0\u00bb global_colors_info=\u00a0\u00bb{}\u00a0\u00bb][et_pb_column type=\u00a0\u00bb1_4&Prime; _builder_version=\u00a0\u00bb4.24.2&Prime; _module_preset=\u00a0\u00bbdefault\u00a0\u00bb global_colors_info=\u00a0\u00bb{}\u00a0\u00bb][et_pb_image src=\u00a0\u00bbhttps:\/\/www.jvigas.com\/wp-content\/uploads\/2024\/04\/JVIGAS_MARBRE_TAPS_01-scaled-e1581501072819-3-copia-1.png\u00a0\u00bb title_text=\u00a0\u00bbJVIGAS_MARBRE_TAPS_01-scaled-e1581501072819-3 copia\u00a0\u00bb _builder_version=\u00a0\u00bb4.24.2&Prime; _module_preset=\u00a0\u00bbdefault\u00a0\u00bb global_colors_info=\u00a0\u00bb{}\u00a0\u00bb][\/et_pb_image][\/et_pb_column][et_pb_column type=\u00a0\u00bb3_4&Prime; _builder_version=\u00a0\u00bb4.24.2&Prime; _module_preset=\u00a0\u00bbdefault\u00a0\u00bb global_colors_info=\u00a0\u00bb{}\u00a0\u00bb][et_pb_text _builder_version=\u00a0\u00bb4.24.2&Prime; _module_preset=\u00a0\u00bbdefault\u00a0\u00bb text_font_size=\u00a0\u00bb16px\u00a0\u00bb global_colors_info=\u00a0\u00bb{}\u00a0\u00bb]<\/p>\n<p>L&rsquo;apport d&rsquo;oxyg\u00e8ne apr\u00e8s bouchage avec un bouchon correctement embouteill\u00e9 <strong>provient du bouchon lui-m\u00eame del propio tap\u00f3n de corcho<\/strong> et non d&rsquo;une entr\u00e9e d&rsquo;oxyg\u00e8ne externe.<\/p>\n<p>La <strong>perm\u00e9abilit\u00e9 \u00e0 l&rsquo;oxyg\u00e8ne<\/strong> des bouchons et les <strong>conditions de conservation<\/strong> du vin sont des param\u00e8tres cl\u00e9s pour assurer son bon \u00e9tat organoleptique. Ceux-ci influencent l&rsquo;\u00e9volution du vin tranquille au niveau analytique et sensoriel.<\/p>\n<p>La <strong>mise en bouteille<\/strong> (r\u00e9gularit\u00e9 et ma\u00eetrise des apports d&rsquo;oxyg\u00e8ne) a \u00e9t\u00e9 r\u00e9affirm\u00e9e comme un <strong>point critique<\/strong> d&rsquo;une importance primordiale pour obtenir l&rsquo;\u00e9volution souhait\u00e9e du vin.<\/p>\n<p>[\/et_pb_text][\/et_pb_column][\/et_pb_row][et_pb_row column_structure=\u00a0\u00bb1_3,1_3,1_3&Prime; _builder_version=\u00a0\u00bb4.24.2&Prime; _module_preset=\u00a0\u00bbdefault\u00a0\u00bb global_colors_info=\u00a0\u00bb{}\u00a0\u00bb][et_pb_column type=\u00a0\u00bb1_3&Prime; _builder_version=\u00a0\u00bb4.24.2&Prime; _module_preset=\u00a0\u00bbdefault\u00a0\u00bb global_colors_info=\u00a0\u00bb{}\u00a0\u00bb][et_pb_text _builder_version=\u00a0\u00bb4.24.2&Prime; _module_preset=\u00a0\u00bbdefault\u00a0\u00bb text_font_size=\u00a0\u00bb16px\u00a0\u00bb global_colors_info=\u00a0\u00bb{}\u00a0\u00bb]<\/p>\n<p>La <strong>position de la bouteille<\/strong> apr\u00e8s bouchage est primordiale et les r\u00e9sultats obtenus changent selon qu&rsquo;elle soit stock\u00e9e verticalement ou horizontalement.<\/p>\n<p>[\/et_pb_text][\/et_pb_column][et_pb_column type=\u00a0\u00bb1_3&Prime; _builder_version=\u00a0\u00bb4.24.2&Prime; _module_preset=\u00a0\u00bbdefault\u00a0\u00bb global_colors_info=\u00a0\u00bb{}\u00a0\u00bb][et_pb_text _builder_version=\u00a0\u00bb4.24.2&Prime; _module_preset=\u00a0\u00bbdefault\u00a0\u00bb text_font_size=\u00a0\u00bb16px\u00a0\u00bb global_colors_info=\u00a0\u00bb{}\u00a0\u00bb]<\/p>\n<p>Le temps de r\u00e9cup\u00e9ration du bouchon imm\u00e9diatement apr\u00e8s bouchage, de <strong>une \u00e0 cinq minutes<\/strong>, doit \u00eatre respect\u00e9 et les bouteilles ne doivent \u00eatre d\u00e9plac\u00e9es ou stock\u00e9es en position horizontale qu&rsquo;apr\u00e8s ce temps.<\/p>\n<p>[\/et_pb_text][\/et_pb_column][et_pb_column type=\u00a0\u00bb1_3&Prime; _builder_version=\u00a0\u00bb4.24.2&Prime; _module_preset=\u00a0\u00bbdefault\u00a0\u00bb global_colors_info=\u00a0\u00bb{}\u00a0\u00bb][et_pb_text _builder_version=\u00a0\u00bb4.24.2&Prime; _module_preset=\u00a0\u00bbdefault\u00a0\u00bb text_font_size=\u00a0\u00bb16px\u00a0\u00bb global_colors_info=\u00a0\u00bb{}\u00a0\u00bb]<\/p>\n<p>L&rsquo;<strong>oxoluminescence<\/strong> a \u00e9t\u00e9 valid\u00e9e comme m\u00e9thode de mesure de la perm\u00e9abilit\u00e9 \u00e0 l&rsquo;oxyg\u00e8ne des bouchons en li\u00e8ge, les conclusions tir\u00e9es au niveau du laboratoire pouvant \u00eatre extrapol\u00e9es au vin.<\/p>\n<p>[\/et_pb_text][\/et_pb_column][\/et_pb_row][\/et_pb_section][et_pb_section fb_built=\u00a0\u00bb1&Prime; disabled_on=\u00a0\u00bbon|off|off\u00a0\u00bb _builder_version=\u00a0\u00bb4.24.2&Prime; background_image=\u00a0\u00bbhttps:\/\/www.jvigas.com\/wp-content\/uploads\/2023\/09\/sven-wilhelm-2cRXSWyMHA8-unsplash-scaled.jpg\u00a0\u00bb min_height=\u00a0\u00bb400px\u00a0\u00bb custom_margin=\u00a0\u00bb||-1px|||\u00a0\u00bb custom_padding=\u00a0\u00bb0px||0px|||\u00a0\u00bb locked=\u00a0\u00bboff\u00a0\u00bb global_colors_info=\u00a0\u00bb{}\u00a0\u00bb][et_pb_row _builder_version=\u00a0\u00bb4.20.2&Prime; _module_preset=\u00a0\u00bbdefault\u00a0\u00bb custom_padding=\u00a0\u00bb173px|||||\u00a0\u00bb global_colors_info=\u00a0\u00bb{}\u00a0\u00bb][et_pb_column type=\u00a0\u00bb4_4&Prime; _builder_version=\u00a0\u00bb4.20.2&Prime; _module_preset=\u00a0\u00bbdefault\u00a0\u00bb global_colors_info=\u00a0\u00bb{}\u00a0\u00bb][et_pb_text _builder_version=\u00a0\u00bb4.24.2&Prime; _module_preset=\u00a0\u00bbdefault\u00a0\u00bb header_font=\u00a0\u00bb|||on|||||\u00a0\u00bb header_text_align=\u00a0\u00bbcenter\u00a0\u00bb header_text_color=\u00a0\u00bb#FFFFFF\u00a0\u00bb header_font_size=\u00a0\u00bb48px\u00a0\u00bb header_line_height=\u00a0\u00bb1.4em\u00a0\u00bb hover_enabled=\u00a0\u00bb0&Prime; global_colors_info=\u00a0\u00bb{}\u00a0\u00bb sticky_enabled=\u00a0\u00bb0&Prime;]<\/p>\n<h1 style=\"text-align: center;\"><span>DERNIERS PROJETS<\/span><\/h1>\n<p>[\/et_pb_text][\/et_pb_column][\/et_pb_row][\/et_pb_section][et_pb_section fb_built=\u00a0\u00bb1&Prime; disabled_on=\u00a0\u00bboff|on|on\u00a0\u00bb _builder_version=\u00a0\u00bb4.24.2&Prime; background_image=\u00a0\u00bbhttps:\/\/www.jvigas.com\/wp-content\/uploads\/2023\/09\/sven-wilhelm-2cRXSWyMHA8-unsplash-scaled.jpg\u00a0\u00bb min_height=\u00a0\u00bb400px\u00a0\u00bb custom_margin=\u00a0\u00bb||-1px|||\u00a0\u00bb custom_padding=\u00a0\u00bb0px||0px|||\u00a0\u00bb locked=\u00a0\u00bboff\u00a0\u00bb global_colors_info=\u00a0\u00bb{}\u00a0\u00bb][et_pb_row _builder_version=\u00a0\u00bb4.20.2&Prime; _module_preset=\u00a0\u00bbdefault\u00a0\u00bb custom_padding=\u00a0\u00bb173px|||||\u00a0\u00bb global_colors_info=\u00a0\u00bb{}\u00a0\u00bb][et_pb_column type=\u00a0\u00bb4_4&Prime; _builder_version=\u00a0\u00bb4.20.2&Prime; _module_preset=\u00a0\u00bbdefault\u00a0\u00bb global_colors_info=\u00a0\u00bb{}\u00a0\u00bb][et_pb_text _builder_version=\u00a0\u00bb4.24.2&Prime; _module_preset=\u00a0\u00bbdefault\u00a0\u00bb header_font=\u00a0\u00bb|||on|||||\u00a0\u00bb header_text_align=\u00a0\u00bbcenter\u00a0\u00bb header_text_color=\u00a0\u00bb#FFFFFF\u00a0\u00bb header_font_size=\u00a0\u00bb40px\u00a0\u00bb header_line_height=\u00a0\u00bb1.4em\u00a0\u00bb hover_enabled=\u00a0\u00bb0&Prime; global_colors_info=\u00a0\u00bb{}\u00a0\u00bb sticky_enabled=\u00a0\u00bb0&Prime;]<\/p>\n<h1 style=\"text-align: center;\"><span>DERNIERS PROJETS<\/span><\/h1>\n<p>[\/et_pb_text][\/et_pb_column][\/et_pb_row][\/et_pb_section][et_pb_section fb_built=\u00a0\u00bb1&Prime; _builder_version=\u00a0\u00bb4.24.2&Prime; _module_preset=\u00a0\u00bbdefault\u00a0\u00bb custom_padding=\u00a0\u00bb1px|||||\u00a0\u00bb global_colors_info=\u00a0\u00bb{}\u00a0\u00bb][et_pb_row column_structure=\u00a0\u00bb1_4,1_4,1_4,1_4&Prime; _builder_version=\u00a0\u00bb4.24.2&Prime; _module_preset=\u00a0\u00bbdefault\u00a0\u00bb custom_padding=\u00a0\u00bb55px|||||\u00a0\u00bb global_colors_info=\u00a0\u00bb{}\u00a0\u00bb][et_pb_column type=\u00a0\u00bb1_4&Prime; _builder_version=\u00a0\u00bb4.24.2&Prime; _module_preset=\u00a0\u00bbdefault\u00a0\u00bb global_colors_info=\u00a0\u00bb{}\u00a0\u00bb][et_pb_text _builder_version=\u00a0\u00bb4.24.2&Prime; _module_preset=\u00a0\u00bbdefault\u00a0\u00bb text_font_size=\u00a0\u00bb16px\u00a0\u00bb header_4_font=\u00a0\u00bb|||||on|||\u00a0\u00bb header_4_font_size=\u00a0\u00bb22px\u00a0\u00bb hover_enabled=\u00a0\u00bb0&Prime; global_colors_info=\u00a0\u00bb{}\u00a0\u00bb sticky_enabled=\u00a0\u00bb0&Prime;]<\/p>\n<h4 style=\"text-align: center;\"><span>\u00c9valuation otr dans diff\u00e9rents bouchons<\/span><\/h4>\n<p><span><\/span><\/p>\n<p><span>Comprendre les principes de base de la perm\u00e9abilit\u00e9.<br \/><\/span><br \/><span>Standardiser une m\u00e9thode interne fiable pour mesurer l&rsquo;OTR.<br \/><\/span><br \/><span>Comprendre le comportement de diff\u00e9rents bouchons.<\/span><\/p>\n<p>[\/et_pb_text][\/et_pb_column][et_pb_column type=\u00a0\u00bb1_4&Prime; _builder_version=\u00a0\u00bb4.24.2&Prime; _module_preset=\u00a0\u00bbdefault\u00a0\u00bb global_colors_info=\u00a0\u00bb{}\u00a0\u00bb][et_pb_text _builder_version=\u00a0\u00bb4.24.2&Prime; _module_preset=\u00a0\u00bbdefault\u00a0\u00bb text_font_size=\u00a0\u00bb16px\u00a0\u00bb header_4_font=\u00a0\u00bb|||||on|||\u00a0\u00bb header_4_font_size=\u00a0\u00bb22px\u00a0\u00bb hover_enabled=\u00a0\u00bb0&Prime; global_colors_info=\u00a0\u00bb{}\u00a0\u00bb sticky_enabled=\u00a0\u00bb0&Prime;]<\/p>\n<h4 style=\"text-align: center;\"><span>\u00c9volution et tra\u00e7abilit\u00e9 avec technologie qr\/nfc<\/span><\/h4>\n<p><span><\/span><\/p>\n<p><span>D\u00e9finir une m\u00e9thode de mesure de la perm\u00e9abilit\u00e9.<\/p>\n<p>\u00c9valuer ce param\u00e8tre dans diff\u00e9rentes conditions de production des bouchons de li\u00e8ge.<\/span><span><\/span><\/p>\n<p>[\/et_pb_text][\/et_pb_column][et_pb_column type=\u00a0\u00bb1_4&Prime; _builder_version=\u00a0\u00bb4.24.2&Prime; _module_preset=\u00a0\u00bbdefault\u00a0\u00bb global_colors_info=\u00a0\u00bb{}\u00a0\u00bb][et_pb_text _builder_version=\u00a0\u00bb4.24.2&Prime; _module_preset=\u00a0\u00bbdefault\u00a0\u00bb text_font_size=\u00a0\u00bb16px\u00a0\u00bb header_4_font=\u00a0\u00bb|||||on|||\u00a0\u00bb header_4_font_size=\u00a0\u00bb22px\u00a0\u00bb global_colors_info=\u00a0\u00bb{}\u00a0\u00bb]<\/p>\n<h4 style=\"text-align: center;\"><span>D\u00e9termination de l&rsquo;\u00e9volution<\/span> otr (i)<\/h4>\n<p><span><\/span><\/p>\n<p><span>Identifier les param\u00e8tres du processus de production des bouchons qui influencent la perm\u00e9abilit\u00e9 \u00e0 l&rsquo;oxyg\u00e8ne (mg O2).<\/span><\/p>\n<p>\u00c9tudier les effets sur la matrice du vin.<\/p>\n<p>[\/et_pb_text][\/et_pb_column][et_pb_column type=\u00a0\u00bb1_4&Prime; _builder_version=\u00a0\u00bb4.24.2&Prime; _module_preset=\u00a0\u00bbdefault\u00a0\u00bb global_colors_info=\u00a0\u00bb{}\u00a0\u00bb][et_pb_text _builder_version=\u00a0\u00bb4.24.2&Prime; _module_preset=\u00a0\u00bbdefault\u00a0\u00bb text_font_size=\u00a0\u00bb16px\u00a0\u00bb header_4_font=\u00a0\u00bb|||||on|||\u00a0\u00bb header_4_font_size=\u00a0\u00bb22px\u00a0\u00bb hover_enabled=\u00a0\u00bb0&Prime; global_colors_info=\u00a0\u00bb{}\u00a0\u00bb sticky_enabled=\u00a0\u00bb0&Prime;]<\/p>\n<h4 style=\"text-align: center;\"><span>D\u00e9termination de l&rsquo;\u00e9volution<\/span> otr (ii)<span><\/span><\/h4>\n<p><span><\/span><\/p>\n<p><span>Approfondir l&rsquo;\u00e9tude des facteurs significatifs \u00e0 partir des projets pr\u00e9c\u00e9dents.<\/span><\/p>\n<p>[\/et_pb_text][\/et_pb_column][\/et_pb_row][\/et_pb_section]<\/p>\n","protected":false},"excerpt":{"rendered":"<p>OTR L&rsquo;importance de la perm\u00e9abilit\u00e9 \u00e0 l&rsquo;oxyg\u00e8ne &nbsp;OTR L&rsquo;importance de la perm\u00e9abilit\u00e9 \u00e0 l&rsquo;oxyg\u00e8ne &nbsp;L&rsquo;apport d&rsquo;oxyg\u00e8ne apr\u00e8s bouchage avec un bouchon correctement embouteill\u00e9 provient du bouchon lui-m\u00eame del propio tap\u00f3n de corcho et non d&rsquo;une entr\u00e9e d&rsquo;oxyg\u00e8ne externe. La perm\u00e9abilit\u00e9 \u00e0 l&rsquo;oxyg\u00e8ne des bouchons et les conditions de conservation du vin sont des param\u00e8tres cl\u00e9s [&hellip;]<\/p>\n","protected":false},"author":2,"featured_media":0,"parent":0,"menu_order":0,"comment_status":"closed","ping_status":"closed","template":"","meta":{"_et_pb_use_builder":"on","_et_pb_old_content":"","_et_gb_content_width":"","footnotes":""},"class_list":["post-8012","page","type-page","status-publish","hentry"],"yoast_head":"<!-- This site is optimized with the Yoast SEO plugin v26.3 - https:\/\/yoast.com\/wordpress\/plugins\/seo\/ -->\n<title>Innovation perm\u00e9abilit\u00e9 \u00e0 l&#039;oxyg\u00e8ne - J\u00b7Vigas<\/title>\n<meta name=\"description\" content=\"Transfert d&#039;oxyg\u00e8ne. Projets sur l&#039;OTR de JVigas. Le transfert d&#039;oxyg\u00e8ne, cl\u00e9 dans l&#039;\u00e9volution du vin.\" \/>\n<meta name=\"robots\" content=\"index, follow, max-snippet:-1, max-image-preview:large, max-video-preview:-1\" \/>\n<link rel=\"canonical\" href=\"https:\/\/www.jvigas.com\/fr\/innovation-permeabilite-a-loxygene\/\" \/>\n<meta property=\"og:locale\" content=\"fr_FR\" \/>\n<meta property=\"og:type\" content=\"article\" \/>\n<meta property=\"og:title\" content=\"Innovation perm\u00e9abilit\u00e9 \u00e0 l&#039;oxyg\u00e8ne - J\u00b7Vigas\" \/>\n<meta property=\"og:description\" content=\"Transfert d&#039;oxyg\u00e8ne. Projets sur l&#039;OTR de JVigas. Le transfert d&#039;oxyg\u00e8ne, cl\u00e9 dans l&#039;\u00e9volution du vin.\" \/>\n<meta property=\"og:url\" content=\"https:\/\/www.jvigas.com\/fr\/innovation-permeabilite-a-loxygene\/\" \/>\n<meta property=\"og:site_name\" content=\"J\u00b7Vigas\" \/>\n<meta property=\"article:modified_time\" content=\"2024-10-14T10:14:05+00:00\" \/>\n<meta name=\"twitter:card\" content=\"summary_large_image\" \/>\n<meta name=\"twitter:label1\" content=\"Dur\u00e9e de lecture estim\u00e9e\" \/>\n\t<meta name=\"twitter:data1\" content=\"3 minutes\" \/>\n<script type=\"application\/ld+json\" class=\"yoast-schema-graph\">{\"@context\":\"https:\/\/schema.org\",\"@graph\":[{\"@type\":\"WebPage\",\"@id\":\"https:\/\/www.jvigas.com\/fr\/innovation-permeabilite-a-loxygene\/\",\"url\":\"https:\/\/www.jvigas.com\/fr\/innovation-permeabilite-a-loxygene\/\",\"name\":\"Innovation perm\u00e9abilit\u00e9 \u00e0 l'oxyg\u00e8ne - J\u00b7Vigas\",\"isPartOf\":{\"@id\":\"https:\/\/www.jvigas.com\/#website\"},\"datePublished\":\"2024-10-14T10:14:04+00:00\",\"dateModified\":\"2024-10-14T10:14:05+00:00\",\"description\":\"Transfert d'oxyg\u00e8ne. Projets sur l'OTR de JVigas. Le transfert d'oxyg\u00e8ne, cl\u00e9 dans l'\u00e9volution du vin.\",\"breadcrumb\":{\"@id\":\"https:\/\/www.jvigas.com\/fr\/innovation-permeabilite-a-loxygene\/#breadcrumb\"},\"inLanguage\":\"fr-FR\",\"potentialAction\":[{\"@type\":\"ReadAction\",\"target\":[\"https:\/\/www.jvigas.com\/fr\/innovation-permeabilite-a-loxygene\/\"]}]},{\"@type\":\"BreadcrumbList\",\"@id\":\"https:\/\/www.jvigas.com\/fr\/innovation-permeabilite-a-loxygene\/#breadcrumb\",\"itemListElement\":[{\"@type\":\"ListItem\",\"position\":1,\"name\":\"Home\",\"item\":\"https:\/\/www.jvigas.com\/fr\/\"},{\"@type\":\"ListItem\",\"position\":2,\"name\":\"Innovation perm\u00e9abilit\u00e9 \u00e0 l&#8217;oxyg\u00e8ne\"}]},{\"@type\":\"WebSite\",\"@id\":\"https:\/\/www.jvigas.com\/#website\",\"url\":\"https:\/\/www.jvigas.com\/\",\"name\":\"J\u00b7Vigas\",\"description\":\"Naturaleza \u00b7 Artesan\u00eda \u00b7 Ciencia - Tapones de corcho desde 1887\",\"potentialAction\":[{\"@type\":\"SearchAction\",\"target\":{\"@type\":\"EntryPoint\",\"urlTemplate\":\"https:\/\/www.jvigas.com\/?s={search_term_string}\"},\"query-input\":{\"@type\":\"PropertyValueSpecification\",\"valueRequired\":true,\"valueName\":\"search_term_string\"}}],\"inLanguage\":\"fr-FR\"}]}<\/script>\n<!-- \/ Yoast SEO plugin. -->","yoast_head_json":{"title":"Innovation perm\u00e9abilit\u00e9 \u00e0 l'oxyg\u00e8ne - J\u00b7Vigas","description":"Transfert d'oxyg\u00e8ne. Projets sur l'OTR de JVigas. Le transfert d'oxyg\u00e8ne, cl\u00e9 dans l'\u00e9volution du vin.","robots":{"index":"index","follow":"follow","max-snippet":"max-snippet:-1","max-image-preview":"max-image-preview:large","max-video-preview":"max-video-preview:-1"},"canonical":"https:\/\/www.jvigas.com\/fr\/innovation-permeabilite-a-loxygene\/","og_locale":"fr_FR","og_type":"article","og_title":"Innovation perm\u00e9abilit\u00e9 \u00e0 l'oxyg\u00e8ne - J\u00b7Vigas","og_description":"Transfert d'oxyg\u00e8ne. Projets sur l'OTR de JVigas. Le transfert d'oxyg\u00e8ne, cl\u00e9 dans l'\u00e9volution du vin.","og_url":"https:\/\/www.jvigas.com\/fr\/innovation-permeabilite-a-loxygene\/","og_site_name":"J\u00b7Vigas","article_modified_time":"2024-10-14T10:14:05+00:00","twitter_card":"summary_large_image","twitter_misc":{"Dur\u00e9e de lecture estim\u00e9e":"3 minutes"},"schema":{"@context":"https:\/\/schema.org","@graph":[{"@type":"WebPage","@id":"https:\/\/www.jvigas.com\/fr\/innovation-permeabilite-a-loxygene\/","url":"https:\/\/www.jvigas.com\/fr\/innovation-permeabilite-a-loxygene\/","name":"Innovation perm\u00e9abilit\u00e9 \u00e0 l'oxyg\u00e8ne - J\u00b7Vigas","isPartOf":{"@id":"https:\/\/www.jvigas.com\/#website"},"datePublished":"2024-10-14T10:14:04+00:00","dateModified":"2024-10-14T10:14:05+00:00","description":"Transfert d'oxyg\u00e8ne. Projets sur l'OTR de JVigas. Le transfert d'oxyg\u00e8ne, cl\u00e9 dans l'\u00e9volution du vin.","breadcrumb":{"@id":"https:\/\/www.jvigas.com\/fr\/innovation-permeabilite-a-loxygene\/#breadcrumb"},"inLanguage":"fr-FR","potentialAction":[{"@type":"ReadAction","target":["https:\/\/www.jvigas.com\/fr\/innovation-permeabilite-a-loxygene\/"]}]},{"@type":"BreadcrumbList","@id":"https:\/\/www.jvigas.com\/fr\/innovation-permeabilite-a-loxygene\/#breadcrumb","itemListElement":[{"@type":"ListItem","position":1,"name":"Home","item":"https:\/\/www.jvigas.com\/fr\/"},{"@type":"ListItem","position":2,"name":"Innovation perm\u00e9abilit\u00e9 \u00e0 l&#8217;oxyg\u00e8ne"}]},{"@type":"WebSite","@id":"https:\/\/www.jvigas.com\/#website","url":"https:\/\/www.jvigas.com\/","name":"J\u00b7Vigas","description":"Naturaleza \u00b7 Artesan\u00eda \u00b7 Ciencia - Tapones de corcho desde 1887","potentialAction":[{"@type":"SearchAction","target":{"@type":"EntryPoint","urlTemplate":"https:\/\/www.jvigas.com\/?s={search_term_string}"},"query-input":{"@type":"PropertyValueSpecification","valueRequired":true,"valueName":"search_term_string"}}],"inLanguage":"fr-FR"}]}},"_links":{"self":[{"href":"https:\/\/www.jvigas.com\/fr\/wp-json\/wp\/v2\/pages\/8012","targetHints":{"allow":["GET"]}}],"collection":[{"href":"https:\/\/www.jvigas.com\/fr\/wp-json\/wp\/v2\/pages"}],"about":[{"href":"https:\/\/www.jvigas.com\/fr\/wp-json\/wp\/v2\/types\/page"}],"author":[{"embeddable":true,"href":"https:\/\/www.jvigas.com\/fr\/wp-json\/wp\/v2\/users\/2"}],"replies":[{"embeddable":true,"href":"https:\/\/www.jvigas.com\/fr\/wp-json\/wp\/v2\/comments?post=8012"}],"version-history":[{"count":6,"href":"https:\/\/www.jvigas.com\/fr\/wp-json\/wp\/v2\/pages\/8012\/revisions"}],"predecessor-version":[{"id":8968,"href":"https:\/\/www.jvigas.com\/fr\/wp-json\/wp\/v2\/pages\/8012\/revisions\/8968"}],"wp:attachment":[{"href":"https:\/\/www.jvigas.com\/fr\/wp-json\/wp\/v2\/media?parent=8012"}],"curies":[{"name":"wp","href":"https:\/\/api.w.org\/{rel}","templated":true}]}}