{"id":3243,"date":"2021-01-26T14:24:10","date_gmt":"2021-01-26T12:24:10","guid":{"rendered":"https:\/\/www.jvigas.com\/credits\/"},"modified":"2021-03-29T11:35:17","modified_gmt":"2021-03-29T09:35:17","slug":"credits","status":"publish","type":"page","link":"https:\/\/www.jvigas.com\/fr\/credits\/","title":{"rendered":"Cr\u00e9dits"},"content":{"rendered":"<p>[et_pb_section fb_built=\u00a0\u00bb1&Prime; _builder_version=\u00a0\u00bb4.0.5&Prime; background_color=\u00a0\u00bb#FFFFFF\u00a0\u00bb][et_pb_row _builder_version=\u00a0\u00bb4.6.1&Prime;][et_pb_column type=\u00a0\u00bb4_4&Prime; _builder_version=\u00a0\u00bb4.0.5&Prime;][et_pb_text disabled_on=\u00a0\u00bbon|off|off\u00a0\u00bb _builder_version=\u00a0\u00bb4.6.1&Prime; text_text_color=\u00a0\u00bb#000000&Prime; text_font_size=\u00a0\u00bb16px\u00a0\u00bb header_font=\u00a0\u00bb|||||on|||\u00a0\u00bb header_text_color=\u00a0\u00bb#1d515d\u00a0\u00bb header_font_size=\u00a0\u00bb50px\u00a0\u00bb]<\/p>\n<h1 style=\"text-align: center;\">Cr\u00e9dits<\/h1>\n<p class=\"p1\"><span class=\"s1\"><\/span><\/p>\n<p>[\/et_pb_text][et_pb_text disabled_on=\u00a0\u00bboff|on|on\u00a0\u00bb _builder_version=\u00a0\u00bb4.6.1&Prime; text_text_color=\u00a0\u00bb#000000&Prime; text_font_size=\u00a0\u00bb16px\u00a0\u00bb header_font=\u00a0\u00bb|||||on|||\u00a0\u00bb header_text_color=\u00a0\u00bb#1d515d\u00a0\u00bb header_font_size=\u00a0\u00bb36px\u00a0\u00bb]<\/p>\n<h1 style=\"text-align: center;\">Cr\u00e9dits<\/h1>\n<p>[\/et_pb_text][et_pb_text _builder_version=\u00a0\u00bb4.6.1&Prime; text_text_color=\u00a0\u00bb#000000&Prime; text_font_size=\u00a0\u00bb16px\u00a0\u00bb header_font=\u00a0\u00bb|||||on|||\u00a0\u00bb header_text_color=\u00a0\u00bb#1d515d\u00a0\u00bb header_font_size=\u00a0\u00bb50px\u00a0\u00bb hover_enabled=\u00a0\u00bb0&Prime; sticky_enabled=\u00a0\u00bb0&Prime;]<\/p>\n<h1 style=\"text-align: center;\"><\/h1>\n<p><span>\u2022 Web design et Contenu : <a href=\"https:\/\/cult.cat\/\">CULT.-<\/a><\/span><span><a href=\"https:\/\/cult.cat\/\">\u2800<\/a>\u2800\u2800\u2800\u2800<\/span><br \/> <span>\u2022 Direction Artistique : <\/span><a class=\"notranslate\" href=\"https:\/\/www.instagram.com\/gabriellevigas\/\" tabindex=\"0\">Gabrielle Vigas<\/a><span><\/span><br \/> <span>\u2022 Support informatique et technique : <a href=\"https:\/\/www.tecnopro.cat\/\" title=\"tecnopro serveis informatics girona jou tarrat\">Jou Tarrat, de TecnoPro Serveis Inform\u00e0tics Girona<\/a><\/span><a class=\"notranslate\" href=\"https:\/\/www.instagram.com\/joutm\/\" tabindex=\"0\"><\/a><br \/> <span>\u2022 Photographies de <a href=\"http:\/\/carolinefaiola.com\/\">Caroline Faiola et\u00a0<\/a><\/span><span><a href=\"https:\/\/www.jordimasfotograf.com\/\">Jordi Mas <\/a><\/span><\/p>\n<p>Les textes et les photographies sont les propri\u00e9t\u00e9s de J\u00b7VIGAS SA.<\/p>\n<p>[\/et_pb_text][\/et_pb_column][\/et_pb_row][\/et_pb_section][et_pb_section fb_built=\u00a0\u00bb1&Prime; _builder_version=\u00a0\u00bb4.0.5&Prime; background_image=\u00a0\u00bbhttp:\/\/web2020.jvigas.com\/wp-content\/uploads\/2019\/12\/JVIGAS_INSTA_013-e1576240596121.jpg\u00a0\u00bb][et_pb_row column_structure=\u00a0\u00bb1_2,1_2&Prime; _builder_version=\u00a0\u00bb4.0.5&Prime; background_color=\u00a0\u00bbrgba(0,0,0,0)\u00a0\u00bb][et_pb_column type=\u00a0\u00bb1_2&Prime; _builder_version=\u00a0\u00bb4.0.5&Prime;][et_pb_text _builder_version=\u00a0\u00bb4.0.5&Prime; text_text_color=\u00a0\u00bb#FFFFFF\u00a0\u00bb text_font_size=\u00a0\u00bb34px\u00a0\u00bb text_line_height=\u00a0\u00bb1.1em\u00a0\u00bb border_radii=\u00a0\u00bbon|3px|3px|3px|3px\u00a0\u00bb border_color_all=\u00a0\u00bb#000000&Prime;]<\/p>\n<p style=\"text-align: left;\"><strong>Le soin dans la s\u00e9lection de la mati\u00e8re premi\u00e8re est la condition sine qua non \u00e0 un produit de la plus haute qualit\u00e9.<\/strong><\/p>\n<p>[\/et_pb_text][\/et_pb_column][et_pb_column type=\u00a0\u00bb1_2&Prime; _builder_version=\u00a0\u00bb4.0.5&Prime;][\/et_pb_column][\/et_pb_row][\/et_pb_section]<\/p>\n","protected":false},"excerpt":{"rendered":"<p>Cr\u00e9dits Cr\u00e9dits \u2022 Web design et Contenu : CULT.-\u2800\u2800\u2800\u2800\u2800 \u2022 Direction Artistique : Gabrielle Vigas \u2022 Support informatique et technique : Jou Tarrat, de TecnoPro Serveis Inform\u00e0tics Girona \u2022 Photographies de Caroline Faiola et\u00a0Jordi Mas Les textes et les photographies sont les propri\u00e9t\u00e9s de J\u00b7VIGAS SA. Le soin dans la s\u00e9lection de la mati\u00e8re premi\u00e8re [&hellip;]<\/p>\n","protected":false},"author":2,"featured_media":0,"parent":0,"menu_order":0,"comment_status":"closed","ping_status":"closed","template":"","meta":{"_et_pb_use_builder":"on","_et_pb_old_content":"","_et_gb_content_width":"","footnotes":""},"class_list":["post-3243","page","type-page","status-publish","hentry"],"yoast_head":"<!-- This site is optimized with the Yoast SEO plugin v26.3 - https:\/\/yoast.com\/wordpress\/plugins\/seo\/ -->\n<title>Cr\u00e9dits - J\u00b7Vigas<\/title>\n<meta name=\"robots\" content=\"index, follow, max-snippet:-1, max-image-preview:large, max-video-preview:-1\" \/>\n<link rel=\"canonical\" href=\"https:\/\/www.jvigas.com\/fr\/credits\/\" \/>\n<meta property=\"og:locale\" content=\"fr_FR\" \/>\n<meta property=\"og:type\" content=\"article\" \/>\n<meta property=\"og:title\" content=\"Cr\u00e9dits - J\u00b7Vigas\" \/>\n<meta property=\"og:description\" content=\"Cr\u00e9dits Cr\u00e9dits \u2022 Web design et Contenu : CULT.-\u2800\u2800\u2800\u2800\u2800 \u2022 Direction Artistique : Gabrielle Vigas \u2022 Support informatique et technique : Jou Tarrat, de TecnoPro Serveis Inform\u00e0tics Girona \u2022 Photographies de Caroline Faiola et\u00a0Jordi Mas Les textes et les photographies sont les propri\u00e9t\u00e9s de J\u00b7VIGAS SA. Le soin dans la s\u00e9lection de la mati\u00e8re premi\u00e8re [&hellip;]\" \/>\n<meta property=\"og:url\" content=\"https:\/\/www.jvigas.com\/fr\/credits\/\" \/>\n<meta property=\"og:site_name\" content=\"J\u00b7Vigas\" \/>\n<meta property=\"article:modified_time\" content=\"2021-03-29T09:35:17+00:00\" \/>\n<meta name=\"twitter:card\" content=\"summary_large_image\" \/>\n<meta name=\"twitter:label1\" content=\"Dur\u00e9e de lecture estim\u00e9e\" \/>\n\t<meta name=\"twitter:data1\" content=\"1 minute\" \/>\n<script type=\"application\/ld+json\" class=\"yoast-schema-graph\">{\"@context\":\"https:\/\/schema.org\",\"@graph\":[{\"@type\":\"WebPage\",\"@id\":\"https:\/\/www.jvigas.com\/fr\/credits\/\",\"url\":\"https:\/\/www.jvigas.com\/fr\/credits\/\",\"name\":\"Cr\u00e9dits - J\u00b7Vigas\",\"isPartOf\":{\"@id\":\"https:\/\/www.jvigas.com\/#website\"},\"datePublished\":\"2021-01-26T12:24:10+00:00\",\"dateModified\":\"2021-03-29T09:35:17+00:00\",\"breadcrumb\":{\"@id\":\"https:\/\/www.jvigas.com\/fr\/credits\/#breadcrumb\"},\"inLanguage\":\"fr-FR\",\"potentialAction\":[{\"@type\":\"ReadAction\",\"target\":[\"https:\/\/www.jvigas.com\/fr\/credits\/\"]}]},{\"@type\":\"BreadcrumbList\",\"@id\":\"https:\/\/www.jvigas.com\/fr\/credits\/#breadcrumb\",\"itemListElement\":[{\"@type\":\"ListItem\",\"position\":1,\"name\":\"Home\",\"item\":\"https:\/\/www.jvigas.com\/fr\/\"},{\"@type\":\"ListItem\",\"position\":2,\"name\":\"Cr\u00e9dits\"}]},{\"@type\":\"WebSite\",\"@id\":\"https:\/\/www.jvigas.com\/#website\",\"url\":\"https:\/\/www.jvigas.com\/\",\"name\":\"J\u00b7Vigas\",\"description\":\"Naturaleza \u00b7 Artesan\u00eda \u00b7 Ciencia - Tapones de corcho desde 1887\",\"potentialAction\":[{\"@type\":\"SearchAction\",\"target\":{\"@type\":\"EntryPoint\",\"urlTemplate\":\"https:\/\/www.jvigas.com\/?s={search_term_string}\"},\"query-input\":{\"@type\":\"PropertyValueSpecification\",\"valueRequired\":true,\"valueName\":\"search_term_string\"}}],\"inLanguage\":\"fr-FR\"}]}<\/script>\n<!-- \/ Yoast SEO plugin. -->","yoast_head_json":{"title":"Cr\u00e9dits - J\u00b7Vigas","robots":{"index":"index","follow":"follow","max-snippet":"max-snippet:-1","max-image-preview":"max-image-preview:large","max-video-preview":"max-video-preview:-1"},"canonical":"https:\/\/www.jvigas.com\/fr\/credits\/","og_locale":"fr_FR","og_type":"article","og_title":"Cr\u00e9dits - J\u00b7Vigas","og_description":"Cr\u00e9dits Cr\u00e9dits \u2022 Web design et Contenu : CULT.-\u2800\u2800\u2800\u2800\u2800 \u2022 Direction Artistique : Gabrielle Vigas \u2022 Support informatique et technique : Jou Tarrat, de TecnoPro Serveis Inform\u00e0tics Girona \u2022 Photographies de Caroline Faiola et\u00a0Jordi Mas Les textes et les photographies sont les propri\u00e9t\u00e9s de J\u00b7VIGAS SA. Le soin dans la s\u00e9lection de la mati\u00e8re premi\u00e8re [&hellip;]","og_url":"https:\/\/www.jvigas.com\/fr\/credits\/","og_site_name":"J\u00b7Vigas","article_modified_time":"2021-03-29T09:35:17+00:00","twitter_card":"summary_large_image","twitter_misc":{"Dur\u00e9e de lecture estim\u00e9e":"1 minute"},"schema":{"@context":"https:\/\/schema.org","@graph":[{"@type":"WebPage","@id":"https:\/\/www.jvigas.com\/fr\/credits\/","url":"https:\/\/www.jvigas.com\/fr\/credits\/","name":"Cr\u00e9dits - J\u00b7Vigas","isPartOf":{"@id":"https:\/\/www.jvigas.com\/#website"},"datePublished":"2021-01-26T12:24:10+00:00","dateModified":"2021-03-29T09:35:17+00:00","breadcrumb":{"@id":"https:\/\/www.jvigas.com\/fr\/credits\/#breadcrumb"},"inLanguage":"fr-FR","potentialAction":[{"@type":"ReadAction","target":["https:\/\/www.jvigas.com\/fr\/credits\/"]}]},{"@type":"BreadcrumbList","@id":"https:\/\/www.jvigas.com\/fr\/credits\/#breadcrumb","itemListElement":[{"@type":"ListItem","position":1,"name":"Home","item":"https:\/\/www.jvigas.com\/fr\/"},{"@type":"ListItem","position":2,"name":"Cr\u00e9dits"}]},{"@type":"WebSite","@id":"https:\/\/www.jvigas.com\/#website","url":"https:\/\/www.jvigas.com\/","name":"J\u00b7Vigas","description":"Naturaleza \u00b7 Artesan\u00eda \u00b7 Ciencia - Tapones de corcho desde 1887","potentialAction":[{"@type":"SearchAction","target":{"@type":"EntryPoint","urlTemplate":"https:\/\/www.jvigas.com\/?s={search_term_string}"},"query-input":{"@type":"PropertyValueSpecification","valueRequired":true,"valueName":"search_term_string"}}],"inLanguage":"fr-FR"}]}},"_links":{"self":[{"href":"https:\/\/www.jvigas.com\/fr\/wp-json\/wp\/v2\/pages\/3243","targetHints":{"allow":["GET"]}}],"collection":[{"href":"https:\/\/www.jvigas.com\/fr\/wp-json\/wp\/v2\/pages"}],"about":[{"href":"https:\/\/www.jvigas.com\/fr\/wp-json\/wp\/v2\/types\/page"}],"author":[{"embeddable":true,"href":"https:\/\/www.jvigas.com\/fr\/wp-json\/wp\/v2\/users\/2"}],"replies":[{"embeddable":true,"href":"https:\/\/www.jvigas.com\/fr\/wp-json\/wp\/v2\/comments?post=3243"}],"version-history":[{"count":3,"href":"https:\/\/www.jvigas.com\/fr\/wp-json\/wp\/v2\/pages\/3243\/revisions"}],"predecessor-version":[{"id":3402,"href":"https:\/\/www.jvigas.com\/fr\/wp-json\/wp\/v2\/pages\/3243\/revisions\/3402"}],"wp:attachment":[{"href":"https:\/\/www.jvigas.com\/fr\/wp-json\/wp\/v2\/media?parent=3243"}],"curies":[{"name":"wp","href":"https:\/\/api.w.org\/{rel}","templated":true}]}}