{"id":3122,"date":"2021-01-25T16:23:33","date_gmt":"2021-01-25T14:23:33","guid":{"rendered":"https:\/\/www.jvigas.com\/productos\/"},"modified":"2025-07-01T12:35:37","modified_gmt":"2025-07-01T10:35:37","slug":"produits","status":"publish","type":"page","link":"https:\/\/www.jvigas.com\/fr\/produits\/","title":{"rendered":"Produits"},"content":{"rendered":"<p>[et_pb_section fb_built=\u00a0\u00bb1&Prime; _builder_version=\u00a0\u00bb4.15&Prime; background_color=\u00a0\u00bb#FFFFFF\u00a0\u00bb global_colors_info=\u00a0\u00bb{}\u00a0\u00bb][et_pb_row _builder_version=\u00a0\u00bb4.15&Prime; global_colors_info=\u00a0\u00bb{}\u00a0\u00bb][et_pb_column type=\u00a0\u00bb4_4&Prime; _builder_version=\u00a0\u00bb4.15&Prime; global_colors_info=\u00a0\u00bb{}\u00a0\u00bb][et_pb_text disabled_on=\u00a0\u00bbon|off|off\u00a0\u00bb _builder_version=\u00a0\u00bb4.15&Prime; text_text_color=\u00a0\u00bb#000000&Prime; text_font_size=\u00a0\u00bb16px\u00a0\u00bb header_font=\u00a0\u00bb|||||on|||\u00a0\u00bb header_text_color=\u00a0\u00bb#1d515d\u00a0\u00bb header_font_size=\u00a0\u00bb58px\u00a0\u00bb header_2_text_align=\u00a0\u00bbcenter\u00a0\u00bb header_2_letter_spacing=\u00a0\u00bb1px\u00a0\u00bb global_colors_info=\u00a0\u00bb{}\u00a0\u00bb]<\/p>\n<h1 style=\"text-align: center;\">Produits<\/h1>\n<h2>Bouchons <em>tailor-made<\/em><\/h2>\n<p>[\/et_pb_text][et_pb_text disabled_on=\u00a0\u00bboff|on|on\u00a0\u00bb _builder_version=\u00a0\u00bb4.15.1&Prime; text_text_color=\u00a0\u00bb#000000&Prime; text_font_size=\u00a0\u00bb16px\u00a0\u00bb header_font=\u00a0\u00bb|||||on|||\u00a0\u00bb header_text_color=\u00a0\u00bb#1d515d\u00a0\u00bb header_font_size=\u00a0\u00bb40px\u00a0\u00bb header_2_text_align=\u00a0\u00bbcenter\u00a0\u00bb header_2_letter_spacing=\u00a0\u00bb1px\u00a0\u00bb global_colors_info=\u00a0\u00bb{}\u00a0\u00bb]<\/p>\n<h1 style=\"text-align: center;\">Produits<\/h1>\n<h2>Bouchons <em>tailor-made<\/em><\/h2>\n<p>[\/et_pb_text][\/et_pb_column][\/et_pb_row][et_pb_row _builder_version=\u00a0\u00bb4.15.1&Prime; _module_preset=\u00a0\u00bbdefault\u00a0\u00bb global_colors_info=\u00a0\u00bb{}\u00a0\u00bb][et_pb_column type=\u00a0\u00bb4_4&Prime; _builder_version=\u00a0\u00bb4.15.1&Prime; _module_preset=\u00a0\u00bbdefault\u00a0\u00bb global_colors_info=\u00a0\u00bb{}\u00a0\u00bb][et_pb_text _builder_version=\u00a0\u00bb4.15.1&Prime; _module_preset=\u00a0\u00bbdefault\u00a0\u00bb text_font_size=\u00a0\u00bb16px\u00a0\u00bb global_colors_info=\u00a0\u00bb{}\u00a0\u00bb]<\/p>\n<p class=\"p3\"><span class=\"s1\">Chez J\u00b7Vigas, nous disposons d\u2019une <strong>\u00e9quipe humaine ayant des ann\u00e9es voire des d\u00e9cennies d\u2019exp\u00e9rience<\/strong> et nous misons \u00e9galement sur l\u2019innovation et la recherche afin d\u2019\u00eatre <strong>pionniers<\/strong> dans les avanc\u00e9es technologiques du secteur.<\/span><\/p>\n<p class=\"p3\">L\u2019artisanat, le <em>savoir-faire<\/em> obtenu apr\u00e8s plus de 130 ans d\u2019histoire, sans oublier le professionnalisme et la technologie de pointe nous permettent de d\u00e9tenir les plus hautes normes de qualit\u00e9.<\/p>\n<p class=\"p3\">Contr\u00f4ler absolument tout, de l\u2019arbre \u00e0 la bouteille, est la mani\u00e8re de pouvoir garantir une <strong>tra\u00e7abilit\u00e9 totale<\/strong>.<\/p>\n<p>[\/et_pb_text][\/et_pb_column][\/et_pb_row][et_pb_row column_structure=\u00a0\u00bb1_3,1_3,1_3&Prime; _builder_version=\u00a0\u00bb4.15&Prime; global_colors_info=\u00a0\u00bb{}\u00a0\u00bb][et_pb_column type=\u00a0\u00bb1_3&Prime; _builder_version=\u00a0\u00bb4.15&Prime; global_colors_info=\u00a0\u00bb{}\u00a0\u00bb][et_pb_text _builder_version=\u00a0\u00bb4.15.1&Prime; _module_preset=\u00a0\u00bbdefault\u00a0\u00bb text_font_size=\u00a0\u00bb16px\u00a0\u00bb header_font=\u00a0\u00bbLibre Baskerville||on|||on|||\u00a0\u00bb header_font_size=\u00a0\u00bb26px\u00a0\u00bb header_3_font=\u00a0\u00bbLibre Baskerville|||||on|||\u00a0\u00bb header_3_text_color=\u00a0\u00bb#004f59&Prime; header_3_font_size=\u00a0\u00bb26px\u00a0\u00bb hover_enabled=\u00a0\u00bb0&Prime; global_colors_info=\u00a0\u00bb{}\u00a0\u00bb sticky_enabled=\u00a0\u00bb0&Prime;]<\/p>\n<h3>Contr\u00f4le Sensoriel<\/h3>\n<p>Tous nos bouchons sont soumis \u00e0 un contr\u00f4le qualit\u00e9 strict, avec jusqu&rsquo;\u00e0<strong> six points de contr\u00f4le sensoriel<\/strong>.<br \/>De plus, nous appliquons notre propre syst\u00e8me de r\u00e9duction de d\u00e9viations sensorielles, Vigas\u00b718, \u00e0 <strong>tous nos bouchons<\/strong>.<\/p>\n<p>Nous disposons de deux \u00e9quipes chromatographiques qui r\u00e9alisent <strong>20.000 contr\u00f4les annuels<\/strong>\u00a0ainsi que d&rsquo;un syst\u00e8me de sniffing bouchon par bouchon pour les clients les plus exigeants qui souhaitent une <strong>garantie totale<\/strong> de l&rsquo;absence de TCA.<\/p>\n<p>[\/et_pb_text][\/et_pb_column][et_pb_column type=\u00a0\u00bb1_3&Prime; _builder_version=\u00a0\u00bb4.15&Prime; global_colors_info=\u00a0\u00bb{}\u00a0\u00bb][et_pb_text _builder_version=\u00a0\u00bb4.15.1&Prime; _module_preset=\u00a0\u00bbdefault\u00a0\u00bb text_font_size=\u00a0\u00bb16px\u00a0\u00bb header_3_font=\u00a0\u00bb|||||on|||\u00a0\u00bb header_3_text_color=\u00a0\u00bb#004f59&Prime; header_3_font_size=\u00a0\u00bb26px\u00a0\u00bb global_colors_info=\u00a0\u00bb{}\u00a0\u00bb]<\/p>\n<h3>Personnalisation de la Commande<span><\/span><\/h3>\n<p><span>Nous avons une \u00e9quipe de <strong>s\u00e9lection manuelle<\/strong> qui nous permet de personnaliser enti\u00e8rement la commande, selon les pr\u00e9f\u00e9rences sp\u00e9cifiques de chaque client.<\/span><\/p>\n<p>&nbsp;<\/p>\n<p>[\/et_pb_text][\/et_pb_column][et_pb_column type=\u00a0\u00bb1_3&Prime; _builder_version=\u00a0\u00bb4.15&Prime; global_colors_info=\u00a0\u00bb{}\u00a0\u00bb][et_pb_text _builder_version=\u00a0\u00bb4.15.1&Prime; _module_preset=\u00a0\u00bbdefault\u00a0\u00bb text_font_size=\u00a0\u00bb16px\u00a0\u00bb header_3_font=\u00a0\u00bb|||||on|||\u00a0\u00bb header_3_text_color=\u00a0\u00bb#004f59&Prime; header_3_font_size=\u00a0\u00bb26px\u00a0\u00bb global_colors_info=\u00a0\u00bb{}\u00a0\u00bb]<\/p>\n<h3>Attention au client<\/h3>\n<p>Notre \u00e9quipe de service client, dirig\u00e9e par l&rsquo;\u0153nologue Teresa Darnaculleta, devient l&rsquo;<strong>alli\u00e9e de confiance<\/strong> de nos clients tout au long du processus.<\/p>\n<p>Nous apportons toutes nos connaissances en <strong>embouteillage<\/strong> pour vous proposer un produit selon vos besoins et vos pr\u00e9f\u00e9rences.<\/p>\n<p>[\/et_pb_text][\/et_pb_column][\/et_pb_row][et_pb_row column_structure=\u00a0\u00bb1_2,1_2&Prime; _builder_version=\u00a0\u00bb4.15&Prime; global_colors_info=\u00a0\u00bb{}\u00a0\u00bb][et_pb_column type=\u00a0\u00bb1_2&Prime; _builder_version=\u00a0\u00bb4.15&Prime; global_colors_info=\u00a0\u00bb{}\u00a0\u00bb][et_pb_image src=\u00a0\u00bbhttp:\/\/web2020.jvigas.com\/wp-content\/uploads\/2020\/02\/JVIGAS_MARBRE_TAPS_01-scaled-e1581501072819.jpg\u00a0\u00bb _builder_version=\u00a0\u00bb4.15&Prime; global_colors_info=\u00a0\u00bb{}\u00a0\u00bb][\/et_pb_image][\/et_pb_column][et_pb_column type=\u00a0\u00bb1_2&Prime; _builder_version=\u00a0\u00bb4.15&Prime; global_colors_info=\u00a0\u00bb{}\u00a0\u00bb][et_pb_text _builder_version=\u00a0\u00bb4.15.1&Prime; _module_preset=\u00a0\u00bbdefault\u00a0\u00bb global_colors_info=\u00a0\u00bb{}\u00a0\u00bb]<\/p>\n<p><span><\/span><\/p>\n<blockquote>\n<p><span style=\"font-size: x-large;\"><span class=\"s1\"><strong>Gr\u00e2ce \u00e0 notre polyvalence, nous sommes le partenaire id\u00e9al des domaines qui recherchent qualit\u00e9, proximit\u00e9 et personnalisation.<\/strong><\/span><\/span><\/p>\n<\/blockquote>\n<p>[\/et_pb_text][\/et_pb_column][\/et_pb_row][\/et_pb_section]<\/p>\n","protected":false},"excerpt":{"rendered":"<p>Produits Bouchons tailor-madeProduits Bouchons tailor-madeChez J\u00b7Vigas, nous disposons d\u2019une \u00e9quipe humaine ayant des ann\u00e9es voire des d\u00e9cennies d\u2019exp\u00e9rience et nous misons \u00e9galement sur l\u2019innovation et la recherche afin d\u2019\u00eatre pionniers dans les avanc\u00e9es technologiques du secteur. L\u2019artisanat, le savoir-faire obtenu apr\u00e8s plus de 130 ans d\u2019histoire, sans oublier le professionnalisme et la technologie de pointe [&hellip;]<\/p>\n","protected":false},"author":2,"featured_media":0,"parent":0,"menu_order":0,"comment_status":"closed","ping_status":"closed","template":"","meta":{"_et_pb_use_builder":"on","_et_pb_old_content":"","_et_gb_content_width":"","footnotes":""},"class_list":["post-3122","page","type-page","status-publish","hentry"],"yoast_head":"<!-- This site is optimized with the Yoast SEO plugin v26.3 - https:\/\/yoast.com\/wordpress\/plugins\/seo\/ -->\n<title>Bouchons en li\u00e8ge naturel pour vin premium | J\u00b7Vigas<\/title>\n<meta name=\"description\" content=\"D\u00e9couvrez les bouchons en li\u00e8ge naturel J\u00b7Vigas, con\u00e7us pour pr\u00e9server la qualit\u00e9 et l\u2019ar\u00f4me des vins haut de gamme avec d\u00e9veloppement durable et innovation.\" \/>\n<meta name=\"robots\" content=\"index, follow, max-snippet:-1, max-image-preview:large, max-video-preview:-1\" \/>\n<link rel=\"canonical\" href=\"https:\/\/www.jvigas.com\/fr\/produits\/\" \/>\n<meta property=\"og:locale\" content=\"fr_FR\" \/>\n<meta property=\"og:type\" content=\"article\" \/>\n<meta property=\"og:title\" content=\"Bouchons en li\u00e8ge naturel pour vin premium | J\u00b7Vigas\" \/>\n<meta property=\"og:description\" content=\"D\u00e9couvrez les bouchons en li\u00e8ge naturel J\u00b7Vigas, con\u00e7us pour pr\u00e9server la qualit\u00e9 et l\u2019ar\u00f4me des vins haut de gamme avec d\u00e9veloppement durable et innovation.\" \/>\n<meta property=\"og:url\" content=\"https:\/\/www.jvigas.com\/fr\/produits\/\" \/>\n<meta property=\"og:site_name\" content=\"J\u00b7Vigas\" \/>\n<meta property=\"article:modified_time\" content=\"2025-07-01T10:35:37+00:00\" \/>\n<meta name=\"twitter:card\" content=\"summary_large_image\" \/>\n<meta name=\"twitter:label1\" content=\"Dur\u00e9e de lecture estim\u00e9e\" \/>\n\t<meta name=\"twitter:data1\" content=\"2 minutes\" \/>\n<script type=\"application\/ld+json\" class=\"yoast-schema-graph\">{\"@context\":\"https:\/\/schema.org\",\"@graph\":[{\"@type\":\"WebPage\",\"@id\":\"https:\/\/www.jvigas.com\/fr\/produits\/\",\"url\":\"https:\/\/www.jvigas.com\/fr\/produits\/\",\"name\":\"Bouchons en li\u00e8ge naturel pour vin premium | J\u00b7Vigas\",\"isPartOf\":{\"@id\":\"https:\/\/www.jvigas.com\/#website\"},\"datePublished\":\"2021-01-25T14:23:33+00:00\",\"dateModified\":\"2025-07-01T10:35:37+00:00\",\"description\":\"D\u00e9couvrez les bouchons en li\u00e8ge naturel J\u00b7Vigas, con\u00e7us pour pr\u00e9server la qualit\u00e9 et l\u2019ar\u00f4me des vins haut de gamme avec d\u00e9veloppement durable et innovation.\",\"breadcrumb\":{\"@id\":\"https:\/\/www.jvigas.com\/fr\/produits\/#breadcrumb\"},\"inLanguage\":\"fr-FR\",\"potentialAction\":[{\"@type\":\"ReadAction\",\"target\":[\"https:\/\/www.jvigas.com\/fr\/produits\/\"]}]},{\"@type\":\"BreadcrumbList\",\"@id\":\"https:\/\/www.jvigas.com\/fr\/produits\/#breadcrumb\",\"itemListElement\":[{\"@type\":\"ListItem\",\"position\":1,\"name\":\"Home\",\"item\":\"https:\/\/www.jvigas.com\/fr\/\"},{\"@type\":\"ListItem\",\"position\":2,\"name\":\"Produits\"}]},{\"@type\":\"WebSite\",\"@id\":\"https:\/\/www.jvigas.com\/#website\",\"url\":\"https:\/\/www.jvigas.com\/\",\"name\":\"J\u00b7Vigas\",\"description\":\"Naturaleza \u00b7 Artesan\u00eda \u00b7 Ciencia - Tapones de corcho desde 1887\",\"potentialAction\":[{\"@type\":\"SearchAction\",\"target\":{\"@type\":\"EntryPoint\",\"urlTemplate\":\"https:\/\/www.jvigas.com\/?s={search_term_string}\"},\"query-input\":{\"@type\":\"PropertyValueSpecification\",\"valueRequired\":true,\"valueName\":\"search_term_string\"}}],\"inLanguage\":\"fr-FR\"}]}<\/script>\n<!-- \/ Yoast SEO plugin. -->","yoast_head_json":{"title":"Bouchons en li\u00e8ge naturel pour vin premium | J\u00b7Vigas","description":"D\u00e9couvrez les bouchons en li\u00e8ge naturel J\u00b7Vigas, con\u00e7us pour pr\u00e9server la qualit\u00e9 et l\u2019ar\u00f4me des vins haut de gamme avec d\u00e9veloppement durable et innovation.","robots":{"index":"index","follow":"follow","max-snippet":"max-snippet:-1","max-image-preview":"max-image-preview:large","max-video-preview":"max-video-preview:-1"},"canonical":"https:\/\/www.jvigas.com\/fr\/produits\/","og_locale":"fr_FR","og_type":"article","og_title":"Bouchons en li\u00e8ge naturel pour vin premium | J\u00b7Vigas","og_description":"D\u00e9couvrez les bouchons en li\u00e8ge naturel J\u00b7Vigas, con\u00e7us pour pr\u00e9server la qualit\u00e9 et l\u2019ar\u00f4me des vins haut de gamme avec d\u00e9veloppement durable et innovation.","og_url":"https:\/\/www.jvigas.com\/fr\/produits\/","og_site_name":"J\u00b7Vigas","article_modified_time":"2025-07-01T10:35:37+00:00","twitter_card":"summary_large_image","twitter_misc":{"Dur\u00e9e de lecture estim\u00e9e":"2 minutes"},"schema":{"@context":"https:\/\/schema.org","@graph":[{"@type":"WebPage","@id":"https:\/\/www.jvigas.com\/fr\/produits\/","url":"https:\/\/www.jvigas.com\/fr\/produits\/","name":"Bouchons en li\u00e8ge naturel pour vin premium | J\u00b7Vigas","isPartOf":{"@id":"https:\/\/www.jvigas.com\/#website"},"datePublished":"2021-01-25T14:23:33+00:00","dateModified":"2025-07-01T10:35:37+00:00","description":"D\u00e9couvrez les bouchons en li\u00e8ge naturel J\u00b7Vigas, con\u00e7us pour pr\u00e9server la qualit\u00e9 et l\u2019ar\u00f4me des vins haut de gamme avec d\u00e9veloppement durable et innovation.","breadcrumb":{"@id":"https:\/\/www.jvigas.com\/fr\/produits\/#breadcrumb"},"inLanguage":"fr-FR","potentialAction":[{"@type":"ReadAction","target":["https:\/\/www.jvigas.com\/fr\/produits\/"]}]},{"@type":"BreadcrumbList","@id":"https:\/\/www.jvigas.com\/fr\/produits\/#breadcrumb","itemListElement":[{"@type":"ListItem","position":1,"name":"Home","item":"https:\/\/www.jvigas.com\/fr\/"},{"@type":"ListItem","position":2,"name":"Produits"}]},{"@type":"WebSite","@id":"https:\/\/www.jvigas.com\/#website","url":"https:\/\/www.jvigas.com\/","name":"J\u00b7Vigas","description":"Naturaleza \u00b7 Artesan\u00eda \u00b7 Ciencia - Tapones de corcho desde 1887","potentialAction":[{"@type":"SearchAction","target":{"@type":"EntryPoint","urlTemplate":"https:\/\/www.jvigas.com\/?s={search_term_string}"},"query-input":{"@type":"PropertyValueSpecification","valueRequired":true,"valueName":"search_term_string"}}],"inLanguage":"fr-FR"}]}},"_links":{"self":[{"href":"https:\/\/www.jvigas.com\/fr\/wp-json\/wp\/v2\/pages\/3122","targetHints":{"allow":["GET"]}}],"collection":[{"href":"https:\/\/www.jvigas.com\/fr\/wp-json\/wp\/v2\/pages"}],"about":[{"href":"https:\/\/www.jvigas.com\/fr\/wp-json\/wp\/v2\/types\/page"}],"author":[{"embeddable":true,"href":"https:\/\/www.jvigas.com\/fr\/wp-json\/wp\/v2\/users\/2"}],"replies":[{"embeddable":true,"href":"https:\/\/www.jvigas.com\/fr\/wp-json\/wp\/v2\/comments?post=3122"}],"version-history":[{"count":10,"href":"https:\/\/www.jvigas.com\/fr\/wp-json\/wp\/v2\/pages\/3122\/revisions"}],"predecessor-version":[{"id":9633,"href":"https:\/\/www.jvigas.com\/fr\/wp-json\/wp\/v2\/pages\/3122\/revisions\/9633"}],"wp:attachment":[{"href":"https:\/\/www.jvigas.com\/fr\/wp-json\/wp\/v2\/media?parent=3122"}],"curies":[{"name":"wp","href":"https:\/\/api.w.org\/{rel}","templated":true}]}}