{"id":3108,"date":"2021-01-25T16:22:07","date_gmt":"2021-01-25T14:22:07","guid":{"rendered":"https:\/\/www.jvigas.com\/naturaleza\/"},"modified":"2021-06-17T18:35:02","modified_gmt":"2021-06-17T16:35:02","slug":"nature","status":"publish","type":"page","link":"https:\/\/www.jvigas.com\/fr\/nature\/","title":{"rendered":"Nature"},"content":{"rendered":"\n[et_pb_section fb_built=\u00a0\u00bb1&Prime; _builder_version=\u00a0\u00bb4.0.5&Prime; background_color=\u00a0\u00bb#FFFFFF\u00a0\u00bb][et_pb_row _builder_version=\u00a0\u00bb4.6.1&Prime; hover_enabled=\u00a0\u00bb0&Prime; sticky_enabled=\u00a0\u00bb0&Prime;][et_pb_column type=\u00a0\u00bb4_4&Prime; _builder_version=\u00a0\u00bb4.0.5&Prime;][et_pb_text _builder_version=\u00a0\u00bb4.6.1&Prime; text_text_color=\u00a0\u00bb#000000&Prime; text_font_size=\u00a0\u00bb16px\u00a0\u00bb header_font=\u00a0\u00bb|||||on|||\u00a0\u00bb header_text_color=\u00a0\u00bb#1d515d\u00a0\u00bb header_font_size=\u00a0\u00bb50px\u00a0\u00bb hover_enabled=\u00a0\u00bb0&Prime; disabled_on=\u00a0\u00bbon|off|off\u00a0\u00bb sticky_enabled=\u00a0\u00bb0&Prime;]<h1 style=\"text-align: center;\">Nature<\/h1>\n<p class=\"p1\"><span class=\"s1\"><\/span><\/p>[\/et_pb_text][et_pb_text _builder_version=\u00a0\u00bb4.6.1&Prime; text_text_color=\u00a0\u00bb#000000&Prime; text_font_size=\u00a0\u00bb16px\u00a0\u00bb header_font=\u00a0\u00bb|||||on|||\u00a0\u00bb header_text_color=\u00a0\u00bb#1d515d\u00a0\u00bb header_font_size=\u00a0\u00bb36px\u00a0\u00bb hover_enabled=\u00a0\u00bb0&Prime; disabled_on=\u00a0\u00bboff|on|on\u00a0\u00bb sticky_enabled=\u00a0\u00bb0&Prime;]<h1 style=\"text-align: center;\">Nature<\/h1>\n<p class=\"p1\"><span class=\"s1\"><\/span><\/p>[\/et_pb_text][et_pb_text _builder_version=\u00a0\u00bb4.4.7&Prime; text_text_color=\u00a0\u00bb#000000&Prime; text_font_size=\u00a0\u00bb16px\u00a0\u00bb header_font=\u00a0\u00bb|||||on|||\u00a0\u00bb header_text_color=\u00a0\u00bb#1d515d\u00a0\u00bb header_font_size=\u00a0\u00bb50px\u00a0\u00bb]<h1 style=\"text-align: center;\"><\/h1>\n<p><span class=\"s1\">Dans le secteur du li\u00e8ge, comme c\u2019est le cas \u00e9galement dans le secteur du vin et du champagne, le soin apport\u00e9 \u00e0 la s\u00e9lection des mati\u00e8res premi\u00e8res est indispensable pour obtenir un produit de qualit\u00e9 sup\u00e9rieure.<\/span><\/p>\n<blockquote>\n<p><span style=\"font-size: x-large;\"><strong><span class=\"s1\">Seules les ann\u00e9es d\u2019exp\u00e9rience et la technologie de pointe permettent de d\u00e9tecter le meilleur li\u00e8ge, r\u00e9colt\u00e9 au bon moment.<\/span><\/strong><\/span><\/p>\n<\/blockquote>\n<p class=\"p1\"><span class=\"s1\">J\u00b7Vigas travaille avec l\u2019entreprise Manso Pajero depuis 2006. Ainsi, au moment de chercher un nouveau partenaire local en Estr\u00e9madure pour l\u2019implantation d\u2019un nouveau si\u00e8ge \u2013<b>Vitamap 15<\/b>\u2013, l\u2019entreprise n\u2019a pas h\u00e9sit\u00e9 une seconde \u00e0 se tourner vers la famille Manso Parejo qui vit l\u00e0 une r\u00e9elle opportunit\u00e9 de croissance. Ce serait l\u2019occasion de mettre toutes ses connaissances au service de la cr\u00e9ation d\u2019industrie en Estr\u00e9madure et d\u2019encourager par l\u00e0-m\u00eame le reboisement en ch\u00eane-li\u00e8ge.<\/span><\/p>\n<p class=\"p1\"><span class=\"s1\">Chez J\u00b7Vigas, nous sommes fiers de voir que nous contribuons \u00e0 la pr\u00e9servation de la dehesa d\u2019Estr\u00e9madure, avec ses suberaies abritant une riche faune ib\u00e9rique, ainsi qu\u2019\u00e0 la culture m\u00eame de cette r\u00e9gion, traditionnellement li\u00e9e au li\u00e8ge.<\/span><\/p>[\/et_pb_text][\/et_pb_column][\/et_pb_row][\/et_pb_section][et_pb_section fb_built=\u00a0\u00bb1&Prime; _builder_version=\u00a0\u00bb4.0.5&Prime; background_image=\u00a0\u00bbhttp:\/\/web2020.jvigas.com\/wp-content\/uploads\/2019\/12\/JVIGAS_INSTA_013-e1576240596121.jpg\u00a0\u00bb][et_pb_row column_structure=\u00a0\u00bb1_2,1_2&Prime; _builder_version=\u00a0\u00bb4.0.5&Prime; background_color=\u00a0\u00bbrgba(0,0,0,0)\u00a0\u00bb][et_pb_column type=\u00a0\u00bb1_2&Prime; _builder_version=\u00a0\u00bb4.0.5&Prime;][et_pb_text _builder_version=\u00a0\u00bb4.0.5&Prime; text_text_color=\u00a0\u00bb#FFFFFF\u00a0\u00bb text_font_size=\u00a0\u00bb34px\u00a0\u00bb text_line_height=\u00a0\u00bb1.1em\u00a0\u00bb border_radii=\u00a0\u00bbon|3px|3px|3px|3px\u00a0\u00bb border_color_all=\u00a0\u00bb#000000&Prime;]<p style=\"text-align: left;\"><strong>Le soin dans la s\u00e9lection de la mati\u00e8re premi\u00e8re est la condition sine qua non \u00e0 un produit de la plus haute qualit\u00e9.<\/strong><\/p>[\/et_pb_text][\/et_pb_column][et_pb_column type=\u00a0\u00bb1_2&Prime; _builder_version=\u00a0\u00bb4.0.5&Prime;][\/et_pb_column][\/et_pb_row][\/et_pb_section]\n","protected":false},"excerpt":{"rendered":"<p>Nature Nature Dans le secteur du li\u00e8ge, comme c\u2019est le cas \u00e9galement dans le secteur du vin et du champagne, le soin apport\u00e9 \u00e0 la s\u00e9lection des mati\u00e8res premi\u00e8res est indispensable pour obtenir un produit de qualit\u00e9 sup\u00e9rieure. Seules les ann\u00e9es d\u2019exp\u00e9rience et la technologie de pointe permettent de d\u00e9tecter le meilleur li\u00e8ge, r\u00e9colt\u00e9 au [&hellip;]<\/p>\n","protected":false},"author":2,"featured_media":0,"parent":0,"menu_order":0,"comment_status":"closed","ping_status":"closed","template":"","meta":{"_et_pb_use_builder":"on","_et_pb_old_content":"","_et_gb_content_width":"","footnotes":""},"class_list":["post-3108","page","type-page","status-publish","hentry"],"yoast_head":"<!-- This site is optimized with the Yoast SEO plugin v26.3 - https:\/\/yoast.com\/wordpress\/plugins\/seo\/ -->\n<title>Nature - J\u00b7Vigas<\/title>\n<meta name=\"description\" content=\"L\u2019importance de la mati\u00e8re premi\u00e8re pour obtenir un produit de la plus haute qualit\u00e9. En J\u00b7Vigas logramos una trazabilidad total del \u00e1rbol al tap\u00f3n.\" \/>\n<meta name=\"robots\" content=\"index, follow, max-snippet:-1, max-image-preview:large, max-video-preview:-1\" \/>\n<link rel=\"canonical\" href=\"https:\/\/www.jvigas.com\/fr\/nature\/\" \/>\n<meta property=\"og:locale\" content=\"fr_FR\" \/>\n<meta property=\"og:type\" content=\"article\" \/>\n<meta property=\"og:title\" content=\"Nature - J\u00b7Vigas\" \/>\n<meta property=\"og:description\" content=\"L\u2019importance de la mati\u00e8re premi\u00e8re pour obtenir un produit de la plus haute qualit\u00e9. En J\u00b7Vigas logramos una trazabilidad total del \u00e1rbol al tap\u00f3n.\" \/>\n<meta property=\"og:url\" content=\"https:\/\/www.jvigas.com\/fr\/nature\/\" \/>\n<meta property=\"og:site_name\" content=\"J\u00b7Vigas\" \/>\n<meta property=\"article:modified_time\" content=\"2021-06-17T16:35:02+00:00\" \/>\n<meta name=\"twitter:card\" content=\"summary_large_image\" \/>\n<meta name=\"twitter:label1\" content=\"Dur\u00e9e de lecture estim\u00e9e\" \/>\n\t<meta name=\"twitter:data1\" content=\"2 minutes\" \/>\n<script type=\"application\/ld+json\" class=\"yoast-schema-graph\">{\"@context\":\"https:\/\/schema.org\",\"@graph\":[{\"@type\":\"WebPage\",\"@id\":\"https:\/\/www.jvigas.com\/fr\/nature\/\",\"url\":\"https:\/\/www.jvigas.com\/fr\/nature\/\",\"name\":\"Nature - J\u00b7Vigas\",\"isPartOf\":{\"@id\":\"https:\/\/www.jvigas.com\/#website\"},\"datePublished\":\"2021-01-25T14:22:07+00:00\",\"dateModified\":\"2021-06-17T16:35:02+00:00\",\"description\":\"L\u2019importance de la mati\u00e8re premi\u00e8re pour obtenir un produit de la plus haute qualit\u00e9. En J\u00b7Vigas logramos una trazabilidad total del \u00e1rbol al tap\u00f3n.\",\"breadcrumb\":{\"@id\":\"https:\/\/www.jvigas.com\/fr\/nature\/#breadcrumb\"},\"inLanguage\":\"fr-FR\",\"potentialAction\":[{\"@type\":\"ReadAction\",\"target\":[\"https:\/\/www.jvigas.com\/fr\/nature\/\"]}]},{\"@type\":\"BreadcrumbList\",\"@id\":\"https:\/\/www.jvigas.com\/fr\/nature\/#breadcrumb\",\"itemListElement\":[{\"@type\":\"ListItem\",\"position\":1,\"name\":\"Home\",\"item\":\"https:\/\/www.jvigas.com\/fr\/\"},{\"@type\":\"ListItem\",\"position\":2,\"name\":\"Nature\"}]},{\"@type\":\"WebSite\",\"@id\":\"https:\/\/www.jvigas.com\/#website\",\"url\":\"https:\/\/www.jvigas.com\/\",\"name\":\"J\u00b7Vigas\",\"description\":\"Naturaleza \u00b7 Artesan\u00eda \u00b7 Ciencia - Tapones de corcho desde 1887\",\"potentialAction\":[{\"@type\":\"SearchAction\",\"target\":{\"@type\":\"EntryPoint\",\"urlTemplate\":\"https:\/\/www.jvigas.com\/?s={search_term_string}\"},\"query-input\":{\"@type\":\"PropertyValueSpecification\",\"valueRequired\":true,\"valueName\":\"search_term_string\"}}],\"inLanguage\":\"fr-FR\"}]}<\/script>\n<!-- \/ Yoast SEO plugin. -->","yoast_head_json":{"title":"Nature - J\u00b7Vigas","description":"L\u2019importance de la mati\u00e8re premi\u00e8re pour obtenir un produit de la plus haute qualit\u00e9. En J\u00b7Vigas logramos una trazabilidad total del \u00e1rbol al tap\u00f3n.","robots":{"index":"index","follow":"follow","max-snippet":"max-snippet:-1","max-image-preview":"max-image-preview:large","max-video-preview":"max-video-preview:-1"},"canonical":"https:\/\/www.jvigas.com\/fr\/nature\/","og_locale":"fr_FR","og_type":"article","og_title":"Nature - J\u00b7Vigas","og_description":"L\u2019importance de la mati\u00e8re premi\u00e8re pour obtenir un produit de la plus haute qualit\u00e9. En J\u00b7Vigas logramos una trazabilidad total del \u00e1rbol al tap\u00f3n.","og_url":"https:\/\/www.jvigas.com\/fr\/nature\/","og_site_name":"J\u00b7Vigas","article_modified_time":"2021-06-17T16:35:02+00:00","twitter_card":"summary_large_image","twitter_misc":{"Dur\u00e9e de lecture estim\u00e9e":"2 minutes"},"schema":{"@context":"https:\/\/schema.org","@graph":[{"@type":"WebPage","@id":"https:\/\/www.jvigas.com\/fr\/nature\/","url":"https:\/\/www.jvigas.com\/fr\/nature\/","name":"Nature - J\u00b7Vigas","isPartOf":{"@id":"https:\/\/www.jvigas.com\/#website"},"datePublished":"2021-01-25T14:22:07+00:00","dateModified":"2021-06-17T16:35:02+00:00","description":"L\u2019importance de la mati\u00e8re premi\u00e8re pour obtenir un produit de la plus haute qualit\u00e9. En J\u00b7Vigas logramos una trazabilidad total del \u00e1rbol al tap\u00f3n.","breadcrumb":{"@id":"https:\/\/www.jvigas.com\/fr\/nature\/#breadcrumb"},"inLanguage":"fr-FR","potentialAction":[{"@type":"ReadAction","target":["https:\/\/www.jvigas.com\/fr\/nature\/"]}]},{"@type":"BreadcrumbList","@id":"https:\/\/www.jvigas.com\/fr\/nature\/#breadcrumb","itemListElement":[{"@type":"ListItem","position":1,"name":"Home","item":"https:\/\/www.jvigas.com\/fr\/"},{"@type":"ListItem","position":2,"name":"Nature"}]},{"@type":"WebSite","@id":"https:\/\/www.jvigas.com\/#website","url":"https:\/\/www.jvigas.com\/","name":"J\u00b7Vigas","description":"Naturaleza \u00b7 Artesan\u00eda \u00b7 Ciencia - Tapones de corcho desde 1887","potentialAction":[{"@type":"SearchAction","target":{"@type":"EntryPoint","urlTemplate":"https:\/\/www.jvigas.com\/?s={search_term_string}"},"query-input":{"@type":"PropertyValueSpecification","valueRequired":true,"valueName":"search_term_string"}}],"inLanguage":"fr-FR"}]}},"_links":{"self":[{"href":"https:\/\/www.jvigas.com\/fr\/wp-json\/wp\/v2\/pages\/3108","targetHints":{"allow":["GET"]}}],"collection":[{"href":"https:\/\/www.jvigas.com\/fr\/wp-json\/wp\/v2\/pages"}],"about":[{"href":"https:\/\/www.jvigas.com\/fr\/wp-json\/wp\/v2\/types\/page"}],"author":[{"embeddable":true,"href":"https:\/\/www.jvigas.com\/fr\/wp-json\/wp\/v2\/users\/2"}],"replies":[{"embeddable":true,"href":"https:\/\/www.jvigas.com\/fr\/wp-json\/wp\/v2\/comments?post=3108"}],"version-history":[{"count":5,"href":"https:\/\/www.jvigas.com\/fr\/wp-json\/wp\/v2\/pages\/3108\/revisions"}],"predecessor-version":[{"id":3156,"href":"https:\/\/www.jvigas.com\/fr\/wp-json\/wp\/v2\/pages\/3108\/revisions\/3156"}],"wp:attachment":[{"href":"https:\/\/www.jvigas.com\/fr\/wp-json\/wp\/v2\/media?parent=3108"}],"curies":[{"name":"wp","href":"https:\/\/api.w.org\/{rel}","templated":true}]}}