{"id":3099,"date":"2021-01-25T16:20:21","date_gmt":"2021-01-25T14:20:21","guid":{"rendered":"https:\/\/www.jvigas.com\/por-que-corcho\/"},"modified":"2021-06-17T18:35:35","modified_gmt":"2021-06-17T16:35:35","slug":"pourquoi-liege","status":"publish","type":"page","link":"https:\/\/www.jvigas.com\/fr\/pourquoi-liege\/","title":{"rendered":"Pourquoi le li\u00e8ge"},"content":{"rendered":"\n[et_pb_section fb_built=\u00a0\u00bb1&Prime; _builder_version=\u00a0\u00bb4.0.5&Prime; background_color=\u00a0\u00bb#FFFFFF\u00a0\u00bb][et_pb_row _builder_version=\u00a0\u00bb4.0.5&Prime;][et_pb_column type=\u00a0\u00bb4_4&Prime; _builder_version=\u00a0\u00bb4.0.5&Prime;][et_pb_text _builder_version=\u00a0\u00bb4.6.1&Prime; text_text_color=\u00a0\u00bb#000000&Prime; text_font_size=\u00a0\u00bb16px\u00a0\u00bb header_font=\u00a0\u00bb|||||on|||\u00a0\u00bb header_text_color=\u00a0\u00bb#1d515d\u00a0\u00bb header_font_size=\u00a0\u00bb58px\u00a0\u00bb header_2_text_align=\u00a0\u00bbcenter\u00a0\u00bb header_2_letter_spacing=\u00a0\u00bb1px\u00a0\u00bb hover_enabled=\u00a0\u00bb0&Prime; disabled_on=\u00a0\u00bbon|off|off\u00a0\u00bb sticky_enabled=\u00a0\u00bb0&Prime;]<h1 style=\"text-align: center;\">Le li\u00e8ge<\/h1>\n<h2>L\u2019importance du mat\u00e9riau pour l\u2019\u00e9volution du vin<\/h2>[\/et_pb_text][et_pb_text _builder_version=\u00a0\u00bb4.6.1&Prime; text_text_color=\u00a0\u00bb#000000&Prime; text_font_size=\u00a0\u00bb16px\u00a0\u00bb header_font=\u00a0\u00bb|||||on|||\u00a0\u00bb header_text_color=\u00a0\u00bb#1d515d\u00a0\u00bb header_font_size=\u00a0\u00bb38px\u00a0\u00bb header_2_text_align=\u00a0\u00bbcenter\u00a0\u00bb header_2_letter_spacing=\u00a0\u00bb1px\u00a0\u00bb hover_enabled=\u00a0\u00bb0&Prime; disabled_on=\u00a0\u00bboff|on|on\u00a0\u00bb sticky_enabled=\u00a0\u00bb0&Prime;]<h1 style=\"text-align: center;\">Le li\u00e8ge<\/h1>\n<h2>L\u2019importance du mat\u00e9riau pour l\u2019\u00e9volution du vin<\/h2>[\/et_pb_text][\/et_pb_column][\/et_pb_row][et_pb_row column_structure=\u00a0\u00bb1_2,1_2&Prime; _builder_version=\u00a0\u00bb4.0.9&Prime;][et_pb_column type=\u00a0\u00bb1_2&Prime; _builder_version=\u00a0\u00bb4.0.9&Prime;][et_pb_text _builder_version=\u00a0\u00bb4.0.9&Prime; text_font_size=\u00a0\u00bb16px\u00a0\u00bb custom_padding=\u00a0\u00bb37px|||||\u00a0\u00bb]<p style=\"text-align: right;\"><em>Le monde du li\u00e8ge<\/em><br> <em> a toujours \u00e9volu\u00e9 parall\u00e8lement \u00e0 celui du vin,<\/em><br> <em> en second plan,<\/em><br> <em> un alli\u00e9 permettant au vin de vieillir,<\/em><br> <em> d\u2019\u00e9voluer, de s\u2019am\u00e9liorer avec le temps,<\/em><br> <em> lentement,<\/em><br> <em> au rythme qui lui est conf\u00e9r\u00e9 en tant que produit naturel.<\/em><\/p>\n<p style=\"text-align: right;\"><em>Un compagnon de voyage<\/em><br> <em> qui fait la part belle au vin,<\/em><br> <em> et se r\u00e9jouit de ses succ\u00e8s,<\/em><br> <em> car, quelque part, ces succ\u00e8s sont aussi les siens\u2026<\/em><\/p>[\/et_pb_text][\/et_pb_column][et_pb_column type=\u00a0\u00bb1_2&Prime; _builder_version=\u00a0\u00bb4.0.9&Prime;][et_pb_image src=\u00a0\u00bbhttp:\/\/web2020.jvigas.com\/wp-content\/uploads\/2020\/02\/JVIGAS_FOTO_BODEGA_06-scaled.jpg\u00a0\u00bb _builder_version=\u00a0\u00bb4.0.9&Prime;][\/et_pb_image][\/et_pb_column][\/et_pb_row][et_pb_row _builder_version=\u00a0\u00bb4.0.9&Prime; custom_margin=\u00a0\u00bb-26px|auto||auto||\u00a0\u00bb][et_pb_column type=\u00a0\u00bb4_4&Prime; _builder_version=\u00a0\u00bb4.0.5&Prime;][et_pb_text _builder_version=\u00a0\u00bb4.0.9&Prime; text_text_color=\u00a0\u00bb#000000&Prime; text_font_size=\u00a0\u00bb16px\u00a0\u00bb header_font=\u00a0\u00bb|||||on|||\u00a0\u00bb header_text_color=\u00a0\u00bb#1d515d\u00a0\u00bb header_font_size=\u00a0\u00bb58px\u00a0\u00bb header_4_font=\u00a0\u00bbMontserrat|500||||on|||\u00a0\u00bb header_4_text_align=\u00a0\u00bbright\u00a0\u00bb custom_padding=\u00a0\u00bb0px|||||\u00a0\u00bb inline_fonts=\u00a0\u00bbLibre Baskerville\u00a0\u00bb]<p class=\"p2\"><span class=\"s1\"><span><\/span><\/span><\/p>\n<p class=\"p2\"><span class=\"s1\"><span><\/span><\/span><\/p>\n<p class=\"p2\"><span class=\"s1\"><span><\/span><\/span><\/p>\n<p class=\"p2\"><span class=\"s1\"><span>Le li\u00e8ge est le mat\u00e9riau qui s\u2019adapte le mieux aux besoins de votre vin et le bouchon en li\u00e8ge est la fermeture de bouteille la plus durable qui existe.<\/span><\/span><\/p>\n<p class=\"p2\">La durabilit\u00e9 est une valeur qui prend de plus en plus d\u2019importance, tant pour les entreprises que pour les consommateurs finaux qui demandent plus de transparence de la part des marques et qui modifient leurs pr\u00e9f\u00e9rences \u00e0 partir de ces valeurs. <span class=\"s1\"><span><\/span><\/span><\/p>\n<p class=\"p2\">Ce n\u2019est pas un hasard si des \u00e9tudes internationales, comme celle r\u00e9alis\u00e9e par la consultante Nielsen en 2018, affirment que <strong>80 % des consommateurs choisissent des marques avec lesquelles ils partagent des valeurs<\/strong>, la durabilit\u00e9 \u00e9tant l\u2019une de celles ayant le plus d\u2019importance aux yeux des consommateurs.<\/p>\n<p class=\"p2\">Quant \u00e0 la perception de la qualit\u00e9, les vins ferm\u00e9s avec des bouchons en li\u00e8ge naturel sont per\u00e7us comme des vins de qualit\u00e9 sup\u00e9rieure et c\u2019est le bouchon pr\u00e9f\u00e9r\u00e9 de 90 % des consommateurs du monde entier (<a href=\"http:\/\/www.elijocorcho.com\/el-tapon-de-corcho-es-la-referencia-mundial-para-los-consumidores-de-vinos-y-espumosos\/\"><em>Initiative Cork<\/em><\/a>).<\/p>\n<blockquote>\n<p><span style=\"font-size: x-large;\"><strong>Outre le fait d\u2019\u00eatre un produit durable qui am\u00e9liore le positionnement et apporte une valeur ajout\u00e9e au vin, il l\u2019aide \u00e0 \u00e9voluer en permettant une micro-oxyg\u00e9nation naturelle qui contribue \u00e0 sa pr\u00e9servation et \u00e0 son am\u00e9lioration avec le temps.<\/strong><\/span><span style=\"color: #02515d; font-size: 18px; font-variant-caps: small-caps; text-align: right;\"><\/span><\/p>\n<\/blockquote>[\/et_pb_text][\/et_pb_column][\/et_pb_row][\/et_pb_section]\n","protected":false},"excerpt":{"rendered":"<p>Le li\u00e8ge L\u2019importance du mat\u00e9riau pour l\u2019\u00e9volution du vinLe li\u00e8ge L\u2019importance du mat\u00e9riau pour l\u2019\u00e9volution du vinLe monde du li\u00e8ge a toujours \u00e9volu\u00e9 parall\u00e8lement \u00e0 celui du vin, en second plan, un alli\u00e9 permettant au vin de vieillir, d\u2019\u00e9voluer, de s\u2019am\u00e9liorer avec le temps, lentement, au rythme qui lui est conf\u00e9r\u00e9 en tant que produit [&hellip;]<\/p>\n","protected":false},"author":2,"featured_media":0,"parent":0,"menu_order":0,"comment_status":"closed","ping_status":"closed","template":"","meta":{"_et_pb_use_builder":"on","_et_pb_old_content":"","_et_gb_content_width":"","footnotes":""},"class_list":["post-3099","page","type-page","status-publish","hentry"],"yoast_head":"<!-- This site is optimized with the Yoast SEO plugin v26.3 - https:\/\/yoast.com\/wordpress\/plugins\/seo\/ -->\n<title>Pourquoi le li\u00e8ge - J\u00b7Vigas<\/title>\n<meta name=\"description\" content=\"Le li\u00e8ge est le mat\u00e9riau qui s\u2019adapte le mieux aux besoins de votre vin et le bouchon en li\u00e8ge est la fermeture de bouteille la plus durable qui existe.\" \/>\n<meta name=\"robots\" content=\"index, follow, max-snippet:-1, max-image-preview:large, max-video-preview:-1\" \/>\n<link rel=\"canonical\" href=\"https:\/\/www.jvigas.com\/fr\/pourquoi-liege\/\" \/>\n<meta property=\"og:locale\" content=\"fr_FR\" \/>\n<meta property=\"og:type\" content=\"article\" \/>\n<meta property=\"og:title\" content=\"Pourquoi le li\u00e8ge - J\u00b7Vigas\" \/>\n<meta property=\"og:description\" content=\"Le li\u00e8ge est le mat\u00e9riau qui s\u2019adapte le mieux aux besoins de votre vin et le bouchon en li\u00e8ge est la fermeture de bouteille la plus durable qui existe.\" \/>\n<meta property=\"og:url\" content=\"https:\/\/www.jvigas.com\/fr\/pourquoi-liege\/\" \/>\n<meta property=\"og:site_name\" content=\"J\u00b7Vigas\" \/>\n<meta property=\"article:modified_time\" content=\"2021-06-17T16:35:35+00:00\" \/>\n<meta name=\"twitter:card\" content=\"summary_large_image\" \/>\n<meta name=\"twitter:label1\" content=\"Dur\u00e9e de lecture estim\u00e9e\" \/>\n\t<meta name=\"twitter:data1\" content=\"3 minutes\" \/>\n<script type=\"application\/ld+json\" class=\"yoast-schema-graph\">{\"@context\":\"https:\/\/schema.org\",\"@graph\":[{\"@type\":\"WebPage\",\"@id\":\"https:\/\/www.jvigas.com\/fr\/pourquoi-liege\/\",\"url\":\"https:\/\/www.jvigas.com\/fr\/pourquoi-liege\/\",\"name\":\"Pourquoi le li\u00e8ge - J\u00b7Vigas\",\"isPartOf\":{\"@id\":\"https:\/\/www.jvigas.com\/#website\"},\"datePublished\":\"2021-01-25T14:20:21+00:00\",\"dateModified\":\"2021-06-17T16:35:35+00:00\",\"description\":\"Le li\u00e8ge est le mat\u00e9riau qui s\u2019adapte le mieux aux besoins de votre vin et le bouchon en li\u00e8ge est la fermeture de bouteille la plus durable qui existe.\",\"breadcrumb\":{\"@id\":\"https:\/\/www.jvigas.com\/fr\/pourquoi-liege\/#breadcrumb\"},\"inLanguage\":\"fr-FR\",\"potentialAction\":[{\"@type\":\"ReadAction\",\"target\":[\"https:\/\/www.jvigas.com\/fr\/pourquoi-liege\/\"]}]},{\"@type\":\"BreadcrumbList\",\"@id\":\"https:\/\/www.jvigas.com\/fr\/pourquoi-liege\/#breadcrumb\",\"itemListElement\":[{\"@type\":\"ListItem\",\"position\":1,\"name\":\"Home\",\"item\":\"https:\/\/www.jvigas.com\/fr\/\"},{\"@type\":\"ListItem\",\"position\":2,\"name\":\"Pourquoi le li\u00e8ge\"}]},{\"@type\":\"WebSite\",\"@id\":\"https:\/\/www.jvigas.com\/#website\",\"url\":\"https:\/\/www.jvigas.com\/\",\"name\":\"J\u00b7Vigas\",\"description\":\"Naturaleza \u00b7 Artesan\u00eda \u00b7 Ciencia - Tapones de corcho desde 1887\",\"potentialAction\":[{\"@type\":\"SearchAction\",\"target\":{\"@type\":\"EntryPoint\",\"urlTemplate\":\"https:\/\/www.jvigas.com\/?s={search_term_string}\"},\"query-input\":{\"@type\":\"PropertyValueSpecification\",\"valueRequired\":true,\"valueName\":\"search_term_string\"}}],\"inLanguage\":\"fr-FR\"}]}<\/script>\n<!-- \/ Yoast SEO plugin. -->","yoast_head_json":{"title":"Pourquoi le li\u00e8ge - J\u00b7Vigas","description":"Le li\u00e8ge est le mat\u00e9riau qui s\u2019adapte le mieux aux besoins de votre vin et le bouchon en li\u00e8ge est la fermeture de bouteille la plus durable qui existe.","robots":{"index":"index","follow":"follow","max-snippet":"max-snippet:-1","max-image-preview":"max-image-preview:large","max-video-preview":"max-video-preview:-1"},"canonical":"https:\/\/www.jvigas.com\/fr\/pourquoi-liege\/","og_locale":"fr_FR","og_type":"article","og_title":"Pourquoi le li\u00e8ge - J\u00b7Vigas","og_description":"Le li\u00e8ge est le mat\u00e9riau qui s\u2019adapte le mieux aux besoins de votre vin et le bouchon en li\u00e8ge est la fermeture de bouteille la plus durable qui existe.","og_url":"https:\/\/www.jvigas.com\/fr\/pourquoi-liege\/","og_site_name":"J\u00b7Vigas","article_modified_time":"2021-06-17T16:35:35+00:00","twitter_card":"summary_large_image","twitter_misc":{"Dur\u00e9e de lecture estim\u00e9e":"3 minutes"},"schema":{"@context":"https:\/\/schema.org","@graph":[{"@type":"WebPage","@id":"https:\/\/www.jvigas.com\/fr\/pourquoi-liege\/","url":"https:\/\/www.jvigas.com\/fr\/pourquoi-liege\/","name":"Pourquoi le li\u00e8ge - J\u00b7Vigas","isPartOf":{"@id":"https:\/\/www.jvigas.com\/#website"},"datePublished":"2021-01-25T14:20:21+00:00","dateModified":"2021-06-17T16:35:35+00:00","description":"Le li\u00e8ge est le mat\u00e9riau qui s\u2019adapte le mieux aux besoins de votre vin et le bouchon en li\u00e8ge est la fermeture de bouteille la plus durable qui existe.","breadcrumb":{"@id":"https:\/\/www.jvigas.com\/fr\/pourquoi-liege\/#breadcrumb"},"inLanguage":"fr-FR","potentialAction":[{"@type":"ReadAction","target":["https:\/\/www.jvigas.com\/fr\/pourquoi-liege\/"]}]},{"@type":"BreadcrumbList","@id":"https:\/\/www.jvigas.com\/fr\/pourquoi-liege\/#breadcrumb","itemListElement":[{"@type":"ListItem","position":1,"name":"Home","item":"https:\/\/www.jvigas.com\/fr\/"},{"@type":"ListItem","position":2,"name":"Pourquoi le li\u00e8ge"}]},{"@type":"WebSite","@id":"https:\/\/www.jvigas.com\/#website","url":"https:\/\/www.jvigas.com\/","name":"J\u00b7Vigas","description":"Naturaleza \u00b7 Artesan\u00eda \u00b7 Ciencia - Tapones de corcho desde 1887","potentialAction":[{"@type":"SearchAction","target":{"@type":"EntryPoint","urlTemplate":"https:\/\/www.jvigas.com\/?s={search_term_string}"},"query-input":{"@type":"PropertyValueSpecification","valueRequired":true,"valueName":"search_term_string"}}],"inLanguage":"fr-FR"}]}},"_links":{"self":[{"href":"https:\/\/www.jvigas.com\/fr\/wp-json\/wp\/v2\/pages\/3099","targetHints":{"allow":["GET"]}}],"collection":[{"href":"https:\/\/www.jvigas.com\/fr\/wp-json\/wp\/v2\/pages"}],"about":[{"href":"https:\/\/www.jvigas.com\/fr\/wp-json\/wp\/v2\/types\/page"}],"author":[{"embeddable":true,"href":"https:\/\/www.jvigas.com\/fr\/wp-json\/wp\/v2\/users\/2"}],"replies":[{"embeddable":true,"href":"https:\/\/www.jvigas.com\/fr\/wp-json\/wp\/v2\/comments?post=3099"}],"version-history":[{"count":5,"href":"https:\/\/www.jvigas.com\/fr\/wp-json\/wp\/v2\/pages\/3099\/revisions"}],"predecessor-version":[{"id":3160,"href":"https:\/\/www.jvigas.com\/fr\/wp-json\/wp\/v2\/pages\/3099\/revisions\/3160"}],"wp:attachment":[{"href":"https:\/\/www.jvigas.com\/fr\/wp-json\/wp\/v2\/media?parent=3099"}],"curies":[{"name":"wp","href":"https:\/\/api.w.org\/{rel}","templated":true}]}}