{"id":3084,"date":"2021-01-25T16:00:27","date_gmt":"2021-01-25T14:00:27","guid":{"rendered":"https:\/\/www.jvigas.com\/futuro-dfd\/"},"modified":"2026-02-05T13:32:42","modified_gmt":"2026-02-05T11:32:42","slug":"avenir","status":"publish","type":"page","link":"https:\/\/www.jvigas.com\/fr\/avenir\/","title":{"rendered":"Vision"},"content":{"rendered":"<p>[et_pb_section fb_built=\u00a0\u00bb1&Prime; theme_builder_area=\u00a0\u00bbpost_content\u00a0\u00bb _builder_version=\u00a0\u00bb4.24.2&Prime; _module_preset=\u00a0\u00bbdefault\u00a0\u00bb][\/et_pb_section][et_pb_section fb_built=\u00a0\u00bb1&Prime; _builder_version=\u00a0\u00bb4.16&Prime; background_color=\u00a0\u00bb#FFFFFF\u00a0\u00bb global_colors_info=\u00a0\u00bb{}\u00a0\u00bb theme_builder_area=\u00a0\u00bbpost_content\u00a0\u00bb][et_pb_row _builder_version=\u00a0\u00bb4.16&Prime; global_colors_info=\u00a0\u00bb{}\u00a0\u00bb theme_builder_area=\u00a0\u00bbpost_content\u00a0\u00bb][et_pb_column type=\u00a0\u00bb4_4&Prime; _builder_version=\u00a0\u00bb4.16&Prime; global_colors_info=\u00a0\u00bb{}\u00a0\u00bb theme_builder_area=\u00a0\u00bbpost_content\u00a0\u00bb][et_pb_text _builder_version=\u00a0\u00bb4.24.2&Prime; text_text_color=\u00a0\u00bb#000000&Prime; text_font_size=\u00a0\u00bb16px\u00a0\u00bb header_font=\u00a0\u00bb|||||on|||\u00a0\u00bb header_text_color=\u00a0\u00bb#1d515d\u00a0\u00bb header_font_size=\u00a0\u00bb58px\u00a0\u00bb header_2_font=\u00a0\u00bb|||on|||||\u00a0\u00bb header_2_text_align=\u00a0\u00bbcenter\u00a0\u00bb global_colors_info=\u00a0\u00bb{}\u00a0\u00bb theme_builder_area=\u00a0\u00bbpost_content\u00a0\u00bb]<\/p>\n<h1 style=\"text-align: center;\">Vision<\/h1>\n<p>[\/et_pb_text][et_pb_text disabled_on=\u00a0\u00bbon|off|off\u00a0\u00bb _builder_version=\u00a0\u00bb4.24.2&Prime; text_text_color=\u00a0\u00bb#000000&Prime; text_font_size=\u00a0\u00bb16px\u00a0\u00bb header_font=\u00a0\u00bb|||||on|||\u00a0\u00bb header_text_color=\u00a0\u00bb#1d515d\u00a0\u00bb header_font_size=\u00a0\u00bb58px\u00a0\u00bb header_2_font=\u00a0\u00bb|||on|||||\u00a0\u00bb header_2_text_align=\u00a0\u00bbcenter\u00a0\u00bb header_3_font=\u00a0\u00bb|||||on|||\u00a0\u00bb hover_enabled=\u00a0\u00bb0&Prime; global_colors_info=\u00a0\u00bb{}\u00a0\u00bb theme_builder_area=\u00a0\u00bbpost_content\u00a0\u00bb sticky_enabled=\u00a0\u00bb0&Prime;]<\/p>\n<h2 class=\"p1\"><span class=\"s1\"><b><span>D\u00c9CISIONS CONSCIENTES<\/span><br \/><\/b><\/span><\/h2>\n<p><span class=\"s1\"><b><\/b><\/span><\/p>\n<h3 style=\"text-align: right;\"><span><\/span><\/h3>\n<h3 style=\"text-align: right;\"><span><\/span><\/h3>\n<h3 style=\"text-align: right;\"><span><\/span><\/h3>\n<h3 style=\"text-align: right;\"><span><\/span><\/h3>\n<h3 style=\"text-align: right;\"><span><\/span><\/h3>\n<h3 style=\"text-align: right;\"><span>\u00ab Le temps r\u00e9v\u00e8le la v\u00e9rit\u00e9 \u00bb<\/span><\/h3>\n<h3 style=\"text-align: right;\"><span>S\u00e9n\u00e8que<\/span><\/h3>\n<p>[\/et_pb_text][et_pb_text disabled_on=\u00a0\u00bboff|on|on\u00a0\u00bb _builder_version=\u00a0\u00bb4.24.2&Prime; text_text_color=\u00a0\u00bb#000000&Prime; text_font_size=\u00a0\u00bb16px\u00a0\u00bb header_font=\u00a0\u00bb|||||on|||\u00a0\u00bb header_text_color=\u00a0\u00bb#1d515d\u00a0\u00bb header_font_size=\u00a0\u00bb58px\u00a0\u00bb header_2_font=\u00a0\u00bb|||on|||||\u00a0\u00bb header_2_text_align=\u00a0\u00bbcenter\u00a0\u00bb header_2_font_size=\u00a0\u00bb20px\u00a0\u00bb header_3_font=\u00a0\u00bb|||||on|||\u00a0\u00bb header_3_font_size=\u00a0\u00bb18px\u00a0\u00bb hover_enabled=\u00a0\u00bb0&Prime; global_colors_info=\u00a0\u00bb{}\u00a0\u00bb theme_builder_area=\u00a0\u00bbpost_content\u00a0\u00bb sticky_enabled=\u00a0\u00bb0&Prime;]<\/p>\n<h2 class=\"p1\"><span class=\"s1\"><b>D\u00e9cisions conscientes<\/b><\/span><\/h2>\n<p><span class=\"s1\"><b><\/b><\/span><\/p>\n<h3 style=\"text-align: right;\"><span><\/span><\/h3>\n<h3 style=\"text-align: right;\"><span><\/span><\/h3>\n<h3 style=\"text-align: right;\"><span><\/span><\/h3>\n<h3 style=\"text-align: right;\"><span><\/span><\/h3>\n<h3 style=\"text-align: right;\"><span><\/span><\/h3>\n<h3 style=\"text-align: right;\"><span>\u00ab Le temps r\u00e9v\u00e8le la v\u00e9rit\u00e9 \u00bb<\/span><\/h3>\n<h3 style=\"text-align: right;\"><span>S\u00e9n\u00e8que<\/span><\/h3>\n<p>[\/et_pb_text][\/et_pb_column][\/et_pb_row][\/et_pb_section][et_pb_section fb_built=\u00a0\u00bb1&Prime; _builder_version=\u00a0\u00bb4.24.2&Prime; background_image=\u00a0\u00bbhttps:\/\/www.jvigas.com\/wp-content\/uploads\/2026\/02\/dark_image-copia.jpg\u00a0\u00bb global_colors_info=\u00a0\u00bb{}\u00a0\u00bb theme_builder_area=\u00a0\u00bbpost_content\u00a0\u00bb][et_pb_row column_structure=\u00a0\u00bb1_4,3_4&Prime; _builder_version=\u00a0\u00bb4.16&Prime; background_color=\u00a0\u00bbrgba(0,0,0,0)\u00a0\u00bb width=\u00a0\u00bb87.2%\u00a0\u00bb global_colors_info=\u00a0\u00bb{}\u00a0\u00bb theme_builder_area=\u00a0\u00bbpost_content\u00a0\u00bb][et_pb_column type=\u00a0\u00bb1_4&Prime; _builder_version=\u00a0\u00bb4.16&Prime; global_colors_info=\u00a0\u00bb{}\u00a0\u00bb theme_builder_area=\u00a0\u00bbpost_content\u00a0\u00bb][\/et_pb_column][et_pb_column type=\u00a0\u00bb3_4&Prime; _builder_version=\u00a0\u00bb4.16&Prime; global_colors_info=\u00a0\u00bb{}\u00a0\u00bb theme_builder_area=\u00a0\u00bbpost_content\u00a0\u00bb][et_pb_text _builder_version=\u00a0\u00bb4.24.2&Prime; text_text_color=\u00a0\u00bb#FFFFFF\u00a0\u00bb text_font_size=\u00a0\u00bb16px\u00a0\u00bb header_font=\u00a0\u00bb|||||on|||\u00a0\u00bb header_text_color=\u00a0\u00bb#1d515d\u00a0\u00bb header_font_size=\u00a0\u00bb58px\u00a0\u00bb header_2_font=\u00a0\u00bb|||on|||||\u00a0\u00bb header_2_text_align=\u00a0\u00bbcenter\u00a0\u00bb header_4_line_height=\u00a0\u00bb1.3em\u00a0\u00bb min_height=\u00a0\u00bb469px\u00a0\u00bb custom_padding=\u00a0\u00bb101px|||||\u00a0\u00bb global_colors_info=\u00a0\u00bb{}\u00a0\u00bb theme_builder_area=\u00a0\u00bbpost_content\u00a0\u00bb]<\/p>\n<p>&nbsp;<\/p>\n<h3><span style=\"color: #ffffff;\">Nous croyons en un futur qui se construit avec discernement, et non dans l\u2019urgence.<\/span><\/h3>\n<p data-start=\"4333\" data-end=\"4433\">\n<p data-start=\"4435\" data-end=\"5528\">Dans un secteur soumis \u00e0 la pression du court terme, chez J\u00b7Vigas, nous continuons \u00e0 travailler \u00e0 partir de ce qui nous a men\u00e9s jusqu\u2019ici : <strong>la nature, le savoir et le respect des processus<\/strong>. Car toutes les d\u00e9cisions n\u2019ont pas le m\u00eame impact lorsque le vin, le temps et son \u00e9volution sont en jeu.<\/p>\n<p data-start=\"4435\" data-end=\"5528\"><br data-start=\"4729\" data-end=\"4732\" \/>Nous travaillons avec du li\u00e8ge <strong>100 % naturel<\/strong>, car c\u2019est une mati\u00e8re vivante, li\u00e9e au territoire et \u00e0 <strong>l\u2019\u00e9quilibre<\/strong> de la for\u00eat. Une mati\u00e8re qui ne se contente pas de fermer une bouteille, mais <strong>accompagne<\/strong> le vin dans son parcours, en respectant son identit\u00e9 et son rythme.<\/p>\n<p data-start=\"4435\" data-end=\"5528\"><br data-start=\"5001\" data-end=\"5004\" \/>Nous comprenons la durabilit\u00e9 non pas comme un argument, mais comme une mani\u00e8re d\u2019agir. Une fa\u00e7on de travailler qui traverse le produit, les processus et les <strong>relations<\/strong> que nous construisons avec les personnes et l\u2019environnement.<br data-start=\"5232\" data-end=\"5235\" \/>De la for\u00eat \u00e0 la cave.<\/p>\n<p data-start=\"4435\" data-end=\"5528\"><br data-start=\"5257\" data-end=\"5260\" \/>Notre vision est de continuer \u00e0 \u00eatre une <strong>entreprise familiale 100 % ind\u00e9pendante<\/strong>, exigeante et coh\u00e9rente. Capable d\u2019offrir des solutions honn\u00eates aux <em>caves qui pensent \u00e0 long terme<\/em> et comprennent que la v\u00e9ritable qualit\u00e9 n\u2019est pas toujours imm\u00e9diatement perceptible.<\/p>\n<p>&nbsp;<\/p>\n<h4><span style=\"color: #ffffff;\">Car l\u2019avenir du vin, qui est celui du li\u00e8ge, ne se d\u00e9cide pas seulement aujourd\u2019hui.<br data-start=\"5614\" data-end=\"5617\" \/>Il se r\u00e9v\u00e8le avec le temps.<\/span><\/h4>\n<p><span class=\"s1\"><\/span><\/p>\n<p>[\/et_pb_text][\/et_pb_column][\/et_pb_row][\/et_pb_section][et_pb_section fb_built=\u00a0\u00bb1&Prime; _builder_version=\u00a0\u00bb4.24.2&Prime; _module_preset=\u00a0\u00bbdefault\u00a0\u00bb global_colors_info=\u00a0\u00bb{}\u00a0\u00bb theme_builder_area=\u00a0\u00bbpost_content\u00a0\u00bb][et_pb_row _builder_version=\u00a0\u00bb4.24.2&Prime; _module_preset=\u00a0\u00bbdefault\u00a0\u00bb global_colors_info=\u00a0\u00bb{}\u00a0\u00bb theme_builder_area=\u00a0\u00bbpost_content\u00a0\u00bb][et_pb_column type=\u00a0\u00bb4_4&Prime; _builder_version=\u00a0\u00bb4.24.2&Prime; _module_preset=\u00a0\u00bbdefault\u00a0\u00bb global_colors_info=\u00a0\u00bb{}\u00a0\u00bb theme_builder_area=\u00a0\u00bbpost_content\u00a0\u00bb][et_pb_text _builder_version=\u00a0\u00bb4.24.2&Prime; _module_preset=\u00a0\u00bbdefault\u00a0\u00bb hover_enabled=\u00a0\u00bb0&Prime; global_colors_info=\u00a0\u00bb{}\u00a0\u00bb theme_builder_area=\u00a0\u00bbpost_content\u00a0\u00bb sticky_enabled=\u00a0\u00bb0&Prime;]<\/p>\n<h2 style=\"text-align: center;\"><b>MANIFESTO J\u00b7VIGAS<\/b><\/h2>\n<p>[\/et_pb_text][\/et_pb_column][\/et_pb_row][et_pb_row column_structure=\u00a0\u00bb1_2,1_2&Prime; _builder_version=\u00a0\u00bb4.24.2&Prime; _module_preset=\u00a0\u00bbdefault\u00a0\u00bb global_colors_info=\u00a0\u00bb{}\u00a0\u00bb theme_builder_area=\u00a0\u00bbpost_content\u00a0\u00bb][et_pb_column type=\u00a0\u00bb1_2&Prime; _builder_version=\u00a0\u00bb4.24.2&Prime; _module_preset=\u00a0\u00bbdefault\u00a0\u00bb global_colors_info=\u00a0\u00bb{}\u00a0\u00bb theme_builder_area=\u00a0\u00bbpost_content\u00a0\u00bb][et_pb_text _builder_version=\u00a0\u00bb4.24.2&Prime; _module_preset=\u00a0\u00bbdefault\u00a0\u00bb global_colors_info=\u00a0\u00bb{}\u00a0\u00bb theme_builder_area=\u00a0\u00bbpost_content\u00a0\u00bb]<\/p>\n<p data-start=\"5648\" data-end=\"5799\">\u00c0 une \u00e9poque o\u00f9 tout pousse \u00e0 simplifier,<br data-start=\"5689\" data-end=\"5692\" \/>nous choisissons de continuer \u00e0 bien faire les choses.<br data-start=\"5746\" data-end=\"5749\" \/><strong>Sans pr\u00e9cipitation. Sans bruit. Sans raccourcis.<\/strong><\/p>\n<p data-start=\"5801\" data-end=\"5969\">Nous travaillons avec du<strong> li\u00e8ge 100 % naturel<\/strong><br data-start=\"5845\" data-end=\"5848\" \/>car nous croyons en la mati\u00e8re,<br data-start=\"5879\" data-end=\"5882\" \/>dans le temps dont elle a besoin,<br data-start=\"5915\" data-end=\"5918\" \/>et dans ce qu\u2019elle apporte lorsqu\u2019on la respecte.<\/p>\n<p data-start=\"5971\" data-end=\"6062\">Certains processus ne peuvent pas \u00eatre acc\u00e9l\u00e9r\u00e9s<br data-start=\"6019\" data-end=\"6022\" \/>sans perdre quelque chose d\u2019<strong><em>essentiel<\/em><\/strong>.<\/p>\n<p data-start=\"6064\" data-end=\"6213\">L<strong>\u2019exp\u00e9rience<\/strong> nous a appris<br data-start=\"6090\" data-end=\"6093\" \/>que toutes les solutions ne r\u00e9agissent pas de la m\u00eame mani\u00e8re<br data-start=\"6154\" data-end=\"6157\" \/>lorsque les sens,<br data-start=\"6174\" data-end=\"6177\" \/>le vin,<br data-start=\"6184\" data-end=\"6187\" \/>et le <strong><em>temps<\/em><\/strong> sont en jeu.<\/p>\n<blockquote>\n<p data-start=\"6215\" data-end=\"6340\"><strong>Nous avons toujours travaill\u00e9 avec une vision \u00e0 long terme.<\/strong><br data-start=\"6274\" data-end=\"6277\" \/><strong>Peut-\u00eatre est-ce pour cela que nous sommes arriv\u00e9s jusqu\u2019ici.<\/strong><\/p>\n<\/blockquote>\n<p data-start=\"6342\" data-end=\"6492\">Chez J\u00b7Vigas, le produit n\u2019est pas seulement un bouchon.<br data-start=\"6398\" data-end=\"6401\" \/>C\u2019est un choix partag\u00e9,<br data-start=\"6424\" data-end=\"6427\" \/>une relation construite,<br data-start=\"6451\" data-end=\"6454\" \/>et <strong>une mani\u00e8re de comprendre le vin<\/strong>.<\/p>\n<p data-start=\"6494\" data-end=\"6635\">Nous ne faisons pas de concurrence sur le prix.<br data-start=\"6541\" data-end=\"6544\" \/>Nous ne cherchons pas le volume.<br data-start=\"6576\" data-end=\"6579\" \/>Nous ne promettons pas ce que la for\u00eat ne peut donner.<\/p>\n<p data-start=\"6637\" data-end=\"6728\">Le vin a besoin de temps, <em>il n\u2019y a pas de raccourcis sans <strong>cons\u00e9quences<\/strong><\/em>. Le bouchon aussi.<\/p>\n<p>[\/et_pb_text][\/et_pb_column][et_pb_column type=\u00a0\u00bb1_2&Prime; _builder_version=\u00a0\u00bb4.24.2&Prime; _module_preset=\u00a0\u00bbdefault\u00a0\u00bb global_colors_info=\u00a0\u00bb{}\u00a0\u00bb theme_builder_area=\u00a0\u00bbpost_content\u00a0\u00bb][et_pb_image src=\u00a0\u00bbhttps:\/\/www.jvigas.com\/wp-content\/uploads\/2026\/02\/IMG_3448-scaled.jpg\u00a0\u00bb title_text=\u00a0\u00bbIMG_3448&Prime; _builder_version=\u00a0\u00bb4.24.2&Prime; _module_preset=\u00a0\u00bbdefault\u00a0\u00bb global_colors_info=\u00a0\u00bb{}\u00a0\u00bb theme_builder_area=\u00a0\u00bbpost_content\u00a0\u00bb][\/et_pb_image][\/et_pb_column][\/et_pb_row][\/et_pb_section]<\/p>\n","protected":false},"excerpt":{"rendered":"<p>Notre vision : bien choisir d\u00e8s l\u2019origine. Li\u00e8ge 100 % naturel, regard \u00e0 long terme et engagement envers l\u2019\u00e9volution du vin.<\/p>\n","protected":false},"author":2,"featured_media":0,"parent":0,"menu_order":0,"comment_status":"closed","ping_status":"closed","template":"","meta":{"_et_pb_use_builder":"on","_et_pb_old_content":"","_et_gb_content_width":"","footnotes":""},"class_list":["post-3084","page","type-page","status-publish","hentry"],"yoast_head":"<!-- This site is optimized with the Yoast SEO plugin v26.3 - https:\/\/yoast.com\/wordpress\/plugins\/seo\/ -->\n<title>Vision - J\u00b7Vigas<\/title>\n<meta name=\"description\" content=\"Notre vision : bien choisir d\u00e8s l\u2019origine. Li\u00e8ge 100 % naturel, regard \u00e0 long terme et engagement envers l\u2019\u00e9volution du vin.\" \/>\n<meta name=\"robots\" content=\"index, follow, max-snippet:-1, max-image-preview:large, max-video-preview:-1\" \/>\n<link rel=\"canonical\" href=\"https:\/\/www.jvigas.com\/fr\/avenir\/\" \/>\n<meta property=\"og:locale\" content=\"fr_FR\" \/>\n<meta property=\"og:type\" content=\"article\" \/>\n<meta property=\"og:title\" content=\"Vision - J\u00b7Vigas\" \/>\n<meta property=\"og:description\" content=\"Notre vision : bien choisir d\u00e8s l\u2019origine. Li\u00e8ge 100 % naturel, regard \u00e0 long terme et engagement envers l\u2019\u00e9volution du vin.\" \/>\n<meta property=\"og:url\" content=\"https:\/\/www.jvigas.com\/fr\/avenir\/\" \/>\n<meta property=\"og:site_name\" content=\"J\u00b7Vigas\" \/>\n<meta property=\"article:modified_time\" content=\"2026-02-05T11:32:42+00:00\" \/>\n<meta name=\"twitter:card\" content=\"summary_large_image\" \/>\n<meta name=\"twitter:label1\" content=\"Dur\u00e9e de lecture estim\u00e9e\" \/>\n\t<meta name=\"twitter:data1\" content=\"3 minutes\" \/>\n<script type=\"application\/ld+json\" class=\"yoast-schema-graph\">{\"@context\":\"https:\/\/schema.org\",\"@graph\":[{\"@type\":\"WebPage\",\"@id\":\"https:\/\/www.jvigas.com\/fr\/avenir\/\",\"url\":\"https:\/\/www.jvigas.com\/fr\/avenir\/\",\"name\":\"Vision - J\u00b7Vigas\",\"isPartOf\":{\"@id\":\"https:\/\/www.jvigas.com\/#website\"},\"datePublished\":\"2021-01-25T14:00:27+00:00\",\"dateModified\":\"2026-02-05T11:32:42+00:00\",\"description\":\"Notre vision : bien choisir d\u00e8s l\u2019origine. Li\u00e8ge 100 % naturel, regard \u00e0 long terme et engagement envers l\u2019\u00e9volution du vin.\",\"breadcrumb\":{\"@id\":\"https:\/\/www.jvigas.com\/fr\/avenir\/#breadcrumb\"},\"inLanguage\":\"fr-FR\",\"potentialAction\":[{\"@type\":\"ReadAction\",\"target\":[\"https:\/\/www.jvigas.com\/fr\/avenir\/\"]}]},{\"@type\":\"BreadcrumbList\",\"@id\":\"https:\/\/www.jvigas.com\/fr\/avenir\/#breadcrumb\",\"itemListElement\":[{\"@type\":\"ListItem\",\"position\":1,\"name\":\"Home\",\"item\":\"https:\/\/www.jvigas.com\/fr\/\"},{\"@type\":\"ListItem\",\"position\":2,\"name\":\"Vision\"}]},{\"@type\":\"WebSite\",\"@id\":\"https:\/\/www.jvigas.com\/#website\",\"url\":\"https:\/\/www.jvigas.com\/\",\"name\":\"J\u00b7Vigas\",\"description\":\"Naturaleza \u00b7 Artesan\u00eda \u00b7 Ciencia - Tapones de corcho desde 1887\",\"potentialAction\":[{\"@type\":\"SearchAction\",\"target\":{\"@type\":\"EntryPoint\",\"urlTemplate\":\"https:\/\/www.jvigas.com\/?s={search_term_string}\"},\"query-input\":{\"@type\":\"PropertyValueSpecification\",\"valueRequired\":true,\"valueName\":\"search_term_string\"}}],\"inLanguage\":\"fr-FR\"}]}<\/script>\n<!-- \/ Yoast SEO plugin. -->","yoast_head_json":{"title":"Vision - J\u00b7Vigas","description":"Notre vision : bien choisir d\u00e8s l\u2019origine. Li\u00e8ge 100 % naturel, regard \u00e0 long terme et engagement envers l\u2019\u00e9volution du vin.","robots":{"index":"index","follow":"follow","max-snippet":"max-snippet:-1","max-image-preview":"max-image-preview:large","max-video-preview":"max-video-preview:-1"},"canonical":"https:\/\/www.jvigas.com\/fr\/avenir\/","og_locale":"fr_FR","og_type":"article","og_title":"Vision - J\u00b7Vigas","og_description":"Notre vision : bien choisir d\u00e8s l\u2019origine. Li\u00e8ge 100 % naturel, regard \u00e0 long terme et engagement envers l\u2019\u00e9volution du vin.","og_url":"https:\/\/www.jvigas.com\/fr\/avenir\/","og_site_name":"J\u00b7Vigas","article_modified_time":"2026-02-05T11:32:42+00:00","twitter_card":"summary_large_image","twitter_misc":{"Dur\u00e9e de lecture estim\u00e9e":"3 minutes"},"schema":{"@context":"https:\/\/schema.org","@graph":[{"@type":"WebPage","@id":"https:\/\/www.jvigas.com\/fr\/avenir\/","url":"https:\/\/www.jvigas.com\/fr\/avenir\/","name":"Vision - J\u00b7Vigas","isPartOf":{"@id":"https:\/\/www.jvigas.com\/#website"},"datePublished":"2021-01-25T14:00:27+00:00","dateModified":"2026-02-05T11:32:42+00:00","description":"Notre vision : bien choisir d\u00e8s l\u2019origine. Li\u00e8ge 100 % naturel, regard \u00e0 long terme et engagement envers l\u2019\u00e9volution du vin.","breadcrumb":{"@id":"https:\/\/www.jvigas.com\/fr\/avenir\/#breadcrumb"},"inLanguage":"fr-FR","potentialAction":[{"@type":"ReadAction","target":["https:\/\/www.jvigas.com\/fr\/avenir\/"]}]},{"@type":"BreadcrumbList","@id":"https:\/\/www.jvigas.com\/fr\/avenir\/#breadcrumb","itemListElement":[{"@type":"ListItem","position":1,"name":"Home","item":"https:\/\/www.jvigas.com\/fr\/"},{"@type":"ListItem","position":2,"name":"Vision"}]},{"@type":"WebSite","@id":"https:\/\/www.jvigas.com\/#website","url":"https:\/\/www.jvigas.com\/","name":"J\u00b7Vigas","description":"Naturaleza \u00b7 Artesan\u00eda \u00b7 Ciencia - Tapones de corcho desde 1887","potentialAction":[{"@type":"SearchAction","target":{"@type":"EntryPoint","urlTemplate":"https:\/\/www.jvigas.com\/?s={search_term_string}"},"query-input":{"@type":"PropertyValueSpecification","valueRequired":true,"valueName":"search_term_string"}}],"inLanguage":"fr-FR"}]}},"_links":{"self":[{"href":"https:\/\/www.jvigas.com\/fr\/wp-json\/wp\/v2\/pages\/3084","targetHints":{"allow":["GET"]}}],"collection":[{"href":"https:\/\/www.jvigas.com\/fr\/wp-json\/wp\/v2\/pages"}],"about":[{"href":"https:\/\/www.jvigas.com\/fr\/wp-json\/wp\/v2\/types\/page"}],"author":[{"embeddable":true,"href":"https:\/\/www.jvigas.com\/fr\/wp-json\/wp\/v2\/users\/2"}],"replies":[{"embeddable":true,"href":"https:\/\/www.jvigas.com\/fr\/wp-json\/wp\/v2\/comments?post=3084"}],"version-history":[{"count":17,"href":"https:\/\/www.jvigas.com\/fr\/wp-json\/wp\/v2\/pages\/3084\/revisions"}],"predecessor-version":[{"id":10052,"href":"https:\/\/www.jvigas.com\/fr\/wp-json\/wp\/v2\/pages\/3084\/revisions\/10052"}],"wp:attachment":[{"href":"https:\/\/www.jvigas.com\/fr\/wp-json\/wp\/v2\/media?parent=3084"}],"curies":[{"name":"wp","href":"https:\/\/api.w.org\/{rel}","templated":true}]}}