{"id":3054,"date":"2021-01-25T14:01:22","date_gmt":"2021-01-25T12:01:22","guid":{"rendered":"https:\/\/www.jvigas.com\/artesania\/"},"modified":"2021-06-17T18:34:39","modified_gmt":"2021-06-17T16:34:39","slug":"artisanat","status":"publish","type":"page","link":"https:\/\/www.jvigas.com\/fr\/artisanat\/","title":{"rendered":"Artisanat"},"content":{"rendered":"<p>[et_pb_section fb_built=\u00a0\u00bb1&Prime; _builder_version=\u00a0\u00bb4.0.5&Prime; background_color=\u00a0\u00bb#FFFFFF\u00a0\u00bb][et_pb_row _builder_version=\u00a0\u00bb4.0.5&Prime;][et_pb_column type=\u00a0\u00bb4_4&Prime; _builder_version=\u00a0\u00bb4.0.5&Prime;][et_pb_text disabled_on=\u00a0\u00bbon|off|off\u00a0\u00bb _builder_version=\u00a0\u00bb4.6.1&Prime; text_text_color=\u00a0\u00bb#000000&Prime; text_font_size=\u00a0\u00bb16px\u00a0\u00bb header_font=\u00a0\u00bb|||||on|||\u00a0\u00bb header_text_color=\u00a0\u00bb#1d515d\u00a0\u00bb header_font_size=\u00a0\u00bb58px\u00a0\u00bb]<\/p>\n<h1 style=\"text-align: center;\">Artisanat<\/h1>\n<p>[\/et_pb_text][et_pb_text disabled_on=\u00a0\u00bboff|on|on\u00a0\u00bb _builder_version=\u00a0\u00bb4.6.1&Prime; text_text_color=\u00a0\u00bb#000000&Prime; text_font_size=\u00a0\u00bb16px\u00a0\u00bb header_font=\u00a0\u00bb|||||on|||\u00a0\u00bb header_text_color=\u00a0\u00bb#1d515d\u00a0\u00bb header_font_size=\u00a0\u00bb40px\u00a0\u00bb]<\/p>\n<h1 style=\"text-align: center;\">Artisanat<\/h1>\n<p>[\/et_pb_text][et_pb_text _builder_version=\u00a0\u00bb4.0.5&Prime; text_text_color=\u00a0\u00bb#000000&Prime; text_font_size=\u00a0\u00bb16px\u00a0\u00bb header_font=\u00a0\u00bb|||||on|||\u00a0\u00bb header_text_color=\u00a0\u00bb#1d515d\u00a0\u00bb header_font_size=\u00a0\u00bb58px\u00a0\u00bb]<\/p>\n<p class=\"p2\"><span style=\"font-size: 16px;\">Chez J\u00b7Vigas, nous aimons nous d\u00e9finir comme des\u00a0<\/span><b style=\"font-size: 16px;\">Artisans Bouchonniers<\/b><span style=\"font-size: 16px;\">. Nous revendiquons l\u2019artisanat, le sur-mesure et, d\u00e8s le d\u00e9but, nous avons mis\u00e9 sur <\/span><b style=\"font-size: 16px;\">l\u2019association entre savoir ancestral, technologie et science<\/b><span style=\"font-size: 16px;\">.<\/span><\/p>\n<p>&nbsp;<\/p>\n<p class=\"p5\"><span class=\"s1\">Nous sommes une entreprise ayant une exp\u00e9rience de plus de 130 ans dans la fabrication d\u2019un produit 100 % naturel r\u00e9alis\u00e9 \u00e0 l\u2019aide de technologies de pointe et d\u2019une \u00e9quipe technique qui compte chaque fois plus de profils scientifiques.<\/span><\/p>\n<p>&nbsp;<\/p>\n<p class=\"p5\"><span style=\"font-size: 16px;\">Cette philosophie de travail nous permet de mieux comprendre notre produit ainsi que les attentes de nos clients en nous\u00a0<\/span><b>adaptant\u00a0\u00e0 leurs besoins.<\/b><span style=\"font-size: 16px;\">\u00a0Cela fait de nous une sorte d\u2019usine sur mesure, capable de travailler \u00e0 petite \u00e9chelle mais ayant l\u2019envergure suffisante pour une grande production.<\/span><\/p>\n<p>&nbsp;<\/p>\n<p class=\"p7\"><span class=\"s1\"><\/span><\/p>\n<p>&nbsp;<\/p>\n<blockquote>\n<p><span style=\"font-size: x-large;\"><strong><span class=\"s1\">Cette polyvalence fait de nous le partenaire id\u00e9al des domaines qui recherchent s\u00e9curit\u00e9, personnalisation et proximit\u00e9.<\/span><\/strong><\/span><\/p>\n<\/blockquote>\n<p>&nbsp;<\/p>\n<p><span class=\"s1\">Au sein de notre entreprise, une main-d\u2019\u0153uvre experte nous permet de transformer la mati\u00e8re premi\u00e8re en bouchons de li\u00e8ge de qualit\u00e9 sup\u00e9rieure : elle s\u00e9lectionne les plaques, reconna\u00eet en un clin d\u2019\u0153il un bouchon d\u00e9fectueux et sait comment d\u00e9couper les bandes de li\u00e8ge afin d\u2019en tirer le meilleur profit. <\/span><span class=\"s2\">\u00c9tant donn\u00e9 que tout est r\u00e9alis\u00e9 manuellement, nous sommes en mesure de personnaliser les commandes selon les pr\u00e9f\u00e9rences du client.<\/span><\/p>\n<p>&nbsp;<\/p>\n<p><span class=\"s2\"><span class=\"s1\">Gr\u00e2ce \u00e0 notre ma\u00eetrise totale de l\u2019ensemble du processus de fabrication, de l\u2019arbre au bouchon, et \u00e0 la vari\u00e9t\u00e9 de produits que nous fabriquons, nous pouvons dire que nous faisons une utilisation optimale de la mati\u00e8re premi\u00e8re et produisons de fa\u00e7on durable diff\u00e9rentes gammes de produits en li\u00e8ge.<\/span><\/span><\/p>\n<p>&nbsp;<\/p>\n<p>[\/et_pb_text][\/et_pb_column][\/et_pb_row][\/et_pb_section][et_pb_section fb_built=\u00a0\u00bb1&Prime; _builder_version=\u00a0\u00bb4.0.5&Prime; background_image=\u00a0\u00bbhttp:\/\/web2020.jvigas.com\/wp-content\/uploads\/2019\/12\/70.jpg\u00a0\u00bb background_position=\u00a0\u00bbtop_left\u00a0\u00bb custom_padding=\u00a0\u00bb147px|||||\u00a0\u00bb][et_pb_row column_structure=\u00a0\u00bb1_2,1_2&Prime; _builder_version=\u00a0\u00bb4.0.5&Prime; background_color=\u00a0\u00bbrgba(0,0,0,0)\u00a0\u00bb width=\u00a0\u00bb87.2%\u00a0\u00bb custom_padding=\u00a0\u00bb33px|||||\u00a0\u00bb][et_pb_column type=\u00a0\u00bb1_2&Prime; _builder_version=\u00a0\u00bb4.0.5&Prime;][\/et_pb_column][et_pb_column type=\u00a0\u00bb1_2&Prime; _builder_version=\u00a0\u00bb4.0.5&Prime;][et_pb_text _builder_version=\u00a0\u00bb4.0.5&Prime; text_text_color=\u00a0\u00bb#ffffff\u00a0\u00bb text_font_size=\u00a0\u00bb34px\u00a0\u00bb text_line_height=\u00a0\u00bb1.1em\u00a0\u00bb custom_margin=\u00a0\u00bb-86px|||||\u00a0\u00bb custom_padding=\u00a0\u00bb||0px|||\u00a0\u00bb border_radii=\u00a0\u00bbon|3px|3px|3px|3px\u00a0\u00bb border_color_all=\u00a0\u00bb#000000&Prime;]<\/p>\n<p style=\"text-align: left;\"><strong><span class=\"s1\"><b>Nous associons notre exp\u00e9rience \u00e9prouv\u00e9e de plus de 130 ans \u00e0 la technologie de pointe<\/b><\/span><\/strong><\/p>\n<p>[\/et_pb_text][\/et_pb_column][\/et_pb_row][\/et_pb_section]<\/p>\n","protected":false},"excerpt":{"rendered":"<p>ArtisanatArtisanatChez J\u00b7Vigas, nous aimons nous d\u00e9finir comme des\u00a0Artisans Bouchonniers. Nous revendiquons l\u2019artisanat, le sur-mesure et, d\u00e8s le d\u00e9but, nous avons mis\u00e9 sur l\u2019association entre savoir ancestral, technologie et science. &nbsp; Nous sommes une entreprise ayant une exp\u00e9rience de plus de 130 ans dans la fabrication d\u2019un produit 100 % naturel r\u00e9alis\u00e9 \u00e0 l\u2019aide de technologies [&hellip;]<\/p>\n","protected":false},"author":2,"featured_media":0,"parent":0,"menu_order":0,"comment_status":"closed","ping_status":"closed","template":"","meta":{"_et_pb_use_builder":"on","_et_pb_old_content":"","_et_gb_content_width":"","footnotes":""},"class_list":["post-3054","page","type-page","status-publish","hentry"],"yoast_head":"<!-- This site is optimized with the Yoast SEO plugin v26.3 - https:\/\/yoast.com\/wordpress\/plugins\/seo\/ -->\n<title>Artisanat - J\u00b7Vigas<\/title>\n<meta name=\"description\" content=\"Chez J\u00b7Vigas, nous aimons nous d\u00e9finir comme des artisans bouchonniers. Nous revendiquons l\u2019artisanat, le sur mesure, combin\u00e9 avec la technologie\" \/>\n<meta name=\"robots\" content=\"index, follow, max-snippet:-1, max-image-preview:large, max-video-preview:-1\" \/>\n<link rel=\"canonical\" href=\"https:\/\/www.jvigas.com\/fr\/artisanat\/\" \/>\n<meta property=\"og:locale\" content=\"fr_FR\" \/>\n<meta property=\"og:type\" content=\"article\" \/>\n<meta property=\"og:title\" content=\"Artisanat - J\u00b7Vigas\" \/>\n<meta property=\"og:description\" content=\"Chez J\u00b7Vigas, nous aimons nous d\u00e9finir comme des artisans bouchonniers. Nous revendiquons l\u2019artisanat, le sur mesure, combin\u00e9 avec la technologie\" \/>\n<meta property=\"og:url\" content=\"https:\/\/www.jvigas.com\/fr\/artisanat\/\" \/>\n<meta property=\"og:site_name\" content=\"J\u00b7Vigas\" \/>\n<meta property=\"article:modified_time\" content=\"2021-06-17T16:34:39+00:00\" \/>\n<meta name=\"twitter:card\" content=\"summary_large_image\" \/>\n<meta name=\"twitter:label1\" content=\"Dur\u00e9e de lecture estim\u00e9e\" \/>\n\t<meta name=\"twitter:data1\" content=\"3 minutes\" \/>\n<script type=\"application\/ld+json\" class=\"yoast-schema-graph\">{\"@context\":\"https:\/\/schema.org\",\"@graph\":[{\"@type\":\"WebPage\",\"@id\":\"https:\/\/www.jvigas.com\/fr\/artisanat\/\",\"url\":\"https:\/\/www.jvigas.com\/fr\/artisanat\/\",\"name\":\"Artisanat - J\u00b7Vigas\",\"isPartOf\":{\"@id\":\"https:\/\/www.jvigas.com\/#website\"},\"datePublished\":\"2021-01-25T12:01:22+00:00\",\"dateModified\":\"2021-06-17T16:34:39+00:00\",\"description\":\"Chez J\u00b7Vigas, nous aimons nous d\u00e9finir comme des artisans bouchonniers. Nous revendiquons l\u2019artisanat, le sur mesure, combin\u00e9 avec la technologie\",\"breadcrumb\":{\"@id\":\"https:\/\/www.jvigas.com\/fr\/artisanat\/#breadcrumb\"},\"inLanguage\":\"fr-FR\",\"potentialAction\":[{\"@type\":\"ReadAction\",\"target\":[\"https:\/\/www.jvigas.com\/fr\/artisanat\/\"]}]},{\"@type\":\"BreadcrumbList\",\"@id\":\"https:\/\/www.jvigas.com\/fr\/artisanat\/#breadcrumb\",\"itemListElement\":[{\"@type\":\"ListItem\",\"position\":1,\"name\":\"Home\",\"item\":\"https:\/\/www.jvigas.com\/fr\/\"},{\"@type\":\"ListItem\",\"position\":2,\"name\":\"Artisanat\"}]},{\"@type\":\"WebSite\",\"@id\":\"https:\/\/www.jvigas.com\/#website\",\"url\":\"https:\/\/www.jvigas.com\/\",\"name\":\"J\u00b7Vigas\",\"description\":\"Naturaleza \u00b7 Artesan\u00eda \u00b7 Ciencia - Tapones de corcho desde 1887\",\"potentialAction\":[{\"@type\":\"SearchAction\",\"target\":{\"@type\":\"EntryPoint\",\"urlTemplate\":\"https:\/\/www.jvigas.com\/?s={search_term_string}\"},\"query-input\":{\"@type\":\"PropertyValueSpecification\",\"valueRequired\":true,\"valueName\":\"search_term_string\"}}],\"inLanguage\":\"fr-FR\"}]}<\/script>\n<!-- \/ Yoast SEO plugin. -->","yoast_head_json":{"title":"Artisanat - J\u00b7Vigas","description":"Chez J\u00b7Vigas, nous aimons nous d\u00e9finir comme des artisans bouchonniers. Nous revendiquons l\u2019artisanat, le sur mesure, combin\u00e9 avec la technologie","robots":{"index":"index","follow":"follow","max-snippet":"max-snippet:-1","max-image-preview":"max-image-preview:large","max-video-preview":"max-video-preview:-1"},"canonical":"https:\/\/www.jvigas.com\/fr\/artisanat\/","og_locale":"fr_FR","og_type":"article","og_title":"Artisanat - J\u00b7Vigas","og_description":"Chez J\u00b7Vigas, nous aimons nous d\u00e9finir comme des artisans bouchonniers. Nous revendiquons l\u2019artisanat, le sur mesure, combin\u00e9 avec la technologie","og_url":"https:\/\/www.jvigas.com\/fr\/artisanat\/","og_site_name":"J\u00b7Vigas","article_modified_time":"2021-06-17T16:34:39+00:00","twitter_card":"summary_large_image","twitter_misc":{"Dur\u00e9e de lecture estim\u00e9e":"3 minutes"},"schema":{"@context":"https:\/\/schema.org","@graph":[{"@type":"WebPage","@id":"https:\/\/www.jvigas.com\/fr\/artisanat\/","url":"https:\/\/www.jvigas.com\/fr\/artisanat\/","name":"Artisanat - J\u00b7Vigas","isPartOf":{"@id":"https:\/\/www.jvigas.com\/#website"},"datePublished":"2021-01-25T12:01:22+00:00","dateModified":"2021-06-17T16:34:39+00:00","description":"Chez J\u00b7Vigas, nous aimons nous d\u00e9finir comme des artisans bouchonniers. Nous revendiquons l\u2019artisanat, le sur mesure, combin\u00e9 avec la technologie","breadcrumb":{"@id":"https:\/\/www.jvigas.com\/fr\/artisanat\/#breadcrumb"},"inLanguage":"fr-FR","potentialAction":[{"@type":"ReadAction","target":["https:\/\/www.jvigas.com\/fr\/artisanat\/"]}]},{"@type":"BreadcrumbList","@id":"https:\/\/www.jvigas.com\/fr\/artisanat\/#breadcrumb","itemListElement":[{"@type":"ListItem","position":1,"name":"Home","item":"https:\/\/www.jvigas.com\/fr\/"},{"@type":"ListItem","position":2,"name":"Artisanat"}]},{"@type":"WebSite","@id":"https:\/\/www.jvigas.com\/#website","url":"https:\/\/www.jvigas.com\/","name":"J\u00b7Vigas","description":"Naturaleza \u00b7 Artesan\u00eda \u00b7 Ciencia - Tapones de corcho desde 1887","potentialAction":[{"@type":"SearchAction","target":{"@type":"EntryPoint","urlTemplate":"https:\/\/www.jvigas.com\/?s={search_term_string}"},"query-input":{"@type":"PropertyValueSpecification","valueRequired":true,"valueName":"search_term_string"}}],"inLanguage":"fr-FR"}]}},"_links":{"self":[{"href":"https:\/\/www.jvigas.com\/fr\/wp-json\/wp\/v2\/pages\/3054","targetHints":{"allow":["GET"]}}],"collection":[{"href":"https:\/\/www.jvigas.com\/fr\/wp-json\/wp\/v2\/pages"}],"about":[{"href":"https:\/\/www.jvigas.com\/fr\/wp-json\/wp\/v2\/types\/page"}],"author":[{"embeddable":true,"href":"https:\/\/www.jvigas.com\/fr\/wp-json\/wp\/v2\/users\/2"}],"replies":[{"embeddable":true,"href":"https:\/\/www.jvigas.com\/fr\/wp-json\/wp\/v2\/comments?post=3054"}],"version-history":[{"count":10,"href":"https:\/\/www.jvigas.com\/fr\/wp-json\/wp\/v2\/pages\/3054\/revisions"}],"predecessor-version":[{"id":3395,"href":"https:\/\/www.jvigas.com\/fr\/wp-json\/wp\/v2\/pages\/3054\/revisions\/3395"}],"wp:attachment":[{"href":"https:\/\/www.jvigas.com\/fr\/wp-json\/wp\/v2\/media?parent=3054"}],"curies":[{"name":"wp","href":"https:\/\/api.w.org\/{rel}","templated":true}]}}