{"id":3052,"date":"2021-01-25T14:00:49","date_gmt":"2021-01-25T12:00:49","guid":{"rendered":"https:\/\/www.jvigas.com\/compromiso\/"},"modified":"2021-09-22T13:37:56","modified_gmt":"2021-09-22T11:37:56","slug":"engagement","status":"publish","type":"page","link":"https:\/\/www.jvigas.com\/fr\/engagement\/","title":{"rendered":"Engagement"},"content":{"rendered":"<p>[et_pb_section fb_built=\u00a0\u00bb1&Prime; _builder_version=\u00a0\u00bb4.6.1&Prime; _module_preset=\u00a0\u00bbdefault\u00a0\u00bb][et_pb_row _builder_version=\u00a0\u00bb4.6.1&Prime; _module_preset=\u00a0\u00bbdefault\u00a0\u00bb][et_pb_column type=\u00a0\u00bb4_4&Prime; _builder_version=\u00a0\u00bb4.6.1&Prime; _module_preset=\u00a0\u00bbdefault\u00a0\u00bb][et_pb_text disabled_on=\u00a0\u00bbon|off|off\u00a0\u00bb _builder_version=\u00a0\u00bb4.6.1&Prime; text_text_color=\u00a0\u00bb#000000&Prime; text_font_size=\u00a0\u00bb16px\u00a0\u00bb header_font=\u00a0\u00bb|||||on|||\u00a0\u00bb header_text_color=\u00a0\u00bb#1d515d\u00a0\u00bb header_font_size=\u00a0\u00bb58px\u00a0\u00bb]<\/p>\n<h1 style=\"text-align: center;\">Engagement<\/h1>\n<div class=\"et-pb-draggable-spacing et-pb-draggable-spacing__spacing et-pb-draggable-spacing__bottom et-pb-draggable-spacing__padding et-pb-draggable-spacing--animated et-pb-draggable-spacing--hovered\">\n<div class=\"et-pb-draggable-spacing__hint\"><\/div>\n<\/div>\n<div class=\"et-pb-draggable-spacing et-pb-draggable-spacing__spacing et-pb-draggable-spacing__right et-pb-draggable-spacing__padding et-pb-draggable-spacing--animated et-pb-draggable-spacing--no-size\">\n<div class=\"et-pb-draggable-spacing__hint\"><\/div>\n<\/div>\n<div class=\"et-pb-draggable-spacing et-pb-draggable-spacing__spacing et-pb-draggable-spacing__left et-pb-draggable-spacing__padding et-pb-draggable-spacing--animated et-pb-draggable-spacing--no-size\">\n<div class=\"et-pb-draggable-spacing__hint\"><\/div>\n<\/div>\n<div class=\"et-pb-draggable-spacing et-pb-draggable-spacing__spacing et-pb-draggable-spacing__top et-pb-draggable-spacing__margin et-pb-draggable-spacing__inner et-pb-draggable-spacing--draggable-edge et-pb-draggable-spacing--animated et-pb-draggable-spacing--no-size\">\n<div class=\"et-pb-draggable-spacing__hint\"><\/div>\n<\/div>\n<div class=\"et-pb-draggable-spacing et-pb-draggable-spacing__spacing et-pb-draggable-spacing__right et-pb-draggable-spacing__margin et-pb-draggable-spacing__inner et-pb-draggable-spacing--draggable-edge et-pb-draggable-spacing--animated\">\n<div class=\"et-pb-draggable-spacing__hint\"><\/div>\n<\/div>\n<div class=\"et-pb-draggable-spacing et-pb-draggable-spacing__spacing et-pb-draggable-spacing__bottom et-pb-draggable-spacing__margin et-pb-draggable-spacing__inner et-pb-draggable-spacing--draggable-edge et-pb-draggable-spacing--animated et-pb-draggable-spacing--no-size\">\n<div class=\"et-pb-draggable-spacing__hint\"><\/div>\n<\/div>\n<div class=\"et-pb-draggable-spacing et-pb-draggable-spacing__spacing et-pb-draggable-spacing__left et-pb-draggable-spacing__margin et-pb-draggable-spacing__inner et-pb-draggable-spacing--draggable-edge et-pb-draggable-spacing--animated\">\n<div class=\"et-pb-draggable-spacing__hint\"><\/div>\n<\/div>\n<div class=\"et-fb-mousetrap et-fb-mousetrap-move et-fb-mousetrap--row\"><\/div>\n<p><span class=\"s2\"><span class=\"s1\"><\/span><\/span><\/p>\n<p>[\/et_pb_text][et_pb_text disabled_on=\u00a0\u00bboff|on|on\u00a0\u00bb _builder_version=\u00a0\u00bb4.6.1&Prime; text_text_color=\u00a0\u00bb#000000&Prime; text_font_size=\u00a0\u00bb16px\u00a0\u00bb header_font=\u00a0\u00bb|||||on|||\u00a0\u00bb header_text_color=\u00a0\u00bb#1d515d\u00a0\u00bb header_font_size=\u00a0\u00bb40px\u00a0\u00bb]<\/p>\n<h1 style=\"text-align: center;\">Engagement<\/h1>\n<div class=\"et-pb-draggable-spacing et-pb-draggable-spacing__spacing et-pb-draggable-spacing__bottom et-pb-draggable-spacing__padding et-pb-draggable-spacing--animated et-pb-draggable-spacing--hovered\">\n<div class=\"et-pb-draggable-spacing__hint\"><\/div>\n<\/div>\n<div class=\"et-pb-draggable-spacing et-pb-draggable-spacing__spacing et-pb-draggable-spacing__right et-pb-draggable-spacing__padding et-pb-draggable-spacing--animated et-pb-draggable-spacing--no-size\">\n<div class=\"et-pb-draggable-spacing__hint\"><\/div>\n<\/div>\n<div class=\"et-pb-draggable-spacing et-pb-draggable-spacing__spacing et-pb-draggable-spacing__left et-pb-draggable-spacing__padding et-pb-draggable-spacing--animated et-pb-draggable-spacing--no-size\">\n<div class=\"et-pb-draggable-spacing__hint\"><\/div>\n<\/div>\n<div class=\"et-pb-draggable-spacing et-pb-draggable-spacing__spacing et-pb-draggable-spacing__top et-pb-draggable-spacing__margin et-pb-draggable-spacing__inner et-pb-draggable-spacing--draggable-edge et-pb-draggable-spacing--animated et-pb-draggable-spacing--no-size\">\n<div class=\"et-pb-draggable-spacing__hint\"><\/div>\n<\/div>\n<div class=\"et-pb-draggable-spacing et-pb-draggable-spacing__spacing et-pb-draggable-spacing__right et-pb-draggable-spacing__margin et-pb-draggable-spacing__inner et-pb-draggable-spacing--draggable-edge et-pb-draggable-spacing--animated\">\n<div class=\"et-pb-draggable-spacing__hint\"><\/div>\n<\/div>\n<div class=\"et-pb-draggable-spacing et-pb-draggable-spacing__spacing et-pb-draggable-spacing__bottom et-pb-draggable-spacing__margin et-pb-draggable-spacing__inner et-pb-draggable-spacing--draggable-edge et-pb-draggable-spacing--animated et-pb-draggable-spacing--no-size\">\n<div class=\"et-pb-draggable-spacing__hint\"><\/div>\n<\/div>\n<div class=\"et-pb-draggable-spacing et-pb-draggable-spacing__spacing et-pb-draggable-spacing__left et-pb-draggable-spacing__margin et-pb-draggable-spacing__inner et-pb-draggable-spacing--draggable-edge et-pb-draggable-spacing--animated\">\n<div class=\"et-pb-draggable-spacing__hint\"><\/div>\n<\/div>\n<div class=\"et-fb-mousetrap et-fb-mousetrap-move et-fb-mousetrap--row\"><\/div>\n<p><span class=\"s2\"><span class=\"s1\"><\/span><\/span><\/p>\n<p>[\/et_pb_text][et_pb_text _builder_version=\u00a0\u00bb4.6.1&Prime; _module_preset=\u00a0\u00bbdefault\u00a0\u00bb text_font_size=\u00a0\u00bb16px\u00a0\u00bb]<\/p>\n<p class=\"p2\"><span>Chez J\u00b7Vigas, nous concevons et \u00e9tablissons nos processus de gestion interne en pensant \u00e0 la dimension \u00e9conomique mais \u00e9galement aux aspects sociaux et environnementaux. <\/span><\/p>\n<p class=\"p2\"><span>Pour la famille Vigas ainsi que pour le reste de l\u2019\u00e9quipe, il est essentiel que les valeurs qui r\u00e9gissent notre quotidien comme le respect, la confiance, l\u2019esprit d\u2019\u00e9quipe et la durabilit\u00e9 <strong>soient partie int\u00e9grante de notre mode de travail et franchissent \u00e9galement les murs de l\u2019entreprise, touchant d\u2019autres sph\u00e8res de la soci\u00e9t\u00e9.<\/strong><\/span><\/p>\n<p class=\"p2\"><span><strong><\/strong><\/span><\/p>\n<p>[\/et_pb_text][et_pb_text _builder_version=\u00a0\u00bb4.6.1&Prime; _module_preset=\u00a0\u00bbdefault\u00a0\u00bb text_font_size=\u00a0\u00bb16px\u00a0\u00bb]<\/p>\n<div class=\"section mcb-section full-width no-margin-h no-margin-v\">\n<div class=\"section_wrapper mcb-section-inner\">\n<div class=\"wrap mcb-wrap one clearfix\">\n<div class=\"mcb-wrap-inner\">\n<div class=\"column mcb-column one column_column\">\n<div class=\"column_attr clearfix align_justify\">\n<h3 align=\"center\">Engagement envers la nature<\/h3>\n<p>Pour J\u00b7Vigas, la <strong><span><a href=\"https:\/\/www.jvigas.com\/fr\/futuro-dfd\/\">durabilit\u00e9 et le respect de l\u2019environnement<\/a><\/span><\/strong> est une valeur transversale qui r\u00e9git toutes les d\u00e9cisions et actions de l\u2019entreprise.<\/p>\n<p>Nous avons \u00e9t\u00e9 la premi\u00e8re entreprise \u00e0 faire partie de Red Ib\u00e9rica de Comercio Forestal (RIdCF) (R\u00e9seau ib\u00e9rique du commerce forestier), une initiative de WWF\/Adena, qui est un instrument efficace pour encourager l<strong>a gestion durable des for\u00eats et freiner ainsi la d\u00e9forestation et le changement climatique.<\/strong><\/p>\n<p>&nbsp;<\/p>\n<\/div>\n<\/div>\n<\/div>\n<\/div>\n<\/div>\n<\/div>\n<div class=\"section mcb-section \">\n<div class=\"section_wrapper mcb-section-inner\">\n<div class=\"wrap mcb-wrap one clearfix\">\n<div class=\"mcb-wrap-inner\">\n<div class=\"column mcb-column one column_column\">\n<div class=\"column_attr clearfix\">\n<h3 align=\"center\">Engagement envers la soci\u00e9t\u00e9<\/h3>\n<p>J\u00b7Vigas collabore avec les institutions locales et nationales suivantes :<\/p>\n<blockquote>\n<p><strong><a href=\"http:\/\/www.activeafrica.org\/active_africa_iweb\/Malawi-educacion.html\">Active Africa Education \u00e0 Malawi<\/a><\/strong><\/p>\n<p><strong><a href=\"https:\/\/www.aecc.es\/Paginas\/PaginaPrincipal.aspx\">Association Espagnole Contre le Cancer<\/a><\/strong>(D\u00e9l\u00e9gation locale de Palafrugell \u00b7 President: Joan Vigas)<\/p>\n<p><strong><a href=\"http:\/\/www.residenciasdeancianos.org\/casa-asilo-palafrugell\/\">Casa Asilo de Palafrugell<\/a><\/strong><\/p>\n<p><strong><a href=\"http:\/\/www.cruzroja.es\/principal\/web\/cruz-roja\/inicio\">Croix Rouge Espagnole<\/a><\/strong><span> <\/span>(D\u00e9l\u00e9gation de Palafrugell \u00b7 Nutrition infantile de 0 \u00e0 2 ans)<\/p>\n<p><strong><a href=\"http:\/\/www.fundacionmaga.org\/\">Fondation Maga<\/a><\/strong><\/p>\n<p><strong><a href=\"https:\/\/maindanslamain.asso.fr\/\">Main dans la main<\/a><\/strong><\/p>\n<\/blockquote>\n<\/div>\n<\/div>\n<\/div>\n<\/div>\n<\/div>\n<\/div>\n<p>[\/et_pb_text][\/et_pb_column][\/et_pb_row][\/et_pb_section][et_pb_section fb_built=\u00a0\u00bb1&Prime; _builder_version=\u00a0\u00bb4.6.1&Prime; background_image=\u00a0\u00bbhttp:\/\/web2020.jvigas.com\/wp-content\/uploads\/2020\/10\/personal.jpg\u00a0\u00bb background_position=\u00a0\u00bbtop_left\u00a0\u00bb custom_padding=\u00a0\u00bb147px|||||\u00a0\u00bb][et_pb_row column_structure=\u00a0\u00bb1_2,1_2&Prime; _builder_version=\u00a0\u00bb4.0.5&Prime; background_color=\u00a0\u00bbrgba(0,0,0,0)\u00a0\u00bb width=\u00a0\u00bb87.2%\u00a0\u00bb custom_padding=\u00a0\u00bb33px|||||\u00a0\u00bb][et_pb_column type=\u00a0\u00bb1_2&Prime; _builder_version=\u00a0\u00bb4.0.5&Prime;][et_pb_text _builder_version=\u00a0\u00bb4.6.1&Prime; text_text_color=\u00a0\u00bb#ffffff\u00a0\u00bb text_font_size=\u00a0\u00bb34px\u00a0\u00bb text_line_height=\u00a0\u00bb1.1em\u00a0\u00bb custom_margin=\u00a0\u00bb-86px|||||\u00a0\u00bb custom_padding=\u00a0\u00bb||0px|||\u00a0\u00bb border_radii=\u00a0\u00bbon|3px|3px|3px|3px\u00a0\u00bb border_color_all=\u00a0\u00bb#000000&Prime;]<\/p>\n<p style=\"text-align: left;\"><strong><span class=\"s1\"><b>Les valeurs qui rythment notre quotidien vont au-del\u00e0 des murs de l&rsquo;entreprise et s&rsquo;\u00e9tendent \u00e0 d&rsquo;autres secteurs de la soci\u00e9t\u00e9.<\/b><\/span><\/strong><\/p>\n<p>[\/et_pb_text][\/et_pb_column][et_pb_column type=\u00a0\u00bb1_2&Prime; _builder_version=\u00a0\u00bb4.0.5&Prime;][\/et_pb_column][\/et_pb_row][\/et_pb_section]<\/p>\n","protected":false},"excerpt":{"rendered":"<p>Engagement Engagement Chez J\u00b7Vigas, nous concevons et \u00e9tablissons nos processus de gestion interne en pensant \u00e0 la dimension \u00e9conomique mais \u00e9galement aux aspects sociaux et environnementaux. Pour la famille Vigas ainsi que pour le reste de l\u2019\u00e9quipe, il est essentiel que les valeurs qui r\u00e9gissent notre quotidien comme le respect, la confiance, l\u2019esprit d\u2019\u00e9quipe et [&hellip;]<\/p>\n","protected":false},"author":1,"featured_media":0,"parent":0,"menu_order":0,"comment_status":"closed","ping_status":"closed","template":"","meta":{"_et_pb_use_builder":"on","_et_pb_old_content":"","_et_gb_content_width":"","footnotes":""},"class_list":["post-3052","page","type-page","status-publish","hentry"],"yoast_head":"<!-- This site is optimized with the Yoast SEO plugin v26.3 - https:\/\/yoast.com\/wordpress\/plugins\/seo\/ -->\n<title>Engagement - J\u00b7Vigas<\/title>\n<meta name=\"description\" content=\"L&#039;engagement envers la nature et la contribution sociale font partie pour J.Vigas des valeurs intrins\u00e8ques de l&#039;entreprise.\" \/>\n<meta name=\"robots\" content=\"index, follow, max-snippet:-1, max-image-preview:large, max-video-preview:-1\" \/>\n<link rel=\"canonical\" href=\"https:\/\/www.jvigas.com\/fr\/engagement\/\" \/>\n<meta property=\"og:locale\" content=\"fr_FR\" \/>\n<meta property=\"og:type\" content=\"article\" \/>\n<meta property=\"og:title\" content=\"Engagement - J\u00b7Vigas\" \/>\n<meta property=\"og:description\" content=\"L&#039;engagement envers la nature et la contribution sociale font partie pour J.Vigas des valeurs intrins\u00e8ques de l&#039;entreprise.\" \/>\n<meta property=\"og:url\" content=\"https:\/\/www.jvigas.com\/fr\/engagement\/\" \/>\n<meta property=\"og:site_name\" content=\"J\u00b7Vigas\" \/>\n<meta property=\"article:modified_time\" content=\"2021-09-22T11:37:56+00:00\" \/>\n<meta name=\"twitter:card\" content=\"summary_large_image\" \/>\n<meta name=\"twitter:label1\" content=\"Dur\u00e9e de lecture estim\u00e9e\" \/>\n\t<meta name=\"twitter:data1\" content=\"2 minutes\" \/>\n<script type=\"application\/ld+json\" class=\"yoast-schema-graph\">{\"@context\":\"https:\/\/schema.org\",\"@graph\":[{\"@type\":\"WebPage\",\"@id\":\"https:\/\/www.jvigas.com\/fr\/engagement\/\",\"url\":\"https:\/\/www.jvigas.com\/fr\/engagement\/\",\"name\":\"Engagement - J\u00b7Vigas\",\"isPartOf\":{\"@id\":\"https:\/\/www.jvigas.com\/#website\"},\"datePublished\":\"2021-01-25T12:00:49+00:00\",\"dateModified\":\"2021-09-22T11:37:56+00:00\",\"description\":\"L'engagement envers la nature et la contribution sociale font partie pour J.Vigas des valeurs intrins\u00e8ques de l'entreprise.\",\"breadcrumb\":{\"@id\":\"https:\/\/www.jvigas.com\/fr\/engagement\/#breadcrumb\"},\"inLanguage\":\"fr-FR\",\"potentialAction\":[{\"@type\":\"ReadAction\",\"target\":[\"https:\/\/www.jvigas.com\/fr\/engagement\/\"]}]},{\"@type\":\"BreadcrumbList\",\"@id\":\"https:\/\/www.jvigas.com\/fr\/engagement\/#breadcrumb\",\"itemListElement\":[{\"@type\":\"ListItem\",\"position\":1,\"name\":\"Home\",\"item\":\"https:\/\/www.jvigas.com\/fr\/\"},{\"@type\":\"ListItem\",\"position\":2,\"name\":\"Engagement\"}]},{\"@type\":\"WebSite\",\"@id\":\"https:\/\/www.jvigas.com\/#website\",\"url\":\"https:\/\/www.jvigas.com\/\",\"name\":\"J\u00b7Vigas\",\"description\":\"Naturaleza \u00b7 Artesan\u00eda \u00b7 Ciencia - Tapones de corcho desde 1887\",\"potentialAction\":[{\"@type\":\"SearchAction\",\"target\":{\"@type\":\"EntryPoint\",\"urlTemplate\":\"https:\/\/www.jvigas.com\/?s={search_term_string}\"},\"query-input\":{\"@type\":\"PropertyValueSpecification\",\"valueRequired\":true,\"valueName\":\"search_term_string\"}}],\"inLanguage\":\"fr-FR\"}]}<\/script>\n<!-- \/ Yoast SEO plugin. -->","yoast_head_json":{"title":"Engagement - J\u00b7Vigas","description":"L'engagement envers la nature et la contribution sociale font partie pour J.Vigas des valeurs intrins\u00e8ques de l'entreprise.","robots":{"index":"index","follow":"follow","max-snippet":"max-snippet:-1","max-image-preview":"max-image-preview:large","max-video-preview":"max-video-preview:-1"},"canonical":"https:\/\/www.jvigas.com\/fr\/engagement\/","og_locale":"fr_FR","og_type":"article","og_title":"Engagement - J\u00b7Vigas","og_description":"L'engagement envers la nature et la contribution sociale font partie pour J.Vigas des valeurs intrins\u00e8ques de l'entreprise.","og_url":"https:\/\/www.jvigas.com\/fr\/engagement\/","og_site_name":"J\u00b7Vigas","article_modified_time":"2021-09-22T11:37:56+00:00","twitter_card":"summary_large_image","twitter_misc":{"Dur\u00e9e de lecture estim\u00e9e":"2 minutes"},"schema":{"@context":"https:\/\/schema.org","@graph":[{"@type":"WebPage","@id":"https:\/\/www.jvigas.com\/fr\/engagement\/","url":"https:\/\/www.jvigas.com\/fr\/engagement\/","name":"Engagement - J\u00b7Vigas","isPartOf":{"@id":"https:\/\/www.jvigas.com\/#website"},"datePublished":"2021-01-25T12:00:49+00:00","dateModified":"2021-09-22T11:37:56+00:00","description":"L'engagement envers la nature et la contribution sociale font partie pour J.Vigas des valeurs intrins\u00e8ques de l'entreprise.","breadcrumb":{"@id":"https:\/\/www.jvigas.com\/fr\/engagement\/#breadcrumb"},"inLanguage":"fr-FR","potentialAction":[{"@type":"ReadAction","target":["https:\/\/www.jvigas.com\/fr\/engagement\/"]}]},{"@type":"BreadcrumbList","@id":"https:\/\/www.jvigas.com\/fr\/engagement\/#breadcrumb","itemListElement":[{"@type":"ListItem","position":1,"name":"Home","item":"https:\/\/www.jvigas.com\/fr\/"},{"@type":"ListItem","position":2,"name":"Engagement"}]},{"@type":"WebSite","@id":"https:\/\/www.jvigas.com\/#website","url":"https:\/\/www.jvigas.com\/","name":"J\u00b7Vigas","description":"Naturaleza \u00b7 Artesan\u00eda \u00b7 Ciencia - Tapones de corcho desde 1887","potentialAction":[{"@type":"SearchAction","target":{"@type":"EntryPoint","urlTemplate":"https:\/\/www.jvigas.com\/?s={search_term_string}"},"query-input":{"@type":"PropertyValueSpecification","valueRequired":true,"valueName":"search_term_string"}}],"inLanguage":"fr-FR"}]}},"_links":{"self":[{"href":"https:\/\/www.jvigas.com\/fr\/wp-json\/wp\/v2\/pages\/3052","targetHints":{"allow":["GET"]}}],"collection":[{"href":"https:\/\/www.jvigas.com\/fr\/wp-json\/wp\/v2\/pages"}],"about":[{"href":"https:\/\/www.jvigas.com\/fr\/wp-json\/wp\/v2\/types\/page"}],"author":[{"embeddable":true,"href":"https:\/\/www.jvigas.com\/fr\/wp-json\/wp\/v2\/users\/1"}],"replies":[{"embeddable":true,"href":"https:\/\/www.jvigas.com\/fr\/wp-json\/wp\/v2\/comments?post=3052"}],"version-history":[{"count":13,"href":"https:\/\/www.jvigas.com\/fr\/wp-json\/wp\/v2\/pages\/3052\/revisions"}],"predecessor-version":[{"id":4213,"href":"https:\/\/www.jvigas.com\/fr\/wp-json\/wp\/v2\/pages\/3052\/revisions\/4213"}],"wp:attachment":[{"href":"https:\/\/www.jvigas.com\/fr\/wp-json\/wp\/v2\/media?parent=3052"}],"curies":[{"name":"wp","href":"https:\/\/api.w.org\/{rel}","templated":true}]}}