{"id":3050,"date":"2021-01-25T14:00:22","date_gmt":"2021-01-25T12:00:22","guid":{"rendered":"https:\/\/www.jvigas.com\/ciencia\/"},"modified":"2022-08-01T13:24:13","modified_gmt":"2022-08-01T11:24:13","slug":"science","status":"publish","type":"page","link":"https:\/\/www.jvigas.com\/fr\/science\/","title":{"rendered":"Science"},"content":{"rendered":"<p>[et_pb_section fb_built=\u00a0\u00bb1&Prime; _builder_version=\u00a0\u00bb4.16&Prime; background_color=\u00a0\u00bb#FFFFFF\u00a0\u00bb custom_margin=\u00a0\u00bb||-1px|||\u00a0\u00bb global_colors_info=\u00a0\u00bb{}\u00a0\u00bb][et_pb_row _builder_version=\u00a0\u00bb4.16&Prime; global_colors_info=\u00a0\u00bb{}\u00a0\u00bb][et_pb_column type=\u00a0\u00bb4_4&Prime; _builder_version=\u00a0\u00bb4.16&Prime; global_colors_info=\u00a0\u00bb{}\u00a0\u00bb][et_pb_text _builder_version=\u00a0\u00bb4.16&Prime; text_text_color=\u00a0\u00bb#000000&Prime; text_font_size=\u00a0\u00bb16px\u00a0\u00bb header_font=\u00a0\u00bb|||||on|||\u00a0\u00bb header_text_color=\u00a0\u00bb#1d515d\u00a0\u00bb header_font_size=\u00a0\u00bb58px\u00a0\u00bb global_colors_info=\u00a0\u00bb{}\u00a0\u00bb]<\/p>\n<h1 style=\"text-align: center;\">Science<\/h1>\n<p>&nbsp;<\/p>\n<p><span class=\"s1\">Nous avons \u00e9t\u00e9 la premi\u00e8re industrie du li\u00e8ge \u00e0 miser sur un laboratoire propre en 1985. Par ailleurs, alors que Enric Vigas \u00e9tait pr\u00e9sident de l\u2019association patronale catalane du li\u00e8ge, l\u2019Institut catalan du li\u00e8ge (ICSuro) fut cr\u00e9\u00e9, un centre de recherche et d\u2019innovation dont le si\u00e8ge se trouve \u00e0 Palafrugell.<\/span><\/p>\n<blockquote>\n<p><span style=\"font-size: x-large;\"><strong><span class=\"s1\">Nous sommes convaincus que l\u2019innovation et la connaissance sont la base sur laquelle consolider notre avenir,<span class=\"Apple-converted-space\"> <\/span> tel que l\u2019ont fait les g\u00e9n\u00e9rations pr\u00e9c\u00e9dentes.<\/span><\/strong><\/span><\/p>\n<\/blockquote>\n<p class=\"p1\"><span class=\"s1\">Notre \u00e9quipe laboratoire est compos\u00e9e d\u2019une chimiste qui pr\u00e9pare actuellement son doctorat avec une th\u00e8se sur l\u2019\u00e9radication du TCA, une \u0153nologue, une biologiste et deux assistantes de laboratoire.<\/span><\/p>\n<p class=\"p3\"><span class=\"s1\">Parmi le mat\u00e9riel de laboratoire, nous disposons de deux chromatographes, l&rsquo;un d&rsquo;eux est<span>\u00a0un <\/span><span style=\"text-decoration: underline;\"><strong><a href=\"https:\/\/www.jvigas.com\/fr\/nuevo-cromatografo-spme-arrow-gc-intuvo-ms-ms\/\">Agilent Technologies SPME Arrow \u2013 GC Intuvo \u2013 MS\/MS<\/a><\/strong><\/span>, qui nous permettent de contr\u00f4ler les d\u00e9viations sensorielles des lots, pour les \u00e9carter d\u2019une part avant l\u2019achat et, d\u2019autre part, pour les r\u00e9duire \u00e0 des niveaux ind\u00e9tectables gr\u00e2ce \u00e0 nos syst\u00e8mes de r\u00e9duction de d\u00e9viations sensorielles.<\/span><\/p>\n<p class=\"p1\"><span class=\"s1\">Outre les essais en laboratoire, nous <strong>collaborons avec des domaines<\/strong> pour tester in situ nos innovations et cr\u00e9er ainsi une relation plus \u00e9troite avec nos clients et pour que ceux-ci puissent b\u00e9n\u00e9ficier du r\u00e9sultat de notre travail constant qui veut que nous soyons toujours sur le devant de la sc\u00e8ne en termes de recherche.<\/span><\/p>\n<p class=\"p3\"><span class=\"s1\">Nous participons \u00e0 <a href=\"https:\/\/www.jvigas.com\/fr\/projets-de-rdi\/\"><span style=\"text-decoration: underline;\"><strong>des projets de recherche<\/strong><\/span><\/a>\u00a0sectoriels ou avec des laboratoires externes, des universit\u00e9s et des centres de recherche dans l\u2019objectif d\u2019innover en permanence, en diffusant nos connaissances et en adoptant de nouvelles technologies qui apporteront une valeur ajout\u00e9e \u00e0 nos clients.<\/span><\/p>\n<p class=\"p3\">Nous faisons partie du <strong>Comit\u00e9 technique de AECORK<\/strong> ainsi que du<span><strong>Comit\u00e9 UNE CTN 056\/SC 05 \u00ab\u00a0CORCHO\u00a0\u00bb<\/strong> qui coordonne la r\u00e8glementation nationale du bouchon en li\u00e8ge.<\/span><span class=\"s1\"><\/span><\/p>\n<p class=\"p3\"><span class=\"s1\">Enfin, nous aimerions insister sur notre engagement envers la rigueur, la qualit\u00e9 et l\u2019environnement, telle que le souligne notre <strong>politique de certifications<\/strong> qui a toujours \u00e9t\u00e9 tr\u00e8s exigeante.<br \/><\/span><\/p>\n<p class=\"p3\"><span class=\"s1\"><\/span><\/p>\n<p class=\"p3\" style=\"text-align: center;\"><a href=\"https:\/\/www.jvigas.com\/fr\/projets-de-rdi\/\"><span class=\"s1\"><strong>D\u00c9COUVRIR NOS PROJETS DE R&amp;D EN COURS DE D\u00c9VELOPPEMENT \u2192<\/strong><\/span><\/a><\/p>\n<p class=\"p3\" style=\"text-align: center;\"><span class=\"s1\"><strong><a href=\"https:\/\/www.jvigas.com\/fr\/telechargeables\/\">T\u00c9L\u00c9CHARGEZ LA PR\u00c9SENTATION DU SYST\u00c8ME DE SNIFFING \u00c0 D\u00c9TECTION MANUELLE\u00a0\u2192<\/a><\/strong><\/span><\/p>\n<p class=\"p3\" style=\"text-align: center;\"><a href=\"https:\/\/www.jvigas.com\/fr\/telechargeables\/\"><span class=\"s1\"><strong>T\u00c9L\u00c9CHARGER LA PR\u00c9SENTATION DU SYST\u00c8ME D&rsquo;\u00c9LIMINATION DES HALOANISOLES VIGAS\u00b718 \u2192<\/strong><\/span><\/a><\/p>\n<p class=\"p3\" style=\"text-align: center;\">\n<p class=\"p3\" style=\"text-align: center;\"><a href=\"https:\/\/web2020.jvigas.com\/wp-content\/uploads\/2020\/10\/VIGAS%C2%B718_ES.pdf\"><strong><span class=\"s1\"><\/span><\/strong><\/a><\/p>\n<p>[\/et_pb_text][\/et_pb_column][\/et_pb_row][\/et_pb_section][et_pb_section fb_built=\u00a0\u00bb1&Prime; _builder_version=\u00a0\u00bb4.16&Prime; background_image=\u00a0\u00bbhttp:\/\/web2020.jvigas.com\/wp-content\/uploads\/2019\/12\/80.jpg\u00a0\u00bb custom_margin=\u00a0\u00bb-2px|||||\u00a0\u00bb custom_padding=\u00a0\u00bb107px||51px|||\u00a0\u00bb global_colors_info=\u00a0\u00bb{}\u00a0\u00bb][et_pb_row column_structure=\u00a0\u00bb1_2,1_2&Prime; _builder_version=\u00a0\u00bb4.16&Prime; min_height=\u00a0\u00bb136px\u00a0\u00bb custom_margin=\u00a0\u00bb-33px|auto||auto||\u00a0\u00bb custom_padding=\u00a0\u00bb0px|||||\u00a0\u00bb global_colors_info=\u00a0\u00bb{}\u00a0\u00bb][et_pb_column type=\u00a0\u00bb1_2&Prime; _builder_version=\u00a0\u00bb4.16&Prime; global_colors_info=\u00a0\u00bb{}\u00a0\u00bb][et_pb_text _builder_version=\u00a0\u00bb4.16&Prime; text_font=\u00a0\u00bb|700|||||||\u00a0\u00bb text_text_color=\u00a0\u00bb#ffffff\u00a0\u00bb text_font_size=\u00a0\u00bb34px\u00a0\u00bb text_line_height=\u00a0\u00bb1.1em\u00a0\u00bb custom_padding=\u00a0\u00bb0px|||||\u00a0\u00bb global_colors_info=\u00a0\u00bb{}\u00a0\u00bb]<\/p>\n<p>Rigueur et innovation constante d\u00e9finissent notre \u00e9quipe de laboratoire<\/p>\n<p>[\/et_pb_text][\/et_pb_column][et_pb_column type=\u00a0\u00bb1_2&Prime; _builder_version=\u00a0\u00bb4.16&Prime; global_colors_info=\u00a0\u00bb{}\u00a0\u00bb][\/et_pb_column][\/et_pb_row][\/et_pb_section]<\/p>\n","protected":false},"excerpt":{"rendered":"<p>Science &nbsp; Nous avons \u00e9t\u00e9 la premi\u00e8re industrie du li\u00e8ge \u00e0 miser sur un laboratoire propre en 1985. Par ailleurs, alors que Enric Vigas \u00e9tait pr\u00e9sident de l\u2019association patronale catalane du li\u00e8ge, l\u2019Institut catalan du li\u00e8ge (ICSuro) fut cr\u00e9\u00e9, un centre de recherche et d\u2019innovation dont le si\u00e8ge se trouve \u00e0 Palafrugell. Nous sommes convaincus [&hellip;]<\/p>\n","protected":false},"author":2,"featured_media":0,"parent":0,"menu_order":0,"comment_status":"closed","ping_status":"closed","template":"","meta":{"_et_pb_use_builder":"on","_et_pb_old_content":"","_et_gb_content_width":"","footnotes":""},"class_list":["post-3050","page","type-page","status-publish","hentry"],"yoast_head":"<!-- This site is optimized with the Yoast SEO plugin v26.3 - https:\/\/yoast.com\/wordpress\/plugins\/seo\/ -->\n<title>Science - J\u00b7Vigas<\/title>\n<meta name=\"description\" content=\"Nous associons le savoir ancestral \u00e0 la technologie de pointe et \u00e0 la science la plus avanc\u00e9e\" \/>\n<meta name=\"robots\" content=\"index, follow, max-snippet:-1, max-image-preview:large, max-video-preview:-1\" \/>\n<link rel=\"canonical\" href=\"https:\/\/www.jvigas.com\/fr\/science\/\" \/>\n<meta property=\"og:locale\" content=\"fr_FR\" \/>\n<meta property=\"og:type\" content=\"article\" \/>\n<meta property=\"og:title\" content=\"Science - J\u00b7Vigas\" \/>\n<meta property=\"og:description\" content=\"Nous associons le savoir ancestral \u00e0 la technologie de pointe et \u00e0 la science la plus avanc\u00e9e\" \/>\n<meta property=\"og:url\" content=\"https:\/\/www.jvigas.com\/fr\/science\/\" \/>\n<meta property=\"og:site_name\" content=\"J\u00b7Vigas\" \/>\n<meta property=\"article:modified_time\" content=\"2022-08-01T11:24:13+00:00\" \/>\n<meta name=\"twitter:card\" content=\"summary_large_image\" \/>\n<meta name=\"twitter:label1\" content=\"Dur\u00e9e de lecture estim\u00e9e\" \/>\n\t<meta name=\"twitter:data1\" content=\"3 minutes\" \/>\n<script type=\"application\/ld+json\" class=\"yoast-schema-graph\">{\"@context\":\"https:\/\/schema.org\",\"@graph\":[{\"@type\":\"WebPage\",\"@id\":\"https:\/\/www.jvigas.com\/fr\/science\/\",\"url\":\"https:\/\/www.jvigas.com\/fr\/science\/\",\"name\":\"Science - J\u00b7Vigas\",\"isPartOf\":{\"@id\":\"https:\/\/www.jvigas.com\/#website\"},\"datePublished\":\"2021-01-25T12:00:22+00:00\",\"dateModified\":\"2022-08-01T11:24:13+00:00\",\"description\":\"Nous associons le savoir ancestral \u00e0 la technologie de pointe et \u00e0 la science la plus avanc\u00e9e\",\"breadcrumb\":{\"@id\":\"https:\/\/www.jvigas.com\/fr\/science\/#breadcrumb\"},\"inLanguage\":\"fr-FR\",\"potentialAction\":[{\"@type\":\"ReadAction\",\"target\":[\"https:\/\/www.jvigas.com\/fr\/science\/\"]}]},{\"@type\":\"BreadcrumbList\",\"@id\":\"https:\/\/www.jvigas.com\/fr\/science\/#breadcrumb\",\"itemListElement\":[{\"@type\":\"ListItem\",\"position\":1,\"name\":\"Home\",\"item\":\"https:\/\/www.jvigas.com\/fr\/\"},{\"@type\":\"ListItem\",\"position\":2,\"name\":\"Science\"}]},{\"@type\":\"WebSite\",\"@id\":\"https:\/\/www.jvigas.com\/#website\",\"url\":\"https:\/\/www.jvigas.com\/\",\"name\":\"J\u00b7Vigas\",\"description\":\"Naturaleza \u00b7 Artesan\u00eda \u00b7 Ciencia - Tapones de corcho desde 1887\",\"potentialAction\":[{\"@type\":\"SearchAction\",\"target\":{\"@type\":\"EntryPoint\",\"urlTemplate\":\"https:\/\/www.jvigas.com\/?s={search_term_string}\"},\"query-input\":{\"@type\":\"PropertyValueSpecification\",\"valueRequired\":true,\"valueName\":\"search_term_string\"}}],\"inLanguage\":\"fr-FR\"}]}<\/script>\n<!-- \/ Yoast SEO plugin. -->","yoast_head_json":{"title":"Science - J\u00b7Vigas","description":"Nous associons le savoir ancestral \u00e0 la technologie de pointe et \u00e0 la science la plus avanc\u00e9e","robots":{"index":"index","follow":"follow","max-snippet":"max-snippet:-1","max-image-preview":"max-image-preview:large","max-video-preview":"max-video-preview:-1"},"canonical":"https:\/\/www.jvigas.com\/fr\/science\/","og_locale":"fr_FR","og_type":"article","og_title":"Science - J\u00b7Vigas","og_description":"Nous associons le savoir ancestral \u00e0 la technologie de pointe et \u00e0 la science la plus avanc\u00e9e","og_url":"https:\/\/www.jvigas.com\/fr\/science\/","og_site_name":"J\u00b7Vigas","article_modified_time":"2022-08-01T11:24:13+00:00","twitter_card":"summary_large_image","twitter_misc":{"Dur\u00e9e de lecture estim\u00e9e":"3 minutes"},"schema":{"@context":"https:\/\/schema.org","@graph":[{"@type":"WebPage","@id":"https:\/\/www.jvigas.com\/fr\/science\/","url":"https:\/\/www.jvigas.com\/fr\/science\/","name":"Science - J\u00b7Vigas","isPartOf":{"@id":"https:\/\/www.jvigas.com\/#website"},"datePublished":"2021-01-25T12:00:22+00:00","dateModified":"2022-08-01T11:24:13+00:00","description":"Nous associons le savoir ancestral \u00e0 la technologie de pointe et \u00e0 la science la plus avanc\u00e9e","breadcrumb":{"@id":"https:\/\/www.jvigas.com\/fr\/science\/#breadcrumb"},"inLanguage":"fr-FR","potentialAction":[{"@type":"ReadAction","target":["https:\/\/www.jvigas.com\/fr\/science\/"]}]},{"@type":"BreadcrumbList","@id":"https:\/\/www.jvigas.com\/fr\/science\/#breadcrumb","itemListElement":[{"@type":"ListItem","position":1,"name":"Home","item":"https:\/\/www.jvigas.com\/fr\/"},{"@type":"ListItem","position":2,"name":"Science"}]},{"@type":"WebSite","@id":"https:\/\/www.jvigas.com\/#website","url":"https:\/\/www.jvigas.com\/","name":"J\u00b7Vigas","description":"Naturaleza \u00b7 Artesan\u00eda \u00b7 Ciencia - Tapones de corcho desde 1887","potentialAction":[{"@type":"SearchAction","target":{"@type":"EntryPoint","urlTemplate":"https:\/\/www.jvigas.com\/?s={search_term_string}"},"query-input":{"@type":"PropertyValueSpecification","valueRequired":true,"valueName":"search_term_string"}}],"inLanguage":"fr-FR"}]}},"_links":{"self":[{"href":"https:\/\/www.jvigas.com\/fr\/wp-json\/wp\/v2\/pages\/3050","targetHints":{"allow":["GET"]}}],"collection":[{"href":"https:\/\/www.jvigas.com\/fr\/wp-json\/wp\/v2\/pages"}],"about":[{"href":"https:\/\/www.jvigas.com\/fr\/wp-json\/wp\/v2\/types\/page"}],"author":[{"embeddable":true,"href":"https:\/\/www.jvigas.com\/fr\/wp-json\/wp\/v2\/users\/2"}],"replies":[{"embeddable":true,"href":"https:\/\/www.jvigas.com\/fr\/wp-json\/wp\/v2\/comments?post=3050"}],"version-history":[{"count":10,"href":"https:\/\/www.jvigas.com\/fr\/wp-json\/wp\/v2\/pages\/3050\/revisions"}],"predecessor-version":[{"id":4974,"href":"https:\/\/www.jvigas.com\/fr\/wp-json\/wp\/v2\/pages\/3050\/revisions\/4974"}],"wp:attachment":[{"href":"https:\/\/www.jvigas.com\/fr\/wp-json\/wp\/v2\/media?parent=3050"}],"curies":[{"name":"wp","href":"https:\/\/api.w.org\/{rel}","templated":true}]}}