{"id":8039,"date":"2024-04-10T10:12:26","date_gmt":"2024-04-10T08:12:26","guid":{"rendered":"https:\/\/www.jvigas.com\/?page_id=8039"},"modified":"2024-04-11T15:22:15","modified_gmt":"2024-04-11T13:22:15","slug":"altres-projectes","status":"publish","type":"page","link":"https:\/\/www.jvigas.com\/ca\/altres-projectes\/","title":{"rendered":"Innovaci\u00f3 en altres tem\u00e0tiques"},"content":{"rendered":"<p>[et_pb_section fb_built=&#8221;1&#8243; _builder_version=&#8221;4.21.0&#8243; _module_preset=&#8221;default&#8221; global_colors_info=&#8221;{}&#8221;][et_pb_row _builder_version=&#8221;4.21.0&#8243; _module_preset=&#8221;default&#8221; global_colors_info=&#8221;{}&#8221;][et_pb_column type=&#8221;4_4&#8243; _builder_version=&#8221;4.21.0&#8243; _module_preset=&#8221;default&#8221; global_colors_info=&#8221;{}&#8221;][et_pb_text disabled_on=&#8221;on|on|off&#8221; _builder_version=&#8221;4.24.2&#8243; _module_preset=&#8221;default&#8221; header_font=&#8221;|700|||||||&#8221; header_font_size=&#8221;48px&#8221; header_2_font=&#8221;|600|||||||&#8221; header_2_font_size=&#8221;30px&#8221; global_colors_info=&#8221;{}&#8221;]<\/p>\n<h1 style=\"text-align: center;\"><strong>Altres tem\u00e0tiques<\/strong><\/h1>\n<h2 style=\"text-align: center;\">Estructura interna, petjada de carboni, acabats ecol\u00f2gics&#8230;<\/h2>\n<p>&nbsp;<\/p>\n<p>[\/et_pb_text][et_pb_text disabled_on=&#8221;off|off|on&#8221; _builder_version=&#8221;4.24.2&#8243; _module_preset=&#8221;default&#8221; header_font=&#8221;|700|||||||&#8221; header_2_font=&#8221;|600|||||||&#8221; header_2_font_size=&#8221;16px&#8221; global_colors_info=&#8221;{}&#8221;]<\/p>\n<h1 style=\"text-align: center;\"><strong>Altres tem\u00e0tiques<\/strong><\/h1>\n<h2 style=\"text-align: center;\">Estructura interna, petjada de carboni, acabats ecol\u00f2gics&#8230;<\/h2>\n<p>&nbsp;<\/p>\n<p>[\/et_pb_text][\/et_pb_column][\/et_pb_row][et_pb_row column_structure=&#8221;3_4,1_4&#8243; _builder_version=&#8221;4.24.2&#8243; _module_preset=&#8221;default&#8221; global_colors_info=&#8221;{}&#8221; disabled_on=&#8221;on|off|off&#8221;][et_pb_column type=&#8221;3_4&#8243; _builder_version=&#8221;4.24.2&#8243; _module_preset=&#8221;default&#8221; global_colors_info=&#8221;{}&#8221;][et_pb_text disabled_on=&#8221;on|off|off&#8221; _builder_version=&#8221;4.24.2&#8243; _module_preset=&#8221;default&#8221; text_font_size=&#8221;16px&#8221; global_colors_info=&#8221;{}&#8221;]<\/p>\n<p><strong>PROJECTES EN CURS:<\/strong><\/p>\n<p><strong>GRAPERTE<\/strong>: Projecte tractor del vi en el qual J\u00b7Vigas participa dins el subprojecte d&#8217;<span><em><strong>Investigaci\u00f3 i desenvolupament de nous materials per a la <\/strong><\/em><\/span><em><strong>millora del suro com a eina enol\u00f2gica. <\/strong><\/em><a href=\"https:\/\/www.jvigas.com\/ca\/j%c2%b7vigas-participa-al-projecte-tractor-del-vi\/\"><strong><span style=\"text-decoration: underline;\">M\u00e9s informaci\u00f3<\/span><\/strong><\/a><\/p>\n<p>Estudi de productes alternatius en el nostre proc\u00e9s productiu, com ara la utilitzaci\u00f3 de productes de <strong>tractament superficial<\/strong> naturals amb certificaci\u00f3 BIO.<\/p>\n<p>Aprofitant els principis de l&#8217;APPCC implementats des de fa molts anys a l&#8217;organitzaci\u00f3, implantaci\u00f3 de la norma <strong>ISO 22000<\/strong> de Seguretat Aliment\u00e0ria.<\/p>\n<p>&nbsp;<\/p>\n<p>[\/et_pb_text][\/et_pb_column][et_pb_column type=&#8221;1_4&#8243; _builder_version=&#8221;4.24.2&#8243; _module_preset=&#8221;default&#8221; global_colors_info=&#8221;{}&#8221;][et_pb_image src=&#8221;https:\/\/www.jvigas.com\/wp-content\/uploads\/2024\/04\/JVIGAS_MARBRE_TAPS_05_baixa.png&#8221; title_text=&#8221;JVIGAS_MARBRE_TAPS_05_baixa&#8221; _builder_version=&#8221;4.24.2&#8243; _module_preset=&#8221;default&#8221; global_colors_info=&#8221;{}&#8221;][\/et_pb_image][\/et_pb_column][\/et_pb_row][et_pb_row column_structure=&#8221;1_4,3_4&#8243; disabled_on=&#8221;off|on|on&#8221; _builder_version=&#8221;4.24.2&#8243; _module_preset=&#8221;default&#8221; global_colors_info=&#8221;{}&#8221;][et_pb_column type=&#8221;1_4&#8243; _builder_version=&#8221;4.24.2&#8243; _module_preset=&#8221;default&#8221; global_colors_info=&#8221;{}&#8221;][et_pb_image src=&#8221;https:\/\/www.jvigas.com\/wp-content\/uploads\/2024\/04\/JVIGAS_MARBRE_TAPS_05_baixa.png&#8221; title_text=&#8221;JVIGAS_MARBRE_TAPS_05_baixa&#8221; _builder_version=&#8221;4.24.2&#8243; _module_preset=&#8221;default&#8221; global_colors_info=&#8221;{}&#8221;][\/et_pb_image][\/et_pb_column][et_pb_column type=&#8221;3_4&#8243; _builder_version=&#8221;4.24.2&#8243; _module_preset=&#8221;default&#8221; global_colors_info=&#8221;{}&#8221;][et_pb_text _builder_version=&#8221;4.24.2&#8243; _module_preset=&#8221;default&#8221; text_font_size=&#8221;16px&#8221; global_colors_info=&#8221;{}&#8221;]<\/p>\n<p><strong>PROJECTES EN CURS:<\/strong><\/p>\n<p><strong>GRAPERTE<\/strong>: Projecte tractor del vi en el qual J\u00b7Vigas participa dins el subprojecte d&#8217;<span><em><strong>Investigaci\u00f3 i desenvolupament de nous materials per a la <\/strong><\/em><\/span><em><strong>millora del suro com a eina enol\u00f2gica. <\/strong><\/em><a href=\"https:\/\/www.jvigas.com\/ca\/j%c2%b7vigas-participa-al-projecte-tractor-del-vi\/\"><strong><span style=\"text-decoration: underline;\">M\u00e9s informaci\u00f3<\/span><\/strong><\/a><\/p>\n<p>Estudi de productes alternatius en el nostre proc\u00e9s productiu, com ara la utilitzaci\u00f3 de productes de <strong>tractament superficial<\/strong> naturals amb certificaci\u00f3 BIO.<\/p>\n<p>Aprofitant els principis de l&#8217;APPCC implementats des de fa molts anys a l&#8217;organitzaci\u00f3, implantaci\u00f3 de la norma <strong>ISO 22000<\/strong> de Seguretat Aliment\u00e0ria.<\/p>\n<p>&nbsp;<\/p>\n<p>[\/et_pb_text][\/et_pb_column][\/et_pb_row][\/et_pb_section][et_pb_section fb_built=&#8221;1&#8243; inner_shadow=&#8221;on&#8221; disabled_on=&#8221;on|off|off&#8221; _builder_version=&#8221;4.24.2&#8243; background_color=&#8221;#000000&#8243; background_image=&#8221;https:\/\/www.jvigas.com\/wp-content\/uploads\/2019\/12\/80.jpg&#8221; min_height=&#8221;400px&#8221; custom_margin=&#8221;||-1px|||&#8221; custom_padding=&#8221;0px||0px|||&#8221; locked=&#8221;off&#8221; global_colors_info=&#8221;{}&#8221;][et_pb_row _builder_version=&#8221;4.20.2&#8243; _module_preset=&#8221;default&#8221; custom_padding=&#8221;173px|||||&#8221; global_colors_info=&#8221;{}&#8221;][et_pb_column type=&#8221;4_4&#8243; _builder_version=&#8221;4.20.2&#8243; _module_preset=&#8221;default&#8221; global_colors_info=&#8221;{}&#8221;][et_pb_text _builder_version=&#8221;4.20.2&#8243; _module_preset=&#8221;default&#8221; header_font=&#8221;|||on|||||&#8221; header_text_align=&#8221;center&#8221; header_text_color=&#8221;#FFFFFF&#8221; header_font_size=&#8221;48px&#8221; header_line_height=&#8221;1.4em&#8221; global_colors_info=&#8221;{}&#8221;]<\/p>\n<h1 style=\"text-align: center;\">\u00daLTIMS PROJECTES<\/h1>\n<p>[\/et_pb_text][\/et_pb_column][\/et_pb_row][\/et_pb_section][et_pb_section fb_built=&#8221;1&#8243; inner_shadow=&#8221;on&#8221; disabled_on=&#8221;off|on|on&#8221; _builder_version=&#8221;4.24.2&#8243; background_color=&#8221;#000000&#8243; background_image=&#8221;https:\/\/www.jvigas.com\/wp-content\/uploads\/2019\/12\/80.jpg&#8221; min_height=&#8221;400px&#8221; custom_margin=&#8221;||-1px|||&#8221; custom_padding=&#8221;0px||0px|||&#8221; locked=&#8221;off&#8221; global_colors_info=&#8221;{}&#8221;][et_pb_row _builder_version=&#8221;4.20.2&#8243; _module_preset=&#8221;default&#8221; custom_padding=&#8221;173px|||||&#8221; global_colors_info=&#8221;{}&#8221;][et_pb_column type=&#8221;4_4&#8243; _builder_version=&#8221;4.20.2&#8243; _module_preset=&#8221;default&#8221; global_colors_info=&#8221;{}&#8221;][et_pb_text _builder_version=&#8221;4.24.2&#8243; _module_preset=&#8221;default&#8221; header_font=&#8221;|||on|||||&#8221; header_text_align=&#8221;center&#8221; header_text_color=&#8221;#FFFFFF&#8221; header_font_size=&#8221;40px&#8221; header_line_height=&#8221;1.4em&#8221; global_colors_info=&#8221;{}&#8221;]<\/p>\n<h1 style=\"text-align: center;\">\u00daLTIMS PROJECTES<\/h1>\n<p>[\/et_pb_text][\/et_pb_column][\/et_pb_row][\/et_pb_section][et_pb_section fb_built=&#8221;1&#8243; _builder_version=&#8221;4.24.2&#8243; _module_preset=&#8221;default&#8221; custom_padding=&#8221;1px|||||&#8221; locked=&#8221;off&#8221; global_colors_info=&#8221;{}&#8221;][et_pb_row column_structure=&#8221;1_3,1_3,1_3&#8243; _builder_version=&#8221;4.24.2&#8243; _module_preset=&#8221;default&#8221; custom_padding=&#8221;55px|||||&#8221; global_colors_info=&#8221;{}&#8221;][et_pb_column type=&#8221;1_3&#8243; _builder_version=&#8221;4.24.2&#8243; _module_preset=&#8221;default&#8221; global_colors_info=&#8221;{}&#8221;][et_pb_text _builder_version=&#8221;4.24.2&#8243; _module_preset=&#8221;default&#8221; text_font_size=&#8221;16px&#8221; header_4_font=&#8221;|||||on|||&#8221; header_4_font_size=&#8221;22px&#8221; global_colors_info=&#8221;{}&#8221;]<\/p>\n<h4 style=\"text-align: center;\">Estructura Interna<\/h4>\n<p><span><\/span><\/p>\n<p class=\"p1\">Estudi de la viabilitat d&#8217;un tractament de <strong>reducci\u00f3 i\/o eliminaci\u00f3 de desviacions sensorials<\/strong> i la seva eventual afectaci\u00f3 de l&#8217;estructura interna del tap de suro despr\u00e9s del tractament. <\/p>\n<p>[\/et_pb_text][\/et_pb_column][et_pb_column type=&#8221;1_3&#8243; _builder_version=&#8221;4.24.2&#8243; _module_preset=&#8221;default&#8221; global_colors_info=&#8221;{}&#8221;][et_pb_text _builder_version=&#8221;4.24.2&#8243; _module_preset=&#8221;default&#8221; text_font_size=&#8221;16px&#8221; header_4_font=&#8221;|||||on|||&#8221; header_4_font_size=&#8221;22px&#8221; global_colors_info=&#8221;{}&#8221;]<\/p>\n<h4 style=\"text-align: center;\">Embotellat amb diferents densitats<\/h4>\n<p class=\"p2\"><span class=\"s1\">En col\u00b7laboraci\u00f3 amb un dels nostres clients. Estudiem la correcta funcionalitat t\u00e8cnica durant l&#8217;embotellament i l&#8217;<strong>evoluci\u00f3 sensorial del vi en funci\u00f3 de la densitat del tap.<\/strong><\/span><\/p>\n<p>[\/et_pb_text][\/et_pb_column][et_pb_column type=&#8221;1_3&#8243; _builder_version=&#8221;4.24.2&#8243; _module_preset=&#8221;default&#8221; global_colors_info=&#8221;{}&#8221;][et_pb_text _builder_version=&#8221;4.24.2&#8243; _module_preset=&#8221;default&#8221; text_font_size=&#8221;16px&#8221; header_4_font=&#8221;|||||on|||&#8221; header_4_font_size=&#8221;22px&#8221; global_colors_info=&#8221;{}&#8221;]<\/p>\n<h4 style=\"text-align: center;\">Estudi sensorial i cromatogr\u00e0fic<\/h4>\n<p><span><\/span><\/p>\n<p>Estudi sensorial i an\u00e0lisi dels perfils cromatogr\u00e0fics dels taps durant els diferents processos de fabricaci\u00f3.<\/p>\n<p>[\/et_pb_text][\/et_pb_column][\/et_pb_row][et_pb_row column_structure=&#8221;1_3,1_3,1_3&#8243; _builder_version=&#8221;4.24.2&#8243; _module_preset=&#8221;default&#8221; global_colors_info=&#8221;{}&#8221;][et_pb_column type=&#8221;1_3&#8243; _builder_version=&#8221;4.24.2&#8243; _module_preset=&#8221;default&#8221; global_colors_info=&#8221;{}&#8221;][et_pb_text _builder_version=&#8221;4.24.2&#8243; _module_preset=&#8221;default&#8221; text_font_size=&#8221;16px&#8221; header_4_font=&#8221;|||||on|||&#8221; header_4_font_size=&#8221;22px&#8221; global_colors_info=&#8221;{}&#8221;]<\/p>\n<h4 style=\"text-align: center;\">Petjada de carboni<span><\/span><\/h4>\n<p>&nbsp;<\/p>\n<p>Calculem la petjada de carboni dels nostres taps des dels boscos fins al final de la vida \u00fatil.<\/p>\n<p>M\u00e9s informaci\u00f3 a l&#8217;apartat de <span style=\"text-decoration: underline;\"><strong><a href=\"jvigas.com\/sostenibilidad\">Sostenibilitat<\/a><\/strong><\/span> de la nostra web.<\/p>\n<p>[\/et_pb_text][\/et_pb_column][et_pb_column type=&#8221;1_3&#8243; _builder_version=&#8221;4.24.2&#8243; _module_preset=&#8221;default&#8221; global_colors_info=&#8221;{}&#8221;][et_pb_text _builder_version=&#8221;4.24.2&#8243; _module_preset=&#8221;default&#8221; text_font_size=&#8221;16px&#8221; header_4_font=&#8221;|||||on|||&#8221; header_4_font_size=&#8221;22px&#8221; global_colors_info=&#8221;{}&#8221;]<\/p>\n<h4 style=\"text-align: center;\">Cork2Wine<\/h4>\n<p class=\"p2\">\n<p class=\"p2\">Projecte que t\u00e9 per objectiu aplicar un nou <strong>enfocament integral<\/strong> a la investigaci\u00f3 del suro per abordar l&#8217;aven\u00e7 i la superaci\u00f3 dels reptes tecnol\u00f2gics actuals del sector surer nacional per tal de garantir la competitivitat, sostenibilitat, posicionament internacional i viabilitat futura del sector.<\/p>\n<p>J\u00b7Vigas va participar al <a href=\"https:\/\/www.jvigas.com\/ca\/cork2wine\/\"><strong><span style=\"text-decoration: underline;\">CORK2WINE<\/span><\/strong><\/a>, que va liderar l&#8217;empresa Francisco Oller, juntament amb altres organitzacions com Amorim Forestal, Quimivita, Muga i Vilarnau.<\/p>\n<p>[\/et_pb_text][\/et_pb_column][et_pb_column type=&#8221;1_3&#8243; _builder_version=&#8221;4.24.2&#8243; _module_preset=&#8221;default&#8221; global_colors_info=&#8221;{}&#8221;][et_pb_text _builder_version=&#8221;4.24.2&#8243; _module_preset=&#8221;default&#8221; text_font_size=&#8221;16px&#8221; header_4_font=&#8221;|||||on|||&#8221; header_4_font_size=&#8221;22px&#8221; global_colors_info=&#8221;{}&#8221;]<\/p>\n<h4 style=\"text-align: center;\">Defectes ocults del tap<\/h4>\n<p><span><\/span><\/p>\n<p><span role=\"presentation\" dir=\"ltr\">Posem a prova diferents <strong>tecnologies<\/strong> en fase de desenvolupament o que ja s\u00f3n <\/span><span role=\"presentation\" dir=\"ltr\">al mercat. Estudiem la<\/span> <span role=\"presentation\" dir=\"ltr\">tecnologia de forma objectiva per a la possible compra en el moment que compleixi exig\u00e8ncies de<\/span> <span role=\"presentation\" dir=\"ltr\">J\u00b7Vigas.<\/span><\/p>\n<p><span><\/span> <\/p>\n<p>[\/et_pb_text][\/et_pb_column][\/et_pb_row][\/et_pb_section]<\/p>\n","protected":false},"excerpt":{"rendered":"<p>Altres tem\u00e0tiques Estructura interna, petjada de carboni, acabats ecol\u00f2gics&#8230; &nbsp;Altres tem\u00e0tiques Estructura interna, petjada de carboni, acabats ecol\u00f2gics&#8230; &nbsp;PROJECTES EN CURS: GRAPERTE: Projecte tractor del vi en el qual J\u00b7Vigas participa dins el subprojecte d&#8217;Investigaci\u00f3 i desenvolupament de nous materials per a la millora del suro com a eina enol\u00f2gica. M\u00e9s informaci\u00f3 Estudi de productes [&hellip;]<\/p>\n","protected":false},"author":2,"featured_media":0,"parent":0,"menu_order":0,"comment_status":"closed","ping_status":"closed","template":"","meta":{"_et_pb_use_builder":"on","_et_pb_old_content":"","_et_gb_content_width":"","footnotes":""},"class_list":["post-8039","page","type-page","status-publish","hentry"],"yoast_head":"<!-- This site is optimized with the Yoast SEO plugin v26.3 - https:\/\/yoast.com\/wordpress\/plugins\/seo\/ -->\n<title>Innovaci\u00f3 en altres tem\u00e0tiques - J\u00b7Vigas<\/title>\n<meta name=\"description\" content=\"Altres projectes d&#039;innovaci\u00f3 de J\u00b7Vigas en relaci\u00f3 amb la millora del tap de suro natural per a vins. Diferents tem\u00e0tiques de R+D+i a Vigas\" \/>\n<meta name=\"robots\" content=\"index, follow, max-snippet:-1, max-image-preview:large, max-video-preview:-1\" \/>\n<link rel=\"canonical\" href=\"https:\/\/www.jvigas.com\/ca\/altres-projectes\/\" \/>\n<meta property=\"og:locale\" content=\"ca_ES\" \/>\n<meta property=\"og:type\" content=\"article\" \/>\n<meta property=\"og:title\" content=\"Innovaci\u00f3 en altres tem\u00e0tiques - J\u00b7Vigas\" \/>\n<meta property=\"og:description\" content=\"Altres projectes d&#039;innovaci\u00f3 de J\u00b7Vigas en relaci\u00f3 amb la millora del tap de suro natural per a vins. Diferents tem\u00e0tiques de R+D+i a Vigas\" \/>\n<meta property=\"og:url\" content=\"https:\/\/www.jvigas.com\/ca\/altres-projectes\/\" \/>\n<meta property=\"og:site_name\" content=\"J\u00b7Vigas\" \/>\n<meta property=\"article:modified_time\" content=\"2024-04-11T13:22:15+00:00\" \/>\n<meta name=\"twitter:card\" content=\"summary_large_image\" \/>\n<meta name=\"twitter:label1\" content=\"Temps estimat de lectura\" \/>\n\t<meta name=\"twitter:data1\" content=\"13 minuts\" \/>\n<script type=\"application\/ld+json\" class=\"yoast-schema-graph\">{\"@context\":\"https:\/\/schema.org\",\"@graph\":[{\"@type\":\"WebPage\",\"@id\":\"https:\/\/www.jvigas.com\/ca\/altres-projectes\/\",\"url\":\"https:\/\/www.jvigas.com\/ca\/altres-projectes\/\",\"name\":\"Innovaci\u00f3 en altres tem\u00e0tiques - J\u00b7Vigas\",\"isPartOf\":{\"@id\":\"https:\/\/www.jvigas.com\/#website\"},\"datePublished\":\"2024-04-10T08:12:26+00:00\",\"dateModified\":\"2024-04-11T13:22:15+00:00\",\"description\":\"Altres projectes d'innovaci\u00f3 de J\u00b7Vigas en relaci\u00f3 amb la millora del tap de suro natural per a vins. Diferents tem\u00e0tiques de R+D+i a Vigas\",\"breadcrumb\":{\"@id\":\"https:\/\/www.jvigas.com\/ca\/altres-projectes\/#breadcrumb\"},\"inLanguage\":\"ca\",\"potentialAction\":[{\"@type\":\"ReadAction\",\"target\":[\"https:\/\/www.jvigas.com\/ca\/altres-projectes\/\"]}]},{\"@type\":\"BreadcrumbList\",\"@id\":\"https:\/\/www.jvigas.com\/ca\/altres-projectes\/#breadcrumb\",\"itemListElement\":[{\"@type\":\"ListItem\",\"position\":1,\"name\":\"Home\",\"item\":\"https:\/\/www.jvigas.com\/ca\/\"},{\"@type\":\"ListItem\",\"position\":2,\"name\":\"Innovaci\u00f3 en altres tem\u00e0tiques\"}]},{\"@type\":\"WebSite\",\"@id\":\"https:\/\/www.jvigas.com\/#website\",\"url\":\"https:\/\/www.jvigas.com\/\",\"name\":\"J\u00b7Vigas\",\"description\":\"Naturaleza \u00b7 Artesan\u00eda \u00b7 Ciencia - Tapones de corcho desde 1887\",\"potentialAction\":[{\"@type\":\"SearchAction\",\"target\":{\"@type\":\"EntryPoint\",\"urlTemplate\":\"https:\/\/www.jvigas.com\/?s={search_term_string}\"},\"query-input\":{\"@type\":\"PropertyValueSpecification\",\"valueRequired\":true,\"valueName\":\"search_term_string\"}}],\"inLanguage\":\"ca\"}]}<\/script>\n<!-- \/ Yoast SEO plugin. -->","yoast_head_json":{"title":"Innovaci\u00f3 en altres tem\u00e0tiques - J\u00b7Vigas","description":"Altres projectes d'innovaci\u00f3 de J\u00b7Vigas en relaci\u00f3 amb la millora del tap de suro natural per a vins. Diferents tem\u00e0tiques de R+D+i a Vigas","robots":{"index":"index","follow":"follow","max-snippet":"max-snippet:-1","max-image-preview":"max-image-preview:large","max-video-preview":"max-video-preview:-1"},"canonical":"https:\/\/www.jvigas.com\/ca\/altres-projectes\/","og_locale":"ca_ES","og_type":"article","og_title":"Innovaci\u00f3 en altres tem\u00e0tiques - J\u00b7Vigas","og_description":"Altres projectes d'innovaci\u00f3 de J\u00b7Vigas en relaci\u00f3 amb la millora del tap de suro natural per a vins. Diferents tem\u00e0tiques de R+D+i a Vigas","og_url":"https:\/\/www.jvigas.com\/ca\/altres-projectes\/","og_site_name":"J\u00b7Vigas","article_modified_time":"2024-04-11T13:22:15+00:00","twitter_card":"summary_large_image","twitter_misc":{"Temps estimat de lectura":"13 minuts"},"schema":{"@context":"https:\/\/schema.org","@graph":[{"@type":"WebPage","@id":"https:\/\/www.jvigas.com\/ca\/altres-projectes\/","url":"https:\/\/www.jvigas.com\/ca\/altres-projectes\/","name":"Innovaci\u00f3 en altres tem\u00e0tiques - J\u00b7Vigas","isPartOf":{"@id":"https:\/\/www.jvigas.com\/#website"},"datePublished":"2024-04-10T08:12:26+00:00","dateModified":"2024-04-11T13:22:15+00:00","description":"Altres projectes d'innovaci\u00f3 de J\u00b7Vigas en relaci\u00f3 amb la millora del tap de suro natural per a vins. Diferents tem\u00e0tiques de R+D+i a Vigas","breadcrumb":{"@id":"https:\/\/www.jvigas.com\/ca\/altres-projectes\/#breadcrumb"},"inLanguage":"ca","potentialAction":[{"@type":"ReadAction","target":["https:\/\/www.jvigas.com\/ca\/altres-projectes\/"]}]},{"@type":"BreadcrumbList","@id":"https:\/\/www.jvigas.com\/ca\/altres-projectes\/#breadcrumb","itemListElement":[{"@type":"ListItem","position":1,"name":"Home","item":"https:\/\/www.jvigas.com\/ca\/"},{"@type":"ListItem","position":2,"name":"Innovaci\u00f3 en altres tem\u00e0tiques"}]},{"@type":"WebSite","@id":"https:\/\/www.jvigas.com\/#website","url":"https:\/\/www.jvigas.com\/","name":"J\u00b7Vigas","description":"Naturaleza \u00b7 Artesan\u00eda \u00b7 Ciencia - Tapones de corcho desde 1887","potentialAction":[{"@type":"SearchAction","target":{"@type":"EntryPoint","urlTemplate":"https:\/\/www.jvigas.com\/?s={search_term_string}"},"query-input":{"@type":"PropertyValueSpecification","valueRequired":true,"valueName":"search_term_string"}}],"inLanguage":"ca"}]}},"_links":{"self":[{"href":"https:\/\/www.jvigas.com\/ca\/wp-json\/wp\/v2\/pages\/8039","targetHints":{"allow":["GET"]}}],"collection":[{"href":"https:\/\/www.jvigas.com\/ca\/wp-json\/wp\/v2\/pages"}],"about":[{"href":"https:\/\/www.jvigas.com\/ca\/wp-json\/wp\/v2\/types\/page"}],"author":[{"embeddable":true,"href":"https:\/\/www.jvigas.com\/ca\/wp-json\/wp\/v2\/users\/2"}],"replies":[{"embeddable":true,"href":"https:\/\/www.jvigas.com\/ca\/wp-json\/wp\/v2\/comments?post=8039"}],"version-history":[{"count":5,"href":"https:\/\/www.jvigas.com\/ca\/wp-json\/wp\/v2\/pages\/8039\/revisions"}],"predecessor-version":[{"id":8144,"href":"https:\/\/www.jvigas.com\/ca\/wp-json\/wp\/v2\/pages\/8039\/revisions\/8144"}],"wp:attachment":[{"href":"https:\/\/www.jvigas.com\/ca\/wp-json\/wp\/v2\/media?parent=8039"}],"curies":[{"name":"wp","href":"https:\/\/api.w.org\/{rel}","templated":true}]}}