{"id":8010,"date":"2024-04-10T10:16:22","date_gmt":"2024-04-10T08:16:22","guid":{"rendered":"https:\/\/www.jvigas.com\/?page_id=8010"},"modified":"2024-04-11T15:16:14","modified_gmt":"2024-04-11T13:16:14","slug":"otr","status":"publish","type":"page","link":"https:\/\/www.jvigas.com\/ca\/otr\/","title":{"rendered":"Innovaci\u00f3 en Transfer\u00e8ncia d&#8217;Oxigen"},"content":{"rendered":"<p>[et_pb_section fb_built=&#8221;1&#8243; _builder_version=&#8221;4.21.0&#8243; _module_preset=&#8221;default&#8221; global_colors_info=&#8221;{}&#8221;][et_pb_row _builder_version=&#8221;4.21.0&#8243; _module_preset=&#8221;default&#8221; global_colors_info=&#8221;{}&#8221;][et_pb_column type=&#8221;4_4&#8243; _builder_version=&#8221;4.21.0&#8243; _module_preset=&#8221;default&#8221; global_colors_info=&#8221;{}&#8221;][et_pb_text disabled_on=&#8221;on|on|off&#8221; _builder_version=&#8221;4.24.2&#8243; _module_preset=&#8221;default&#8221; header_font=&#8221;|700|||||||&#8221; header_font_size=&#8221;48px&#8221; header_2_font=&#8221;|600|||||||&#8221; header_2_font_size=&#8221;30px&#8221; global_colors_info=&#8221;{}&#8221;]<\/p>\n<h1 style=\"text-align: center;\"><strong>OTR<\/strong><\/h1>\n<h2 style=\"text-align: center;\">La import\u00e0ncia de la permeabilitat a l&#8217;oxigen<\/h2>\n<p>&nbsp;<\/p>\n<p>[\/et_pb_text][et_pb_text disabled_on=&#8221;off|off|on&#8221; _builder_version=&#8221;4.24.2&#8243; _module_preset=&#8221;default&#8221; header_font=&#8221;|700|||||||&#8221; header_2_font=&#8221;|600|||||||&#8221; header_2_font_size=&#8221;16px&#8221; global_colors_info=&#8221;{}&#8221;]<\/p>\n<h1 style=\"text-align: center;\"><strong>OTR<\/strong><\/h1>\n<h2 style=\"text-align: center;\">La import\u00e0ncia de la permeabilitat a l&#8217;oxigen<\/h2>\n<p>&nbsp;<\/p>\n<p>[\/et_pb_text][\/et_pb_column][\/et_pb_row][et_pb_row column_structure=&#8221;3_4,1_4&#8243; disabled_on=&#8221;on|off|off&#8221; _builder_version=&#8221;4.24.2&#8243; _module_preset=&#8221;default&#8221; global_colors_info=&#8221;{}&#8221;][et_pb_column type=&#8221;3_4&#8243; _builder_version=&#8221;4.24.2&#8243; _module_preset=&#8221;default&#8221; global_colors_info=&#8221;{}&#8221;][et_pb_text _builder_version=&#8221;4.24.2&#8243; _module_preset=&#8221;default&#8221; text_font_size=&#8221;16px&#8221; global_colors_info=&#8221;{}&#8221;]<\/p>\n<p>L\u2019aportaci\u00f3 d\u2019oxigen despr\u00e9s del tapat amb un tap de suro correctament embotellat <strong>prov\u00e9 del mateix tap de suro<\/strong> i no de l\u2019ingr\u00e9s d\u2019oxigen extern.<\/p>\n<p>La <strong>permeabilitat a l\u2019oxigen<\/strong> dels taps i les <strong>condicions d\u2019emmagatzematge<\/strong> del vi s\u00f3n par\u00e0metres clau per assegurar-ne l\u2019estat organol\u00e8ptic correcte. Aquests tenen influ\u00e8ncia en l&#8217;evoluci\u00f3 del vi tranquil a nivell anal\u00edtic i sensorial. Aquests tenen influ\u00e8ncia en l&#8217;evoluci\u00f3 del vi tranquil a nivell anal\u00edtic i sensorial.<\/p>\n<p>El proc\u00e9s d&#8217;<strong>embotellament <\/strong>(regularitat i control de l&#8217;ingr\u00e9s d&#8217;oxigen) s&#8217;ha reafirmat com a <strong>punt cr\u00edtic<\/strong>i important per obtenir l&#8217;evoluci\u00f3 del vi desitjada.<\/p>\n<p>[\/et_pb_text][\/et_pb_column][et_pb_column type=&#8221;1_4&#8243; _builder_version=&#8221;4.24.2&#8243; _module_preset=&#8221;default&#8221; global_colors_info=&#8221;{}&#8221;][et_pb_image src=&#8221;https:\/\/www.jvigas.com\/wp-content\/uploads\/2024\/04\/JVIGAS_MARBRE_TAPS_01-scaled-e1581501072819-3-copia-1.png&#8221; title_text=&#8221;JVIGAS_MARBRE_TAPS_01-scaled-e1581501072819-3 copia&#8221; _builder_version=&#8221;4.24.2&#8243; _module_preset=&#8221;default&#8221; global_colors_info=&#8221;{}&#8221;][\/et_pb_image][\/et_pb_column][\/et_pb_row][et_pb_row column_structure=&#8221;1_4,3_4&#8243; disabled_on=&#8221;off|on|on&#8221; _builder_version=&#8221;4.24.2&#8243; _module_preset=&#8221;default&#8221; global_colors_info=&#8221;{}&#8221;][et_pb_column type=&#8221;1_4&#8243; _builder_version=&#8221;4.24.2&#8243; _module_preset=&#8221;default&#8221; global_colors_info=&#8221;{}&#8221;][et_pb_image src=&#8221;https:\/\/www.jvigas.com\/wp-content\/uploads\/2024\/04\/JVIGAS_MARBRE_TAPS_01-scaled-e1581501072819-3-copia-1.png&#8221; title_text=&#8221;JVIGAS_MARBRE_TAPS_01-scaled-e1581501072819-3 copia&#8221; _builder_version=&#8221;4.24.2&#8243; _module_preset=&#8221;default&#8221; global_colors_info=&#8221;{}&#8221;][\/et_pb_image][\/et_pb_column][et_pb_column type=&#8221;3_4&#8243; _builder_version=&#8221;4.24.2&#8243; _module_preset=&#8221;default&#8221; global_colors_info=&#8221;{}&#8221;][et_pb_text _builder_version=&#8221;4.24.2&#8243; _module_preset=&#8221;default&#8221; text_font_size=&#8221;16px&#8221; global_colors_info=&#8221;{}&#8221;]<\/p>\n<p>L\u2019aportaci\u00f3 d\u2019oxigen despr\u00e9s del tapat amb un tap de suro correctament embotellat <strong>prov\u00e9 del mateix tap de suro<\/strong> i no de l\u2019ingr\u00e9s d\u2019oxigen extern.<\/p>\n<p>La <strong>permeabilitat a l\u2019oxigen<\/strong> dels taps i les <strong>condicions d\u2019emmagatzematge<\/strong> del vi s\u00f3n par\u00e0metres clau per assegurar-ne l\u2019estat organol\u00e8ptic correcte. Aquests tenen influ\u00e8ncia en l&#8217;evoluci\u00f3 del vi tranquil a nivell anal\u00edtic i sensorial. Aquests tenen influ\u00e8ncia en l&#8217;evoluci\u00f3 del vi tranquil a nivell anal\u00edtic i sensorial.<\/p>\n<p>El proc\u00e9s d&#8217;<strong>embotellament <\/strong>(regularitat i control de l&#8217;ingr\u00e9s d&#8217;oxigen) s&#8217;ha reafirmat com a <strong>punt cr\u00edtic<\/strong>i important per obtenir l&#8217;evoluci\u00f3 del vi desitjada.<\/p>\n<p>[\/et_pb_text][\/et_pb_column][\/et_pb_row][et_pb_row column_structure=&#8221;1_3,1_3,1_3&#8243; _builder_version=&#8221;4.24.2&#8243; _module_preset=&#8221;default&#8221; global_colors_info=&#8221;{}&#8221;][et_pb_column type=&#8221;1_3&#8243; _builder_version=&#8221;4.24.2&#8243; _module_preset=&#8221;default&#8221; global_colors_info=&#8221;{}&#8221;][et_pb_text _builder_version=&#8221;4.24.2&#8243; _module_preset=&#8221;default&#8221; text_font_size=&#8221;16px&#8221; global_colors_info=&#8221;{}&#8221;]<\/p>\n<p>La <strong>posici\u00f3 de l&#8217;ampolla<\/strong> despr\u00e9s del tapament \u00e9s fonamental i els resultats obtinguts canvien en funci\u00f3 de si s&#8217;emmagatzema verticalment o horitzontalment.<\/p>\n<p>[\/et_pb_text][\/et_pb_column][et_pb_column type=&#8221;1_3&#8243; _builder_version=&#8221;4.24.2&#8243; _module_preset=&#8221;default&#8221; global_colors_info=&#8221;{}&#8221;][et_pb_text _builder_version=&#8221;4.24.2&#8243; _module_preset=&#8221;default&#8221; text_font_size=&#8221;16px&#8221; global_colors_info=&#8221;{}&#8221;]<\/p>\n<p>El temps de recuperaci\u00f3 del tap immediatament despr\u00e9s del tapat, <strong>d&#8217;un a cinc minuts<\/strong>, s&#8217;ha de respectar i les ampolles no s&#8217;han de moure o emmagatzemar en posici\u00f3 horitzontal fins passat aquest temps.<\/p>\n<p>[\/et_pb_text][\/et_pb_column][et_pb_column type=&#8221;1_3&#8243; _builder_version=&#8221;4.24.2&#8243; _module_preset=&#8221;default&#8221; global_colors_info=&#8221;{}&#8221;][et_pb_text _builder_version=&#8221;4.24.2&#8243; _module_preset=&#8221;default&#8221; text_font_size=&#8221;16px&#8221; global_colors_info=&#8221;{}&#8221;]<\/p>\n<p><strong>L&#8217;oxoluminesc\u00e8ncia<\/strong> s&#8217;ha validat com a m\u00e8tode de mesura de la permeabilitat a l&#8217;oxigen per taps de suro, ja que les conclusions extretes a nivell de laboratori s\u00f3n extrapolables al vi.<\/p>\n<p>[\/et_pb_text][\/et_pb_column][\/et_pb_row][\/et_pb_section][et_pb_section fb_built=&#8221;1&#8243; disabled_on=&#8221;on|off|off&#8221; _builder_version=&#8221;4.24.2&#8243; background_image=&#8221;https:\/\/www.jvigas.com\/wp-content\/uploads\/2023\/09\/sven-wilhelm-2cRXSWyMHA8-unsplash-scaled.jpg&#8221; min_height=&#8221;400px&#8221; custom_margin=&#8221;||-1px|||&#8221; custom_padding=&#8221;0px||0px|||&#8221; locked=&#8221;off&#8221; global_colors_info=&#8221;{}&#8221;][et_pb_row _builder_version=&#8221;4.20.2&#8243; _module_preset=&#8221;default&#8221; custom_padding=&#8221;173px|||||&#8221; global_colors_info=&#8221;{}&#8221;][et_pb_column type=&#8221;4_4&#8243; _builder_version=&#8221;4.20.2&#8243; _module_preset=&#8221;default&#8221; global_colors_info=&#8221;{}&#8221;][et_pb_text _builder_version=&#8221;4.20.2&#8243; _module_preset=&#8221;default&#8221; header_font=&#8221;|||on|||||&#8221; header_text_align=&#8221;center&#8221; header_text_color=&#8221;#FFFFFF&#8221; header_font_size=&#8221;48px&#8221; header_line_height=&#8221;1.4em&#8221; global_colors_info=&#8221;{}&#8221;]<\/p>\n<h1 style=\"text-align: center;\">\u00daLTIMS PROJECTES<\/h1>\n<p>[\/et_pb_text][\/et_pb_column][\/et_pb_row][\/et_pb_section][et_pb_section fb_built=&#8221;1&#8243; disabled_on=&#8221;off|on|on&#8221; _builder_version=&#8221;4.24.2&#8243; background_image=&#8221;https:\/\/www.jvigas.com\/wp-content\/uploads\/2023\/09\/sven-wilhelm-2cRXSWyMHA8-unsplash-scaled.jpg&#8221; min_height=&#8221;400px&#8221; custom_margin=&#8221;||-1px|||&#8221; custom_padding=&#8221;0px||0px|||&#8221; locked=&#8221;off&#8221; global_colors_info=&#8221;{}&#8221;][et_pb_row _builder_version=&#8221;4.20.2&#8243; _module_preset=&#8221;default&#8221; custom_padding=&#8221;173px|||||&#8221; global_colors_info=&#8221;{}&#8221;][et_pb_column type=&#8221;4_4&#8243; _builder_version=&#8221;4.20.2&#8243; _module_preset=&#8221;default&#8221; global_colors_info=&#8221;{}&#8221;][et_pb_text _builder_version=&#8221;4.24.2&#8243; _module_preset=&#8221;default&#8221; header_font=&#8221;|||on|||||&#8221; header_text_align=&#8221;center&#8221; header_text_color=&#8221;#FFFFFF&#8221; header_font_size=&#8221;40px&#8221; header_line_height=&#8221;1.4em&#8221; global_colors_info=&#8221;{}&#8221;]<\/p>\n<h1 style=\"text-align: center;\">\u00daLTIMS PROJECTES<\/h1>\n<p>[\/et_pb_text][\/et_pb_column][\/et_pb_row][\/et_pb_section][et_pb_section fb_built=&#8221;1&#8243; _builder_version=&#8221;4.24.2&#8243; _module_preset=&#8221;default&#8221; custom_padding=&#8221;1px|||||&#8221; global_colors_info=&#8221;{}&#8221;][et_pb_row column_structure=&#8221;1_4,1_4,1_4,1_4&#8243; _builder_version=&#8221;4.24.2&#8243; _module_preset=&#8221;default&#8221; custom_padding=&#8221;55px|||||&#8221; global_colors_info=&#8221;{}&#8221;][et_pb_column type=&#8221;1_4&#8243; _builder_version=&#8221;4.24.2&#8243; _module_preset=&#8221;default&#8221; global_colors_info=&#8221;{}&#8221;][et_pb_text _builder_version=&#8221;4.24.2&#8243; _module_preset=&#8221;default&#8221; text_font_size=&#8221;16px&#8221; header_4_font=&#8221;|||||on|||&#8221; header_4_font_size=&#8221;22px&#8221; global_colors_info=&#8221;{}&#8221;]<\/p>\n<h4 style=\"text-align: center;\"><span><b>Avaluaci\u00f3 otr en diferents tancaments<\/b><\/span><\/h4>\n<p><span><\/span><\/p>\n<p><span>Entendre els principis b\u00e0sics de permeabilitat.<\/span><\/p>\n<p><span>Estandarditzar un m\u00e8tode intern fiable per mesurar OTR.<\/span><\/p>\n<p><span>Con\u00e9ixer el comportament de diferents taps.<\/span><\/p>\n<p>[\/et_pb_text][\/et_pb_column][et_pb_column type=&#8221;1_4&#8243; _builder_version=&#8221;4.24.2&#8243; _module_preset=&#8221;default&#8221; global_colors_info=&#8221;{}&#8221;][et_pb_text _builder_version=&#8221;4.24.2&#8243; _module_preset=&#8221;default&#8221; text_font_size=&#8221;16px&#8221; header_4_font=&#8221;|||||on|||&#8221; header_4_font_size=&#8221;22px&#8221; global_colors_info=&#8221;{}&#8221;]<\/p>\n<h4 style=\"text-align: center;\">Evoluci\u00f3 i tra\u00e7abilitat amb tecnologia qr\/nfc.<\/h4>\n<p><span><\/span><\/p>\n<p><span>Definir un m\u00e8tode de mesura de la permeabilitat.<\/span><\/p>\n<p><span>Avaluar aquest par\u00e0metre en diferents condicions de la producci\u00f3 dels taps de suro.<\/span><\/p>\n<p>[\/et_pb_text][\/et_pb_column][et_pb_column type=&#8221;1_4&#8243; _builder_version=&#8221;4.24.2&#8243; _module_preset=&#8221;default&#8221; global_colors_info=&#8221;{}&#8221;][et_pb_text _builder_version=&#8221;4.24.2&#8243; _module_preset=&#8221;default&#8221; text_font_size=&#8221;16px&#8221; header_4_font=&#8221;|||||on|||&#8221; header_4_font_size=&#8221;22px&#8221; global_colors_info=&#8221;{}&#8221;]<\/p>\n<h4 style=\"text-align: center;\">Determinaci\u00f3 Evoluci\u00f3 OTR (I)<\/h4>\n<p><span><\/span><\/p>\n<p><span>Identificar els par\u00e0metres del proc\u00e9s productiu dels taps que tenen una influ\u00e8ncia a la permeabilitat a l&#8217;oxigen (mg O2).<\/span><\/p>\n<p><span>Estudiar els efectes a la matriu del vi.<\/span><\/p>\n<p>[\/et_pb_text][\/et_pb_column][et_pb_column type=&#8221;1_4&#8243; _builder_version=&#8221;4.24.2&#8243; _module_preset=&#8221;default&#8221; global_colors_info=&#8221;{}&#8221;][et_pb_text _builder_version=&#8221;4.24.2&#8243; _module_preset=&#8221;default&#8221; text_font_size=&#8221;16px&#8221; header_4_font=&#8221;|||||on|||&#8221; header_4_font_size=&#8221;22px&#8221; global_colors_info=&#8221;{}&#8221;]<\/p>\n<h4 style=\"text-align: center;\">Determinaci\u00f3 evoluci\u00f3 OTR (II)<span><\/span><\/h4>\n<p><span><\/span><\/p>\n<p><span>Aprofundir en l&#8217;estudi dels factors significatius partint dels projectes previs.<\/span><\/p>\n<p>[\/et_pb_text][\/et_pb_column][\/et_pb_row][\/et_pb_section]<\/p>\n","protected":false},"excerpt":{"rendered":"<p>OTR La import\u00e0ncia de la permeabilitat a l&#8217;oxigen &nbsp;OTR La import\u00e0ncia de la permeabilitat a l&#8217;oxigen &nbsp;L\u2019aportaci\u00f3 d\u2019oxigen despr\u00e9s del tapat amb un tap de suro correctament embotellat prov\u00e9 del mateix tap de suro i no de l\u2019ingr\u00e9s d\u2019oxigen extern. La permeabilitat a l\u2019oxigen dels taps i les condicions d\u2019emmagatzematge del vi s\u00f3n par\u00e0metres clau [&hellip;]<\/p>\n","protected":false},"author":2,"featured_media":0,"parent":0,"menu_order":0,"comment_status":"closed","ping_status":"closed","template":"","meta":{"_et_pb_use_builder":"on","_et_pb_old_content":"","_et_gb_content_width":"","footnotes":""},"class_list":["post-8010","page","type-page","status-publish","hentry"],"yoast_head":"<!-- This site is optimized with the Yoast SEO plugin v26.3 - https:\/\/yoast.com\/wordpress\/plugins\/seo\/ -->\n<title>Innovaci\u00f3 en Transfer\u00e8ncia d&#039;Oxigen - J\u00b7Vigas<\/title>\n<meta name=\"description\" content=\"Transfer\u00e8ncia d&#039;oxigen. Projectes sobre OTR de J\u00b7Vigas. La transfer\u00e8ncia d&#039;oxigen, clau en l&#039;evoluci\u00f3 del vi.\" \/>\n<meta name=\"robots\" content=\"index, follow, max-snippet:-1, max-image-preview:large, max-video-preview:-1\" \/>\n<link rel=\"canonical\" href=\"https:\/\/www.jvigas.com\/ca\/otr\/\" \/>\n<meta property=\"og:locale\" content=\"ca_ES\" \/>\n<meta property=\"og:type\" content=\"article\" \/>\n<meta property=\"og:title\" content=\"Innovaci\u00f3 en Transfer\u00e8ncia d&#039;Oxigen - J\u00b7Vigas\" \/>\n<meta property=\"og:description\" content=\"Transfer\u00e8ncia d&#039;oxigen. Projectes sobre OTR de J\u00b7Vigas. La transfer\u00e8ncia d&#039;oxigen, clau en l&#039;evoluci\u00f3 del vi.\" \/>\n<meta property=\"og:url\" content=\"https:\/\/www.jvigas.com\/ca\/otr\/\" \/>\n<meta property=\"og:site_name\" content=\"J\u00b7Vigas\" \/>\n<meta property=\"article:modified_time\" content=\"2024-04-11T13:16:14+00:00\" \/>\n<meta name=\"twitter:card\" content=\"summary_large_image\" \/>\n<meta name=\"twitter:label1\" content=\"Temps estimat de lectura\" \/>\n\t<meta name=\"twitter:data1\" content=\"13 minuts\" \/>\n<script type=\"application\/ld+json\" class=\"yoast-schema-graph\">{\"@context\":\"https:\/\/schema.org\",\"@graph\":[{\"@type\":\"WebPage\",\"@id\":\"https:\/\/www.jvigas.com\/ca\/otr\/\",\"url\":\"https:\/\/www.jvigas.com\/ca\/otr\/\",\"name\":\"Innovaci\u00f3 en Transfer\u00e8ncia d'Oxigen - J\u00b7Vigas\",\"isPartOf\":{\"@id\":\"https:\/\/www.jvigas.com\/#website\"},\"datePublished\":\"2024-04-10T08:16:22+00:00\",\"dateModified\":\"2024-04-11T13:16:14+00:00\",\"description\":\"Transfer\u00e8ncia d'oxigen. Projectes sobre OTR de J\u00b7Vigas. La transfer\u00e8ncia d'oxigen, clau en l'evoluci\u00f3 del vi.\",\"breadcrumb\":{\"@id\":\"https:\/\/www.jvigas.com\/ca\/otr\/#breadcrumb\"},\"inLanguage\":\"ca\",\"potentialAction\":[{\"@type\":\"ReadAction\",\"target\":[\"https:\/\/www.jvigas.com\/ca\/otr\/\"]}]},{\"@type\":\"BreadcrumbList\",\"@id\":\"https:\/\/www.jvigas.com\/ca\/otr\/#breadcrumb\",\"itemListElement\":[{\"@type\":\"ListItem\",\"position\":1,\"name\":\"Home\",\"item\":\"https:\/\/www.jvigas.com\/ca\/\"},{\"@type\":\"ListItem\",\"position\":2,\"name\":\"Innovaci\u00f3 en Transfer\u00e8ncia d&#8217;Oxigen\"}]},{\"@type\":\"WebSite\",\"@id\":\"https:\/\/www.jvigas.com\/#website\",\"url\":\"https:\/\/www.jvigas.com\/\",\"name\":\"J\u00b7Vigas\",\"description\":\"Naturaleza \u00b7 Artesan\u00eda \u00b7 Ciencia - Tapones de corcho desde 1887\",\"potentialAction\":[{\"@type\":\"SearchAction\",\"target\":{\"@type\":\"EntryPoint\",\"urlTemplate\":\"https:\/\/www.jvigas.com\/?s={search_term_string}\"},\"query-input\":{\"@type\":\"PropertyValueSpecification\",\"valueRequired\":true,\"valueName\":\"search_term_string\"}}],\"inLanguage\":\"ca\"}]}<\/script>\n<!-- \/ Yoast SEO plugin. -->","yoast_head_json":{"title":"Innovaci\u00f3 en Transfer\u00e8ncia d'Oxigen - J\u00b7Vigas","description":"Transfer\u00e8ncia d'oxigen. Projectes sobre OTR de J\u00b7Vigas. La transfer\u00e8ncia d'oxigen, clau en l'evoluci\u00f3 del vi.","robots":{"index":"index","follow":"follow","max-snippet":"max-snippet:-1","max-image-preview":"max-image-preview:large","max-video-preview":"max-video-preview:-1"},"canonical":"https:\/\/www.jvigas.com\/ca\/otr\/","og_locale":"ca_ES","og_type":"article","og_title":"Innovaci\u00f3 en Transfer\u00e8ncia d'Oxigen - J\u00b7Vigas","og_description":"Transfer\u00e8ncia d'oxigen. Projectes sobre OTR de J\u00b7Vigas. La transfer\u00e8ncia d'oxigen, clau en l'evoluci\u00f3 del vi.","og_url":"https:\/\/www.jvigas.com\/ca\/otr\/","og_site_name":"J\u00b7Vigas","article_modified_time":"2024-04-11T13:16:14+00:00","twitter_card":"summary_large_image","twitter_misc":{"Temps estimat de lectura":"13 minuts"},"schema":{"@context":"https:\/\/schema.org","@graph":[{"@type":"WebPage","@id":"https:\/\/www.jvigas.com\/ca\/otr\/","url":"https:\/\/www.jvigas.com\/ca\/otr\/","name":"Innovaci\u00f3 en Transfer\u00e8ncia d'Oxigen - J\u00b7Vigas","isPartOf":{"@id":"https:\/\/www.jvigas.com\/#website"},"datePublished":"2024-04-10T08:16:22+00:00","dateModified":"2024-04-11T13:16:14+00:00","description":"Transfer\u00e8ncia d'oxigen. Projectes sobre OTR de J\u00b7Vigas. La transfer\u00e8ncia d'oxigen, clau en l'evoluci\u00f3 del vi.","breadcrumb":{"@id":"https:\/\/www.jvigas.com\/ca\/otr\/#breadcrumb"},"inLanguage":"ca","potentialAction":[{"@type":"ReadAction","target":["https:\/\/www.jvigas.com\/ca\/otr\/"]}]},{"@type":"BreadcrumbList","@id":"https:\/\/www.jvigas.com\/ca\/otr\/#breadcrumb","itemListElement":[{"@type":"ListItem","position":1,"name":"Home","item":"https:\/\/www.jvigas.com\/ca\/"},{"@type":"ListItem","position":2,"name":"Innovaci\u00f3 en Transfer\u00e8ncia d&#8217;Oxigen"}]},{"@type":"WebSite","@id":"https:\/\/www.jvigas.com\/#website","url":"https:\/\/www.jvigas.com\/","name":"J\u00b7Vigas","description":"Naturaleza \u00b7 Artesan\u00eda \u00b7 Ciencia - Tapones de corcho desde 1887","potentialAction":[{"@type":"SearchAction","target":{"@type":"EntryPoint","urlTemplate":"https:\/\/www.jvigas.com\/?s={search_term_string}"},"query-input":{"@type":"PropertyValueSpecification","valueRequired":true,"valueName":"search_term_string"}}],"inLanguage":"ca"}]}},"_links":{"self":[{"href":"https:\/\/www.jvigas.com\/ca\/wp-json\/wp\/v2\/pages\/8010","targetHints":{"allow":["GET"]}}],"collection":[{"href":"https:\/\/www.jvigas.com\/ca\/wp-json\/wp\/v2\/pages"}],"about":[{"href":"https:\/\/www.jvigas.com\/ca\/wp-json\/wp\/v2\/types\/page"}],"author":[{"embeddable":true,"href":"https:\/\/www.jvigas.com\/ca\/wp-json\/wp\/v2\/users\/2"}],"replies":[{"embeddable":true,"href":"https:\/\/www.jvigas.com\/ca\/wp-json\/wp\/v2\/comments?post=8010"}],"version-history":[{"count":6,"href":"https:\/\/www.jvigas.com\/ca\/wp-json\/wp\/v2\/pages\/8010\/revisions"}],"predecessor-version":[{"id":8915,"href":"https:\/\/www.jvigas.com\/ca\/wp-json\/wp\/v2\/pages\/8010\/revisions\/8915"}],"wp:attachment":[{"href":"https:\/\/www.jvigas.com\/ca\/wp-json\/wp\/v2\/media?parent=8010"}],"curies":[{"name":"wp","href":"https:\/\/api.w.org\/{rel}","templated":true}]}}