{"id":8004,"date":"2024-04-10T10:05:15","date_gmt":"2024-04-10T08:05:15","guid":{"rendered":"https:\/\/www.jvigas.com\/?page_id=8004"},"modified":"2024-10-14T12:40:08","modified_gmt":"2024-10-14T10:40:08","slug":"desviacions-sensorials","status":"publish","type":"page","link":"https:\/\/www.jvigas.com\/ca\/desviacions-sensorials\/","title":{"rendered":"Innovaci\u00f3 en Desviacions Sensorials"},"content":{"rendered":"<p>[et_pb_section fb_built=&#8221;1&#8243; _builder_version=&#8221;4.21.0&#8243; _module_preset=&#8221;default&#8221; global_colors_info=&#8221;{}&#8221;][et_pb_row _builder_version=&#8221;4.21.0&#8243; _module_preset=&#8221;default&#8221; global_colors_info=&#8221;{}&#8221;][et_pb_column type=&#8221;4_4&#8243; _builder_version=&#8221;4.21.0&#8243; _module_preset=&#8221;default&#8221; global_colors_info=&#8221;{}&#8221;][et_pb_text disabled_on=&#8221;on|on|off&#8221; _builder_version=&#8221;4.24.2&#8243; _module_preset=&#8221;default&#8221; header_font=&#8221;|700|||||||&#8221; header_font_size=&#8221;48px&#8221; header_2_font=&#8221;|600|||||||&#8221; header_2_font_size=&#8221;30px&#8221; global_colors_info=&#8221;{}&#8221;]<\/p>\n<h1 style=\"text-align: center;\"><strong>No nom\u00e9s TCA<\/strong><\/h1>\n<h2 style=\"text-align: center;\">Reducci\u00f3 i eliminaci\u00f3 de les desviacions sensorials<\/h2>\n<p>&nbsp;<\/p>\n<p>[\/et_pb_text][et_pb_text disabled_on=&#8221;off|off|on&#8221; _builder_version=&#8221;4.24.2&#8243; _module_preset=&#8221;default&#8221; header_font=&#8221;|700|||||||&#8221; header_2_font=&#8221;|600|||||||&#8221; header_2_font_size=&#8221;16px&#8221; global_colors_info=&#8221;{}&#8221;]<\/p>\n<h1 style=\"text-align: center;\"><strong>No nom\u00e9s TCA<\/strong><\/h1>\n<h2 style=\"text-align: center;\">Reducci\u00f3 i eliminaci\u00f3 de les desviacions sensorials<\/h2>\n<p>&nbsp;<\/p>\n<p>[\/et_pb_text][\/et_pb_column][\/et_pb_row][et_pb_row column_structure=&#8221;3_4,1_4&#8243; _builder_version=&#8221;4.24.2&#8243; _module_preset=&#8221;default&#8221; global_colors_info=&#8221;{}&#8221; disabled_on=&#8221;on|off|off&#8221;][et_pb_column type=&#8221;3_4&#8243; _builder_version=&#8221;4.24.2&#8243; _module_preset=&#8221;default&#8221; global_colors_info=&#8221;{}&#8221;][et_pb_text _builder_version=&#8221;4.24.2&#8243; _module_preset=&#8221;default&#8221; text_font_size=&#8221;16px&#8221; global_colors_info=&#8221;{}&#8221;]<\/p>\n<p><strong>00. Fins a sis punts de control sensorial:<\/strong><br \/>Des del control d&#8217;entrada de la <strong>mat\u00e8ria primera<\/strong> fins a controls sistem\u00e0tics en diferents moments del proc\u00e9s productiu, les anal\u00edtiques sensorials s\u00f3n la base per tenir un producte lliure de desviacions.<\/p>\n<p><strong>01. Reducci\u00f3 de les desviacions mitjan\u00e7ant Vigas\u00b718<\/strong><br \/>Sistema propi de reducci\u00f3 de les desviacions mitjan\u00e7ant vapor i temperatura. S&#8217;aconsegueix fins a un <strong>69%<\/strong> de reducci\u00f3 de desviacions sense comprometre <strong>l&#8217;estructura<\/strong> interna del tap.<\/p>\n<p><strong>02. Detecci\u00f3 de desviacions mitjan\u00e7ant Sniffing Manual + Cromatografia Arrow-Intuvo-MS\/MS:<\/strong><br \/><span>Despr\u00e9s d&#8217;analitzar en profunditat diferents tecnologies, hem concl\u00f2s que <strong>el millor sistema per detectar i eliminar les desviacions<\/strong> que puguin quedar despr\u00e9s dels controls i la reducci\u00f3 de Vigas\u00b718 \u00e9s una combinaci\u00f3 de sniffing manual i cromatografia Arrow-Intuvo-MS\/MS, que ens permet un control fins a sis vegades m\u00e9s r\u00e0pid que una cromatografia tradicional arribant als mateixos l\u00edmits de quantificaci\u00f3.<\/span><\/p>\n<p>[\/et_pb_text][\/et_pb_column][et_pb_column type=&#8221;1_4&#8243; _builder_version=&#8221;4.24.2&#8243; _module_preset=&#8221;default&#8221; global_colors_info=&#8221;{}&#8221;][et_pb_image src=&#8221;https:\/\/www.jvigas.com\/wp-content\/uploads\/2024\/04\/IMG_6019.png&#8221; title_text=&#8221;IMG_6019&#8243; _builder_version=&#8221;4.24.2&#8243; _module_preset=&#8221;default&#8221; global_colors_info=&#8221;{}&#8221;][\/et_pb_image][\/et_pb_column][\/et_pb_row][et_pb_row column_structure=&#8221;1_4,3_4&#8243; _builder_version=&#8221;4.24.2&#8243; _module_preset=&#8221;default&#8221; global_colors_info=&#8221;{}&#8221; disabled_on=&#8221;off|on|on&#8221;][et_pb_column type=&#8221;1_4&#8243; _builder_version=&#8221;4.24.2&#8243; _module_preset=&#8221;default&#8221; global_colors_info=&#8221;{}&#8221;][et_pb_image src=&#8221;https:\/\/www.jvigas.com\/wp-content\/uploads\/2024\/04\/IMG_6019.png&#8221; title_text=&#8221;IMG_6019&#8243; _builder_version=&#8221;4.24.2&#8243; _module_preset=&#8221;default&#8221; global_colors_info=&#8221;{}&#8221;][\/et_pb_image][\/et_pb_column][et_pb_column type=&#8221;3_4&#8243; _builder_version=&#8221;4.24.2&#8243; _module_preset=&#8221;default&#8221; global_colors_info=&#8221;{}&#8221;][et_pb_text _builder_version=&#8221;4.24.2&#8243; _module_preset=&#8221;default&#8221; text_font_size=&#8221;16px&#8221; global_colors_info=&#8221;{}&#8221;]<\/p>\n<p><strong>00. Fins a sis punts de control sensorial:<\/strong><br \/>Des del control d&#8217;entrada de la <strong>mat\u00e8ria primera<\/strong> fins a controls sistem\u00e0tics en diferents moments del proc\u00e9s productiu, les anal\u00edtiques sensorials s\u00f3n la base per tenir un producte lliure de desviacions.<\/p>\n<p><strong>01. Reducci\u00f3 de les desviacions mitjan\u00e7ant Vigas\u00b718<\/strong><br \/>Sistema propi de reducci\u00f3 de les desviacions mitjan\u00e7ant vapor i temperatura. S&#8217;aconsegueix fins a un <strong>69%<\/strong> de reducci\u00f3 de desviacions sense comprometre <strong>l&#8217;estructura<\/strong> interna del tap.<\/p>\n<p><strong>02. Detecci\u00f3 de desviacions mitjan\u00e7ant Sniffing Manual + Cromatografia Arrow-Intuvo-MS\/MS:<\/strong><br \/><span>Despr\u00e9s d&#8217;analitzar en profunditat diferents tecnologies, hem concl\u00f2s que <strong>el millor sistema per detectar i eliminar les desviacions<\/strong> que puguin quedar despr\u00e9s dels controls i la reducci\u00f3 de Vigas\u00b718 \u00e9s una combinaci\u00f3 de sniffing manual i cromatografia Arrow-Intuvo-MS\/MS, que ens permet un control fins a sis vegades m\u00e9s r\u00e0pid que una cromatografia tradicional arribant als mateixos l\u00edmits de quantificaci\u00f3.<\/span><\/p>\n<p>[\/et_pb_text][\/et_pb_column][\/et_pb_row][\/et_pb_section][et_pb_section fb_built=&#8221;1&#8243; inner_shadow=&#8221;on&#8221; disabled_on=&#8221;on|off|off&#8221; _builder_version=&#8221;4.24.2&#8243; background_color=&#8221;#000000&#8243; background_image=&#8221;https:\/\/www.jvigas.com\/wp-content\/uploads\/2023\/05\/testalize-me-SVmaaACzcJ8-unsplash-scaled.jpg&#8221; min_height=&#8221;400px&#8221; custom_margin=&#8221;||-1px|||&#8221; custom_padding=&#8221;0px||0px|||&#8221; locked=&#8221;off&#8221; global_colors_info=&#8221;{}&#8221;][et_pb_row _builder_version=&#8221;4.20.2&#8243; _module_preset=&#8221;default&#8221; custom_padding=&#8221;173px|||||&#8221; global_colors_info=&#8221;{}&#8221;][et_pb_column type=&#8221;4_4&#8243; _builder_version=&#8221;4.20.2&#8243; _module_preset=&#8221;default&#8221; global_colors_info=&#8221;{}&#8221;][et_pb_text _builder_version=&#8221;4.20.2&#8243; _module_preset=&#8221;default&#8221; header_font=&#8221;|||on|||||&#8221; header_text_align=&#8221;center&#8221; header_text_color=&#8221;#FFFFFF&#8221; header_font_size=&#8221;48px&#8221; header_line_height=&#8221;1.4em&#8221; global_colors_info=&#8221;{}&#8221;]<\/p>\n<h1 style=\"text-align: center;\">\u00daLTIMS PROJECTES<\/h1>\n<p>[\/et_pb_text][\/et_pb_column][\/et_pb_row][\/et_pb_section][et_pb_section fb_built=&#8221;1&#8243; inner_shadow=&#8221;on&#8221; disabled_on=&#8221;off|on|on&#8221; _builder_version=&#8221;4.24.2&#8243; background_color=&#8221;#000000&#8243; background_image=&#8221;https:\/\/www.jvigas.com\/wp-content\/uploads\/2023\/05\/testalize-me-SVmaaACzcJ8-unsplash-scaled.jpg&#8221; min_height=&#8221;400px&#8221; custom_margin=&#8221;||-1px|||&#8221; custom_padding=&#8221;0px||0px|||&#8221; locked=&#8221;off&#8221; global_colors_info=&#8221;{}&#8221;][et_pb_row _builder_version=&#8221;4.20.2&#8243; _module_preset=&#8221;default&#8221; custom_padding=&#8221;173px|||||&#8221; global_colors_info=&#8221;{}&#8221;][et_pb_column type=&#8221;4_4&#8243; _builder_version=&#8221;4.20.2&#8243; _module_preset=&#8221;default&#8221; global_colors_info=&#8221;{}&#8221;][et_pb_text _builder_version=&#8221;4.24.2&#8243; _module_preset=&#8221;default&#8221; header_font=&#8221;|||on|||||&#8221; header_text_align=&#8221;center&#8221; header_text_color=&#8221;#FFFFFF&#8221; header_font_size=&#8221;40px&#8221; header_line_height=&#8221;1.4em&#8221; hover_enabled=&#8221;0&#8243; global_colors_info=&#8221;{}&#8221; sticky_enabled=&#8221;0&#8243;]<\/p>\n<h1 style=\"text-align: center;\">\u00daLTIMS PROJECTES<\/h1>\n<p>[\/et_pb_text][\/et_pb_column][\/et_pb_row][\/et_pb_section][et_pb_section fb_built=&#8221;1&#8243; _builder_version=&#8221;4.24.2&#8243; _module_preset=&#8221;default&#8221; custom_padding=&#8221;1px|||||&#8221; locked=&#8221;off&#8221; global_colors_info=&#8221;{}&#8221;][et_pb_row column_structure=&#8221;1_5,1_5,1_5,1_5,1_5&#8243; _builder_version=&#8221;4.24.2&#8243; _module_preset=&#8221;default&#8221; custom_padding=&#8221;55px|||||&#8221; global_colors_info=&#8221;{}&#8221;][et_pb_column type=&#8221;1_5&#8243; _builder_version=&#8221;4.24.2&#8243; _module_preset=&#8221;default&#8221; global_colors_info=&#8221;{}&#8221;][et_pb_text _builder_version=&#8221;4.24.2&#8243; _module_preset=&#8221;default&#8221; text_font_size=&#8221;16px&#8221; header_4_font=&#8221;|||||on|||&#8221; header_4_font_size=&#8221;22px&#8221; global_colors_info=&#8221;{}&#8221;]<\/p>\n<h4 style=\"text-align: center;\">Optimitzaci\u00f3 Vigas\u00b718<\/h4>\n<p><span><\/span><\/p>\n<p><span>Optimitzaci\u00f3 del sistema de <strong>reducci\u00f3 de desviacions sensorials<\/strong> VIGAS\u00b718 mitjan\u00e7ant l&#8217;\u00fas d&#8217;adsorbents i biosorbents. <\/span><\/p>\n<p>[\/et_pb_text][\/et_pb_column][et_pb_column type=&#8221;1_5&#8243; _builder_version=&#8221;4.24.2&#8243; _module_preset=&#8221;default&#8221; global_colors_info=&#8221;{}&#8221;][et_pb_text _builder_version=&#8221;4.24.2&#8243; _module_preset=&#8221;default&#8221; text_font_size=&#8221;16px&#8221; header_4_font=&#8221;|||||on|||&#8221; header_4_font_size=&#8221;22px&#8221; global_colors_info=&#8221;{}&#8221;]<\/p>\n<h4 style=\"text-align: center;\">Migraci\u00f3 de TCA<\/h4>\n<p><span><\/span><\/p>\n<p class=\"p2\">En col\u00b7laboraci\u00f3 amb dos dels nostres clients, estudiem la transfer\u00e8ncia de TCA a <strong>diferents tipus de vi<\/strong>.<\/p>\n<p class=\"p2\">Seguiment per <strong>cromatografia de gasos-masses<\/strong>.<\/p>\n<p>[\/et_pb_text][\/et_pb_column][et_pb_column type=&#8221;1_5&#8243; _builder_version=&#8221;4.24.2&#8243; _module_preset=&#8221;default&#8221; global_colors_info=&#8221;{}&#8221;][et_pb_text _builder_version=&#8221;4.24.2&#8243; _module_preset=&#8221;default&#8221; text_font_size=&#8221;16px&#8221; header_4_font=&#8221;|||||on|||&#8221; header_4_font_size=&#8221;22px&#8221; global_colors_info=&#8221;{}&#8221;]<\/p>\n<h4 style=\"text-align: center;\">Tecnologia Tap a Tap<\/h4>\n<p><span><\/span><\/p>\n<p><span>Posem a prova diferents tecnologies en fase de desenvolupament o que ja s\u00f3n al mercat.<\/span><\/p>\n<p><span>La nostra conclusi\u00f3 \u00e9s que, actualment, <strong>no hi ha cap tecnologia d&#8217;an\u00e0lisi autom\u00e0tica<\/strong> que satisfaci les nostres exig\u00e8ncies.<\/span><\/p>\n<p>[\/et_pb_text][\/et_pb_column][et_pb_column type=&#8221;1_5&#8243; _builder_version=&#8221;4.24.2&#8243; _module_preset=&#8221;default&#8221; global_colors_info=&#8221;{}&#8221;][et_pb_text _builder_version=&#8221;4.24.2&#8243; _module_preset=&#8221;default&#8221; text_font_size=&#8221;16px&#8221; header_4_font=&#8221;|||||on|||&#8221; header_4_font_size=&#8221;22px&#8221; global_colors_info=&#8221;{}&#8221;]<\/p>\n<h4 style=\"text-align: center;\">Sniffing Manual<span><\/span><\/h4>\n<p><span><\/span><\/p>\n<p><span style=\"font-size: 16px;\">Despr\u00e9s d&#8217;estudiar totes les tecnologies existents, J\u00b7Vigas es decanta per la detecci\u00f3 manual com a<\/span> <strong style=\"font-size: 16px;\">millor sistema de detecci\u00f3<\/strong><span style=\"font-size: 16px;\">.<\/span><br \/><span><\/span><\/p>\n<p><span>Comptem amb dues m\u00e0quines de sniffing amb detecci\u00f3 manual: <strong>Revisi\u00f3 tap a tap per part<\/strong> de personal qualificat despr\u00e9s d&#8217;un proc\u00e9s que potencia les aromes no desitjades com a haloanisols, entre ells el TCA, i altres desviacions sensorials.<\/span><\/p>\n<p>[\/et_pb_text][\/et_pb_column][et_pb_column type=&#8221;1_5&#8243; _builder_version=&#8221;4.24.2&#8243; _module_preset=&#8221;default&#8221; global_colors_info=&#8221;{}&#8221;][et_pb_text _builder_version=&#8221;4.24.2&#8243; _module_preset=&#8221;default&#8221; text_font_size=&#8221;16px&#8221; header_4_font=&#8221;|||||on|||&#8221; header_4_font_size=&#8221;22px&#8221; global_colors_info=&#8221;{}&#8221;]<\/p>\n<h4 style=\"text-align: center;\">Spme<strong><span> arrow \u00b7 gc intuvo \u00b7 ms\/ms<\/span><\/strong><\/h4>\n<p><span><\/span><\/p>\n<p><span>J\u00b7Vigas treballa amb un nou <strong>cromat\u00f2graf<\/strong> que permet realitzar anal\u00edtiques amb gran precisi\u00f3 i una velocitat <strong>sis vegades m\u00e9s gran<\/strong> que la cromatografia convencional.<\/span><span> <\/span><\/p>\n<p><span>Segons els nostres estudis realitzats no hi ha cap altre equip al mercat actual que doni uns <strong>resultats tan fiables en 4 minuts d&#8217;an\u00e0lisi.<\/strong><\/span><\/p>\n<p>&nbsp;<\/p>\n<p>[\/et_pb_text][\/et_pb_column][\/et_pb_row][\/et_pb_section]<\/p>\n","protected":false},"excerpt":{"rendered":"<p>No nom\u00e9s TCA Reducci\u00f3 i eliminaci\u00f3 de les desviacions sensorials &nbsp;No nom\u00e9s TCA Reducci\u00f3 i eliminaci\u00f3 de les desviacions sensorials &nbsp;00. Fins a sis punts de control sensorial:Des del control d&#8217;entrada de la mat\u00e8ria primera fins a controls sistem\u00e0tics en diferents moments del proc\u00e9s productiu, les anal\u00edtiques sensorials s\u00f3n la base per tenir un producte [&hellip;]<\/p>\n","protected":false},"author":2,"featured_media":0,"parent":0,"menu_order":0,"comment_status":"closed","ping_status":"closed","template":"","meta":{"_et_pb_use_builder":"on","_et_pb_old_content":"","_et_gb_content_width":"","footnotes":""},"class_list":["post-8004","page","type-page","status-publish","hentry"],"yoast_head":"<!-- This site is optimized with the Yoast SEO plugin v26.3 - https:\/\/yoast.com\/wordpress\/plugins\/seo\/ -->\n<title>Innovaci\u00f3 en Desviacions Sensorials - J\u00b7Vigas<\/title>\n<meta name=\"description\" content=\"Desviacions sensorials i TCA, J\u00b7Vigas t\u00e9 un sistema propi de detecci\u00f3 i reducci\u00f3 de TCA per als seus taps de suro natural.\" \/>\n<meta name=\"robots\" content=\"index, follow, max-snippet:-1, max-image-preview:large, max-video-preview:-1\" \/>\n<link rel=\"canonical\" href=\"https:\/\/www.jvigas.com\/ca\/desviacions-sensorials\/\" \/>\n<meta property=\"og:locale\" content=\"ca_ES\" \/>\n<meta property=\"og:type\" content=\"article\" \/>\n<meta property=\"og:title\" content=\"Innovaci\u00f3 en Desviacions Sensorials - J\u00b7Vigas\" \/>\n<meta property=\"og:description\" content=\"Desviacions sensorials i TCA, J\u00b7Vigas t\u00e9 un sistema propi de detecci\u00f3 i reducci\u00f3 de TCA per als seus taps de suro natural.\" \/>\n<meta property=\"og:url\" content=\"https:\/\/www.jvigas.com\/ca\/desviacions-sensorials\/\" \/>\n<meta property=\"og:site_name\" content=\"J\u00b7Vigas\" \/>\n<meta property=\"article:modified_time\" content=\"2024-10-14T10:40:08+00:00\" \/>\n<meta name=\"twitter:card\" content=\"summary_large_image\" \/>\n<meta name=\"twitter:label1\" content=\"Temps estimat de lectura\" \/>\n\t<meta name=\"twitter:data1\" content=\"4 minuts\" \/>\n<script type=\"application\/ld+json\" class=\"yoast-schema-graph\">{\"@context\":\"https:\/\/schema.org\",\"@graph\":[{\"@type\":\"WebPage\",\"@id\":\"https:\/\/www.jvigas.com\/ca\/desviacions-sensorials\/\",\"url\":\"https:\/\/www.jvigas.com\/ca\/desviacions-sensorials\/\",\"name\":\"Innovaci\u00f3 en Desviacions Sensorials - J\u00b7Vigas\",\"isPartOf\":{\"@id\":\"https:\/\/www.jvigas.com\/#website\"},\"datePublished\":\"2024-04-10T08:05:15+00:00\",\"dateModified\":\"2024-10-14T10:40:08+00:00\",\"description\":\"Desviacions sensorials i TCA, J\u00b7Vigas t\u00e9 un sistema propi de detecci\u00f3 i reducci\u00f3 de TCA per als seus taps de suro natural.\",\"breadcrumb\":{\"@id\":\"https:\/\/www.jvigas.com\/ca\/desviacions-sensorials\/#breadcrumb\"},\"inLanguage\":\"ca\",\"potentialAction\":[{\"@type\":\"ReadAction\",\"target\":[\"https:\/\/www.jvigas.com\/ca\/desviacions-sensorials\/\"]}]},{\"@type\":\"BreadcrumbList\",\"@id\":\"https:\/\/www.jvigas.com\/ca\/desviacions-sensorials\/#breadcrumb\",\"itemListElement\":[{\"@type\":\"ListItem\",\"position\":1,\"name\":\"Home\",\"item\":\"https:\/\/www.jvigas.com\/ca\/\"},{\"@type\":\"ListItem\",\"position\":2,\"name\":\"Innovaci\u00f3 en Desviacions Sensorials\"}]},{\"@type\":\"WebSite\",\"@id\":\"https:\/\/www.jvigas.com\/#website\",\"url\":\"https:\/\/www.jvigas.com\/\",\"name\":\"J\u00b7Vigas\",\"description\":\"Naturaleza \u00b7 Artesan\u00eda \u00b7 Ciencia - Tapones de corcho desde 1887\",\"potentialAction\":[{\"@type\":\"SearchAction\",\"target\":{\"@type\":\"EntryPoint\",\"urlTemplate\":\"https:\/\/www.jvigas.com\/?s={search_term_string}\"},\"query-input\":{\"@type\":\"PropertyValueSpecification\",\"valueRequired\":true,\"valueName\":\"search_term_string\"}}],\"inLanguage\":\"ca\"}]}<\/script>\n<!-- \/ Yoast SEO plugin. -->","yoast_head_json":{"title":"Innovaci\u00f3 en Desviacions Sensorials - J\u00b7Vigas","description":"Desviacions sensorials i TCA, J\u00b7Vigas t\u00e9 un sistema propi de detecci\u00f3 i reducci\u00f3 de TCA per als seus taps de suro natural.","robots":{"index":"index","follow":"follow","max-snippet":"max-snippet:-1","max-image-preview":"max-image-preview:large","max-video-preview":"max-video-preview:-1"},"canonical":"https:\/\/www.jvigas.com\/ca\/desviacions-sensorials\/","og_locale":"ca_ES","og_type":"article","og_title":"Innovaci\u00f3 en Desviacions Sensorials - J\u00b7Vigas","og_description":"Desviacions sensorials i TCA, J\u00b7Vigas t\u00e9 un sistema propi de detecci\u00f3 i reducci\u00f3 de TCA per als seus taps de suro natural.","og_url":"https:\/\/www.jvigas.com\/ca\/desviacions-sensorials\/","og_site_name":"J\u00b7Vigas","article_modified_time":"2024-10-14T10:40:08+00:00","twitter_card":"summary_large_image","twitter_misc":{"Temps estimat de lectura":"4 minuts"},"schema":{"@context":"https:\/\/schema.org","@graph":[{"@type":"WebPage","@id":"https:\/\/www.jvigas.com\/ca\/desviacions-sensorials\/","url":"https:\/\/www.jvigas.com\/ca\/desviacions-sensorials\/","name":"Innovaci\u00f3 en Desviacions Sensorials - J\u00b7Vigas","isPartOf":{"@id":"https:\/\/www.jvigas.com\/#website"},"datePublished":"2024-04-10T08:05:15+00:00","dateModified":"2024-10-14T10:40:08+00:00","description":"Desviacions sensorials i TCA, J\u00b7Vigas t\u00e9 un sistema propi de detecci\u00f3 i reducci\u00f3 de TCA per als seus taps de suro natural.","breadcrumb":{"@id":"https:\/\/www.jvigas.com\/ca\/desviacions-sensorials\/#breadcrumb"},"inLanguage":"ca","potentialAction":[{"@type":"ReadAction","target":["https:\/\/www.jvigas.com\/ca\/desviacions-sensorials\/"]}]},{"@type":"BreadcrumbList","@id":"https:\/\/www.jvigas.com\/ca\/desviacions-sensorials\/#breadcrumb","itemListElement":[{"@type":"ListItem","position":1,"name":"Home","item":"https:\/\/www.jvigas.com\/ca\/"},{"@type":"ListItem","position":2,"name":"Innovaci\u00f3 en Desviacions Sensorials"}]},{"@type":"WebSite","@id":"https:\/\/www.jvigas.com\/#website","url":"https:\/\/www.jvigas.com\/","name":"J\u00b7Vigas","description":"Naturaleza \u00b7 Artesan\u00eda \u00b7 Ciencia - Tapones de corcho desde 1887","potentialAction":[{"@type":"SearchAction","target":{"@type":"EntryPoint","urlTemplate":"https:\/\/www.jvigas.com\/?s={search_term_string}"},"query-input":{"@type":"PropertyValueSpecification","valueRequired":true,"valueName":"search_term_string"}}],"inLanguage":"ca"}]}},"_links":{"self":[{"href":"https:\/\/www.jvigas.com\/ca\/wp-json\/wp\/v2\/pages\/8004","targetHints":{"allow":["GET"]}}],"collection":[{"href":"https:\/\/www.jvigas.com\/ca\/wp-json\/wp\/v2\/pages"}],"about":[{"href":"https:\/\/www.jvigas.com\/ca\/wp-json\/wp\/v2\/types\/page"}],"author":[{"embeddable":true,"href":"https:\/\/www.jvigas.com\/ca\/wp-json\/wp\/v2\/users\/2"}],"replies":[{"embeddable":true,"href":"https:\/\/www.jvigas.com\/ca\/wp-json\/wp\/v2\/comments?post=8004"}],"version-history":[{"count":7,"href":"https:\/\/www.jvigas.com\/ca\/wp-json\/wp\/v2\/pages\/8004\/revisions"}],"predecessor-version":[{"id":8978,"href":"https:\/\/www.jvigas.com\/ca\/wp-json\/wp\/v2\/pages\/8004\/revisions\/8978"}],"wp:attachment":[{"href":"https:\/\/www.jvigas.com\/ca\/wp-json\/wp\/v2\/media?parent=8004"}],"curies":[{"name":"wp","href":"https:\/\/api.w.org\/{rel}","templated":true}]}}