{"id":2261,"date":"2020-10-19T20:34:25","date_gmt":"2020-10-19T18:34:25","guid":{"rendered":"https:\/\/web2020.jvigas.com\/descarregables\/"},"modified":"2023-02-09T10:53:53","modified_gmt":"2023-02-09T08:53:53","slug":"descarregables","status":"publish","type":"page","link":"https:\/\/www.jvigas.com\/ca\/descarregables\/","title":{"rendered":"Descarregables"},"content":{"rendered":"<p>[et_pb_section fb_built=&#8221;1&#8243; _builder_version=&#8221;4.16&#8243; background_color=&#8221;#FFFFFF&#8221; custom_padding=&#8221;||80px|||&#8221; global_colors_info=&#8221;{}&#8221;][et_pb_row _builder_version=&#8221;4.16&#8243; global_colors_info=&#8221;{}&#8221;][et_pb_column type=&#8221;4_4&#8243; _builder_version=&#8221;4.16&#8243; global_colors_info=&#8221;{}&#8221;][et_pb_text disabled_on=&#8221;on|off|off&#8221; _builder_version=&#8221;4.16&#8243; text_text_color=&#8221;#000000&#8243; text_font_size=&#8221;16px&#8221; header_font=&#8221;|||||on|||&#8221; header_text_color=&#8221;#1d515d&#8221; header_font_size=&#8221;58px&#8221; z_index=&#8221;500&#8243; global_colors_info=&#8221;{}&#8221;]<\/p>\n<h1 style=\"text-align: center;\">Descarregables<\/h1>\n<p>[\/et_pb_text][et_pb_text disabled_on=&#8221;off|on|on&#8221; _builder_version=&#8221;4.16&#8243; text_text_color=&#8221;#000000&#8243; text_font_size=&#8221;16px&#8221; header_font=&#8221;|||||on|||&#8221; header_text_color=&#8221;#1d515d&#8221; header_font_size=&#8221;32px&#8221; z_index=&#8221;500&#8243; global_colors_info=&#8221;{}&#8221;]<\/p>\n<h1 style=\"text-align: center;\">Descarregables<\/h1>\n<p>[\/et_pb_text][et_pb_text _builder_version=&#8221;4.18.1&#8243; text_text_color=&#8221;#000000&#8243; text_font_size=&#8221;16px&#8221; header_font=&#8221;|||||on|||&#8221; header_text_color=&#8221;#1d515d&#8221; header_font_size=&#8221;58px&#8221; z_index=&#8221;500&#8243; custom_padding=&#8221;60px|||||&#8221; hover_enabled=&#8221;0&#8243; global_colors_info=&#8221;{}&#8221; sticky_enabled=&#8221;0&#8243;]<\/p>\n<p class=\"p2\"><strong>Instruccions d&#8217;emmagatzematge i \u00fas \u00b7 <\/strong><strong><a href=\"http:\/\/www.jvigas.com\/wp-content\/uploads\/2020\/10\/Instruccions-demmagatzematge-i-u\u0301s.pdf\">DESCARREGAR <\/a><\/strong><\/p>\n<p class=\"p2\"><strong>Pol\u00edtica de qualitat i medi ambient \u00b7 <\/strong><a href=\"http:\/\/web2020.jvigas.com\/wp-content\/uploads\/2020\/08\/POLI%CC%81TICA-DE-CALIDAD-Y-MEDIOAMBIENTE.pdf\"><strong> <\/strong><\/a><strong><a href=\"https:\/\/www.jvigas.com\/wp-content\/uploads\/2023\/02\/Politica-Integrada-JVigas-2023.pdf\">DESCARREGAR<\/a><\/strong><\/p>\n<p class=\"p2\"><strong>Certificacions \u00b7 <a href=\"https:\/\/www.jvigas.com\/ca\/certificacions\/\" target=\"_blank\" rel=\"noopener noreferrer\">DESCARREGAR<\/a><\/strong><\/p>\n<p class=\"p2\"><strong>Especificacions t\u00e8cniques \u00b7 <a href=\"https:\/\/www.jvigas.com\/especificaciones-tecnicas\/\" target=\"_blank\" rel=\"noopener noreferrer\">DESCARREGAR<\/a><\/strong> <strong><\/strong><\/p>\n<p class=\"p2\"><strong>Presentaci\u00f3 comercial<\/strong> \u00b7 Envi\u00ef&#8217;ns un correu a <a href=\"mailto:sac.teresa@jvigas.com\" target=\"_blank\" rel=\"noopener noreferrer\">sac.teresa@jvigas.com<\/a>\u00a0i l&#8217;hi enviarem en menys de 24 hores (de dilluns a divendres)<\/p>\n<p class=\"p2\"><strong>Cat\u00e0leg de productes<\/strong> \u00b7 Envi\u00ef&#8217;ns un correu a <a href=\"mailto:sac.teresa@jvigas.com\" target=\"_blank\" rel=\"noopener noreferrer\">sac.teresa@jvigas.com<\/a> i el nostre departament de Servei d&#8217;Atenci\u00f3 al Client (SAC) es posar\u00e0 en contacte amb vost\u00e8 en menys de 24 hores (de dilluns a divendres)<\/p>\n<p class=\"p2\"><strong>Presentaci\u00f3 del sistema VIGAS\u00b718 \u00b7\u00a0<\/strong>Envi\u00ef&#8217;ns un correu a <a href=\"mailto:sac.teresa@jvigas.com\" target=\"_blank\" rel=\"noopener noreferrer\">sac.teresa@jvigas.com<\/a><a href=\"mailto:jvigas@jvigas.com\" target=\"_blank\" rel=\"noopener noreferrer\"><\/a> i l&#8217;hi enviarem en menys de 24 hores (de dilluns a divendres)<\/p>\n<p class=\"p2\"><strong>Presentaci\u00f3 del sistema SNIFFING \u00b7 <\/strong>Envi\u00ef&#8217;ns un correu a <a href=\"mailto:sac.teresa@jvigas.com\" target=\"_blank\" rel=\"noopener noreferrer\">sac.teresa@jvigas.com<\/a>\u00a0i l&#8217;hi enviarem en menys de 24 hores (de dilluns a divendres)<\/p>\n<p>[\/et_pb_text][\/et_pb_column][\/et_pb_row][\/et_pb_section][et_pb_section fb_built=&#8221;1&#8243; _builder_version=&#8221;4.16&#8243; background_image=&#8221;http:\/\/web2020.jvigas.com\/wp-content\/uploads\/2020\/10\/img011-e1602074504571.jpg&#8221; background_position=&#8221;top_left&#8221; positioning=&#8221;none&#8221; position_origin_a=&#8221;bottom_center&#8221; position_origin_f=&#8221;bottom_center&#8221; position_origin_r=&#8221;bottom_left&#8221; custom_padding=&#8221;23%||||false|false&#8221; global_colors_info=&#8221;{}&#8221;][\/et_pb_section]<\/p>\n","protected":false},"excerpt":{"rendered":"<p>DescarregablesDescarregablesInstruccions d&#8217;emmagatzematge i \u00fas \u00b7 DESCARREGAR Pol\u00edtica de qualitat i medi ambient \u00b7 DESCARREGAR Certificacions \u00b7 DESCARREGAR Especificacions t\u00e8cniques \u00b7 DESCARREGAR Presentaci\u00f3 comercial \u00b7 Envi\u00ef&#8217;ns un correu a sac.teresa@jvigas.com\u00a0i l&#8217;hi enviarem en menys de 24 hores (de dilluns a divendres) Cat\u00e0leg de productes \u00b7 Envi\u00ef&#8217;ns un correu a sac.teresa@jvigas.com i el nostre departament de Servei [&hellip;]<\/p>\n","protected":false},"author":2,"featured_media":0,"parent":0,"menu_order":0,"comment_status":"closed","ping_status":"closed","template":"","meta":{"_et_pb_use_builder":"on","_et_pb_old_content":"","_et_gb_content_width":"","footnotes":""},"class_list":["post-2261","page","type-page","status-publish","hentry"],"yoast_head":"<!-- This site is optimized with the Yoast SEO plugin v26.3 - https:\/\/yoast.com\/wordpress\/plugins\/seo\/ -->\n<title>Descarregables - J\u00b7Vigas<\/title>\n<meta name=\"description\" content=\"Descarregui els documents del seu inter\u00e8s, des de presentacions, la nostra pol\u00edtica ambiental o les instruccions d&#039;emmagatzematge i \u00fas.\" \/>\n<meta name=\"robots\" content=\"index, follow, max-snippet:-1, max-image-preview:large, max-video-preview:-1\" \/>\n<link rel=\"canonical\" href=\"https:\/\/www.jvigas.com\/ca\/descarregables\/\" \/>\n<meta property=\"og:locale\" content=\"ca_ES\" \/>\n<meta property=\"og:type\" content=\"article\" \/>\n<meta property=\"og:title\" content=\"Descarregables - J\u00b7Vigas\" \/>\n<meta property=\"og:description\" content=\"Descarregui els documents del seu inter\u00e8s, des de presentacions, la nostra pol\u00edtica ambiental o les instruccions d&#039;emmagatzematge i \u00fas.\" \/>\n<meta property=\"og:url\" content=\"https:\/\/www.jvigas.com\/ca\/descarregables\/\" \/>\n<meta property=\"og:site_name\" content=\"J\u00b7Vigas\" \/>\n<meta property=\"article:modified_time\" content=\"2023-02-09T08:53:53+00:00\" \/>\n<meta name=\"twitter:card\" content=\"summary_large_image\" \/>\n<meta name=\"twitter:label1\" content=\"Temps estimat de lectura\" \/>\n\t<meta name=\"twitter:data1\" content=\"2 minuts\" \/>\n<script type=\"application\/ld+json\" class=\"yoast-schema-graph\">{\"@context\":\"https:\/\/schema.org\",\"@graph\":[{\"@type\":\"WebPage\",\"@id\":\"https:\/\/www.jvigas.com\/ca\/descarregables\/\",\"url\":\"https:\/\/www.jvigas.com\/ca\/descarregables\/\",\"name\":\"Descarregables - J\u00b7Vigas\",\"isPartOf\":{\"@id\":\"https:\/\/www.jvigas.com\/#website\"},\"datePublished\":\"2020-10-19T18:34:25+00:00\",\"dateModified\":\"2023-02-09T08:53:53+00:00\",\"description\":\"Descarregui els documents del seu inter\u00e8s, des de presentacions, la nostra pol\u00edtica ambiental o les instruccions d'emmagatzematge i \u00fas.\",\"breadcrumb\":{\"@id\":\"https:\/\/www.jvigas.com\/ca\/descarregables\/#breadcrumb\"},\"inLanguage\":\"ca\",\"potentialAction\":[{\"@type\":\"ReadAction\",\"target\":[\"https:\/\/www.jvigas.com\/ca\/descarregables\/\"]}]},{\"@type\":\"BreadcrumbList\",\"@id\":\"https:\/\/www.jvigas.com\/ca\/descarregables\/#breadcrumb\",\"itemListElement\":[{\"@type\":\"ListItem\",\"position\":1,\"name\":\"Home\",\"item\":\"https:\/\/www.jvigas.com\/ca\/\"},{\"@type\":\"ListItem\",\"position\":2,\"name\":\"Descarregables\"}]},{\"@type\":\"WebSite\",\"@id\":\"https:\/\/www.jvigas.com\/#website\",\"url\":\"https:\/\/www.jvigas.com\/\",\"name\":\"J\u00b7Vigas\",\"description\":\"Naturaleza \u00b7 Artesan\u00eda \u00b7 Ciencia - Tapones de corcho desde 1887\",\"potentialAction\":[{\"@type\":\"SearchAction\",\"target\":{\"@type\":\"EntryPoint\",\"urlTemplate\":\"https:\/\/www.jvigas.com\/?s={search_term_string}\"},\"query-input\":{\"@type\":\"PropertyValueSpecification\",\"valueRequired\":true,\"valueName\":\"search_term_string\"}}],\"inLanguage\":\"ca\"}]}<\/script>\n<!-- \/ Yoast SEO plugin. -->","yoast_head_json":{"title":"Descarregables - J\u00b7Vigas","description":"Descarregui els documents del seu inter\u00e8s, des de presentacions, la nostra pol\u00edtica ambiental o les instruccions d'emmagatzematge i \u00fas.","robots":{"index":"index","follow":"follow","max-snippet":"max-snippet:-1","max-image-preview":"max-image-preview:large","max-video-preview":"max-video-preview:-1"},"canonical":"https:\/\/www.jvigas.com\/ca\/descarregables\/","og_locale":"ca_ES","og_type":"article","og_title":"Descarregables - J\u00b7Vigas","og_description":"Descarregui els documents del seu inter\u00e8s, des de presentacions, la nostra pol\u00edtica ambiental o les instruccions d'emmagatzematge i \u00fas.","og_url":"https:\/\/www.jvigas.com\/ca\/descarregables\/","og_site_name":"J\u00b7Vigas","article_modified_time":"2023-02-09T08:53:53+00:00","twitter_card":"summary_large_image","twitter_misc":{"Temps estimat de lectura":"2 minuts"},"schema":{"@context":"https:\/\/schema.org","@graph":[{"@type":"WebPage","@id":"https:\/\/www.jvigas.com\/ca\/descarregables\/","url":"https:\/\/www.jvigas.com\/ca\/descarregables\/","name":"Descarregables - J\u00b7Vigas","isPartOf":{"@id":"https:\/\/www.jvigas.com\/#website"},"datePublished":"2020-10-19T18:34:25+00:00","dateModified":"2023-02-09T08:53:53+00:00","description":"Descarregui els documents del seu inter\u00e8s, des de presentacions, la nostra pol\u00edtica ambiental o les instruccions d'emmagatzematge i \u00fas.","breadcrumb":{"@id":"https:\/\/www.jvigas.com\/ca\/descarregables\/#breadcrumb"},"inLanguage":"ca","potentialAction":[{"@type":"ReadAction","target":["https:\/\/www.jvigas.com\/ca\/descarregables\/"]}]},{"@type":"BreadcrumbList","@id":"https:\/\/www.jvigas.com\/ca\/descarregables\/#breadcrumb","itemListElement":[{"@type":"ListItem","position":1,"name":"Home","item":"https:\/\/www.jvigas.com\/ca\/"},{"@type":"ListItem","position":2,"name":"Descarregables"}]},{"@type":"WebSite","@id":"https:\/\/www.jvigas.com\/#website","url":"https:\/\/www.jvigas.com\/","name":"J\u00b7Vigas","description":"Naturaleza \u00b7 Artesan\u00eda \u00b7 Ciencia - Tapones de corcho desde 1887","potentialAction":[{"@type":"SearchAction","target":{"@type":"EntryPoint","urlTemplate":"https:\/\/www.jvigas.com\/?s={search_term_string}"},"query-input":{"@type":"PropertyValueSpecification","valueRequired":true,"valueName":"search_term_string"}}],"inLanguage":"ca"}]}},"_links":{"self":[{"href":"https:\/\/www.jvigas.com\/ca\/wp-json\/wp\/v2\/pages\/2261","targetHints":{"allow":["GET"]}}],"collection":[{"href":"https:\/\/www.jvigas.com\/ca\/wp-json\/wp\/v2\/pages"}],"about":[{"href":"https:\/\/www.jvigas.com\/ca\/wp-json\/wp\/v2\/types\/page"}],"author":[{"embeddable":true,"href":"https:\/\/www.jvigas.com\/ca\/wp-json\/wp\/v2\/users\/2"}],"replies":[{"embeddable":true,"href":"https:\/\/www.jvigas.com\/ca\/wp-json\/wp\/v2\/comments?post=2261"}],"version-history":[{"count":25,"href":"https:\/\/www.jvigas.com\/ca\/wp-json\/wp\/v2\/pages\/2261\/revisions"}],"predecessor-version":[{"id":5426,"href":"https:\/\/www.jvigas.com\/ca\/wp-json\/wp\/v2\/pages\/2261\/revisions\/5426"}],"wp:attachment":[{"href":"https:\/\/www.jvigas.com\/ca\/wp-json\/wp\/v2\/media?parent=2261"}],"curies":[{"name":"wp","href":"https:\/\/api.w.org\/{rel}","templated":true}]}}