{"id":2123,"date":"2020-10-15T21:43:26","date_gmt":"2020-10-15T19:43:26","guid":{"rendered":"http:\/\/web2020.jvigas.com\/?page_id=2123"},"modified":"2025-07-01T12:32:58","modified_gmt":"2025-07-01T10:32:58","slug":"productes","status":"publish","type":"page","link":"https:\/\/www.jvigas.com\/ca\/productes\/","title":{"rendered":"Productes"},"content":{"rendered":"<p>[et_pb_section fb_built=&#8221;1&#8243; _builder_version=&#8221;4.15&#8243; background_color=&#8221;#FFFFFF&#8221; global_colors_info=&#8221;{}&#8221; theme_builder_area=&#8221;post_content&#8221;][et_pb_row _builder_version=&#8221;4.15&#8243; global_colors_info=&#8221;{}&#8221; theme_builder_area=&#8221;post_content&#8221;][et_pb_column type=&#8221;4_4&#8243; _builder_version=&#8221;4.15&#8243; global_colors_info=&#8221;{}&#8221; theme_builder_area=&#8221;post_content&#8221;][et_pb_text disabled_on=&#8221;on|off|off&#8221; _builder_version=&#8221;4.15&#8243; text_text_color=&#8221;#000000&#8243; text_font_size=&#8221;16px&#8221; header_font=&#8221;|||||on|||&#8221; header_text_color=&#8221;#1d515d&#8221; header_font_size=&#8221;58px&#8221; header_2_text_align=&#8221;center&#8221; header_2_letter_spacing=&#8221;1px&#8221; global_colors_info=&#8221;{}&#8221; theme_builder_area=&#8221;post_content&#8221;]<\/p>\n<h1 style=\"text-align: center;\">Productes<\/h1>\n<h2>Taps <em>tailor-made<\/em><\/h2>\n<p>[\/et_pb_text][et_pb_text disabled_on=&#8221;off|on|on&#8221; _builder_version=&#8221;4.15.1&#8243; text_text_color=&#8221;#000000&#8243; text_font_size=&#8221;16px&#8221; header_font=&#8221;|||||on|||&#8221; header_text_color=&#8221;#1d515d&#8221; header_font_size=&#8221;40px&#8221; header_2_text_align=&#8221;center&#8221; header_2_letter_spacing=&#8221;1px&#8221; hover_enabled=&#8221;0&#8243; global_colors_info=&#8221;{}&#8221; theme_builder_area=&#8221;post_content&#8221; sticky_enabled=&#8221;0&#8243;]<\/p>\n<h1 style=\"text-align: center;\">Productes<\/h1>\n<h2>Taps <em>tailor-made<\/em><\/h2>\n<p>[\/et_pb_text][\/et_pb_column][\/et_pb_row][et_pb_row _builder_version=&#8221;4.15.1&#8243; _module_preset=&#8221;default&#8221; global_colors_info=&#8221;{}&#8221; theme_builder_area=&#8221;post_content&#8221;][et_pb_column type=&#8221;4_4&#8243; _builder_version=&#8221;4.15.1&#8243; _module_preset=&#8221;default&#8221; global_colors_info=&#8221;{}&#8221; theme_builder_area=&#8221;post_content&#8221;][et_pb_text _builder_version=&#8221;4.15.1&#8243; _module_preset=&#8221;default&#8221; text_font_size=&#8221;16px&#8221; hover_enabled=&#8221;0&#8243; global_colors_info=&#8221;{}&#8221; theme_builder_area=&#8221;post_content&#8221; sticky_enabled=&#8221;0&#8243;]<\/p>\n<p class=\"p3\"><span class=\"s1\">A J\u00b7Vigas comptem amb un <strong>equip hum\u00e0 amb anys i, fins i tot, d\u00e8cades d&#8217;experi\u00e8ncia<\/strong>, alhora que apostem per la innovaci\u00f3 i la recerca per ser <strong>pioners<\/strong> en els aven\u00e7os tecnol\u00f2gics del sector.<\/span><\/p>\n<p class=\"p3\">L&#8217;artesania, el <strong><em>savoir-faire<\/em><\/strong> que ens donen els nostres m\u00e9s de 130 anys d&#8217;hist\u00f2ria, unida a la professionalitzaci\u00f3 i la tecnologia m\u00e9s avan\u00e7ada, ens permeten assolir els est\u00e0ndards m\u00e9s alts de qualitat.<\/p>\n<p class=\"p3\">Al mateix temps, tenir tot el control de l&#8217;arbre a l&#8217;ampolla \u00e9s la manera de poder garantir una <strong>tra\u00e7abilitat total.<\/strong><\/p>\n<p>[\/et_pb_text][\/et_pb_column][\/et_pb_row][et_pb_row column_structure=&#8221;1_3,1_3,1_3&#8243; _builder_version=&#8221;4.15&#8243; global_colors_info=&#8221;{}&#8221; theme_builder_area=&#8221;post_content&#8221;][et_pb_column type=&#8221;1_3&#8243; _builder_version=&#8221;4.15&#8243; global_colors_info=&#8221;{}&#8221; theme_builder_area=&#8221;post_content&#8221;][et_pb_text _builder_version=&#8221;4.15.1&#8243; _module_preset=&#8221;default&#8221; text_font_size=&#8221;16px&#8221; header_font=&#8221;Libre Baskerville||on|||on|||&#8221; header_font_size=&#8221;26px&#8221; header_3_font=&#8221;Libre Baskerville|||||on|||&#8221; header_3_text_color=&#8221;#004f59&#8243; header_3_font_size=&#8221;26px&#8221; hover_enabled=&#8221;0&#8243; global_colors_info=&#8221;{}&#8221; theme_builder_area=&#8221;post_content&#8221; sticky_enabled=&#8221;0&#8243;]<\/p>\n<h3>Control Sensorial<\/h3>\n<p><span style=\"font-size: 16px;\">Tots els nostres taps es sotmeten a un estricte control de qualitat, amb <strong>fins a sis punts de control sensorial<\/strong>. A m\u00e9s, apliquem Vigas\u00b718, el nostre sistema propi de reducc\u00f3i de desviacions, a <strong>tots els nostres taps<\/strong>.<\/span><\/p>\n<p><span style=\"font-size: 16px;\">Comptem amb dos equips cromatogr\u00e0fics que realitzen <strong>20.000 controls anuals<\/strong>, i un sistema de <strong>sniffing tap a tap<\/strong> per als clients m\u00e9s exigents que demanen una <strong>garantia total<\/strong> d&#8217;abs\u00e8ncia de TCA.<\/span><span style=\"font-size: 16px;\"><\/span><\/p>\n<p>[\/et_pb_text][\/et_pb_column][et_pb_column type=&#8221;1_3&#8243; _builder_version=&#8221;4.15&#8243; global_colors_info=&#8221;{}&#8221; theme_builder_area=&#8221;post_content&#8221;][et_pb_text _builder_version=&#8221;4.15.1&#8243; _module_preset=&#8221;default&#8221; text_font_size=&#8221;16px&#8221; header_3_font=&#8221;|||||on|||&#8221; header_3_text_color=&#8221;#004f59&#8243; header_3_font_size=&#8221;26px&#8221; hover_enabled=&#8221;0&#8243; global_colors_info=&#8221;{}&#8221; theme_builder_area=&#8221;post_content&#8221; sticky_enabled=&#8221;0&#8243;]<\/p>\n<h3>Personalitzaci\u00f3 de la Comanda<span><\/span><\/h3>\n<p><span>Comptem amb un equip de <strong>triatge manual<\/strong> que ens permet una personalitzaci\u00f3 total de la comanda, segons les prefer\u00e8ncies espec\u00edfiques de cada client.<\/span><\/p>\n<p>[\/et_pb_text][\/et_pb_column][et_pb_column type=&#8221;1_3&#8243; _builder_version=&#8221;4.15&#8243; global_colors_info=&#8221;{}&#8221; theme_builder_area=&#8221;post_content&#8221;][et_pb_text _builder_version=&#8221;4.15.1&#8243; _module_preset=&#8221;default&#8221; text_font_size=&#8221;16px&#8221; header_3_font=&#8221;|||||on|||&#8221; header_3_text_color=&#8221;#004f59&#8243; header_3_font_size=&#8221;26px&#8221; hover_enabled=&#8221;0&#8243; global_colors_info=&#8221;{}&#8221; theme_builder_area=&#8221;post_content&#8221; sticky_enabled=&#8221;0&#8243;]<\/p>\n<h3>Atenci\u00f3 al client<\/h3>\n<p><span><\/span><span>El nostre equip d&#8217;atencio al client, liderat per l&#8217;en\u00f2loga\u00a0<\/span><span>Teresa Darnaculleta, es converteix en l&#8217;<strong>aliat de confian\u00e7a<\/strong> dels nostres clients al llarg de tot el proc\u00e9s.<\/span><\/p>\n<p><span>Aportem tot el nostre coneixement en <strong>embotellat<\/strong> per oferir-li un producte acord a les seves necessitats i prefer\u00e8ncies.<\/span><\/p>\n<p>[\/et_pb_text][\/et_pb_column][\/et_pb_row][et_pb_row column_structure=&#8221;1_2,1_2&#8243; _builder_version=&#8221;4.15&#8243; global_colors_info=&#8221;{}&#8221; theme_builder_area=&#8221;post_content&#8221;][et_pb_column type=&#8221;1_2&#8243; _builder_version=&#8221;4.15&#8243; global_colors_info=&#8221;{}&#8221; theme_builder_area=&#8221;post_content&#8221;][et_pb_image src=&#8221;http:\/\/web2020.jvigas.com\/wp-content\/uploads\/2020\/02\/JVIGAS_MARBRE_TAPS_01-scaled-e1581501072819.jpg&#8221; _builder_version=&#8221;4.15&#8243; global_colors_info=&#8221;{}&#8221; theme_builder_area=&#8221;post_content&#8221;][\/et_pb_image][\/et_pb_column][et_pb_column type=&#8221;1_2&#8243; _builder_version=&#8221;4.15&#8243; global_colors_info=&#8221;{}&#8221; theme_builder_area=&#8221;post_content&#8221;][et_pb_text _builder_version=&#8221;4.15.1&#8243; _module_preset=&#8221;default&#8221; hover_enabled=&#8221;0&#8243; global_colors_info=&#8221;{}&#8221; theme_builder_area=&#8221;post_content&#8221; sticky_enabled=&#8221;0&#8243;]<\/p>\n<p><span><\/span><\/p>\n<blockquote>\n<p><span style=\"font-size: x-large;\"><span class=\"s1\">Gr\u00e0cies a la nostra versatilitat, som el partner perfecte per a tots aquells cellers que busquen qualitat, tracte proper i personalitzaci\u00f3.<\/span><\/span><\/p>\n<\/blockquote>\n<p>[\/et_pb_text][\/et_pb_column][\/et_pb_row][\/et_pb_section]<\/p>\n","protected":false},"excerpt":{"rendered":"<p>Productes Taps tailor-madeProductes Taps tailor-madeA J\u00b7Vigas comptem amb un equip hum\u00e0 amb anys i, fins i tot, d\u00e8cades d&#8217;experi\u00e8ncia, alhora que apostem per la innovaci\u00f3 i la recerca per ser pioners en els aven\u00e7os tecnol\u00f2gics del sector. L&#8217;artesania, el savoir-faire que ens donen els nostres m\u00e9s de 130 anys d&#8217;hist\u00f2ria, unida a la professionalitzaci\u00f3 i [&hellip;]<\/p>\n","protected":false},"author":2,"featured_media":0,"parent":0,"menu_order":0,"comment_status":"closed","ping_status":"closed","template":"","meta":{"_et_pb_use_builder":"on","_et_pb_old_content":"","_et_gb_content_width":"","footnotes":""},"class_list":["post-2123","page","type-page","status-publish","hentry"],"yoast_head":"<!-- This site is optimized with the Yoast SEO plugin v26.3 - https:\/\/yoast.com\/wordpress\/plugins\/seo\/ -->\n<title>Taps de suro natural per a vins premium | J\u00b7Vigas<\/title>\n<meta name=\"description\" content=\"Descobreix els taps de suro natural J\u00b7Vigas, pensats per preservar la qualitat i aroma dels vins d\u2019alta gamma amb sostenibilitat i innovaci\u00f3.\" \/>\n<meta name=\"robots\" content=\"index, follow, max-snippet:-1, max-image-preview:large, max-video-preview:-1\" \/>\n<link rel=\"canonical\" href=\"https:\/\/www.jvigas.com\/ca\/productes\/\" \/>\n<meta property=\"og:locale\" content=\"ca_ES\" \/>\n<meta property=\"og:type\" content=\"article\" \/>\n<meta property=\"og:title\" content=\"Taps de suro natural per a vins premium | J\u00b7Vigas\" \/>\n<meta property=\"og:description\" content=\"Descobreix els taps de suro natural J\u00b7Vigas, pensats per preservar la qualitat i aroma dels vins d\u2019alta gamma amb sostenibilitat i innovaci\u00f3.\" \/>\n<meta property=\"og:url\" content=\"https:\/\/www.jvigas.com\/ca\/productes\/\" \/>\n<meta property=\"og:site_name\" content=\"J\u00b7Vigas\" \/>\n<meta property=\"article:modified_time\" content=\"2025-07-01T10:32:58+00:00\" \/>\n<meta name=\"twitter:card\" content=\"summary_large_image\" \/>\n<meta name=\"twitter:label1\" content=\"Temps estimat de lectura\" \/>\n\t<meta name=\"twitter:data1\" content=\"2 minuts\" \/>\n<script type=\"application\/ld+json\" class=\"yoast-schema-graph\">{\"@context\":\"https:\/\/schema.org\",\"@graph\":[{\"@type\":\"WebPage\",\"@id\":\"https:\/\/www.jvigas.com\/ca\/productes\/\",\"url\":\"https:\/\/www.jvigas.com\/ca\/productes\/\",\"name\":\"Taps de suro natural per a vins premium | J\u00b7Vigas\",\"isPartOf\":{\"@id\":\"https:\/\/www.jvigas.com\/#website\"},\"datePublished\":\"2020-10-15T19:43:26+00:00\",\"dateModified\":\"2025-07-01T10:32:58+00:00\",\"description\":\"Descobreix els taps de suro natural J\u00b7Vigas, pensats per preservar la qualitat i aroma dels vins d\u2019alta gamma amb sostenibilitat i innovaci\u00f3.\",\"breadcrumb\":{\"@id\":\"https:\/\/www.jvigas.com\/ca\/productes\/#breadcrumb\"},\"inLanguage\":\"ca\",\"potentialAction\":[{\"@type\":\"ReadAction\",\"target\":[\"https:\/\/www.jvigas.com\/ca\/productes\/\"]}]},{\"@type\":\"BreadcrumbList\",\"@id\":\"https:\/\/www.jvigas.com\/ca\/productes\/#breadcrumb\",\"itemListElement\":[{\"@type\":\"ListItem\",\"position\":1,\"name\":\"Home\",\"item\":\"https:\/\/www.jvigas.com\/ca\/\"},{\"@type\":\"ListItem\",\"position\":2,\"name\":\"Productes\"}]},{\"@type\":\"WebSite\",\"@id\":\"https:\/\/www.jvigas.com\/#website\",\"url\":\"https:\/\/www.jvigas.com\/\",\"name\":\"J\u00b7Vigas\",\"description\":\"Naturaleza \u00b7 Artesan\u00eda \u00b7 Ciencia - Tapones de corcho desde 1887\",\"potentialAction\":[{\"@type\":\"SearchAction\",\"target\":{\"@type\":\"EntryPoint\",\"urlTemplate\":\"https:\/\/www.jvigas.com\/?s={search_term_string}\"},\"query-input\":{\"@type\":\"PropertyValueSpecification\",\"valueRequired\":true,\"valueName\":\"search_term_string\"}}],\"inLanguage\":\"ca\"}]}<\/script>\n<!-- \/ Yoast SEO plugin. -->","yoast_head_json":{"title":"Taps de suro natural per a vins premium | J\u00b7Vigas","description":"Descobreix els taps de suro natural J\u00b7Vigas, pensats per preservar la qualitat i aroma dels vins d\u2019alta gamma amb sostenibilitat i innovaci\u00f3.","robots":{"index":"index","follow":"follow","max-snippet":"max-snippet:-1","max-image-preview":"max-image-preview:large","max-video-preview":"max-video-preview:-1"},"canonical":"https:\/\/www.jvigas.com\/ca\/productes\/","og_locale":"ca_ES","og_type":"article","og_title":"Taps de suro natural per a vins premium | J\u00b7Vigas","og_description":"Descobreix els taps de suro natural J\u00b7Vigas, pensats per preservar la qualitat i aroma dels vins d\u2019alta gamma amb sostenibilitat i innovaci\u00f3.","og_url":"https:\/\/www.jvigas.com\/ca\/productes\/","og_site_name":"J\u00b7Vigas","article_modified_time":"2025-07-01T10:32:58+00:00","twitter_card":"summary_large_image","twitter_misc":{"Temps estimat de lectura":"2 minuts"},"schema":{"@context":"https:\/\/schema.org","@graph":[{"@type":"WebPage","@id":"https:\/\/www.jvigas.com\/ca\/productes\/","url":"https:\/\/www.jvigas.com\/ca\/productes\/","name":"Taps de suro natural per a vins premium | J\u00b7Vigas","isPartOf":{"@id":"https:\/\/www.jvigas.com\/#website"},"datePublished":"2020-10-15T19:43:26+00:00","dateModified":"2025-07-01T10:32:58+00:00","description":"Descobreix els taps de suro natural J\u00b7Vigas, pensats per preservar la qualitat i aroma dels vins d\u2019alta gamma amb sostenibilitat i innovaci\u00f3.","breadcrumb":{"@id":"https:\/\/www.jvigas.com\/ca\/productes\/#breadcrumb"},"inLanguage":"ca","potentialAction":[{"@type":"ReadAction","target":["https:\/\/www.jvigas.com\/ca\/productes\/"]}]},{"@type":"BreadcrumbList","@id":"https:\/\/www.jvigas.com\/ca\/productes\/#breadcrumb","itemListElement":[{"@type":"ListItem","position":1,"name":"Home","item":"https:\/\/www.jvigas.com\/ca\/"},{"@type":"ListItem","position":2,"name":"Productes"}]},{"@type":"WebSite","@id":"https:\/\/www.jvigas.com\/#website","url":"https:\/\/www.jvigas.com\/","name":"J\u00b7Vigas","description":"Naturaleza \u00b7 Artesan\u00eda \u00b7 Ciencia - Tapones de corcho desde 1887","potentialAction":[{"@type":"SearchAction","target":{"@type":"EntryPoint","urlTemplate":"https:\/\/www.jvigas.com\/?s={search_term_string}"},"query-input":{"@type":"PropertyValueSpecification","valueRequired":true,"valueName":"search_term_string"}}],"inLanguage":"ca"}]}},"_links":{"self":[{"href":"https:\/\/www.jvigas.com\/ca\/wp-json\/wp\/v2\/pages\/2123","targetHints":{"allow":["GET"]}}],"collection":[{"href":"https:\/\/www.jvigas.com\/ca\/wp-json\/wp\/v2\/pages"}],"about":[{"href":"https:\/\/www.jvigas.com\/ca\/wp-json\/wp\/v2\/types\/page"}],"author":[{"embeddable":true,"href":"https:\/\/www.jvigas.com\/ca\/wp-json\/wp\/v2\/users\/2"}],"replies":[{"embeddable":true,"href":"https:\/\/www.jvigas.com\/ca\/wp-json\/wp\/v2\/comments?post=2123"}],"version-history":[{"count":12,"href":"https:\/\/www.jvigas.com\/ca\/wp-json\/wp\/v2\/pages\/2123\/revisions"}],"predecessor-version":[{"id":9628,"href":"https:\/\/www.jvigas.com\/ca\/wp-json\/wp\/v2\/pages\/2123\/revisions\/9628"}],"wp:attachment":[{"href":"https:\/\/www.jvigas.com\/ca\/wp-json\/wp\/v2\/media?parent=2123"}],"curies":[{"name":"wp","href":"https:\/\/api.w.org\/{rel}","templated":true}]}}