{"id":1663,"date":"2020-07-14T10:51:14","date_gmt":"2020-07-14T08:51:14","guid":{"rendered":"https:\/\/web2020.jvigas.com\/per-que-suro\/"},"modified":"2020-11-04T13:34:01","modified_gmt":"2020-11-04T11:34:01","slug":"per-que-suro","status":"publish","type":"page","link":"https:\/\/www.jvigas.com\/ca\/per-que-suro\/","title":{"rendered":"Per qu\u00e8 suro"},"content":{"rendered":"\n\n[et_pb_section fb_built=&#8221;1&#8243; _builder_version=&#8221;4.0.5&#8243; background_color=&#8221;#FFFFFF&#8221;][et_pb_row _builder_version=&#8221;4.0.5&#8243;][et_pb_column type=&#8221;4_4&#8243; _builder_version=&#8221;4.0.5&#8243;][et_pb_text _builder_version=&#8221;4.0.9&#8243; text_text_color=&#8221;#000000&#8243; text_font_size=&#8221;16px&#8221; header_font=&#8221;|||||on|||&#8221; header_text_color=&#8221;#1d515d&#8221; header_font_size=&#8221;58px&#8221; header_2_text_align=&#8221;center&#8221; header_2_letter_spacing=&#8221;1px&#8221;]<h1 style=\"text-align: center;\">El Suro<\/h1>\n<h2>La import\u00e0ncia del material per a l&#8217;evoluci\u00f3 del vi<\/h2>[\/et_pb_text][\/et_pb_column][\/et_pb_row][et_pb_row column_structure=&#8221;1_2,1_2&#8243; _builder_version=&#8221;4.0.9&#8243;][et_pb_column type=&#8221;1_2&#8243; _builder_version=&#8221;4.0.9&#8243;][et_pb_text _builder_version=&#8221;4.0.9&#8243; text_font_size=&#8221;16px&#8221; custom_padding=&#8221;37px|||||&#8221;]<p style=\"text-align: right;\"><em>El m\u00f3n del suro<\/em><br> <em> sempre ha anat corrent paral\u00b7lel al del vi,<\/em><br> <em> en un discret segon pla,<\/em><br> <em> servint d&#8217;aliat perqu\u00e8 el vi pugui madurar,<\/em><br> <em> evolucionar, millorar amb el pas del temps,<\/em><br> <em> lentament,<\/em><br> <em> amb el ritme que li atorga ser un producte natural.<\/em><\/p>\n<p style=\"text-align: right;\"><em>Un company de viatge<\/em><br> <em> que deixa tot el protagonisme al vi,<\/em><br> <em> i s&#8217;alegra dels seus \u00e8xits,<\/em><br> <em> perqu\u00e8 tamb\u00e9 els sent seus&#8230;<\/em><\/p>[\/et_pb_text][\/et_pb_column][et_pb_column type=&#8221;1_2&#8243; _builder_version=&#8221;4.0.9&#8243;][et_pb_image src=&#8221;http:\/\/web2020.jvigas.com\/wp-content\/uploads\/2020\/02\/JVIGAS_FOTO_BODEGA_06-scaled.jpg&#8221; _builder_version=&#8221;4.0.9&#8243;][\/et_pb_image][\/et_pb_column][\/et_pb_row][et_pb_row _builder_version=&#8221;4.0.9&#8243; custom_margin=&#8221;-26px|auto||auto||&#8221;][et_pb_column type=&#8221;4_4&#8243; _builder_version=&#8221;4.0.5&#8243;][et_pb_text _builder_version=&#8221;4.0.9&#8243; text_text_color=&#8221;#000000&#8243; text_font_size=&#8221;16px&#8221; header_font=&#8221;|||||on|||&#8221; header_text_color=&#8221;#1d515d&#8221; header_font_size=&#8221;58px&#8221; header_4_font=&#8221;Montserrat|500||||on|||&#8221; header_4_text_align=&#8221;right&#8221; custom_padding=&#8221;0px|||||&#8221; inline_fonts=&#8221;Libre Baskerville&#8221;]<p class=\"p2\"><span class=\"s1\"><span><\/span><\/span><\/p>\n<p class=\"p2\"><span class=\"s1\"><span><\/span><\/span><\/p>\n<p class=\"p2\"><span class=\"s1\"><span><\/span><\/span><\/p>\n<p class=\"p2\"><span class=\"s1\"><span>El suro \u00e9s el material que millor s&#8217;adapta a les necessitats del teu vi i \u00e9s el tancament m\u00e9s sostenible que existeix.<\/span><\/span><\/p>\n<p class=\"p2\">Cada cop m\u00e9s, la sostenibilitat \u00e9s un valor en al\u00e7a, tant per a les empreses com per als consumidors finals, que demanen m\u00e9s transpar\u00e8ncia a les marques i modifiquen les seves prefer\u00e8ncies en base als seus valors. <span class=\"s1\"><span><\/span><\/span><\/p>\n<p class=\"p2\">No en va, estudis internacionals com el dut a terme per la consultora Nielsen en 2018 afirmen que <strong>el 80% dels consumidors trien marques amb qui comparteixen valors<\/strong>, sent la sostenibilitat un dels valors m\u00e9s important per als consumidors.<\/p>\n<p class=\"p2\">Pel que fa a percepci\u00f3 de qualitat, els vins tapats amb suro natural s\u00f3n percebuts com vins de major qualitat, i \u00e9s el tancament preferit pel 90% dels consumidors de tot el m\u00f3n (<a href=\"http:\/\/www.elijocorcho.com\/el-tapon-de-corcho-es-la-referencia-mundial-para-los-consumidores-de-vinos-y-espumosos\/\"><em>Iniciativa Cork<\/em><\/a>).<\/p>\n<blockquote>\n<p><span style=\"font-size: x-large;\"><strong>A m\u00e9s d&#8217;un producte sostenible, que millora el posicionament i aporta valor afegit al vi, l&#8217;ajuda en la seva evoluci\u00f3, permetent una microoxigenaci\u00f3 natural que contribueix a la preservaci\u00f3 del vi i a una millora amb el pas el temps.<\/strong><\/span><span style=\"color: #02515d; font-size: 18px; font-variant-caps: small-caps; text-align: right;\"><\/span><\/p>\n<\/blockquote>[\/et_pb_text][\/et_pb_column][\/et_pb_row][\/et_pb_section]\n\n","protected":false},"excerpt":{"rendered":"<p>El Suro La import\u00e0ncia del material per a l&#8217;evoluci\u00f3 del viEl m\u00f3n del suro sempre ha anat corrent paral\u00b7lel al del vi, en un discret segon pla, servint d&#8217;aliat perqu\u00e8 el vi pugui madurar, evolucionar, millorar amb el pas del temps, lentament, amb el ritme que li atorga ser un producte natural. Un company de [&hellip;]<\/p>\n","protected":false},"author":2,"featured_media":0,"parent":0,"menu_order":0,"comment_status":"closed","ping_status":"closed","template":"","meta":{"_et_pb_use_builder":"on","_et_pb_old_content":"","_et_gb_content_width":"","footnotes":""},"class_list":["post-1663","page","type-page","status-publish","hentry"],"yoast_head":"<!-- This site is optimized with the Yoast SEO plugin v26.3 - https:\/\/yoast.com\/wordpress\/plugins\/seo\/ -->\n<title>Per qu\u00e8 suro - J\u00b7Vigas<\/title>\n<meta name=\"description\" content=\"El suro \u00e9s el material que millor s&#039;adapta a les necessitats del teu vi i \u00e9s el tancament m\u00e9s sostenible que existeix.\" \/>\n<meta name=\"robots\" content=\"index, follow, max-snippet:-1, max-image-preview:large, max-video-preview:-1\" \/>\n<link rel=\"canonical\" href=\"https:\/\/www.jvigas.com\/ca\/per-que-suro\/\" \/>\n<meta property=\"og:locale\" content=\"ca_ES\" \/>\n<meta property=\"og:type\" content=\"article\" \/>\n<meta property=\"og:title\" content=\"Per qu\u00e8 suro - J\u00b7Vigas\" \/>\n<meta property=\"og:description\" content=\"El suro \u00e9s el material que millor s&#039;adapta a les necessitats del teu vi i \u00e9s el tancament m\u00e9s sostenible que existeix.\" \/>\n<meta property=\"og:url\" content=\"https:\/\/www.jvigas.com\/ca\/per-que-suro\/\" \/>\n<meta property=\"og:site_name\" content=\"J\u00b7Vigas\" \/>\n<meta property=\"article:modified_time\" content=\"2020-11-04T11:34:01+00:00\" \/>\n<meta name=\"twitter:card\" content=\"summary_large_image\" \/>\n<meta name=\"twitter:label1\" content=\"Temps estimat de lectura\" \/>\n\t<meta name=\"twitter:data1\" content=\"2 minuts\" \/>\n<script type=\"application\/ld+json\" class=\"yoast-schema-graph\">{\"@context\":\"https:\/\/schema.org\",\"@graph\":[{\"@type\":\"WebPage\",\"@id\":\"https:\/\/www.jvigas.com\/ca\/per-que-suro\/\",\"url\":\"https:\/\/www.jvigas.com\/ca\/per-que-suro\/\",\"name\":\"Per qu\u00e8 suro - J\u00b7Vigas\",\"isPartOf\":{\"@id\":\"https:\/\/www.jvigas.com\/#website\"},\"datePublished\":\"2020-07-14T08:51:14+00:00\",\"dateModified\":\"2020-11-04T11:34:01+00:00\",\"description\":\"El suro \u00e9s el material que millor s'adapta a les necessitats del teu vi i \u00e9s el tancament m\u00e9s sostenible que existeix.\",\"breadcrumb\":{\"@id\":\"https:\/\/www.jvigas.com\/ca\/per-que-suro\/#breadcrumb\"},\"inLanguage\":\"ca\",\"potentialAction\":[{\"@type\":\"ReadAction\",\"target\":[\"https:\/\/www.jvigas.com\/ca\/per-que-suro\/\"]}]},{\"@type\":\"BreadcrumbList\",\"@id\":\"https:\/\/www.jvigas.com\/ca\/per-que-suro\/#breadcrumb\",\"itemListElement\":[{\"@type\":\"ListItem\",\"position\":1,\"name\":\"Home\",\"item\":\"https:\/\/www.jvigas.com\/ca\/\"},{\"@type\":\"ListItem\",\"position\":2,\"name\":\"Per qu\u00e8 suro\"}]},{\"@type\":\"WebSite\",\"@id\":\"https:\/\/www.jvigas.com\/#website\",\"url\":\"https:\/\/www.jvigas.com\/\",\"name\":\"J\u00b7Vigas\",\"description\":\"Naturaleza \u00b7 Artesan\u00eda \u00b7 Ciencia - Tapones de corcho desde 1887\",\"potentialAction\":[{\"@type\":\"SearchAction\",\"target\":{\"@type\":\"EntryPoint\",\"urlTemplate\":\"https:\/\/www.jvigas.com\/?s={search_term_string}\"},\"query-input\":{\"@type\":\"PropertyValueSpecification\",\"valueRequired\":true,\"valueName\":\"search_term_string\"}}],\"inLanguage\":\"ca\"}]}<\/script>\n<!-- \/ Yoast SEO plugin. -->","yoast_head_json":{"title":"Per qu\u00e8 suro - J\u00b7Vigas","description":"El suro \u00e9s el material que millor s'adapta a les necessitats del teu vi i \u00e9s el tancament m\u00e9s sostenible que existeix.","robots":{"index":"index","follow":"follow","max-snippet":"max-snippet:-1","max-image-preview":"max-image-preview:large","max-video-preview":"max-video-preview:-1"},"canonical":"https:\/\/www.jvigas.com\/ca\/per-que-suro\/","og_locale":"ca_ES","og_type":"article","og_title":"Per qu\u00e8 suro - J\u00b7Vigas","og_description":"El suro \u00e9s el material que millor s'adapta a les necessitats del teu vi i \u00e9s el tancament m\u00e9s sostenible que existeix.","og_url":"https:\/\/www.jvigas.com\/ca\/per-que-suro\/","og_site_name":"J\u00b7Vigas","article_modified_time":"2020-11-04T11:34:01+00:00","twitter_card":"summary_large_image","twitter_misc":{"Temps estimat de lectura":"2 minuts"},"schema":{"@context":"https:\/\/schema.org","@graph":[{"@type":"WebPage","@id":"https:\/\/www.jvigas.com\/ca\/per-que-suro\/","url":"https:\/\/www.jvigas.com\/ca\/per-que-suro\/","name":"Per qu\u00e8 suro - J\u00b7Vigas","isPartOf":{"@id":"https:\/\/www.jvigas.com\/#website"},"datePublished":"2020-07-14T08:51:14+00:00","dateModified":"2020-11-04T11:34:01+00:00","description":"El suro \u00e9s el material que millor s'adapta a les necessitats del teu vi i \u00e9s el tancament m\u00e9s sostenible que existeix.","breadcrumb":{"@id":"https:\/\/www.jvigas.com\/ca\/per-que-suro\/#breadcrumb"},"inLanguage":"ca","potentialAction":[{"@type":"ReadAction","target":["https:\/\/www.jvigas.com\/ca\/per-que-suro\/"]}]},{"@type":"BreadcrumbList","@id":"https:\/\/www.jvigas.com\/ca\/per-que-suro\/#breadcrumb","itemListElement":[{"@type":"ListItem","position":1,"name":"Home","item":"https:\/\/www.jvigas.com\/ca\/"},{"@type":"ListItem","position":2,"name":"Per qu\u00e8 suro"}]},{"@type":"WebSite","@id":"https:\/\/www.jvigas.com\/#website","url":"https:\/\/www.jvigas.com\/","name":"J\u00b7Vigas","description":"Naturaleza \u00b7 Artesan\u00eda \u00b7 Ciencia - Tapones de corcho desde 1887","potentialAction":[{"@type":"SearchAction","target":{"@type":"EntryPoint","urlTemplate":"https:\/\/www.jvigas.com\/?s={search_term_string}"},"query-input":{"@type":"PropertyValueSpecification","valueRequired":true,"valueName":"search_term_string"}}],"inLanguage":"ca"}]}},"_links":{"self":[{"href":"https:\/\/www.jvigas.com\/ca\/wp-json\/wp\/v2\/pages\/1663","targetHints":{"allow":["GET"]}}],"collection":[{"href":"https:\/\/www.jvigas.com\/ca\/wp-json\/wp\/v2\/pages"}],"about":[{"href":"https:\/\/www.jvigas.com\/ca\/wp-json\/wp\/v2\/types\/page"}],"author":[{"embeddable":true,"href":"https:\/\/www.jvigas.com\/ca\/wp-json\/wp\/v2\/users\/2"}],"replies":[{"embeddable":true,"href":"https:\/\/www.jvigas.com\/ca\/wp-json\/wp\/v2\/comments?post=1663"}],"version-history":[{"count":7,"href":"https:\/\/www.jvigas.com\/ca\/wp-json\/wp\/v2\/pages\/1663\/revisions"}],"predecessor-version":[{"id":2644,"href":"https:\/\/www.jvigas.com\/ca\/wp-json\/wp\/v2\/pages\/1663\/revisions\/2644"}],"wp:attachment":[{"href":"https:\/\/www.jvigas.com\/ca\/wp-json\/wp\/v2\/media?parent=1663"}],"curies":[{"name":"wp","href":"https:\/\/api.w.org\/{rel}","templated":true}]}}