{"id":1648,"date":"2020-07-13T17:44:22","date_gmt":"2020-07-13T15:44:22","guid":{"rendered":"https:\/\/web2020.jvigas.com\/futur\/"},"modified":"2026-02-05T11:36:16","modified_gmt":"2026-02-05T09:36:16","slug":"visio","status":"publish","type":"page","link":"https:\/\/www.jvigas.com\/ca\/visio\/","title":{"rendered":"Visi\u00f3"},"content":{"rendered":"<p>[et_pb_section fb_built=&#8221;1&#8243; _builder_version=&#8221;4.16&#8243; background_color=&#8221;#FFFFFF&#8221; global_colors_info=&#8221;{}&#8221;][et_pb_row _builder_version=&#8221;4.16&#8243; global_colors_info=&#8221;{}&#8221;][et_pb_column type=&#8221;4_4&#8243; _builder_version=&#8221;4.16&#8243; global_colors_info=&#8221;{}&#8221;][et_pb_text _builder_version=&#8221;4.24.2&#8243; text_text_color=&#8221;#000000&#8243; text_font_size=&#8221;16px&#8221; header_font=&#8221;|||||on|||&#8221; header_text_color=&#8221;#1d515d&#8221; header_font_size=&#8221;58px&#8221; header_2_font=&#8221;|||on|||||&#8221; header_2_text_align=&#8221;center&#8221; global_colors_info=&#8221;{}&#8221;]<\/p>\n<h1 style=\"text-align: center;\">Visi\u00f3<\/h1>\n<p>[\/et_pb_text][et_pb_text disabled_on=&#8221;on|off|off&#8221; _builder_version=&#8221;4.24.2&#8243; text_text_color=&#8221;#000000&#8243; text_font_size=&#8221;16px&#8221; header_font=&#8221;|||||on|||&#8221; header_text_color=&#8221;#1d515d&#8221; header_font_size=&#8221;58px&#8221; header_2_font=&#8221;|||on|||||&#8221; header_2_text_align=&#8221;center&#8221; header_3_font=&#8221;|||||on|||&#8221; global_colors_info=&#8221;{}&#8221;]<\/p>\n<h2 class=\"p1\"><span class=\"s1\"><b>Decisions conscients<br \/><\/b><\/span><\/h2>\n<p><span class=\"s1\"><b><\/b><\/span><\/p>\n<h3 style=\"text-align: right;\"><span><\/span><\/h3>\n<h3 style=\"text-align: right;\"><span><\/span><\/h3>\n<h3 style=\"text-align: right;\"><span><\/span><\/h3>\n<h3 style=\"text-align: right;\"><span><\/span><\/h3>\n<h3 style=\"text-align: right;\"><span><\/span><\/h3>\n<h3 style=\"text-align: right;\"><span>&#8220;El temps descobreix la veritat&#8221;<\/span><\/h3>\n<h3 style=\"text-align: right;\"><span>S\u00e8neca<\/span><\/h3>\n<p>[\/et_pb_text][et_pb_text disabled_on=&#8221;off|on|on&#8221; _builder_version=&#8221;4.24.2&#8243; text_text_color=&#8221;#000000&#8243; text_font_size=&#8221;16px&#8221; header_font=&#8221;|||||on|||&#8221; header_text_color=&#8221;#1d515d&#8221; header_font_size=&#8221;58px&#8221; header_2_font=&#8221;|||on|||||&#8221; header_2_text_align=&#8221;center&#8221; header_3_font=&#8221;|||||on|||&#8221; hover_enabled=&#8221;0&#8243; global_colors_info=&#8221;{}&#8221; header_2_font_size=&#8221;20px&#8221; header_3_font_size=&#8221;18px&#8221; sticky_enabled=&#8221;0&#8243;]<\/p>\n<h2 class=\"p1\"><span class=\"s1\"><b>Decisions conscients<br \/><\/b><\/span><\/h2>\n<p><span class=\"s1\"><b><\/b><\/span><\/p>\n<h3 style=\"text-align: right;\"><span><\/span><\/h3>\n<h3 style=\"text-align: right;\"><span><\/span><\/h3>\n<h3 style=\"text-align: right;\"><span><\/span><\/h3>\n<h3 style=\"text-align: right;\"><span><\/span><\/h3>\n<h3 style=\"text-align: right;\"><span><\/span><\/h3>\n<h3 style=\"text-align: right;\"><span>&#8220;El temps descobreix la veritat&#8221;<\/span><\/h3>\n<h3 style=\"text-align: right;\"><span>S\u00e8neca<\/span><\/h3>\n<p>[\/et_pb_text][\/et_pb_column][\/et_pb_row][\/et_pb_section][et_pb_section fb_built=&#8221;1&#8243; _builder_version=&#8221;4.24.2&#8243; background_image=&#8221;https:\/\/www.jvigas.com\/wp-content\/uploads\/2026\/02\/dark_image-copia.jpg&#8221; global_colors_info=&#8221;{}&#8221;][et_pb_row column_structure=&#8221;1_4,3_4&#8243; _builder_version=&#8221;4.16&#8243; background_color=&#8221;rgba(0,0,0,0)&#8221; width=&#8221;87.2%&#8221; global_colors_info=&#8221;{}&#8221;][et_pb_column type=&#8221;1_4&#8243; _builder_version=&#8221;4.16&#8243; global_colors_info=&#8221;{}&#8221;][\/et_pb_column][et_pb_column type=&#8221;3_4&#8243; _builder_version=&#8221;4.16&#8243; global_colors_info=&#8221;{}&#8221;][et_pb_text _builder_version=&#8221;4.24.2&#8243; text_text_color=&#8221;#FFFFFF&#8221; text_font_size=&#8221;16px&#8221; header_font=&#8221;|||||on|||&#8221; header_text_color=&#8221;#1d515d&#8221; header_font_size=&#8221;58px&#8221; header_2_font=&#8221;|||on|||||&#8221; header_2_text_align=&#8221;center&#8221; header_4_line_height=&#8221;1.3em&#8221; min_height=&#8221;469px&#8221; custom_padding=&#8221;101px|||||&#8221; global_colors_info=&#8221;{}&#8221;]<\/p>\n<p>&nbsp;<\/p>\n<h3><span style=\"color: #ffffff;\">Creiem en un futur que es construeix amb criteri, no amb urg\u00e8ncia.<\/span><\/h3>\n<p>&nbsp;<\/p>\n<p>En un sector sotm\u00e8s a la pressi\u00f3 del curt termini, a J\u00b7Vigas continuem treballant des d\u2019all\u00f2 que ens ha portat fins aqu\u00ed: <strong>la natura, el coneixement i el respecte pels processos<\/strong>. Perqu\u00e8 no totes les decisions tenen el mateix impacte quan entren en joc el vi, el temps i la seva <em>evoluci\u00f3<\/em>.<\/p>\n<p>Treballem amb suro<strong> 100 % natural<\/strong> perqu\u00e8 \u00e9s una mat\u00e8ria viva, vinculada al territori i a l\u2019<strong>equilibri<\/strong> del bosc. Un material que no nom\u00e9s tanca una ampolla, sin\u00f3 que <strong>acompanya<\/strong> el vi en el seu recorregut, respectant-ne la identitat i el ritme.<\/p>\n<p>Entenem la sostenibilitat no com un argument, sin\u00f3 com una manera de fer. Una forma de treballar que travessa el producte, els processos i les <strong>relacions<\/strong> que constru\u00efm amb les persones i amb l\u2019entorn.<br \/>Del bosc al celler.<\/p>\n<p>La nostra visi\u00f3 \u00e9s continuar sent una <strong>empresa familiar 100% independent<\/strong>, exigent i coherent. Capa\u00e7 d\u2019oferir solucions honestes a <em>cellers que pensen a llarg termini<\/em> i entenen que la veritable qualitat no sempre es percep de seguida.<\/p>\n<p>&nbsp;<\/p>\n<h4><span style=\"color: #ffffff;\">Perqu\u00e8 el futur del vi, que \u00e9s el del suro, no es decideix nom\u00e9s avui.<\/span><br \/><span style=\"color: #ffffff;\">Es revela amb el temps.<\/span><\/h4>\n<p><span class=\"s1\"><\/span><\/p>\n<p>[\/et_pb_text][\/et_pb_column][\/et_pb_row][\/et_pb_section][et_pb_section fb_built=&#8221;1&#8243; _builder_version=&#8221;4.24.2&#8243; _module_preset=&#8221;default&#8221; global_colors_info=&#8221;{}&#8221;][et_pb_row _builder_version=&#8221;4.24.2&#8243; _module_preset=&#8221;default&#8221; global_colors_info=&#8221;{}&#8221;][et_pb_column type=&#8221;4_4&#8243; _builder_version=&#8221;4.24.2&#8243; _module_preset=&#8221;default&#8221; global_colors_info=&#8221;{}&#8221;][et_pb_text _builder_version=&#8221;4.24.2&#8243; _module_preset=&#8221;default&#8221; global_colors_info=&#8221;{}&#8221;]<\/p>\n<h2 style=\"text-align: center;\"><b>MANIFEST J\u00b7VIGAS<\/b><\/h2>\n<p>[\/et_pb_text][\/et_pb_column][\/et_pb_row][et_pb_row column_structure=&#8221;1_2,1_2&#8243; _builder_version=&#8221;4.24.2&#8243; _module_preset=&#8221;default&#8221; global_colors_info=&#8221;{}&#8221;][et_pb_column type=&#8221;1_2&#8243; _builder_version=&#8221;4.24.2&#8243; _module_preset=&#8221;default&#8221; global_colors_info=&#8221;{}&#8221;][et_pb_text _builder_version=&#8221;4.24.2&#8243; _module_preset=&#8221;default&#8221; global_colors_info=&#8221;{}&#8221;]<\/p>\n<h2><\/h2>\n<p>En un moment en qu\u00e8 tot empeny a simplificar,<br \/>nosaltres escollim seguir fent les coses b\u00e9.<br \/><strong>Sense presses. Sense soroll. Sense <em>dreceres<\/em>.<\/strong><\/p>\n<p>Treballem amb <strong>suro 100 % natural<\/strong><br \/>perqu\u00e8 creiem en la mat\u00e8ria,<br \/>en el temps que necessita<br \/>i en el que aporta quan es respecta.<\/p>\n<p>Hi ha processos que no es poden accelerar<br \/>sense perdre alguna cosa <strong><em>essencial<\/em><\/strong>.<\/p>\n<p><strong>L\u2019experi\u00e8ncia<\/strong> ens ha ensenyat<br \/>que no totes les solucions responen igual<br \/>quan entren en joc els sentits,<br \/>el vi<br \/>i el pas del <em><strong>temps<\/strong><\/em>.<\/p>\n<blockquote>\n<p><strong>Sempre hem treballat amb una mirada a llarg termini.<\/strong><br \/><strong>Potser per aix\u00f2 hem arribat fins aqu\u00ed.<\/strong><\/p>\n<\/blockquote>\n<p>A J\u00b7Vigas, el producte no \u00e9s nom\u00e9s un tap.<br \/>\u00c9s una elecci\u00f3 compartida,<br \/>una relaci\u00f3 constru\u00efda<br \/>i <strong>una manera d\u2019entendre el vi<\/strong>.<\/p>\n<p>No competim en preu.<br \/>No busquem volum.<br \/>No prometem el que el bosc no pot donar.<\/p>\n<p>El vi necessita temps, <em>no hi ha dreceres sense <strong>conseq\u00fc\u00e8ncies<\/strong><\/em>. El tap, tamb\u00e9.<\/p>\n<p>[\/et_pb_text][\/et_pb_column][et_pb_column type=&#8221;1_2&#8243; _builder_version=&#8221;4.24.2&#8243; _module_preset=&#8221;default&#8221; global_colors_info=&#8221;{}&#8221;][et_pb_image src=&#8221;https:\/\/www.jvigas.com\/wp-content\/uploads\/2026\/02\/IMG_3448-scaled.jpg&#8221; title_text=&#8221;IMG_3448&#8243; _builder_version=&#8221;4.24.2&#8243; _module_preset=&#8221;default&#8221; global_colors_info=&#8221;{}&#8221;][\/et_pb_image][\/et_pb_column][\/et_pb_row][\/et_pb_section]<\/p>\n","protected":false},"excerpt":{"rendered":"<p>La nostra visi\u00f3: escollir b\u00e9 des de l\u2019origen. Suro 100 % natural, mirada a llarg termini i comprom\u00eds amb l\u2019evoluci\u00f3 del vi.<\/p>\n","protected":false},"author":2,"featured_media":0,"parent":0,"menu_order":0,"comment_status":"closed","ping_status":"closed","template":"","meta":{"_et_pb_use_builder":"on","_et_pb_old_content":"","_et_gb_content_width":"","footnotes":""},"class_list":["post-1648","page","type-page","status-publish","hentry"],"yoast_head":"<!-- This site is optimized with the Yoast SEO plugin v26.3 - https:\/\/yoast.com\/wordpress\/plugins\/seo\/ -->\n<title>Visi\u00f3 - J\u00b7Vigas<\/title>\n<meta name=\"description\" content=\"La nostra visi\u00f3: escollir b\u00e9 des de l\u2019origen. Suro 100 % natural, mirada a llarg termini i comprom\u00eds amb l\u2019evoluci\u00f3 del vi.\" \/>\n<meta name=\"robots\" content=\"index, follow, max-snippet:-1, max-image-preview:large, max-video-preview:-1\" \/>\n<link rel=\"canonical\" href=\"https:\/\/www.jvigas.com\/ca\/visio\/\" \/>\n<meta property=\"og:locale\" content=\"ca_ES\" \/>\n<meta property=\"og:type\" content=\"article\" \/>\n<meta property=\"og:title\" content=\"Visi\u00f3 - J\u00b7Vigas\" \/>\n<meta property=\"og:description\" content=\"La nostra visi\u00f3: escollir b\u00e9 des de l\u2019origen. Suro 100 % natural, mirada a llarg termini i comprom\u00eds amb l\u2019evoluci\u00f3 del vi.\" \/>\n<meta property=\"og:url\" content=\"https:\/\/www.jvigas.com\/ca\/visio\/\" \/>\n<meta property=\"og:site_name\" content=\"J\u00b7Vigas\" \/>\n<meta property=\"article:modified_time\" content=\"2026-02-05T09:36:16+00:00\" \/>\n<meta name=\"twitter:card\" content=\"summary_large_image\" \/>\n<meta name=\"twitter:label1\" content=\"Temps estimat de lectura\" \/>\n\t<meta name=\"twitter:data1\" content=\"2 minuts\" \/>\n<script type=\"application\/ld+json\" class=\"yoast-schema-graph\">{\"@context\":\"https:\/\/schema.org\",\"@graph\":[{\"@type\":\"WebPage\",\"@id\":\"https:\/\/www.jvigas.com\/ca\/visio\/\",\"url\":\"https:\/\/www.jvigas.com\/ca\/visio\/\",\"name\":\"Visi\u00f3 - J\u00b7Vigas\",\"isPartOf\":{\"@id\":\"https:\/\/www.jvigas.com\/#website\"},\"datePublished\":\"2020-07-13T15:44:22+00:00\",\"dateModified\":\"2026-02-05T09:36:16+00:00\",\"description\":\"La nostra visi\u00f3: escollir b\u00e9 des de l\u2019origen. Suro 100 % natural, mirada a llarg termini i comprom\u00eds amb l\u2019evoluci\u00f3 del vi.\",\"breadcrumb\":{\"@id\":\"https:\/\/www.jvigas.com\/ca\/visio\/#breadcrumb\"},\"inLanguage\":\"ca\",\"potentialAction\":[{\"@type\":\"ReadAction\",\"target\":[\"https:\/\/www.jvigas.com\/ca\/visio\/\"]}]},{\"@type\":\"BreadcrumbList\",\"@id\":\"https:\/\/www.jvigas.com\/ca\/visio\/#breadcrumb\",\"itemListElement\":[{\"@type\":\"ListItem\",\"position\":1,\"name\":\"Home\",\"item\":\"https:\/\/www.jvigas.com\/ca\/\"},{\"@type\":\"ListItem\",\"position\":2,\"name\":\"Visi\u00f3\"}]},{\"@type\":\"WebSite\",\"@id\":\"https:\/\/www.jvigas.com\/#website\",\"url\":\"https:\/\/www.jvigas.com\/\",\"name\":\"J\u00b7Vigas\",\"description\":\"Naturaleza \u00b7 Artesan\u00eda \u00b7 Ciencia - Tapones de corcho desde 1887\",\"potentialAction\":[{\"@type\":\"SearchAction\",\"target\":{\"@type\":\"EntryPoint\",\"urlTemplate\":\"https:\/\/www.jvigas.com\/?s={search_term_string}\"},\"query-input\":{\"@type\":\"PropertyValueSpecification\",\"valueRequired\":true,\"valueName\":\"search_term_string\"}}],\"inLanguage\":\"ca\"}]}<\/script>\n<!-- \/ Yoast SEO plugin. -->","yoast_head_json":{"title":"Visi\u00f3 - J\u00b7Vigas","description":"La nostra visi\u00f3: escollir b\u00e9 des de l\u2019origen. Suro 100 % natural, mirada a llarg termini i comprom\u00eds amb l\u2019evoluci\u00f3 del vi.","robots":{"index":"index","follow":"follow","max-snippet":"max-snippet:-1","max-image-preview":"max-image-preview:large","max-video-preview":"max-video-preview:-1"},"canonical":"https:\/\/www.jvigas.com\/ca\/visio\/","og_locale":"ca_ES","og_type":"article","og_title":"Visi\u00f3 - J\u00b7Vigas","og_description":"La nostra visi\u00f3: escollir b\u00e9 des de l\u2019origen. Suro 100 % natural, mirada a llarg termini i comprom\u00eds amb l\u2019evoluci\u00f3 del vi.","og_url":"https:\/\/www.jvigas.com\/ca\/visio\/","og_site_name":"J\u00b7Vigas","article_modified_time":"2026-02-05T09:36:16+00:00","twitter_card":"summary_large_image","twitter_misc":{"Temps estimat de lectura":"2 minuts"},"schema":{"@context":"https:\/\/schema.org","@graph":[{"@type":"WebPage","@id":"https:\/\/www.jvigas.com\/ca\/visio\/","url":"https:\/\/www.jvigas.com\/ca\/visio\/","name":"Visi\u00f3 - J\u00b7Vigas","isPartOf":{"@id":"https:\/\/www.jvigas.com\/#website"},"datePublished":"2020-07-13T15:44:22+00:00","dateModified":"2026-02-05T09:36:16+00:00","description":"La nostra visi\u00f3: escollir b\u00e9 des de l\u2019origen. Suro 100 % natural, mirada a llarg termini i comprom\u00eds amb l\u2019evoluci\u00f3 del vi.","breadcrumb":{"@id":"https:\/\/www.jvigas.com\/ca\/visio\/#breadcrumb"},"inLanguage":"ca","potentialAction":[{"@type":"ReadAction","target":["https:\/\/www.jvigas.com\/ca\/visio\/"]}]},{"@type":"BreadcrumbList","@id":"https:\/\/www.jvigas.com\/ca\/visio\/#breadcrumb","itemListElement":[{"@type":"ListItem","position":1,"name":"Home","item":"https:\/\/www.jvigas.com\/ca\/"},{"@type":"ListItem","position":2,"name":"Visi\u00f3"}]},{"@type":"WebSite","@id":"https:\/\/www.jvigas.com\/#website","url":"https:\/\/www.jvigas.com\/","name":"J\u00b7Vigas","description":"Naturaleza \u00b7 Artesan\u00eda \u00b7 Ciencia - Tapones de corcho desde 1887","potentialAction":[{"@type":"SearchAction","target":{"@type":"EntryPoint","urlTemplate":"https:\/\/www.jvigas.com\/?s={search_term_string}"},"query-input":{"@type":"PropertyValueSpecification","valueRequired":true,"valueName":"search_term_string"}}],"inLanguage":"ca"}]}},"_links":{"self":[{"href":"https:\/\/www.jvigas.com\/ca\/wp-json\/wp\/v2\/pages\/1648","targetHints":{"allow":["GET"]}}],"collection":[{"href":"https:\/\/www.jvigas.com\/ca\/wp-json\/wp\/v2\/pages"}],"about":[{"href":"https:\/\/www.jvigas.com\/ca\/wp-json\/wp\/v2\/types\/page"}],"author":[{"embeddable":true,"href":"https:\/\/www.jvigas.com\/ca\/wp-json\/wp\/v2\/users\/2"}],"replies":[{"embeddable":true,"href":"https:\/\/www.jvigas.com\/ca\/wp-json\/wp\/v2\/comments?post=1648"}],"version-history":[{"count":16,"href":"https:\/\/www.jvigas.com\/ca\/wp-json\/wp\/v2\/pages\/1648\/revisions"}],"predecessor-version":[{"id":9983,"href":"https:\/\/www.jvigas.com\/ca\/wp-json\/wp\/v2\/pages\/1648\/revisions\/9983"}],"wp:attachment":[{"href":"https:\/\/www.jvigas.com\/ca\/wp-json\/wp\/v2\/media?parent=1648"}],"curies":[{"name":"wp","href":"https:\/\/api.w.org\/{rel}","templated":true}]}}