{"id":1636,"date":"2020-07-13T17:25:50","date_gmt":"2020-07-13T15:25:50","guid":{"rendered":"https:\/\/web2020.jvigas.com\/contacte\/"},"modified":"2022-03-25T19:45:22","modified_gmt":"2022-03-25T17:45:22","slug":"contacte","status":"publish","type":"page","link":"https:\/\/www.jvigas.com\/ca\/contacte\/","title":{"rendered":"Contacte"},"content":{"rendered":"<p>[et_pb_section fb_built=&#8221;1&#8243; _builder_version=&#8221;4.15&#8243; global_colors_info=&#8221;{}&#8221; theme_builder_area=&#8221;post_content&#8221;][et_pb_row _builder_version=&#8221;4.15&#8243; global_colors_info=&#8221;{}&#8221; theme_builder_area=&#8221;post_content&#8221;][et_pb_column type=&#8221;4_4&#8243; _builder_version=&#8221;4.15&#8243; global_colors_info=&#8221;{}&#8221; theme_builder_area=&#8221;post_content&#8221;][et_pb_text disabled_on=&#8221;on|off|off&#8221; _builder_version=&#8221;4.15&#8243; header_font=&#8221;Libre Baskerville|||||on|||&#8221; header_text_align=&#8221;center&#8221; header_font_size=&#8221;58px&#8221; global_colors_info=&#8221;{}&#8221; theme_builder_area=&#8221;post_content&#8221;]<\/p>\n<h1>Contacte<\/h1>\n<p>[\/et_pb_text][et_pb_text disabled_on=&#8221;off|on|on&#8221; _builder_version=&#8221;4.15&#8243; header_font=&#8221;Libre Baskerville|||||on|||&#8221; header_text_align=&#8221;center&#8221; header_font_size=&#8221;44px&#8221; global_colors_info=&#8221;{}&#8221; theme_builder_area=&#8221;post_content&#8221;]<\/p>\n<h1>Contacte<\/h1>\n<p>[\/et_pb_text][\/et_pb_column][\/et_pb_row][et_pb_row column_structure=&#8221;1_2,1_2&#8243; _builder_version=&#8221;4.15&#8243; background_color=&#8221;#ffffff&#8221; background_enable_image=&#8221;off&#8221; global_colors_info=&#8221;{}&#8221; theme_builder_area=&#8221;post_content&#8221;][et_pb_column type=&#8221;1_2&#8243; _builder_version=&#8221;4.15&#8243; background_image=&#8221;http:\/\/web2020.jvigas.com\/wp-content\/uploads\/2019\/12\/d.jpg&#8221; global_colors_info=&#8221;{}&#8221; theme_builder_area=&#8221;post_content&#8221;][et_pb_image src=&#8221;http:\/\/web2020.jvigas.com\/wp-content\/uploads\/2020\/02\/JVIGAS_FOTO_TRAVEL-scaled.jpg&#8221; _builder_version=&#8221;4.15&#8243; global_colors_info=&#8221;{}&#8221; theme_builder_area=&#8221;post_content&#8221;][\/et_pb_image][\/et_pb_column][et_pb_column type=&#8221;1_2&#8243; _builder_version=&#8221;4.15&#8243; background_color=&#8221;#ffffff&#8221; global_colors_info=&#8221;{}&#8221; theme_builder_area=&#8221;post_content&#8221;][et_pb_text _builder_version=&#8221;4.15.1&#8243; custom_padding=&#8221;||7px|||&#8221; hover_enabled=&#8221;0&#8243; global_colors_info=&#8221;{}&#8221; theme_builder_area=&#8221;post_content&#8221; sticky_enabled=&#8221;0&#8243;]<\/p>\n<p class=\"p1\"><b>J.VIGAS S.A. Central<\/b><\/p>\n<p class=\"p1\"><span class=\"s1\">C\/ Clav\u00e9 49-53 \u00b7 17200 Palafrugell (Girona) \u00b7 Espanya<\/span><\/p>\n<p class=\"p1\"><span class=\"s1\">T: +34 972 300 737 \u00b7 E-mail: <a href=\"mailto:jvigas@jvigas.com\">jvigas@jvigas.com<\/a><\/span><\/p>\n<p class=\"p2\"><span class=\"s1\"><\/span><\/p>\n<p class=\"p1\"><span class=\"s1\"><b>J.VIGAS S.A. U.P.<\/b><\/span><\/p>\n<p class=\"p1\"><span class=\"s1\">Pol. Ind. Palafrugell Crt. Regenc\u00f3s s\/n \u00b7 17200 Palafrugell (Girona) \u00b7 Espanya<\/span><\/p>\n<p class=\"p2\"><span class=\"s1\"><\/span><\/p>\n<p class=\"p1\"><span class=\"s1\"><b>VIMATAP15<\/b><\/span><\/p>\n<p class=\"p3\"><span class=\"s1\">Pol\u00edgono Industrial Pelacogotes, S\/N \u2013 NAVE 11 \u00b7 San Vicente de Alc\u00e1ntara (Badajoz) \u00b7 Espanya<\/span><\/p>\n<p class=\"p1\"><span class=\"s1\"><\/span><\/p>\n<p class=\"p1\"><a href=\"mailto:sac.teresa@jvigas.com\"><\/a><\/p>\n<p>[\/et_pb_text][\/et_pb_column][\/et_pb_row][et_pb_row _builder_version=&#8221;4.15&#8243; global_colors_info=&#8221;{}&#8221; theme_builder_area=&#8221;post_content&#8221;][et_pb_column type=&#8221;4_4&#8243; _builder_version=&#8221;4.15&#8243; global_colors_info=&#8221;{}&#8221; theme_builder_area=&#8221;post_content&#8221;][et_pb_text disabled_on=&#8221;off|off|off&#8221; _builder_version=&#8221;4.15.1&#8243; header_font=&#8221;Libre Baskerville|||||on|||&#8221; header_text_align=&#8221;center&#8221; header_font_size=&#8221;58px&#8221; header_2_font=&#8221;|||||on|||&#8221; hover_enabled=&#8221;0&#8243; global_colors_info=&#8221;{}&#8221; theme_builder_area=&#8221;post_content&#8221; sticky_enabled=&#8221;0&#8243;]<\/p>\n<h2 style=\"text-align: center;\">Servei Atenci\u00f3 al Client<\/h2>\n<p>[\/et_pb_text][\/et_pb_column][\/et_pb_row][et_pb_row column_structure=&#8221;1_2,1_2&#8243; disabled_on=&#8221;off|off|off&#8221; _builder_version=&#8221;4.15&#8243; global_colors_info=&#8221;{}&#8221; theme_builder_area=&#8221;post_content&#8221;][et_pb_column type=&#8221;1_2&#8243; _builder_version=&#8221;4.15&#8243; global_colors_info=&#8221;{}&#8221; theme_builder_area=&#8221;post_content&#8221;][et_pb_text disabled_on=&#8221;off|off|off&#8221; _builder_version=&#8221;4.15.1&#8243; header_font=&#8221;Libre Baskerville|||||on|||&#8221; header_text_align=&#8221;center&#8221; header_font_size=&#8221;58px&#8221; hover_enabled=&#8221;0&#8243; global_colors_info=&#8221;{}&#8221; theme_builder_area=&#8221;post_content&#8221; sticky_enabled=&#8221;0&#8243;]<\/p>\n<h4 style=\"text-align: center;\">Espanya<\/h4>\n<p>[\/et_pb_text][\/et_pb_column][et_pb_column type=&#8221;1_2&#8243; _builder_version=&#8221;4.15&#8243; global_colors_info=&#8221;{}&#8221; theme_builder_area=&#8221;post_content&#8221;][et_pb_text disabled_on=&#8221;off|off|off&#8221; _builder_version=&#8221;4.15&#8243; header_font=&#8221;Libre Baskerville|||||on|||&#8221; header_text_align=&#8221;center&#8221; header_font_size=&#8221;58px&#8221; global_colors_info=&#8221;{}&#8221; theme_builder_area=&#8221;post_content&#8221;]<\/p>\n<h4 style=\"text-align: center;\">Internacional<\/h4>\n<p>[\/et_pb_text][\/et_pb_column][\/et_pb_row][et_pb_row column_structure=&#8221;1_2,1_2&#8243; disabled_on=&#8221;off|off|off&#8221; _builder_version=&#8221;4.15&#8243; global_colors_info=&#8221;{}&#8221; theme_builder_area=&#8221;post_content&#8221;][et_pb_column type=&#8221;1_2&#8243; _builder_version=&#8221;4.15&#8243; global_colors_info=&#8221;{}&#8221; theme_builder_area=&#8221;post_content&#8221;][et_pb_text _builder_version=&#8221;4.15&#8243; global_colors_info=&#8221;{}&#8221; theme_builder_area=&#8221;post_content&#8221;]<\/p>\n<p style=\"text-align: center;\"><b>CATALUNYA \u00b7 ILLES BALEARS<\/b><\/p>\n<p style=\"text-align: center;\"><b><\/b><strong><a href=\"mailto:sac.catalunya@jvigas.com\">sac.catalunya@jvigas.com<\/a><\/strong><\/p>\n<p>[\/et_pb_text][et_pb_text _builder_version=&#8221;4.15.1&#8243; hover_enabled=&#8221;0&#8243; global_colors_info=&#8221;{}&#8221; theme_builder_area=&#8221;post_content&#8221; sticky_enabled=&#8221;0&#8243;]<\/p>\n<p style=\"text-align: center;\"><b>LA RIOJA \u00b7 <\/b><b>NAVARRA \u00b7 <\/b><b>ARAG\u00d3<\/b><\/p>\n<p style=\"text-align: center;\"><strong><a href=\"mailto:sac.rioja@jvigas.com\">sac.rioja@jvigas.com<\/a><\/strong><\/p>\n<p>[\/et_pb_text][et_pb_text _builder_version=&#8221;4.15.1&#8243; hover_enabled=&#8221;0&#8243; global_colors_info=&#8221;{}&#8221; theme_builder_area=&#8221;post_content&#8221; sticky_enabled=&#8221;0&#8243;]<\/p>\n<p style=\"text-align: center;\"><b>CASTELLA I LLE\u00d3<\/b><\/p>\n<p style=\"text-align: center;\"><strong><a href=\"mailto:sac.riberadelduero@jvigas.com\">sac.riberadelduero@jvigas.com<\/a><\/strong><\/p>\n<p>[\/et_pb_text][\/et_pb_column][et_pb_column type=&#8221;1_2&#8243; _builder_version=&#8221;4.15&#8243; global_colors_info=&#8221;{}&#8221; theme_builder_area=&#8221;post_content&#8221;][et_pb_text _builder_version=&#8221;4.15.1&#8243; hover_enabled=&#8221;0&#8243; global_colors_info=&#8221;{}&#8221; theme_builder_area=&#8221;post_content&#8221; sticky_enabled=&#8221;0&#8243;]<\/p>\n<p style=\"text-align: center;\"><b>FRAN\u00c7A<\/b><\/p>\n<p style=\"text-align: center;\"><strong><a href=\"mailto:sac.france@jvigas.com\">sac.france@jvigas.com<\/a><\/strong><\/p>\n<p>[\/et_pb_text][et_pb_text _builder_version=&#8221;4.15.1&#8243; hover_enabled=&#8221;0&#8243; global_colors_info=&#8221;{}&#8221; theme_builder_area=&#8221;post_content&#8221; sticky_enabled=&#8221;0&#8243;]<\/p>\n<p style=\"text-align: center;\"><b>SU\u00cfSSA<br \/><\/b><span style=\"color: #ffffff;\"><\/span><\/p>\n<p style=\"text-align: center;\"><strong><a href=\"mailto:sac.suisse@jvigas.com\">sac.suisse@jvigas.com<\/a><\/strong><\/p>\n<p>[\/et_pb_text][et_pb_text _builder_version=&#8221;4.15.1&#8243; hover_enabled=&#8221;0&#8243; global_colors_info=&#8221;{}&#8221; theme_builder_area=&#8221;post_content&#8221; sticky_enabled=&#8221;0&#8243;]<\/p>\n<p style=\"text-align: center;\"><b>IT\u00c0LIA<br \/><\/b><span style=\"color: #ffffff;\"><\/span><\/p>\n<p style=\"text-align: center;\"><strong><a href=\"mailto:sac.italia@jvigas.com\">sac.italia@jvigas.com<\/a><\/strong><\/p>\n<p>[\/et_pb_text][et_pb_text _builder_version=&#8221;4.15.1&#8243; hover_enabled=&#8221;0&#8243; global_colors_info=&#8221;{}&#8221; theme_builder_area=&#8221;post_content&#8221; sticky_enabled=&#8221;0&#8243;]<\/p>\n<p style=\"text-align: center;\"><b>CANAD\u00c0<br \/><\/b><span style=\"color: #ffffff;\"><\/span><\/p>\n<p style=\"text-align: center;\"><strong><a href=\"mailto:sac.canada@jvigas.com\">sac.canada@jvigas.com<\/a><\/strong><\/p>\n<p>[\/et_pb_text][\/et_pb_column][\/et_pb_row][et_pb_row disabled_on=&#8221;off|off|off&#8221; _builder_version=&#8221;4.15&#8243; global_colors_info=&#8221;{}&#8221; theme_builder_area=&#8221;post_content&#8221;][et_pb_column type=&#8221;4_4&#8243; _builder_version=&#8221;4.15&#8243; global_colors_info=&#8221;{}&#8221; theme_builder_area=&#8221;post_content&#8221;][et_pb_text _builder_version=&#8221;4.15.1&#8243; header_font=&#8221;Libre Baskerville|||||on|||&#8221; header_text_align=&#8221;center&#8221; header_font_size=&#8221;58px&#8221; hover_enabled=&#8221;0&#8243; global_colors_info=&#8221;{}&#8221; theme_builder_area=&#8221;post_content&#8221; sticky_enabled=&#8221;0&#8243;]<\/p>\n<h4 style=\"text-align: center;\">Altres mercats<\/h4>\n<p>[\/et_pb_text][et_pb_text _builder_version=&#8221;4.15&#8243; global_colors_info=&#8221;{}&#8221; theme_builder_area=&#8221;post_content&#8221;]<\/p>\n<p style=\"text-align: center;\"><b><\/b><strong><a href=\"mailto:sac@jvigas.com\">sac@jvigas.com<\/a><\/strong><\/p>\n<p>[\/et_pb_text][\/et_pb_column][\/et_pb_row][\/et_pb_section]<\/p>\n","protected":false},"excerpt":{"rendered":"<p>ContacteContacteJ.VIGAS S.A. Central C\/ Clav\u00e9 49-53 \u00b7 17200 Palafrugell (Girona) \u00b7 Espanya T: +34 972 300 737 \u00b7 E-mail: jvigas@jvigas.com J.VIGAS S.A. U.P. Pol. Ind. Palafrugell Crt. Regenc\u00f3s s\/n \u00b7 17200 Palafrugell (Girona) \u00b7 Espanya VIMATAP15 Pol\u00edgono Industrial Pelacogotes, S\/N \u2013 NAVE 11 \u00b7 San Vicente de Alc\u00e1ntara (Badajoz) \u00b7 Espanya Servei Atenci\u00f3 al ClientEspanyaInternacionalCATALUNYA [&hellip;]<\/p>\n","protected":false},"author":2,"featured_media":0,"parent":0,"menu_order":0,"comment_status":"closed","ping_status":"closed","template":"","meta":{"_et_pb_use_builder":"on","_et_pb_old_content":"","_et_gb_content_width":"","footnotes":""},"class_list":["post-1636","page","type-page","status-publish","hentry"],"yoast_head":"<!-- This site is optimized with the Yoast SEO plugin v26.3 - https:\/\/yoast.com\/wordpress\/plugins\/seo\/ -->\n<title>Contacte - J\u00b7Vigas<\/title>\n<meta name=\"description\" content=\"Poseu-vos en contacte amb J\u00b7Vigas mitjan\u00e7ant el Departament d&#039;Atenci\u00f3 a l&#039;Client o b\u00e9 contacteu amb el comercial de la seva zona.\" \/>\n<meta name=\"robots\" content=\"index, follow, max-snippet:-1, max-image-preview:large, max-video-preview:-1\" \/>\n<link rel=\"canonical\" href=\"https:\/\/www.jvigas.com\/ca\/contacte\/\" \/>\n<meta property=\"og:locale\" content=\"ca_ES\" \/>\n<meta property=\"og:type\" content=\"article\" \/>\n<meta property=\"og:title\" content=\"Contacte - J\u00b7Vigas\" \/>\n<meta property=\"og:description\" content=\"Poseu-vos en contacte amb J\u00b7Vigas mitjan\u00e7ant el Departament d&#039;Atenci\u00f3 a l&#039;Client o b\u00e9 contacteu amb el comercial de la seva zona.\" \/>\n<meta property=\"og:url\" content=\"https:\/\/www.jvigas.com\/ca\/contacte\/\" \/>\n<meta property=\"og:site_name\" content=\"J\u00b7Vigas\" \/>\n<meta property=\"article:modified_time\" content=\"2022-03-25T17:45:22+00:00\" \/>\n<meta name=\"twitter:card\" content=\"summary_large_image\" \/>\n<meta name=\"twitter:label1\" content=\"Temps estimat de lectura\" \/>\n\t<meta name=\"twitter:data1\" content=\"4 minuts\" \/>\n<script type=\"application\/ld+json\" class=\"yoast-schema-graph\">{\"@context\":\"https:\/\/schema.org\",\"@graph\":[{\"@type\":\"WebPage\",\"@id\":\"https:\/\/www.jvigas.com\/ca\/contacte\/\",\"url\":\"https:\/\/www.jvigas.com\/ca\/contacte\/\",\"name\":\"Contacte - J\u00b7Vigas\",\"isPartOf\":{\"@id\":\"https:\/\/www.jvigas.com\/#website\"},\"datePublished\":\"2020-07-13T15:25:50+00:00\",\"dateModified\":\"2022-03-25T17:45:22+00:00\",\"description\":\"Poseu-vos en contacte amb J\u00b7Vigas mitjan\u00e7ant el Departament d'Atenci\u00f3 a l'Client o b\u00e9 contacteu amb el comercial de la seva zona.\",\"breadcrumb\":{\"@id\":\"https:\/\/www.jvigas.com\/ca\/contacte\/#breadcrumb\"},\"inLanguage\":\"ca\",\"potentialAction\":[{\"@type\":\"ReadAction\",\"target\":[\"https:\/\/www.jvigas.com\/ca\/contacte\/\"]}]},{\"@type\":\"BreadcrumbList\",\"@id\":\"https:\/\/www.jvigas.com\/ca\/contacte\/#breadcrumb\",\"itemListElement\":[{\"@type\":\"ListItem\",\"position\":1,\"name\":\"Home\",\"item\":\"https:\/\/www.jvigas.com\/ca\/\"},{\"@type\":\"ListItem\",\"position\":2,\"name\":\"Contacte\"}]},{\"@type\":\"WebSite\",\"@id\":\"https:\/\/www.jvigas.com\/#website\",\"url\":\"https:\/\/www.jvigas.com\/\",\"name\":\"J\u00b7Vigas\",\"description\":\"Naturaleza \u00b7 Artesan\u00eda \u00b7 Ciencia - Tapones de corcho desde 1887\",\"potentialAction\":[{\"@type\":\"SearchAction\",\"target\":{\"@type\":\"EntryPoint\",\"urlTemplate\":\"https:\/\/www.jvigas.com\/?s={search_term_string}\"},\"query-input\":{\"@type\":\"PropertyValueSpecification\",\"valueRequired\":true,\"valueName\":\"search_term_string\"}}],\"inLanguage\":\"ca\"}]}<\/script>\n<!-- \/ Yoast SEO plugin. -->","yoast_head_json":{"title":"Contacte - J\u00b7Vigas","description":"Poseu-vos en contacte amb J\u00b7Vigas mitjan\u00e7ant el Departament d'Atenci\u00f3 a l'Client o b\u00e9 contacteu amb el comercial de la seva zona.","robots":{"index":"index","follow":"follow","max-snippet":"max-snippet:-1","max-image-preview":"max-image-preview:large","max-video-preview":"max-video-preview:-1"},"canonical":"https:\/\/www.jvigas.com\/ca\/contacte\/","og_locale":"ca_ES","og_type":"article","og_title":"Contacte - J\u00b7Vigas","og_description":"Poseu-vos en contacte amb J\u00b7Vigas mitjan\u00e7ant el Departament d'Atenci\u00f3 a l'Client o b\u00e9 contacteu amb el comercial de la seva zona.","og_url":"https:\/\/www.jvigas.com\/ca\/contacte\/","og_site_name":"J\u00b7Vigas","article_modified_time":"2022-03-25T17:45:22+00:00","twitter_card":"summary_large_image","twitter_misc":{"Temps estimat de lectura":"4 minuts"},"schema":{"@context":"https:\/\/schema.org","@graph":[{"@type":"WebPage","@id":"https:\/\/www.jvigas.com\/ca\/contacte\/","url":"https:\/\/www.jvigas.com\/ca\/contacte\/","name":"Contacte - J\u00b7Vigas","isPartOf":{"@id":"https:\/\/www.jvigas.com\/#website"},"datePublished":"2020-07-13T15:25:50+00:00","dateModified":"2022-03-25T17:45:22+00:00","description":"Poseu-vos en contacte amb J\u00b7Vigas mitjan\u00e7ant el Departament d'Atenci\u00f3 a l'Client o b\u00e9 contacteu amb el comercial de la seva zona.","breadcrumb":{"@id":"https:\/\/www.jvigas.com\/ca\/contacte\/#breadcrumb"},"inLanguage":"ca","potentialAction":[{"@type":"ReadAction","target":["https:\/\/www.jvigas.com\/ca\/contacte\/"]}]},{"@type":"BreadcrumbList","@id":"https:\/\/www.jvigas.com\/ca\/contacte\/#breadcrumb","itemListElement":[{"@type":"ListItem","position":1,"name":"Home","item":"https:\/\/www.jvigas.com\/ca\/"},{"@type":"ListItem","position":2,"name":"Contacte"}]},{"@type":"WebSite","@id":"https:\/\/www.jvigas.com\/#website","url":"https:\/\/www.jvigas.com\/","name":"J\u00b7Vigas","description":"Naturaleza \u00b7 Artesan\u00eda \u00b7 Ciencia - Tapones de corcho desde 1887","potentialAction":[{"@type":"SearchAction","target":{"@type":"EntryPoint","urlTemplate":"https:\/\/www.jvigas.com\/?s={search_term_string}"},"query-input":{"@type":"PropertyValueSpecification","valueRequired":true,"valueName":"search_term_string"}}],"inLanguage":"ca"}]}},"_links":{"self":[{"href":"https:\/\/www.jvigas.com\/ca\/wp-json\/wp\/v2\/pages\/1636","targetHints":{"allow":["GET"]}}],"collection":[{"href":"https:\/\/www.jvigas.com\/ca\/wp-json\/wp\/v2\/pages"}],"about":[{"href":"https:\/\/www.jvigas.com\/ca\/wp-json\/wp\/v2\/types\/page"}],"author":[{"embeddable":true,"href":"https:\/\/www.jvigas.com\/ca\/wp-json\/wp\/v2\/users\/2"}],"replies":[{"embeddable":true,"href":"https:\/\/www.jvigas.com\/ca\/wp-json\/wp\/v2\/comments?post=1636"}],"version-history":[{"count":17,"href":"https:\/\/www.jvigas.com\/ca\/wp-json\/wp\/v2\/pages\/1636\/revisions"}],"predecessor-version":[{"id":4659,"href":"https:\/\/www.jvigas.com\/ca\/wp-json\/wp\/v2\/pages\/1636\/revisions\/4659"}],"wp:attachment":[{"href":"https:\/\/www.jvigas.com\/ca\/wp-json\/wp\/v2\/media?parent=1636"}],"curies":[{"name":"wp","href":"https:\/\/api.w.org\/{rel}","templated":true}]}}