{"id":1329,"date":"2020-06-25T12:19:50","date_gmt":"2020-06-25T10:19:50","guid":{"rendered":"https:\/\/web2020.jvigas.com\/artesania\/"},"modified":"2020-11-04T13:07:39","modified_gmt":"2020-11-04T11:07:39","slug":"artesania","status":"publish","type":"page","link":"https:\/\/www.jvigas.com\/ca\/artesania\/","title":{"rendered":"Artesania"},"content":{"rendered":"\n[et_pb_section fb_built=&#8221;1&#8243; _builder_version=&#8221;4.0.5&#8243; background_color=&#8221;#FFFFFF&#8221;][et_pb_row _builder_version=&#8221;4.0.5&#8243;][et_pb_column type=&#8221;4_4&#8243; _builder_version=&#8221;4.0.5&#8243;][et_pb_text _builder_version=&#8221;4.6.1&#8243; text_text_color=&#8221;#000000&#8243; text_font_size=&#8221;16px&#8221; header_font=&#8221;|||||on|||&#8221; header_text_color=&#8221;#1d515d&#8221; header_font_size=&#8221;58px&#8221; hover_enabled=&#8221;0&#8243; sticky_enabled=&#8221;0&#8243; disabled_on=&#8221;on|off|off&#8221;]<h1 style=\"text-align: center;\">Artesania<\/h1>\n[\/et_pb_text][et_pb_text _builder_version=&#8221;4.6.1&#8243; text_text_color=&#8221;#000000&#8243; text_font_size=&#8221;16px&#8221; header_font=&#8221;|||||on|||&#8221; header_text_color=&#8221;#1d515d&#8221; header_font_size=&#8221;50px&#8221; hover_enabled=&#8221;0&#8243; sticky_enabled=&#8221;0&#8243; disabled_on=&#8221;off|on|on&#8221;]<h1 style=\"text-align: center;\">Artesania<\/h1>\n[\/et_pb_text][et_pb_text _builder_version=&#8221;4.6.1&#8243; text_text_color=&#8221;#000000&#8243; text_font_size=&#8221;16px&#8221; header_font=&#8221;|||||on|||&#8221; header_text_color=&#8221;#1d515d&#8221; header_font_size=&#8221;58px&#8221; hover_enabled=&#8221;0&#8243; sticky_enabled=&#8221;0&#8243;]<p class=\"p3\"><span class=\"s1\">A J\u00b7Vigas ens agrada de nir-nos com <b>Artesans Tapers<\/b>. Reivindiquem el producte artesa\u0300, fet a mida, a petita escala, i des del principi hem apostat per la <b>unio\u0301 de la saviesa ancestral amb la tecnologia i la cie\u0300ncia<\/b>.<\/span><\/p>\n<p class=\"p5\"><span class=\"s1\">Som una empresa que barreja un producte 100% natural i una experie\u0300ncia de me\u0301s de 130 anys amb la tecnologia me\u0301s avanc\u0327ada, amb un equip te\u0300cnic que incorpora cada vegada me\u0301s per ls cienti\u0301fics.<\/span><\/p>\n<p class=\"p3\"><span class=\"s1\">E\u0301s una forma de treballar que ens permet entendre a fons als nostres clients, podent <b>adaptar el nostre producte a les seves necessitats<\/b>, convertint-nos en una mena de fa\u0300brica a mida, podent treballar a petita escala, i amb l\u2019envergadura su cient per a una gran produccio\u0301. <\/span><\/p>\n<p class=\"p7\"><span class=\"s1\"><\/span><\/p>\n<blockquote>\n<p><span style=\"font-size: x-large;\"><strong><span class=\"s1\">Aquesta versatilitat ens situa com el partner perfecte per a totes aquelles cellers que busquen seguretat, personalitzacio\u0301 i proximitat.<\/span><\/strong><\/span><\/p>\n<\/blockquote>\n<p><span class=\"s1\">A J\u00b7Vigas, les mans expertes que seleccionen les planxes, la mirada que sap d\u2019una ullada si aquest tap tindra\u0300 algun defecte o com tallar una llesca per extreure els taps de manera que s\u2019apro ti de manera o\u0300ptima les caracteri\u0301stiques d\u2019aquest retall de suro&#8230; aquest saber aconsegueix transformar una mate\u0300ria primera excel\u00b7lent en els millors taps, <\/span><span class=\"s2\">aconseguint enca\u0300rrecs personalitzats segons les prefere\u0300ncies de el client gra\u0300cies al nostre equip de seleccio\u0301 manual.<\/span><\/p>\n<p><span class=\"s2\"><span class=\"s1\">Gra\u0300cies a la nostra integracio\u0301 total de l\u2019arbre a el tap i la varietat de productes que fabriquem, aconseguim un apro tament o\u0300ptim de la mate\u0300ria primera, produint de forma sostenible diferents gammes de productes de suro per satisfer totes les necessitats dels nostres clients.<\/span><\/span><\/p>\n[\/et_pb_text][\/et_pb_column][\/et_pb_row][\/et_pb_section][et_pb_section fb_built=&#8221;1&#8243; _builder_version=&#8221;4.0.5&#8243; background_image=&#8221;http:\/\/web2020.jvigas.com\/wp-content\/uploads\/2019\/12\/70.jpg&#8221; background_position=&#8221;top_left&#8221; custom_padding=&#8221;147px|||||&#8221;][et_pb_row column_structure=&#8221;1_2,1_2&#8243; _builder_version=&#8221;4.0.5&#8243; background_color=&#8221;rgba(0,0,0,0)&#8221; width=&#8221;87.2%&#8221; custom_padding=&#8221;33px|||||&#8221;][et_pb_column type=&#8221;1_2&#8243; _builder_version=&#8221;4.0.5&#8243;][\/et_pb_column][et_pb_column type=&#8221;1_2&#8243; _builder_version=&#8221;4.0.5&#8243;][et_pb_text _builder_version=&#8221;4.0.5&#8243; text_text_color=&#8221;#ffffff&#8221; text_font_size=&#8221;34px&#8221; text_line_height=&#8221;1.1em&#8221; custom_margin=&#8221;-86px|||||&#8221; custom_padding=&#8221;||0px|||&#8221; border_radii=&#8221;on|3px|3px|3px|3px&#8221; border_color_all=&#8221;#000000&#8243;]<p style=\"text-align: left;\"><strong><span class=\"s1\"><b>Combinem l&#8217;experi\u00e8ncia de m\u00e9s de 130 anys amb la tecnologia m\u00e9s avan\u00e7ada<\/b><\/span><\/strong><\/p>[\/et_pb_text][\/et_pb_column][\/et_pb_row][\/et_pb_section]\n","protected":false},"excerpt":{"rendered":"<p>Artesania Artesania A J\u00b7Vigas ens agrada de nir-nos com Artesans Tapers. Reivindiquem el producte artesa\u0300, fet a mida, a petita escala, i des del principi hem apostat per la unio\u0301 de la saviesa ancestral amb la tecnologia i la cie\u0300ncia. Som una empresa que barreja un producte 100% natural i una experie\u0300ncia de me\u0301s de [&hellip;]<\/p>\n","protected":false},"author":2,"featured_media":0,"parent":0,"menu_order":0,"comment_status":"closed","ping_status":"closed","template":"","meta":{"_et_pb_use_builder":"on","_et_pb_old_content":"","_et_gb_content_width":"","footnotes":""},"class_list":["post-1329","page","type-page","status-publish","hentry"],"yoast_head":"<!-- This site is optimized with the Yoast SEO plugin v26.3 - https:\/\/yoast.com\/wordpress\/plugins\/seo\/ -->\n<title>Artesania - J\u00b7Vigas<\/title>\n<meta name=\"description\" content=\"A J\u00b7Vigas ens agrada definir-nos com Artesans Tapers. Reivindiquem la feina dels artesans i el producte fet a mida combinat amb la tecnologia\" \/>\n<meta name=\"robots\" content=\"index, follow, max-snippet:-1, max-image-preview:large, max-video-preview:-1\" \/>\n<link rel=\"canonical\" href=\"https:\/\/www.jvigas.com\/ca\/artesania\/\" \/>\n<meta property=\"og:locale\" content=\"ca_ES\" \/>\n<meta property=\"og:type\" content=\"article\" \/>\n<meta property=\"og:title\" content=\"Artesania - J\u00b7Vigas\" \/>\n<meta property=\"og:description\" content=\"A J\u00b7Vigas ens agrada definir-nos com Artesans Tapers. Reivindiquem la feina dels artesans i el producte fet a mida combinat amb la tecnologia\" \/>\n<meta property=\"og:url\" content=\"https:\/\/www.jvigas.com\/ca\/artesania\/\" \/>\n<meta property=\"og:site_name\" content=\"J\u00b7Vigas\" \/>\n<meta property=\"article:modified_time\" content=\"2020-11-04T11:07:39+00:00\" \/>\n<meta name=\"twitter:card\" content=\"summary_large_image\" \/>\n<meta name=\"twitter:label1\" content=\"Temps estimat de lectura\" \/>\n\t<meta name=\"twitter:data1\" content=\"3 minuts\" \/>\n<script type=\"application\/ld+json\" class=\"yoast-schema-graph\">{\"@context\":\"https:\/\/schema.org\",\"@graph\":[{\"@type\":\"WebPage\",\"@id\":\"https:\/\/www.jvigas.com\/ca\/artesania\/\",\"url\":\"https:\/\/www.jvigas.com\/ca\/artesania\/\",\"name\":\"Artesania - J\u00b7Vigas\",\"isPartOf\":{\"@id\":\"https:\/\/www.jvigas.com\/#website\"},\"datePublished\":\"2020-06-25T10:19:50+00:00\",\"dateModified\":\"2020-11-04T11:07:39+00:00\",\"description\":\"A J\u00b7Vigas ens agrada definir-nos com Artesans Tapers. Reivindiquem la feina dels artesans i el producte fet a mida combinat amb la tecnologia\",\"breadcrumb\":{\"@id\":\"https:\/\/www.jvigas.com\/ca\/artesania\/#breadcrumb\"},\"inLanguage\":\"ca\",\"potentialAction\":[{\"@type\":\"ReadAction\",\"target\":[\"https:\/\/www.jvigas.com\/ca\/artesania\/\"]}]},{\"@type\":\"BreadcrumbList\",\"@id\":\"https:\/\/www.jvigas.com\/ca\/artesania\/#breadcrumb\",\"itemListElement\":[{\"@type\":\"ListItem\",\"position\":1,\"name\":\"Home\",\"item\":\"https:\/\/www.jvigas.com\/ca\/\"},{\"@type\":\"ListItem\",\"position\":2,\"name\":\"Artesania\"}]},{\"@type\":\"WebSite\",\"@id\":\"https:\/\/www.jvigas.com\/#website\",\"url\":\"https:\/\/www.jvigas.com\/\",\"name\":\"J\u00b7Vigas\",\"description\":\"Naturaleza \u00b7 Artesan\u00eda \u00b7 Ciencia - Tapones de corcho desde 1887\",\"potentialAction\":[{\"@type\":\"SearchAction\",\"target\":{\"@type\":\"EntryPoint\",\"urlTemplate\":\"https:\/\/www.jvigas.com\/?s={search_term_string}\"},\"query-input\":{\"@type\":\"PropertyValueSpecification\",\"valueRequired\":true,\"valueName\":\"search_term_string\"}}],\"inLanguage\":\"ca\"}]}<\/script>\n<!-- \/ Yoast SEO plugin. -->","yoast_head_json":{"title":"Artesania - J\u00b7Vigas","description":"A J\u00b7Vigas ens agrada definir-nos com Artesans Tapers. Reivindiquem la feina dels artesans i el producte fet a mida combinat amb la tecnologia","robots":{"index":"index","follow":"follow","max-snippet":"max-snippet:-1","max-image-preview":"max-image-preview:large","max-video-preview":"max-video-preview:-1"},"canonical":"https:\/\/www.jvigas.com\/ca\/artesania\/","og_locale":"ca_ES","og_type":"article","og_title":"Artesania - J\u00b7Vigas","og_description":"A J\u00b7Vigas ens agrada definir-nos com Artesans Tapers. Reivindiquem la feina dels artesans i el producte fet a mida combinat amb la tecnologia","og_url":"https:\/\/www.jvigas.com\/ca\/artesania\/","og_site_name":"J\u00b7Vigas","article_modified_time":"2020-11-04T11:07:39+00:00","twitter_card":"summary_large_image","twitter_misc":{"Temps estimat de lectura":"3 minuts"},"schema":{"@context":"https:\/\/schema.org","@graph":[{"@type":"WebPage","@id":"https:\/\/www.jvigas.com\/ca\/artesania\/","url":"https:\/\/www.jvigas.com\/ca\/artesania\/","name":"Artesania - J\u00b7Vigas","isPartOf":{"@id":"https:\/\/www.jvigas.com\/#website"},"datePublished":"2020-06-25T10:19:50+00:00","dateModified":"2020-11-04T11:07:39+00:00","description":"A J\u00b7Vigas ens agrada definir-nos com Artesans Tapers. Reivindiquem la feina dels artesans i el producte fet a mida combinat amb la tecnologia","breadcrumb":{"@id":"https:\/\/www.jvigas.com\/ca\/artesania\/#breadcrumb"},"inLanguage":"ca","potentialAction":[{"@type":"ReadAction","target":["https:\/\/www.jvigas.com\/ca\/artesania\/"]}]},{"@type":"BreadcrumbList","@id":"https:\/\/www.jvigas.com\/ca\/artesania\/#breadcrumb","itemListElement":[{"@type":"ListItem","position":1,"name":"Home","item":"https:\/\/www.jvigas.com\/ca\/"},{"@type":"ListItem","position":2,"name":"Artesania"}]},{"@type":"WebSite","@id":"https:\/\/www.jvigas.com\/#website","url":"https:\/\/www.jvigas.com\/","name":"J\u00b7Vigas","description":"Naturaleza \u00b7 Artesan\u00eda \u00b7 Ciencia - Tapones de corcho desde 1887","potentialAction":[{"@type":"SearchAction","target":{"@type":"EntryPoint","urlTemplate":"https:\/\/www.jvigas.com\/?s={search_term_string}"},"query-input":{"@type":"PropertyValueSpecification","valueRequired":true,"valueName":"search_term_string"}}],"inLanguage":"ca"}]}},"_links":{"self":[{"href":"https:\/\/www.jvigas.com\/ca\/wp-json\/wp\/v2\/pages\/1329","targetHints":{"allow":["GET"]}}],"collection":[{"href":"https:\/\/www.jvigas.com\/ca\/wp-json\/wp\/v2\/pages"}],"about":[{"href":"https:\/\/www.jvigas.com\/ca\/wp-json\/wp\/v2\/types\/page"}],"author":[{"embeddable":true,"href":"https:\/\/www.jvigas.com\/ca\/wp-json\/wp\/v2\/users\/2"}],"replies":[{"embeddable":true,"href":"https:\/\/www.jvigas.com\/ca\/wp-json\/wp\/v2\/comments?post=1329"}],"version-history":[{"count":5,"href":"https:\/\/www.jvigas.com\/ca\/wp-json\/wp\/v2\/pages\/1329\/revisions"}],"predecessor-version":[{"id":2631,"href":"https:\/\/www.jvigas.com\/ca\/wp-json\/wp\/v2\/pages\/1329\/revisions\/2631"}],"wp:attachment":[{"href":"https:\/\/www.jvigas.com\/ca\/wp-json\/wp\/v2\/media?parent=1329"}],"curies":[{"name":"wp","href":"https:\/\/api.w.org\/{rel}","templated":true}]}}